{"id":8801,"date":"2024-05-19T18:17:05","date_gmt":"2024-05-19T18:17:05","guid":{"rendered":"https:\/\/spectrebaltics.com\/?post_type=product&#038;p=8801"},"modified":"2024-05-30T08:29:14","modified_gmt":"2024-05-30T08:29:14","slug":"bavaria-rabustitraat-ba-s2si-32-mm-25-kg-k415-25","status":"publish","type":"product","link":"https:\/\/spectrebaltics.com\/en\/toode\/bavaria-rabustitraat-ba-s2si-32-mm-25-kg-k415-25\/","title":{"rendered":"Bavaria r\u00e4bustitraat BA-S2Si 3,2 mm 25 kg (K415\/25)"},"content":{"rendered":"<p>Klassifikatsioon:<br \/>\nEN ISO 14171-A (EN 756): S2Si<br \/>\nSFA 5.17 \/ AWS A5.17: EM12K<\/p>\n<p>Peamine rakendus<br \/>\nSuurema Si-sisaldusega traatelektrood legeerimata ja peeneteraliste teraste, katlateraste ja toruteraste sukelkaare keevitamiseks.<\/p>\n<p>Alusmaterjalid<br \/>\nLegeerimata konstruktsiooniterased vastavalt. standarditele EN 10025 ja ASTM: S235JRG2 \/ A570 Gr. 36 kuni S355J2G3R \/ A572 Gr. 50<br \/>\nsobivad r\u00e4bustid BF 1, BF 3 ja BF 4<\/p>\n<p>Peeneteralised terased vastavalt. standarditele EN 10025, EN 10028 ja ASTM: kuni P355N \/ S355NL \/ A516 Gr. 70<br \/>\nsobivad r\u00e4bustid BF 1, BF 3, BF 4, BF 5.1, BF 6.5 ja BF 10<\/p>\n<p>Torude terased vastavalt. ISO 3183, EN 10208 ja API-5 j\u00e4rgi: L415N \/ X60 ja L450Q \/ X65<br \/>\nsobivad r\u00e4bustid BF 5.1, BF 6.30 ja BF 6.5<\/p>\n<p>Katla terased vastavalt. standarditele EN 10028 ja ASTM: P235GH \/ A516 Gr.55, P355GH \/ A516 Gr. 70 ja S275J2G3 \/ A572<br \/>\nGr. 42, S355J2G3 \/ A572 Gr. 50<br \/>\nsobivad r\u00e4bustid BF 1, BF 3, BF 4, BF 5.1 ja BF 6.5<\/p>\n<p>Fluxi t\u00fc\u00fcbi sobivus s\u00f5ltub suuresti selle rakendusest. Koos traatelektroodiga peaks sobivaim voog vastama v\u00f5imalikult t\u00e4pselt plaadi materjali n\u00f5uetele olemasolevates keevitustingimustes. Lisateavet saate tehnilistelt voolude andmelehtedelt.<\/p>\n<p>Pakendi vormid<br \/>\nRullid, poolid, trumlid ja \u00e4mblikud standardsete pakendivormidena SAW-traadi elektroodidele, erinevad pakivormid tellimisel.<\/p>\n<p>L\u00e4bim\u00f5\u00f5t<br \/>\n2,0 \u2013 5,0 mm; Suurused ja tolerantsid vastavalt standarditele ISO 544 ja AWS A5.17.<\/p>\n<p>Traadielektroodi pind<br \/>\nVaskkattega sile viimistlus ilma pinnadefektide ja v\u00f5\u00f5rkehadeta.<\/p>\n","protected":false},"excerpt":{"rendered":"<p>Klassifikatsioon: EN ISO 14171-A (EN 756): S2Si SFA 5.17 \/ AWS A5.17: EM12K Peamine rakendus Suurema Si-sisaldusega traatelektrood legeerimata ja peeneteraliste teraste, katlateraste ja toruteraste sukelkaare keevitamiseks. Alusmaterjalid Legeerimata konstruktsiooniterased vastavalt. standarditele EN 10025 ja ASTM: S235JRG2 \/ A570 Gr. 36 kuni S355J2G3R \/ A572 Gr. 50 sobivad r\u00e4bustid BF 1, BF 3 ja BF&#8230;<\/p>\n","protected":false},"featured_media":8793,"template":"","meta":[],"product_cat":[52,58],"product_tag":[],"yoast_head":"<!-- This site is optimized with the Yoast SEO plugin v18.4.1 - https:\/\/yoast.com\/wordpress\/plugins\/seo\/ -->\n<title>Bavaria r\u00e4bustitraat BA-S2Si 3,2 mm 25 kg (K415\/25)<\/title>\n<meta name=\"robots\" content=\"index, follow, max-snippet:-1, max-image-preview:large, max-video-preview:-1\" \/>\n<link rel=\"canonical\" href=\"https:\/\/spectrebaltics.com\/en\/toode\/bavaria-rabustitraat-ba-s2si-32-mm-25-kg-k415-25\/\" \/>\n<meta property=\"og:locale\" content=\"en_US\" \/>\n<meta property=\"og:type\" content=\"article\" \/>\n<meta property=\"og:title\" content=\"Bavaria r\u00e4bustitraat BA-S2Si 3,2 mm 25 kg (K415\/25)\" \/>\n<meta property=\"og:description\" content=\"Klassifikatsioon: EN ISO 14171-A (EN 756): S2Si SFA 5.17 \/ AWS A5.17: EM12K Peamine rakendus Suurema Si-sisaldusega traatelektrood legeerimata ja peeneteraliste teraste, katlateraste ja toruteraste sukelkaare keevitamiseks. Alusmaterjalid Legeerimata konstruktsiooniterased vastavalt. standarditele EN 10025 ja ASTM: S235JRG2 \/ A570 Gr. 36 kuni S355J2G3R \/ A572 Gr. 50 sobivad r\u00e4bustid BF 1, BF 3 ja BF...\" \/>\n<meta property=\"og:url\" content=\"https:\/\/spectrebaltics.com\/en\/toode\/bavaria-rabustitraat-ba-s2si-32-mm-25-kg-k415-25\/\" \/>\n<meta property=\"og:site_name\" content=\"Spectrebaltics\" \/>\n<meta property=\"article:modified_time\" content=\"2024-05-30T08:29:14+00:00\" \/>\n<meta property=\"og:image\" content=\"https:\/\/spectrebaltics.com\/wp-content\/uploads\/2024\/05\/traad-small.jpg\" \/>\n\t<meta property=\"og:image:width\" content=\"640\" \/>\n\t<meta property=\"og:image:height\" content=\"480\" \/>\n\t<meta property=\"og:image:type\" content=\"image\/jpeg\" \/>\n<meta name=\"twitter:card\" content=\"summary_large_image\" \/>\n<meta name=\"twitter:label1\" content=\"Est. reading time\" \/>\n\t<meta name=\"twitter:data1\" content=\"1 minute\" \/>\n<script type=\"application\/ld+json\" class=\"yoast-schema-graph\">{\"@context\":\"https:\/\/schema.org\",\"@graph\":[{\"@type\":\"Organization\",\"@id\":\"https:\/\/spectrebaltics.com\/ru\/#organization\",\"name\":\"Spectrebaltics\",\"url\":\"https:\/\/spectrebaltics.com\/ru\/\",\"sameAs\":[],\"logo\":{\"@type\":\"ImageObject\",\"@id\":\"https:\/\/spectrebaltics.com\/ru\/#logo\",\"inLanguage\":\"en-US\",\"url\":\"https:\/\/spectrebaltics.com\/wp-content\/uploads\/2024\/03\/Spectrebaltics-logo.svg\",\"contentUrl\":\"https:\/\/spectrebaltics.com\/wp-content\/uploads\/2024\/03\/Spectrebaltics-logo.svg\",\"caption\":\"Spectrebaltics\"},\"image\":{\"@id\":\"https:\/\/spectrebaltics.com\/ru\/#logo\"}},{\"@type\":\"WebSite\",\"@id\":\"https:\/\/spectrebaltics.com\/ru\/#website\",\"url\":\"https:\/\/spectrebaltics.com\/ru\/\",\"name\":\"Spectrebaltics\",\"description\":\"\",\"publisher\":{\"@id\":\"https:\/\/spectrebaltics.com\/ru\/#organization\"},\"potentialAction\":[{\"@type\":\"SearchAction\",\"target\":{\"@type\":\"EntryPoint\",\"urlTemplate\":\"https:\/\/spectrebaltics.com\/ru\/?s={search_term_string}\"},\"query-input\":\"required name=search_term_string\"}],\"inLanguage\":\"en-US\"},{\"@type\":\"ImageObject\",\"@id\":\"https:\/\/spectrebaltics.com\/en\/toode\/bavaria-rabustitraat-ba-s2si-32-mm-25-kg-k415-25\/#primaryimage\",\"inLanguage\":\"en-US\",\"url\":\"https:\/\/spectrebaltics.com\/wp-content\/uploads\/2024\/05\/traad-small.jpg\",\"contentUrl\":\"https:\/\/spectrebaltics.com\/wp-content\/uploads\/2024\/05\/traad-small.jpg\",\"width\":640,\"height\":480},{\"@type\":\"WebPage\",\"@id\":\"https:\/\/spectrebaltics.com\/en\/toode\/bavaria-rabustitraat-ba-s2si-32-mm-25-kg-k415-25\/#webpage\",\"url\":\"https:\/\/spectrebaltics.com\/en\/toode\/bavaria-rabustitraat-ba-s2si-32-mm-25-kg-k415-25\/\",\"name\":\"Bavaria r\u00e4bustitraat BA-S2Si 3,2 mm 25 kg (K415\/25)\",\"isPartOf\":{\"@id\":\"https:\/\/spectrebaltics.com\/ru\/#website\"},\"primaryImageOfPage\":{\"@id\":\"https:\/\/spectrebaltics.com\/en\/toode\/bavaria-rabustitraat-ba-s2si-32-mm-25-kg-k415-25\/#primaryimage\"},\"datePublished\":\"2024-05-19T18:17:05+00:00\",\"dateModified\":\"2024-05-30T08:29:14+00:00\",\"breadcrumb\":{\"@id\":\"https:\/\/spectrebaltics.com\/en\/toode\/bavaria-rabustitraat-ba-s2si-32-mm-25-kg-k415-25\/#breadcrumb\"},\"inLanguage\":\"en-US\",\"potentialAction\":[{\"@type\":\"ReadAction\",\"target\":[\"https:\/\/spectrebaltics.com\/en\/toode\/bavaria-rabustitraat-ba-s2si-32-mm-25-kg-k415-25\/\"]}]},{\"@type\":\"BreadcrumbList\",\"@id\":\"https:\/\/spectrebaltics.com\/en\/toode\/bavaria-rabustitraat-ba-s2si-32-mm-25-kg-k415-25\/#breadcrumb\",\"itemListElement\":[{\"@type\":\"ListItem\",\"position\":1,\"name\":\"Home\",\"item\":\"https:\/\/spectrebaltics.com\/en\/\"},{\"@type\":\"ListItem\",\"position\":2,\"name\":\"Catalogue\",\"item\":\"https:\/\/spectrebaltics.com\/en\/catalogue\/\"},{\"@type\":\"ListItem\",\"position\":3,\"name\":\"Bavaria r\u00e4bustitraat BA-S2Si 3,2 mm 25 kg (K415\/25)\"}]}]}<\/script>\n<!-- \/ Yoast SEO plugin. -->","yoast_head_json":{"title":"Bavaria r\u00e4bustitraat BA-S2Si 3,2 mm 25 kg (K415\/25)","robots":{"index":"index","follow":"follow","max-snippet":"max-snippet:-1","max-image-preview":"max-image-preview:large","max-video-preview":"max-video-preview:-1"},"canonical":"https:\/\/spectrebaltics.com\/en\/toode\/bavaria-rabustitraat-ba-s2si-32-mm-25-kg-k415-25\/","og_locale":"en_US","og_type":"article","og_title":"Bavaria r\u00e4bustitraat BA-S2Si 3,2 mm 25 kg (K415\/25)","og_description":"Klassifikatsioon: EN ISO 14171-A (EN 756): S2Si SFA 5.17 \/ AWS A5.17: EM12K Peamine rakendus Suurema Si-sisaldusega traatelektrood legeerimata ja peeneteraliste teraste, katlateraste ja toruteraste sukelkaare keevitamiseks. Alusmaterjalid Legeerimata konstruktsiooniterased vastavalt. standarditele EN 10025 ja ASTM: S235JRG2 \/ A570 Gr. 36 kuni S355J2G3R \/ A572 Gr. 50 sobivad r\u00e4bustid BF 1, BF 3 ja BF...","og_url":"https:\/\/spectrebaltics.com\/en\/toode\/bavaria-rabustitraat-ba-s2si-32-mm-25-kg-k415-25\/","og_site_name":"Spectrebaltics","article_modified_time":"2024-05-30T08:29:14+00:00","og_image":[{"width":640,"height":480,"url":"https:\/\/spectrebaltics.com\/wp-content\/uploads\/2024\/05\/traad-small.jpg","type":"image\/jpeg"}],"twitter_card":"summary_large_image","twitter_misc":{"Est. reading time":"1 minute"},"schema":{"@context":"https:\/\/schema.org","@graph":[{"@type":"Organization","@id":"https:\/\/spectrebaltics.com\/ru\/#organization","name":"Spectrebaltics","url":"https:\/\/spectrebaltics.com\/ru\/","sameAs":[],"logo":{"@type":"ImageObject","@id":"https:\/\/spectrebaltics.com\/ru\/#logo","inLanguage":"en-US","url":"https:\/\/spectrebaltics.com\/wp-content\/uploads\/2024\/03\/Spectrebaltics-logo.svg","contentUrl":"https:\/\/spectrebaltics.com\/wp-content\/uploads\/2024\/03\/Spectrebaltics-logo.svg","caption":"Spectrebaltics"},"image":{"@id":"https:\/\/spectrebaltics.com\/ru\/#logo"}},{"@type":"WebSite","@id":"https:\/\/spectrebaltics.com\/ru\/#website","url":"https:\/\/spectrebaltics.com\/ru\/","name":"Spectrebaltics","description":"","publisher":{"@id":"https:\/\/spectrebaltics.com\/ru\/#organization"},"potentialAction":[{"@type":"SearchAction","target":{"@type":"EntryPoint","urlTemplate":"https:\/\/spectrebaltics.com\/ru\/?s={search_term_string}"},"query-input":"required name=search_term_string"}],"inLanguage":"en-US"},{"@type":"ImageObject","@id":"https:\/\/spectrebaltics.com\/en\/toode\/bavaria-rabustitraat-ba-s2si-32-mm-25-kg-k415-25\/#primaryimage","inLanguage":"en-US","url":"https:\/\/spectrebaltics.com\/wp-content\/uploads\/2024\/05\/traad-small.jpg","contentUrl":"https:\/\/spectrebaltics.com\/wp-content\/uploads\/2024\/05\/traad-small.jpg","width":640,"height":480},{"@type":"WebPage","@id":"https:\/\/spectrebaltics.com\/en\/toode\/bavaria-rabustitraat-ba-s2si-32-mm-25-kg-k415-25\/#webpage","url":"https:\/\/spectrebaltics.com\/en\/toode\/bavaria-rabustitraat-ba-s2si-32-mm-25-kg-k415-25\/","name":"Bavaria r\u00e4bustitraat BA-S2Si 3,2 mm 25 kg (K415\/25)","isPartOf":{"@id":"https:\/\/spectrebaltics.com\/ru\/#website"},"primaryImageOfPage":{"@id":"https:\/\/spectrebaltics.com\/en\/toode\/bavaria-rabustitraat-ba-s2si-32-mm-25-kg-k415-25\/#primaryimage"},"datePublished":"2024-05-19T18:17:05+00:00","dateModified":"2024-05-30T08:29:14+00:00","breadcrumb":{"@id":"https:\/\/spectrebaltics.com\/en\/toode\/bavaria-rabustitraat-ba-s2si-32-mm-25-kg-k415-25\/#breadcrumb"},"inLanguage":"en-US","potentialAction":[{"@type":"ReadAction","target":["https:\/\/spectrebaltics.com\/en\/toode\/bavaria-rabustitraat-ba-s2si-32-mm-25-kg-k415-25\/"]}]},{"@type":"BreadcrumbList","@id":"https:\/\/spectrebaltics.com\/en\/toode\/bavaria-rabustitraat-ba-s2si-32-mm-25-kg-k415-25\/#breadcrumb","itemListElement":[{"@type":"ListItem","position":1,"name":"Home","item":"https:\/\/spectrebaltics.com\/en\/"},{"@type":"ListItem","position":2,"name":"Catalogue","item":"https:\/\/spectrebaltics.com\/en\/catalogue\/"},{"@type":"ListItem","position":3,"name":"Bavaria r\u00e4bustitraat BA-S2Si 3,2 mm 25 kg (K415\/25)"}]}]}},"_links":{"self":[{"href":"https:\/\/spectrebaltics.com\/en\/wp-json\/wp\/v2\/product\/8801"}],"collection":[{"href":"https:\/\/spectrebaltics.com\/en\/wp-json\/wp\/v2\/product"}],"about":[{"href":"https:\/\/spectrebaltics.com\/en\/wp-json\/wp\/v2\/types\/product"}],"wp:featuredmedia":[{"embeddable":true,"href":"https:\/\/spectrebaltics.com\/en\/wp-json\/wp\/v2\/media\/8793"}],"wp:attachment":[{"href":"https:\/\/spectrebaltics.com\/en\/wp-json\/wp\/v2\/media?parent=8801"}],"wp:term":[{"taxonomy":"product_cat","embeddable":true,"href":"https:\/\/spectrebaltics.com\/en\/wp-json\/wp\/v2\/product_cat?post=8801"},{"taxonomy":"product_tag","embeddable":true,"href":"https:\/\/spectrebaltics.com\/en\/wp-json\/wp\/v2\/product_tag?post=8801"}],"curies":[{"name":"wp","href":"https:\/\/api.w.org\/{rel}","templated":true}]}}