{"id":8821,"date":"2024-05-30T08:05:48","date_gmt":"2024-05-30T08:05:48","guid":{"rendered":"https:\/\/spectrebaltics.com\/?post_type=product&#038;p=8821"},"modified":"2024-05-30T08:07:56","modified_gmt":"2024-05-30T08:07:56","slug":"tyrolit-boorfrees-52rbf-10-x-19-s6-x-64-ic-inox","status":"publish","type":"product","link":"https:\/\/spectrebaltics.com\/en\/toode\/tyrolit-boorfrees-52rbf-10-x-19-s6-x-64-ic-inox\/","title":{"rendered":"Tyrolit Boorfrees 52RBF 10 x 19 &#8211; S6 x 64 IC INOX"},"content":{"rendered":"<p>N\u00f5udlikuks t\u00f6\u00f6ks erinevate roostevaba terase klassidega.<br \/>\nUniversaalseteks lihvimist\u00f6\u00f6deks k\u00e4sitsi juhitava pneumaatilise v\u00f5i elektrilise lihvimisega masinad ja t\u00f6\u00f6stusrobotid raskesti ligip\u00e4\u00e4setavates kohtades.<br \/>\nMaksimaalne eluiga t\u00e4nu spetsiaalselt v\u00e4lja t\u00f6\u00f6tatud l\u00f5iketerale geomeetria.<br \/>\nAbrasiivl\u00f5ikuri profiil on eriti pikalt hakkiv ja toimetab maksimaalne varude eemaldamine.<br \/>\nV\u00e4hendatud soojuse teke kaitseb l\u00f5ikurit ja t\u00f6\u00f6deldavat detaili.<\/p>\n","protected":false},"excerpt":{"rendered":"<p>N\u00f5udlikuks t\u00f6\u00f6ks erinevate roostevaba terase klassidega. Universaalseteks lihvimist\u00f6\u00f6deks k\u00e4sitsi juhitava pneumaatilise v\u00f5i elektrilise lihvimisega masinad ja t\u00f6\u00f6stusrobotid raskesti ligip\u00e4\u00e4setavates kohtades. Maksimaalne eluiga t\u00e4nu spetsiaalselt v\u00e4lja t\u00f6\u00f6tatud l\u00f5iketerale geomeetria. Abrasiivl\u00f5ikuri profiil on eriti pikalt hakkiv ja toimetab maksimaalne varude eemaldamine. V\u00e4hendatud soojuse teke kaitseb l\u00f5ikurit ja t\u00f6\u00f6deldavat detaili.<\/p>\n","protected":false},"featured_media":8825,"template":"","meta":[],"product_cat":[89,96],"product_tag":[],"yoast_head":"<!-- This site is optimized with the Yoast SEO plugin v18.4.1 - https:\/\/yoast.com\/wordpress\/plugins\/seo\/ -->\n<title>Tyrolit Boorfrees 52RBF 10 x 19 - S6 x 64 IC INOX<\/title>\n<meta name=\"robots\" content=\"index, follow, max-snippet:-1, max-image-preview:large, max-video-preview:-1\" \/>\n<link rel=\"canonical\" href=\"https:\/\/spectrebaltics.com\/en\/toode\/tyrolit-boorfrees-52rbf-10-x-19-s6-x-64-ic-inox\/\" \/>\n<meta property=\"og:locale\" content=\"en_US\" \/>\n<meta property=\"og:type\" content=\"article\" \/>\n<meta property=\"og:title\" content=\"Tyrolit Boorfrees 52RBF 10 x 19 - S6 x 64 IC INOX\" \/>\n<meta property=\"og:description\" content=\"N\u00f5udlikuks t\u00f6\u00f6ks erinevate roostevaba terase klassidega. Universaalseteks lihvimist\u00f6\u00f6deks k\u00e4sitsi juhitava pneumaatilise v\u00f5i elektrilise lihvimisega masinad ja t\u00f6\u00f6stusrobotid raskesti ligip\u00e4\u00e4setavates kohtades. Maksimaalne eluiga t\u00e4nu spetsiaalselt v\u00e4lja t\u00f6\u00f6tatud l\u00f5iketerale geomeetria. Abrasiivl\u00f5ikuri profiil on eriti pikalt hakkiv ja toimetab maksimaalne varude eemaldamine. V\u00e4hendatud soojuse teke kaitseb l\u00f5ikurit ja t\u00f6\u00f6deldavat detaili.\" \/>\n<meta property=\"og:url\" content=\"https:\/\/spectrebaltics.com\/en\/toode\/tyrolit-boorfrees-52rbf-10-x-19-s6-x-64-ic-inox\/\" \/>\n<meta property=\"og:site_name\" content=\"Spectrebaltics\" \/>\n<meta property=\"article:modified_time\" content=\"2024-05-30T08:07:56+00:00\" \/>\n<meta property=\"og:image\" content=\"https:\/\/spectrebaltics.com\/wp-content\/uploads\/2024\/05\/tyrolit-34213626-2.jpg\" \/>\n\t<meta property=\"og:image:width\" content=\"1280\" \/>\n\t<meta property=\"og:image:height\" content=\"1280\" \/>\n\t<meta property=\"og:image:type\" content=\"image\/jpeg\" \/>\n<meta name=\"twitter:card\" content=\"summary_large_image\" \/>\n<script type=\"application\/ld+json\" class=\"yoast-schema-graph\">{\"@context\":\"https:\/\/schema.org\",\"@graph\":[{\"@type\":\"Organization\",\"@id\":\"https:\/\/spectrebaltics.com\/ru\/#organization\",\"name\":\"Spectrebaltics\",\"url\":\"https:\/\/spectrebaltics.com\/ru\/\",\"sameAs\":[],\"logo\":{\"@type\":\"ImageObject\",\"@id\":\"https:\/\/spectrebaltics.com\/ru\/#logo\",\"inLanguage\":\"en-US\",\"url\":\"https:\/\/spectrebaltics.com\/wp-content\/uploads\/2024\/03\/Spectrebaltics-logo.svg\",\"contentUrl\":\"https:\/\/spectrebaltics.com\/wp-content\/uploads\/2024\/03\/Spectrebaltics-logo.svg\",\"caption\":\"Spectrebaltics\"},\"image\":{\"@id\":\"https:\/\/spectrebaltics.com\/ru\/#logo\"}},{\"@type\":\"WebSite\",\"@id\":\"https:\/\/spectrebaltics.com\/ru\/#website\",\"url\":\"https:\/\/spectrebaltics.com\/ru\/\",\"name\":\"Spectrebaltics\",\"description\":\"\",\"publisher\":{\"@id\":\"https:\/\/spectrebaltics.com\/ru\/#organization\"},\"potentialAction\":[{\"@type\":\"SearchAction\",\"target\":{\"@type\":\"EntryPoint\",\"urlTemplate\":\"https:\/\/spectrebaltics.com\/ru\/?s={search_term_string}\"},\"query-input\":\"required name=search_term_string\"}],\"inLanguage\":\"en-US\"},{\"@type\":\"ImageObject\",\"@id\":\"https:\/\/spectrebaltics.com\/en\/toode\/tyrolit-boorfrees-52rbf-10-x-19-s6-x-64-ic-inox\/#primaryimage\",\"inLanguage\":\"en-US\",\"url\":\"https:\/\/spectrebaltics.com\/wp-content\/uploads\/2024\/05\/tyrolit-34213626-2.jpg\",\"contentUrl\":\"https:\/\/spectrebaltics.com\/wp-content\/uploads\/2024\/05\/tyrolit-34213626-2.jpg\",\"width\":1280,\"height\":1280},{\"@type\":\"WebPage\",\"@id\":\"https:\/\/spectrebaltics.com\/en\/toode\/tyrolit-boorfrees-52rbf-10-x-19-s6-x-64-ic-inox\/#webpage\",\"url\":\"https:\/\/spectrebaltics.com\/en\/toode\/tyrolit-boorfrees-52rbf-10-x-19-s6-x-64-ic-inox\/\",\"name\":\"Tyrolit Boorfrees 52RBF 10 x 19 - S6 x 64 IC INOX\",\"isPartOf\":{\"@id\":\"https:\/\/spectrebaltics.com\/ru\/#website\"},\"primaryImageOfPage\":{\"@id\":\"https:\/\/spectrebaltics.com\/en\/toode\/tyrolit-boorfrees-52rbf-10-x-19-s6-x-64-ic-inox\/#primaryimage\"},\"datePublished\":\"2024-05-30T08:05:48+00:00\",\"dateModified\":\"2024-05-30T08:07:56+00:00\",\"breadcrumb\":{\"@id\":\"https:\/\/spectrebaltics.com\/en\/toode\/tyrolit-boorfrees-52rbf-10-x-19-s6-x-64-ic-inox\/#breadcrumb\"},\"inLanguage\":\"en-US\",\"potentialAction\":[{\"@type\":\"ReadAction\",\"target\":[\"https:\/\/spectrebaltics.com\/en\/toode\/tyrolit-boorfrees-52rbf-10-x-19-s6-x-64-ic-inox\/\"]}]},{\"@type\":\"BreadcrumbList\",\"@id\":\"https:\/\/spectrebaltics.com\/en\/toode\/tyrolit-boorfrees-52rbf-10-x-19-s6-x-64-ic-inox\/#breadcrumb\",\"itemListElement\":[{\"@type\":\"ListItem\",\"position\":1,\"name\":\"Home\",\"item\":\"https:\/\/spectrebaltics.com\/en\/\"},{\"@type\":\"ListItem\",\"position\":2,\"name\":\"Catalogue\",\"item\":\"https:\/\/spectrebaltics.com\/en\/catalogue\/\"},{\"@type\":\"ListItem\",\"position\":3,\"name\":\"Tyrolit Boorfrees 52RBF 10 x 19 &#8211; S6 x 64 IC INOX\"}]}]}<\/script>\n<!-- \/ Yoast SEO plugin. -->","yoast_head_json":{"title":"Tyrolit Boorfrees 52RBF 10 x 19 - S6 x 64 IC INOX","robots":{"index":"index","follow":"follow","max-snippet":"max-snippet:-1","max-image-preview":"max-image-preview:large","max-video-preview":"max-video-preview:-1"},"canonical":"https:\/\/spectrebaltics.com\/en\/toode\/tyrolit-boorfrees-52rbf-10-x-19-s6-x-64-ic-inox\/","og_locale":"en_US","og_type":"article","og_title":"Tyrolit Boorfrees 52RBF 10 x 19 - S6 x 64 IC INOX","og_description":"N\u00f5udlikuks t\u00f6\u00f6ks erinevate roostevaba terase klassidega. Universaalseteks lihvimist\u00f6\u00f6deks k\u00e4sitsi juhitava pneumaatilise v\u00f5i elektrilise lihvimisega masinad ja t\u00f6\u00f6stusrobotid raskesti ligip\u00e4\u00e4setavates kohtades. Maksimaalne eluiga t\u00e4nu spetsiaalselt v\u00e4lja t\u00f6\u00f6tatud l\u00f5iketerale geomeetria. Abrasiivl\u00f5ikuri profiil on eriti pikalt hakkiv ja toimetab maksimaalne varude eemaldamine. V\u00e4hendatud soojuse teke kaitseb l\u00f5ikurit ja t\u00f6\u00f6deldavat detaili.","og_url":"https:\/\/spectrebaltics.com\/en\/toode\/tyrolit-boorfrees-52rbf-10-x-19-s6-x-64-ic-inox\/","og_site_name":"Spectrebaltics","article_modified_time":"2024-05-30T08:07:56+00:00","og_image":[{"width":1280,"height":1280,"url":"https:\/\/spectrebaltics.com\/wp-content\/uploads\/2024\/05\/tyrolit-34213626-2.jpg","type":"image\/jpeg"}],"twitter_card":"summary_large_image","schema":{"@context":"https:\/\/schema.org","@graph":[{"@type":"Organization","@id":"https:\/\/spectrebaltics.com\/ru\/#organization","name":"Spectrebaltics","url":"https:\/\/spectrebaltics.com\/ru\/","sameAs":[],"logo":{"@type":"ImageObject","@id":"https:\/\/spectrebaltics.com\/ru\/#logo","inLanguage":"en-US","url":"https:\/\/spectrebaltics.com\/wp-content\/uploads\/2024\/03\/Spectrebaltics-logo.svg","contentUrl":"https:\/\/spectrebaltics.com\/wp-content\/uploads\/2024\/03\/Spectrebaltics-logo.svg","caption":"Spectrebaltics"},"image":{"@id":"https:\/\/spectrebaltics.com\/ru\/#logo"}},{"@type":"WebSite","@id":"https:\/\/spectrebaltics.com\/ru\/#website","url":"https:\/\/spectrebaltics.com\/ru\/","name":"Spectrebaltics","description":"","publisher":{"@id":"https:\/\/spectrebaltics.com\/ru\/#organization"},"potentialAction":[{"@type":"SearchAction","target":{"@type":"EntryPoint","urlTemplate":"https:\/\/spectrebaltics.com\/ru\/?s={search_term_string}"},"query-input":"required name=search_term_string"}],"inLanguage":"en-US"},{"@type":"ImageObject","@id":"https:\/\/spectrebaltics.com\/en\/toode\/tyrolit-boorfrees-52rbf-10-x-19-s6-x-64-ic-inox\/#primaryimage","inLanguage":"en-US","url":"https:\/\/spectrebaltics.com\/wp-content\/uploads\/2024\/05\/tyrolit-34213626-2.jpg","contentUrl":"https:\/\/spectrebaltics.com\/wp-content\/uploads\/2024\/05\/tyrolit-34213626-2.jpg","width":1280,"height":1280},{"@type":"WebPage","@id":"https:\/\/spectrebaltics.com\/en\/toode\/tyrolit-boorfrees-52rbf-10-x-19-s6-x-64-ic-inox\/#webpage","url":"https:\/\/spectrebaltics.com\/en\/toode\/tyrolit-boorfrees-52rbf-10-x-19-s6-x-64-ic-inox\/","name":"Tyrolit Boorfrees 52RBF 10 x 19 - S6 x 64 IC INOX","isPartOf":{"@id":"https:\/\/spectrebaltics.com\/ru\/#website"},"primaryImageOfPage":{"@id":"https:\/\/spectrebaltics.com\/en\/toode\/tyrolit-boorfrees-52rbf-10-x-19-s6-x-64-ic-inox\/#primaryimage"},"datePublished":"2024-05-30T08:05:48+00:00","dateModified":"2024-05-30T08:07:56+00:00","breadcrumb":{"@id":"https:\/\/spectrebaltics.com\/en\/toode\/tyrolit-boorfrees-52rbf-10-x-19-s6-x-64-ic-inox\/#breadcrumb"},"inLanguage":"en-US","potentialAction":[{"@type":"ReadAction","target":["https:\/\/spectrebaltics.com\/en\/toode\/tyrolit-boorfrees-52rbf-10-x-19-s6-x-64-ic-inox\/"]}]},{"@type":"BreadcrumbList","@id":"https:\/\/spectrebaltics.com\/en\/toode\/tyrolit-boorfrees-52rbf-10-x-19-s6-x-64-ic-inox\/#breadcrumb","itemListElement":[{"@type":"ListItem","position":1,"name":"Home","item":"https:\/\/spectrebaltics.com\/en\/"},{"@type":"ListItem","position":2,"name":"Catalogue","item":"https:\/\/spectrebaltics.com\/en\/catalogue\/"},{"@type":"ListItem","position":3,"name":"Tyrolit Boorfrees 52RBF 10 x 19 &#8211; S6 x 64 IC INOX"}]}]}},"_links":{"self":[{"href":"https:\/\/spectrebaltics.com\/en\/wp-json\/wp\/v2\/product\/8821"}],"collection":[{"href":"https:\/\/spectrebaltics.com\/en\/wp-json\/wp\/v2\/product"}],"about":[{"href":"https:\/\/spectrebaltics.com\/en\/wp-json\/wp\/v2\/types\/product"}],"wp:featuredmedia":[{"embeddable":true,"href":"https:\/\/spectrebaltics.com\/en\/wp-json\/wp\/v2\/media\/8825"}],"wp:attachment":[{"href":"https:\/\/spectrebaltics.com\/en\/wp-json\/wp\/v2\/media?parent=8821"}],"wp:term":[{"taxonomy":"product_cat","embeddable":true,"href":"https:\/\/spectrebaltics.com\/en\/wp-json\/wp\/v2\/product_cat?post=8821"},{"taxonomy":"product_tag","embeddable":true,"href":"https:\/\/spectrebaltics.com\/en\/wp-json\/wp\/v2\/product_tag?post=8821"}],"curies":[{"name":"wp","href":"https:\/\/api.w.org\/{rel}","templated":true}]}}