{"id":8836,"date":"2024-05-30T08:29:52","date_gmt":"2024-05-30T08:29:52","guid":{"rendered":"https:\/\/spectrebaltics.com\/?post_type=product&#038;p=8836"},"modified":"2024-05-30T08:29:52","modified_gmt":"2024-05-30T08:29:52","slug":"tyrolit-boorfrees-52rbf-12x25-s6x70mx-kabi-kujuline","status":"publish","type":"product","link":"https:\/\/spectrebaltics.com\/en\/toode\/tyrolit-boorfrees-52rbf-12x25-s6x70mx-kabi-kujuline\/","title":{"rendered":"Tyrolit Boorfrees 52RBF 12&#215;25-S6x70MX (k\u00e4bi kujuline)"},"content":{"rendered":"<p>N\u00f5udlikuks t\u00f6\u00f6ks malmi, terase ja roostevaba terasega.<br \/>\nUniversaalseteks lihvimist\u00f6\u00f6deks k\u00e4sitsi juhitava pneumaatilise v\u00f5i elektrilise lihvimisega masinad ja t\u00f6\u00f6stusrobotid raskesti ligip\u00e4\u00e4setavates kohtades.<br \/>\nMaksimaalne eluiga t\u00e4nu spetsiaalselt v\u00e4lja t\u00f6\u00f6tatud l\u00f5iketerale geomeetria.<br \/>\nAbrasiivl\u00f5ikuri profiil on eriti pikalt hakkiv ja toimetab maksimaalne lao eemaldamine peaaegu k\u00f5igil materjalidel.<br \/>\nV\u00e4hendatud soojuse teke kaitseb l\u00f5ikurit ja t\u00f6\u00f6deldavat detaili<\/p>\n","protected":false},"excerpt":{"rendered":"<p>N\u00f5udlikuks t\u00f6\u00f6ks malmi, terase ja roostevaba terasega. Universaalseteks lihvimist\u00f6\u00f6deks k\u00e4sitsi juhitava pneumaatilise v\u00f5i elektrilise lihvimisega masinad ja t\u00f6\u00f6stusrobotid raskesti ligip\u00e4\u00e4setavates kohtades. Maksimaalne eluiga t\u00e4nu spetsiaalselt v\u00e4lja t\u00f6\u00f6tatud l\u00f5iketerale geomeetria. Abrasiivl\u00f5ikuri profiil on eriti pikalt hakkiv ja toimetab maksimaalne lao eemaldamine peaaegu k\u00f5igil materjalidel. V\u00e4hendatud soojuse teke kaitseb l\u00f5ikurit ja t\u00f6\u00f6deldavat detaili<\/p>\n","protected":false},"featured_media":8837,"template":"","meta":[],"product_cat":[89,96],"product_tag":[],"yoast_head":"<!-- This site is optimized with the Yoast SEO plugin v18.4.1 - https:\/\/yoast.com\/wordpress\/plugins\/seo\/ -->\n<title>Tyrolit Boorfrees 52RBF 12x25-S6x70MX (k\u00e4bi kujuline)<\/title>\n<meta name=\"robots\" content=\"index, follow, max-snippet:-1, max-image-preview:large, max-video-preview:-1\" \/>\n<link rel=\"canonical\" href=\"https:\/\/spectrebaltics.com\/toode\/tyrolit-boorfrees-52rbf-12x25-s6x70mx-kabi-kujuline\/\" \/>\n<meta property=\"og:locale\" content=\"en_US\" \/>\n<meta property=\"og:type\" content=\"article\" \/>\n<meta property=\"og:title\" content=\"Tyrolit Boorfrees 52RBF 12x25-S6x70MX (k\u00e4bi kujuline)\" \/>\n<meta property=\"og:description\" content=\"N\u00f5udlikuks t\u00f6\u00f6ks malmi, terase ja roostevaba terasega. Universaalseteks lihvimist\u00f6\u00f6deks k\u00e4sitsi juhitava pneumaatilise v\u00f5i elektrilise lihvimisega masinad ja t\u00f6\u00f6stusrobotid raskesti ligip\u00e4\u00e4setavates kohtades. Maksimaalne eluiga t\u00e4nu spetsiaalselt v\u00e4lja t\u00f6\u00f6tatud l\u00f5iketerale geomeetria. Abrasiivl\u00f5ikuri profiil on eriti pikalt hakkiv ja toimetab maksimaalne lao eemaldamine peaaegu k\u00f5igil materjalidel. V\u00e4hendatud soojuse teke kaitseb l\u00f5ikurit ja t\u00f6\u00f6deldavat detaili\" \/>\n<meta property=\"og:url\" content=\"https:\/\/spectrebaltics.com\/toode\/tyrolit-boorfrees-52rbf-12x25-s6x70mx-kabi-kujuline\/\" \/>\n<meta property=\"og:site_name\" content=\"Spectrebaltics\" \/>\n<meta property=\"og:image\" content=\"https:\/\/spectrebaltics.com\/wp-content\/uploads\/2024\/05\/768846-tyrolit.jpg\" \/>\n\t<meta property=\"og:image:width\" content=\"1400\" \/>\n\t<meta property=\"og:image:height\" content=\"1400\" \/>\n\t<meta property=\"og:image:type\" content=\"image\/jpeg\" \/>\n<meta name=\"twitter:card\" content=\"summary_large_image\" \/>\n<script type=\"application\/ld+json\" class=\"yoast-schema-graph\">{\"@context\":\"https:\/\/schema.org\",\"@graph\":[{\"@type\":\"Organization\",\"@id\":\"https:\/\/spectrebaltics.com\/ru\/#organization\",\"name\":\"Spectrebaltics\",\"url\":\"https:\/\/spectrebaltics.com\/ru\/\",\"sameAs\":[],\"logo\":{\"@type\":\"ImageObject\",\"@id\":\"https:\/\/spectrebaltics.com\/ru\/#logo\",\"inLanguage\":\"en-US\",\"url\":\"https:\/\/spectrebaltics.com\/wp-content\/uploads\/2024\/03\/Spectrebaltics-logo.svg\",\"contentUrl\":\"https:\/\/spectrebaltics.com\/wp-content\/uploads\/2024\/03\/Spectrebaltics-logo.svg\",\"caption\":\"Spectrebaltics\"},\"image\":{\"@id\":\"https:\/\/spectrebaltics.com\/ru\/#logo\"}},{\"@type\":\"WebSite\",\"@id\":\"https:\/\/spectrebaltics.com\/ru\/#website\",\"url\":\"https:\/\/spectrebaltics.com\/ru\/\",\"name\":\"Spectrebaltics\",\"description\":\"\",\"publisher\":{\"@id\":\"https:\/\/spectrebaltics.com\/ru\/#organization\"},\"potentialAction\":[{\"@type\":\"SearchAction\",\"target\":{\"@type\":\"EntryPoint\",\"urlTemplate\":\"https:\/\/spectrebaltics.com\/ru\/?s={search_term_string}\"},\"query-input\":\"required name=search_term_string\"}],\"inLanguage\":\"en-US\"},{\"@type\":\"ImageObject\",\"@id\":\"https:\/\/spectrebaltics.com\/toode\/tyrolit-boorfrees-52rbf-12x25-s6x70mx-kabi-kujuline\/#primaryimage\",\"inLanguage\":\"en-US\",\"url\":\"https:\/\/spectrebaltics.com\/wp-content\/uploads\/2024\/05\/768846-tyrolit.jpg\",\"contentUrl\":\"https:\/\/spectrebaltics.com\/wp-content\/uploads\/2024\/05\/768846-tyrolit.jpg\",\"width\":1400,\"height\":1400},{\"@type\":\"WebPage\",\"@id\":\"https:\/\/spectrebaltics.com\/toode\/tyrolit-boorfrees-52rbf-12x25-s6x70mx-kabi-kujuline\/#webpage\",\"url\":\"https:\/\/spectrebaltics.com\/toode\/tyrolit-boorfrees-52rbf-12x25-s6x70mx-kabi-kujuline\/\",\"name\":\"Tyrolit Boorfrees 52RBF 12x25-S6x70MX (k\u00e4bi kujuline)\",\"isPartOf\":{\"@id\":\"https:\/\/spectrebaltics.com\/ru\/#website\"},\"primaryImageOfPage\":{\"@id\":\"https:\/\/spectrebaltics.com\/toode\/tyrolit-boorfrees-52rbf-12x25-s6x70mx-kabi-kujuline\/#primaryimage\"},\"datePublished\":\"2024-05-30T08:29:52+00:00\",\"dateModified\":\"2024-05-30T08:29:52+00:00\",\"breadcrumb\":{\"@id\":\"https:\/\/spectrebaltics.com\/toode\/tyrolit-boorfrees-52rbf-12x25-s6x70mx-kabi-kujuline\/#breadcrumb\"},\"inLanguage\":\"en-US\",\"potentialAction\":[{\"@type\":\"ReadAction\",\"target\":[\"https:\/\/spectrebaltics.com\/toode\/tyrolit-boorfrees-52rbf-12x25-s6x70mx-kabi-kujuline\/\"]}]},{\"@type\":\"BreadcrumbList\",\"@id\":\"https:\/\/spectrebaltics.com\/toode\/tyrolit-boorfrees-52rbf-12x25-s6x70mx-kabi-kujuline\/#breadcrumb\",\"itemListElement\":[{\"@type\":\"ListItem\",\"position\":1,\"name\":\"Home\",\"item\":\"https:\/\/spectrebaltics.com\/en\/\"},{\"@type\":\"ListItem\",\"position\":2,\"name\":\"Catalogue\",\"item\":\"https:\/\/spectrebaltics.com\/en\/catalogue\/\"},{\"@type\":\"ListItem\",\"position\":3,\"name\":\"Tyrolit Boorfrees 52RBF 12&#215;25-S6x70MX (k\u00e4bi kujuline)\"}]}]}<\/script>\n<!-- \/ Yoast SEO plugin. -->","yoast_head_json":{"title":"Tyrolit Boorfrees 52RBF 12x25-S6x70MX (k\u00e4bi kujuline)","robots":{"index":"index","follow":"follow","max-snippet":"max-snippet:-1","max-image-preview":"max-image-preview:large","max-video-preview":"max-video-preview:-1"},"canonical":"https:\/\/spectrebaltics.com\/toode\/tyrolit-boorfrees-52rbf-12x25-s6x70mx-kabi-kujuline\/","og_locale":"en_US","og_type":"article","og_title":"Tyrolit Boorfrees 52RBF 12x25-S6x70MX (k\u00e4bi kujuline)","og_description":"N\u00f5udlikuks t\u00f6\u00f6ks malmi, terase ja roostevaba terasega. Universaalseteks lihvimist\u00f6\u00f6deks k\u00e4sitsi juhitava pneumaatilise v\u00f5i elektrilise lihvimisega masinad ja t\u00f6\u00f6stusrobotid raskesti ligip\u00e4\u00e4setavates kohtades. Maksimaalne eluiga t\u00e4nu spetsiaalselt v\u00e4lja t\u00f6\u00f6tatud l\u00f5iketerale geomeetria. Abrasiivl\u00f5ikuri profiil on eriti pikalt hakkiv ja toimetab maksimaalne lao eemaldamine peaaegu k\u00f5igil materjalidel. V\u00e4hendatud soojuse teke kaitseb l\u00f5ikurit ja t\u00f6\u00f6deldavat detaili","og_url":"https:\/\/spectrebaltics.com\/toode\/tyrolit-boorfrees-52rbf-12x25-s6x70mx-kabi-kujuline\/","og_site_name":"Spectrebaltics","og_image":[{"width":1400,"height":1400,"url":"https:\/\/spectrebaltics.com\/wp-content\/uploads\/2024\/05\/768846-tyrolit.jpg","type":"image\/jpeg"}],"twitter_card":"summary_large_image","schema":{"@context":"https:\/\/schema.org","@graph":[{"@type":"Organization","@id":"https:\/\/spectrebaltics.com\/ru\/#organization","name":"Spectrebaltics","url":"https:\/\/spectrebaltics.com\/ru\/","sameAs":[],"logo":{"@type":"ImageObject","@id":"https:\/\/spectrebaltics.com\/ru\/#logo","inLanguage":"en-US","url":"https:\/\/spectrebaltics.com\/wp-content\/uploads\/2024\/03\/Spectrebaltics-logo.svg","contentUrl":"https:\/\/spectrebaltics.com\/wp-content\/uploads\/2024\/03\/Spectrebaltics-logo.svg","caption":"Spectrebaltics"},"image":{"@id":"https:\/\/spectrebaltics.com\/ru\/#logo"}},{"@type":"WebSite","@id":"https:\/\/spectrebaltics.com\/ru\/#website","url":"https:\/\/spectrebaltics.com\/ru\/","name":"Spectrebaltics","description":"","publisher":{"@id":"https:\/\/spectrebaltics.com\/ru\/#organization"},"potentialAction":[{"@type":"SearchAction","target":{"@type":"EntryPoint","urlTemplate":"https:\/\/spectrebaltics.com\/ru\/?s={search_term_string}"},"query-input":"required name=search_term_string"}],"inLanguage":"en-US"},{"@type":"ImageObject","@id":"https:\/\/spectrebaltics.com\/toode\/tyrolit-boorfrees-52rbf-12x25-s6x70mx-kabi-kujuline\/#primaryimage","inLanguage":"en-US","url":"https:\/\/spectrebaltics.com\/wp-content\/uploads\/2024\/05\/768846-tyrolit.jpg","contentUrl":"https:\/\/spectrebaltics.com\/wp-content\/uploads\/2024\/05\/768846-tyrolit.jpg","width":1400,"height":1400},{"@type":"WebPage","@id":"https:\/\/spectrebaltics.com\/toode\/tyrolit-boorfrees-52rbf-12x25-s6x70mx-kabi-kujuline\/#webpage","url":"https:\/\/spectrebaltics.com\/toode\/tyrolit-boorfrees-52rbf-12x25-s6x70mx-kabi-kujuline\/","name":"Tyrolit Boorfrees 52RBF 12x25-S6x70MX (k\u00e4bi kujuline)","isPartOf":{"@id":"https:\/\/spectrebaltics.com\/ru\/#website"},"primaryImageOfPage":{"@id":"https:\/\/spectrebaltics.com\/toode\/tyrolit-boorfrees-52rbf-12x25-s6x70mx-kabi-kujuline\/#primaryimage"},"datePublished":"2024-05-30T08:29:52+00:00","dateModified":"2024-05-30T08:29:52+00:00","breadcrumb":{"@id":"https:\/\/spectrebaltics.com\/toode\/tyrolit-boorfrees-52rbf-12x25-s6x70mx-kabi-kujuline\/#breadcrumb"},"inLanguage":"en-US","potentialAction":[{"@type":"ReadAction","target":["https:\/\/spectrebaltics.com\/toode\/tyrolit-boorfrees-52rbf-12x25-s6x70mx-kabi-kujuline\/"]}]},{"@type":"BreadcrumbList","@id":"https:\/\/spectrebaltics.com\/toode\/tyrolit-boorfrees-52rbf-12x25-s6x70mx-kabi-kujuline\/#breadcrumb","itemListElement":[{"@type":"ListItem","position":1,"name":"Home","item":"https:\/\/spectrebaltics.com\/en\/"},{"@type":"ListItem","position":2,"name":"Catalogue","item":"https:\/\/spectrebaltics.com\/en\/catalogue\/"},{"@type":"ListItem","position":3,"name":"Tyrolit Boorfrees 52RBF 12&#215;25-S6x70MX (k\u00e4bi kujuline)"}]}]}},"_links":{"self":[{"href":"https:\/\/spectrebaltics.com\/en\/wp-json\/wp\/v2\/product\/8836"}],"collection":[{"href":"https:\/\/spectrebaltics.com\/en\/wp-json\/wp\/v2\/product"}],"about":[{"href":"https:\/\/spectrebaltics.com\/en\/wp-json\/wp\/v2\/types\/product"}],"wp:featuredmedia":[{"embeddable":true,"href":"https:\/\/spectrebaltics.com\/en\/wp-json\/wp\/v2\/media\/8837"}],"wp:attachment":[{"href":"https:\/\/spectrebaltics.com\/en\/wp-json\/wp\/v2\/media?parent=8836"}],"wp:term":[{"taxonomy":"product_cat","embeddable":true,"href":"https:\/\/spectrebaltics.com\/en\/wp-json\/wp\/v2\/product_cat?post=8836"},{"taxonomy":"product_tag","embeddable":true,"href":"https:\/\/spectrebaltics.com\/en\/wp-json\/wp\/v2\/product_tag?post=8836"}],"curies":[{"name":"wp","href":"https:\/\/api.w.org\/{rel}","templated":true}]}}