{"id":8867,"date":"2024-05-30T10:02:41","date_gmt":"2024-05-30T10:02:41","guid":{"rendered":"https:\/\/spectrebaltics.com\/?post_type=product&#038;p=8867"},"modified":"2024-05-30T10:02:41","modified_gmt":"2024-05-30T10:02:41","slug":"tyrolit-boorfrees-52wrc12x25-s6x70mx-tyr-silindriline-otsast-umar","status":"publish","type":"product","link":"https:\/\/spectrebaltics.com\/en\/toode\/tyrolit-boorfrees-52wrc12x25-s6x70mx-tyr-silindriline-otsast-umar\/","title":{"rendered":"Tyrolit Boorfrees 52WRC12x25-S6x70MX Tyr (Silindriline, otsast \u00fcmar)"},"content":{"rendered":"<p>TYROLIT PREMIUM puuride tootmine toimub kaasaegsetel<br \/>\nCNC lihvimismasinad. Tulemuseks on \u00fclit\u00f5hus t\u00e4ppist\u00f6\u00f6riist, mis saavutab optimaalsed lihvimistulemused. Selle volframkarbiidiga puurige teid<br \/>\nv\u00f5ib saavutada pikima eluea, kui seda kasutatakse praktiliselt mis tahes materjalil.<\/p>\n","protected":false},"excerpt":{"rendered":"<p>TYROLIT PREMIUM puuride tootmine toimub kaasaegsetel CNC lihvimismasinad. Tulemuseks on \u00fclit\u00f5hus t\u00e4ppist\u00f6\u00f6riist, mis saavutab optimaalsed lihvimistulemused. Selle volframkarbiidiga puurige teid v\u00f5ib saavutada pikima eluea, kui seda kasutatakse praktiliselt mis tahes materjalil.<\/p>\n","protected":false},"featured_media":8868,"template":"","meta":[],"product_cat":[89,96],"product_tag":[],"yoast_head":"<!-- This site is optimized with the Yoast SEO plugin v18.4.1 - https:\/\/yoast.com\/wordpress\/plugins\/seo\/ -->\n<title>Tyrolit Boorfrees 52WRC12x25-S6x70MX Tyr (Silindriline, otsast \u00fcmar)<\/title>\n<meta name=\"robots\" content=\"index, follow, max-snippet:-1, max-image-preview:large, max-video-preview:-1\" \/>\n<link rel=\"canonical\" href=\"https:\/\/spectrebaltics.com\/toode\/tyrolit-boorfrees-52wrc12x25-s6x70mx-tyr-silindriline-otsast-umar\/\" \/>\n<meta property=\"og:locale\" content=\"en_US\" \/>\n<meta property=\"og:type\" content=\"article\" \/>\n<meta property=\"og:title\" content=\"Tyrolit Boorfrees 52WRC12x25-S6x70MX Tyr (Silindriline, otsast \u00fcmar)\" \/>\n<meta property=\"og:description\" content=\"TYROLIT PREMIUM puuride tootmine toimub kaasaegsetel CNC lihvimismasinad. Tulemuseks on \u00fclit\u00f5hus t\u00e4ppist\u00f6\u00f6riist, mis saavutab optimaalsed lihvimistulemused. Selle volframkarbiidiga puurige teid v\u00f5ib saavutada pikima eluea, kui seda kasutatakse praktiliselt mis tahes materjalil.\" \/>\n<meta property=\"og:url\" content=\"https:\/\/spectrebaltics.com\/toode\/tyrolit-boorfrees-52wrc12x25-s6x70mx-tyr-silindriline-otsast-umar\/\" \/>\n<meta property=\"og:site_name\" content=\"Spectrebaltics\" \/>\n<meta property=\"og:image\" content=\"https:\/\/spectrebaltics.com\/wp-content\/uploads\/2024\/05\/766930.jpg\" \/>\n\t<meta property=\"og:image:width\" content=\"630\" \/>\n\t<meta property=\"og:image:height\" content=\"630\" \/>\n\t<meta property=\"og:image:type\" content=\"image\/jpeg\" \/>\n<meta name=\"twitter:card\" content=\"summary_large_image\" \/>\n<script type=\"application\/ld+json\" class=\"yoast-schema-graph\">{\"@context\":\"https:\/\/schema.org\",\"@graph\":[{\"@type\":\"Organization\",\"@id\":\"https:\/\/spectrebaltics.com\/ru\/#organization\",\"name\":\"Spectrebaltics\",\"url\":\"https:\/\/spectrebaltics.com\/ru\/\",\"sameAs\":[],\"logo\":{\"@type\":\"ImageObject\",\"@id\":\"https:\/\/spectrebaltics.com\/ru\/#logo\",\"inLanguage\":\"en-US\",\"url\":\"https:\/\/spectrebaltics.com\/wp-content\/uploads\/2024\/03\/Spectrebaltics-logo.svg\",\"contentUrl\":\"https:\/\/spectrebaltics.com\/wp-content\/uploads\/2024\/03\/Spectrebaltics-logo.svg\",\"caption\":\"Spectrebaltics\"},\"image\":{\"@id\":\"https:\/\/spectrebaltics.com\/ru\/#logo\"}},{\"@type\":\"WebSite\",\"@id\":\"https:\/\/spectrebaltics.com\/ru\/#website\",\"url\":\"https:\/\/spectrebaltics.com\/ru\/\",\"name\":\"Spectrebaltics\",\"description\":\"\",\"publisher\":{\"@id\":\"https:\/\/spectrebaltics.com\/ru\/#organization\"},\"potentialAction\":[{\"@type\":\"SearchAction\",\"target\":{\"@type\":\"EntryPoint\",\"urlTemplate\":\"https:\/\/spectrebaltics.com\/ru\/?s={search_term_string}\"},\"query-input\":\"required name=search_term_string\"}],\"inLanguage\":\"en-US\"},{\"@type\":\"ImageObject\",\"@id\":\"https:\/\/spectrebaltics.com\/toode\/tyrolit-boorfrees-52wrc12x25-s6x70mx-tyr-silindriline-otsast-umar\/#primaryimage\",\"inLanguage\":\"en-US\",\"url\":\"https:\/\/spectrebaltics.com\/wp-content\/uploads\/2024\/05\/766930.jpg\",\"contentUrl\":\"https:\/\/spectrebaltics.com\/wp-content\/uploads\/2024\/05\/766930.jpg\",\"width\":630,\"height\":630},{\"@type\":\"WebPage\",\"@id\":\"https:\/\/spectrebaltics.com\/toode\/tyrolit-boorfrees-52wrc12x25-s6x70mx-tyr-silindriline-otsast-umar\/#webpage\",\"url\":\"https:\/\/spectrebaltics.com\/toode\/tyrolit-boorfrees-52wrc12x25-s6x70mx-tyr-silindriline-otsast-umar\/\",\"name\":\"Tyrolit Boorfrees 52WRC12x25-S6x70MX Tyr (Silindriline, otsast \u00fcmar)\",\"isPartOf\":{\"@id\":\"https:\/\/spectrebaltics.com\/ru\/#website\"},\"primaryImageOfPage\":{\"@id\":\"https:\/\/spectrebaltics.com\/toode\/tyrolit-boorfrees-52wrc12x25-s6x70mx-tyr-silindriline-otsast-umar\/#primaryimage\"},\"datePublished\":\"2024-05-30T10:02:41+00:00\",\"dateModified\":\"2024-05-30T10:02:41+00:00\",\"breadcrumb\":{\"@id\":\"https:\/\/spectrebaltics.com\/toode\/tyrolit-boorfrees-52wrc12x25-s6x70mx-tyr-silindriline-otsast-umar\/#breadcrumb\"},\"inLanguage\":\"en-US\",\"potentialAction\":[{\"@type\":\"ReadAction\",\"target\":[\"https:\/\/spectrebaltics.com\/toode\/tyrolit-boorfrees-52wrc12x25-s6x70mx-tyr-silindriline-otsast-umar\/\"]}]},{\"@type\":\"BreadcrumbList\",\"@id\":\"https:\/\/spectrebaltics.com\/toode\/tyrolit-boorfrees-52wrc12x25-s6x70mx-tyr-silindriline-otsast-umar\/#breadcrumb\",\"itemListElement\":[{\"@type\":\"ListItem\",\"position\":1,\"name\":\"Home\",\"item\":\"https:\/\/spectrebaltics.com\/en\/\"},{\"@type\":\"ListItem\",\"position\":2,\"name\":\"Catalogue\",\"item\":\"https:\/\/spectrebaltics.com\/en\/catalogue\/\"},{\"@type\":\"ListItem\",\"position\":3,\"name\":\"Tyrolit Boorfrees 52WRC12x25-S6x70MX Tyr (Silindriline, otsast \u00fcmar)\"}]}]}<\/script>\n<!-- \/ Yoast SEO plugin. -->","yoast_head_json":{"title":"Tyrolit Boorfrees 52WRC12x25-S6x70MX Tyr (Silindriline, otsast \u00fcmar)","robots":{"index":"index","follow":"follow","max-snippet":"max-snippet:-1","max-image-preview":"max-image-preview:large","max-video-preview":"max-video-preview:-1"},"canonical":"https:\/\/spectrebaltics.com\/toode\/tyrolit-boorfrees-52wrc12x25-s6x70mx-tyr-silindriline-otsast-umar\/","og_locale":"en_US","og_type":"article","og_title":"Tyrolit Boorfrees 52WRC12x25-S6x70MX Tyr (Silindriline, otsast \u00fcmar)","og_description":"TYROLIT PREMIUM puuride tootmine toimub kaasaegsetel CNC lihvimismasinad. Tulemuseks on \u00fclit\u00f5hus t\u00e4ppist\u00f6\u00f6riist, mis saavutab optimaalsed lihvimistulemused. Selle volframkarbiidiga puurige teid v\u00f5ib saavutada pikima eluea, kui seda kasutatakse praktiliselt mis tahes materjalil.","og_url":"https:\/\/spectrebaltics.com\/toode\/tyrolit-boorfrees-52wrc12x25-s6x70mx-tyr-silindriline-otsast-umar\/","og_site_name":"Spectrebaltics","og_image":[{"width":630,"height":630,"url":"https:\/\/spectrebaltics.com\/wp-content\/uploads\/2024\/05\/766930.jpg","type":"image\/jpeg"}],"twitter_card":"summary_large_image","schema":{"@context":"https:\/\/schema.org","@graph":[{"@type":"Organization","@id":"https:\/\/spectrebaltics.com\/ru\/#organization","name":"Spectrebaltics","url":"https:\/\/spectrebaltics.com\/ru\/","sameAs":[],"logo":{"@type":"ImageObject","@id":"https:\/\/spectrebaltics.com\/ru\/#logo","inLanguage":"en-US","url":"https:\/\/spectrebaltics.com\/wp-content\/uploads\/2024\/03\/Spectrebaltics-logo.svg","contentUrl":"https:\/\/spectrebaltics.com\/wp-content\/uploads\/2024\/03\/Spectrebaltics-logo.svg","caption":"Spectrebaltics"},"image":{"@id":"https:\/\/spectrebaltics.com\/ru\/#logo"}},{"@type":"WebSite","@id":"https:\/\/spectrebaltics.com\/ru\/#website","url":"https:\/\/spectrebaltics.com\/ru\/","name":"Spectrebaltics","description":"","publisher":{"@id":"https:\/\/spectrebaltics.com\/ru\/#organization"},"potentialAction":[{"@type":"SearchAction","target":{"@type":"EntryPoint","urlTemplate":"https:\/\/spectrebaltics.com\/ru\/?s={search_term_string}"},"query-input":"required name=search_term_string"}],"inLanguage":"en-US"},{"@type":"ImageObject","@id":"https:\/\/spectrebaltics.com\/toode\/tyrolit-boorfrees-52wrc12x25-s6x70mx-tyr-silindriline-otsast-umar\/#primaryimage","inLanguage":"en-US","url":"https:\/\/spectrebaltics.com\/wp-content\/uploads\/2024\/05\/766930.jpg","contentUrl":"https:\/\/spectrebaltics.com\/wp-content\/uploads\/2024\/05\/766930.jpg","width":630,"height":630},{"@type":"WebPage","@id":"https:\/\/spectrebaltics.com\/toode\/tyrolit-boorfrees-52wrc12x25-s6x70mx-tyr-silindriline-otsast-umar\/#webpage","url":"https:\/\/spectrebaltics.com\/toode\/tyrolit-boorfrees-52wrc12x25-s6x70mx-tyr-silindriline-otsast-umar\/","name":"Tyrolit Boorfrees 52WRC12x25-S6x70MX Tyr (Silindriline, otsast \u00fcmar)","isPartOf":{"@id":"https:\/\/spectrebaltics.com\/ru\/#website"},"primaryImageOfPage":{"@id":"https:\/\/spectrebaltics.com\/toode\/tyrolit-boorfrees-52wrc12x25-s6x70mx-tyr-silindriline-otsast-umar\/#primaryimage"},"datePublished":"2024-05-30T10:02:41+00:00","dateModified":"2024-05-30T10:02:41+00:00","breadcrumb":{"@id":"https:\/\/spectrebaltics.com\/toode\/tyrolit-boorfrees-52wrc12x25-s6x70mx-tyr-silindriline-otsast-umar\/#breadcrumb"},"inLanguage":"en-US","potentialAction":[{"@type":"ReadAction","target":["https:\/\/spectrebaltics.com\/toode\/tyrolit-boorfrees-52wrc12x25-s6x70mx-tyr-silindriline-otsast-umar\/"]}]},{"@type":"BreadcrumbList","@id":"https:\/\/spectrebaltics.com\/toode\/tyrolit-boorfrees-52wrc12x25-s6x70mx-tyr-silindriline-otsast-umar\/#breadcrumb","itemListElement":[{"@type":"ListItem","position":1,"name":"Home","item":"https:\/\/spectrebaltics.com\/en\/"},{"@type":"ListItem","position":2,"name":"Catalogue","item":"https:\/\/spectrebaltics.com\/en\/catalogue\/"},{"@type":"ListItem","position":3,"name":"Tyrolit Boorfrees 52WRC12x25-S6x70MX Tyr (Silindriline, otsast \u00fcmar)"}]}]}},"_links":{"self":[{"href":"https:\/\/spectrebaltics.com\/en\/wp-json\/wp\/v2\/product\/8867"}],"collection":[{"href":"https:\/\/spectrebaltics.com\/en\/wp-json\/wp\/v2\/product"}],"about":[{"href":"https:\/\/spectrebaltics.com\/en\/wp-json\/wp\/v2\/types\/product"}],"wp:featuredmedia":[{"embeddable":true,"href":"https:\/\/spectrebaltics.com\/en\/wp-json\/wp\/v2\/media\/8868"}],"wp:attachment":[{"href":"https:\/\/spectrebaltics.com\/en\/wp-json\/wp\/v2\/media?parent=8867"}],"wp:term":[{"taxonomy":"product_cat","embeddable":true,"href":"https:\/\/spectrebaltics.com\/en\/wp-json\/wp\/v2\/product_cat?post=8867"},{"taxonomy":"product_tag","embeddable":true,"href":"https:\/\/spectrebaltics.com\/en\/wp-json\/wp\/v2\/product_tag?post=8867"}],"curies":[{"name":"wp","href":"https:\/\/api.w.org\/{rel}","templated":true}]}}