{"id":8878,"date":"2024-05-30T10:12:09","date_gmt":"2024-05-30T10:12:09","guid":{"rendered":"https:\/\/spectrebaltics.com\/?post_type=product&#038;p=8878"},"modified":"2024-05-30T10:12:09","modified_gmt":"2024-05-30T10:12:09","slug":"tyrolit-boorfrees-52zyas-10-x-19-x-s6-alu","status":"publish","type":"product","link":"https:\/\/spectrebaltics.com\/en\/toode\/tyrolit-boorfrees-52zyas-10-x-19-x-s6-alu\/","title":{"rendered":"Tyrolit Boorfrees 52ZYAS 10 x 19 x S6 ALU"},"content":{"rendered":"<p>N\u00f5udlikuks t\u00f6\u00f6ks v\u00e4rviliste metallidega nagu alumiinium, alumiiniumpronks, alumiiniumi alussulamid, vask, pronks, messing, nikkel h\u00f5be ja titaan.<br \/>\nSobib eriti h\u00e4sti lihvimist\u00f6\u00f6deks k\u00e4sitsi juhitava pneumaatilise v\u00f5i<br \/>\nelektrimasinad ja t\u00f6\u00f6stusrobotid raskesti ligip\u00e4\u00e4setavates kohtades.<\/p>\n<p>&nbsp;<\/p>\n","protected":false},"excerpt":{"rendered":"<p>N\u00f5udlikuks t\u00f6\u00f6ks v\u00e4rviliste metallidega nagu alumiinium, alumiiniumpronks, alumiiniumi alussulamid, vask, pronks, messing, nikkel h\u00f5be ja titaan. Sobib eriti h\u00e4sti lihvimist\u00f6\u00f6deks k\u00e4sitsi juhitava pneumaatilise v\u00f5i elektrimasinad ja t\u00f6\u00f6stusrobotid raskesti ligip\u00e4\u00e4setavates kohtades. &nbsp;<\/p>\n","protected":false},"featured_media":8879,"template":"","meta":[],"product_cat":[89,96],"product_tag":[],"yoast_head":"<!-- This site is optimized with the Yoast SEO plugin v18.4.1 - https:\/\/yoast.com\/wordpress\/plugins\/seo\/ -->\n<title>Tyrolit Boorfrees 52ZYAS 10 x 19 x S6 ALU<\/title>\n<meta name=\"robots\" content=\"index, follow, max-snippet:-1, max-image-preview:large, max-video-preview:-1\" \/>\n<link rel=\"canonical\" href=\"https:\/\/spectrebaltics.com\/toode\/tyrolit-boorfrees-52zyas-10-x-19-x-s6-alu\/\" \/>\n<meta property=\"og:locale\" content=\"en_US\" \/>\n<meta property=\"og:type\" content=\"article\" \/>\n<meta property=\"og:title\" content=\"Tyrolit Boorfrees 52ZYAS 10 x 19 x S6 ALU\" \/>\n<meta property=\"og:description\" content=\"N\u00f5udlikuks t\u00f6\u00f6ks v\u00e4rviliste metallidega nagu alumiinium, alumiiniumpronks, alumiiniumi alussulamid, vask, pronks, messing, nikkel h\u00f5be ja titaan. Sobib eriti h\u00e4sti lihvimist\u00f6\u00f6deks k\u00e4sitsi juhitava pneumaatilise v\u00f5i elektrimasinad ja t\u00f6\u00f6stusrobotid raskesti ligip\u00e4\u00e4setavates kohtades. &nbsp;\" \/>\n<meta property=\"og:url\" content=\"https:\/\/spectrebaltics.com\/toode\/tyrolit-boorfrees-52zyas-10-x-19-x-s6-alu\/\" \/>\n<meta property=\"og:site_name\" content=\"Spectrebaltics\" \/>\n<meta property=\"og:image\" content=\"https:\/\/spectrebaltics.com\/wp-content\/uploads\/2024\/05\/tyrolit_hartmetallfraeser_dxt-sxl_10x19-6x65_fuer_nichteisenmetalle_form_52zyaes_-_zylinder_mit_stirnverzahnung_aert._768715-1.jpg\" \/>\n\t<meta property=\"og:image:width\" content=\"1280\" \/>\n\t<meta property=\"og:image:height\" content=\"1280\" \/>\n\t<meta property=\"og:image:type\" content=\"image\/jpeg\" \/>\n<meta name=\"twitter:card\" content=\"summary_large_image\" \/>\n<script type=\"application\/ld+json\" class=\"yoast-schema-graph\">{\"@context\":\"https:\/\/schema.org\",\"@graph\":[{\"@type\":\"Organization\",\"@id\":\"https:\/\/spectrebaltics.com\/ru\/#organization\",\"name\":\"Spectrebaltics\",\"url\":\"https:\/\/spectrebaltics.com\/ru\/\",\"sameAs\":[],\"logo\":{\"@type\":\"ImageObject\",\"@id\":\"https:\/\/spectrebaltics.com\/ru\/#logo\",\"inLanguage\":\"en-US\",\"url\":\"https:\/\/spectrebaltics.com\/wp-content\/uploads\/2024\/03\/Spectrebaltics-logo.svg\",\"contentUrl\":\"https:\/\/spectrebaltics.com\/wp-content\/uploads\/2024\/03\/Spectrebaltics-logo.svg\",\"caption\":\"Spectrebaltics\"},\"image\":{\"@id\":\"https:\/\/spectrebaltics.com\/ru\/#logo\"}},{\"@type\":\"WebSite\",\"@id\":\"https:\/\/spectrebaltics.com\/ru\/#website\",\"url\":\"https:\/\/spectrebaltics.com\/ru\/\",\"name\":\"Spectrebaltics\",\"description\":\"\",\"publisher\":{\"@id\":\"https:\/\/spectrebaltics.com\/ru\/#organization\"},\"potentialAction\":[{\"@type\":\"SearchAction\",\"target\":{\"@type\":\"EntryPoint\",\"urlTemplate\":\"https:\/\/spectrebaltics.com\/ru\/?s={search_term_string}\"},\"query-input\":\"required name=search_term_string\"}],\"inLanguage\":\"en-US\"},{\"@type\":\"ImageObject\",\"@id\":\"https:\/\/spectrebaltics.com\/toode\/tyrolit-boorfrees-52zyas-10-x-19-x-s6-alu\/#primaryimage\",\"inLanguage\":\"en-US\",\"url\":\"https:\/\/spectrebaltics.com\/wp-content\/uploads\/2024\/05\/tyrolit_hartmetallfraeser_dxt-sxl_10x19-6x65_fuer_nichteisenmetalle_form_52zyaes_-_zylinder_mit_stirnverzahnung_aert._768715-1.jpg\",\"contentUrl\":\"https:\/\/spectrebaltics.com\/wp-content\/uploads\/2024\/05\/tyrolit_hartmetallfraeser_dxt-sxl_10x19-6x65_fuer_nichteisenmetalle_form_52zyaes_-_zylinder_mit_stirnverzahnung_aert._768715-1.jpg\",\"width\":1280,\"height\":1280},{\"@type\":\"WebPage\",\"@id\":\"https:\/\/spectrebaltics.com\/toode\/tyrolit-boorfrees-52zyas-10-x-19-x-s6-alu\/#webpage\",\"url\":\"https:\/\/spectrebaltics.com\/toode\/tyrolit-boorfrees-52zyas-10-x-19-x-s6-alu\/\",\"name\":\"Tyrolit Boorfrees 52ZYAS 10 x 19 x S6 ALU\",\"isPartOf\":{\"@id\":\"https:\/\/spectrebaltics.com\/ru\/#website\"},\"primaryImageOfPage\":{\"@id\":\"https:\/\/spectrebaltics.com\/toode\/tyrolit-boorfrees-52zyas-10-x-19-x-s6-alu\/#primaryimage\"},\"datePublished\":\"2024-05-30T10:12:09+00:00\",\"dateModified\":\"2024-05-30T10:12:09+00:00\",\"breadcrumb\":{\"@id\":\"https:\/\/spectrebaltics.com\/toode\/tyrolit-boorfrees-52zyas-10-x-19-x-s6-alu\/#breadcrumb\"},\"inLanguage\":\"en-US\",\"potentialAction\":[{\"@type\":\"ReadAction\",\"target\":[\"https:\/\/spectrebaltics.com\/toode\/tyrolit-boorfrees-52zyas-10-x-19-x-s6-alu\/\"]}]},{\"@type\":\"BreadcrumbList\",\"@id\":\"https:\/\/spectrebaltics.com\/toode\/tyrolit-boorfrees-52zyas-10-x-19-x-s6-alu\/#breadcrumb\",\"itemListElement\":[{\"@type\":\"ListItem\",\"position\":1,\"name\":\"Home\",\"item\":\"https:\/\/spectrebaltics.com\/en\/\"},{\"@type\":\"ListItem\",\"position\":2,\"name\":\"Catalogue\",\"item\":\"https:\/\/spectrebaltics.com\/en\/catalogue\/\"},{\"@type\":\"ListItem\",\"position\":3,\"name\":\"Tyrolit Boorfrees 52ZYAS 10 x 19 x S6 ALU\"}]}]}<\/script>\n<!-- \/ Yoast SEO plugin. -->","yoast_head_json":{"title":"Tyrolit Boorfrees 52ZYAS 10 x 19 x S6 ALU","robots":{"index":"index","follow":"follow","max-snippet":"max-snippet:-1","max-image-preview":"max-image-preview:large","max-video-preview":"max-video-preview:-1"},"canonical":"https:\/\/spectrebaltics.com\/toode\/tyrolit-boorfrees-52zyas-10-x-19-x-s6-alu\/","og_locale":"en_US","og_type":"article","og_title":"Tyrolit Boorfrees 52ZYAS 10 x 19 x S6 ALU","og_description":"N\u00f5udlikuks t\u00f6\u00f6ks v\u00e4rviliste metallidega nagu alumiinium, alumiiniumpronks, alumiiniumi alussulamid, vask, pronks, messing, nikkel h\u00f5be ja titaan. Sobib eriti h\u00e4sti lihvimist\u00f6\u00f6deks k\u00e4sitsi juhitava pneumaatilise v\u00f5i elektrimasinad ja t\u00f6\u00f6stusrobotid raskesti ligip\u00e4\u00e4setavates kohtades. &nbsp;","og_url":"https:\/\/spectrebaltics.com\/toode\/tyrolit-boorfrees-52zyas-10-x-19-x-s6-alu\/","og_site_name":"Spectrebaltics","og_image":[{"width":1280,"height":1280,"url":"https:\/\/spectrebaltics.com\/wp-content\/uploads\/2024\/05\/tyrolit_hartmetallfraeser_dxt-sxl_10x19-6x65_fuer_nichteisenmetalle_form_52zyaes_-_zylinder_mit_stirnverzahnung_aert._768715-1.jpg","type":"image\/jpeg"}],"twitter_card":"summary_large_image","schema":{"@context":"https:\/\/schema.org","@graph":[{"@type":"Organization","@id":"https:\/\/spectrebaltics.com\/ru\/#organization","name":"Spectrebaltics","url":"https:\/\/spectrebaltics.com\/ru\/","sameAs":[],"logo":{"@type":"ImageObject","@id":"https:\/\/spectrebaltics.com\/ru\/#logo","inLanguage":"en-US","url":"https:\/\/spectrebaltics.com\/wp-content\/uploads\/2024\/03\/Spectrebaltics-logo.svg","contentUrl":"https:\/\/spectrebaltics.com\/wp-content\/uploads\/2024\/03\/Spectrebaltics-logo.svg","caption":"Spectrebaltics"},"image":{"@id":"https:\/\/spectrebaltics.com\/ru\/#logo"}},{"@type":"WebSite","@id":"https:\/\/spectrebaltics.com\/ru\/#website","url":"https:\/\/spectrebaltics.com\/ru\/","name":"Spectrebaltics","description":"","publisher":{"@id":"https:\/\/spectrebaltics.com\/ru\/#organization"},"potentialAction":[{"@type":"SearchAction","target":{"@type":"EntryPoint","urlTemplate":"https:\/\/spectrebaltics.com\/ru\/?s={search_term_string}"},"query-input":"required name=search_term_string"}],"inLanguage":"en-US"},{"@type":"ImageObject","@id":"https:\/\/spectrebaltics.com\/toode\/tyrolit-boorfrees-52zyas-10-x-19-x-s6-alu\/#primaryimage","inLanguage":"en-US","url":"https:\/\/spectrebaltics.com\/wp-content\/uploads\/2024\/05\/tyrolit_hartmetallfraeser_dxt-sxl_10x19-6x65_fuer_nichteisenmetalle_form_52zyaes_-_zylinder_mit_stirnverzahnung_aert._768715-1.jpg","contentUrl":"https:\/\/spectrebaltics.com\/wp-content\/uploads\/2024\/05\/tyrolit_hartmetallfraeser_dxt-sxl_10x19-6x65_fuer_nichteisenmetalle_form_52zyaes_-_zylinder_mit_stirnverzahnung_aert._768715-1.jpg","width":1280,"height":1280},{"@type":"WebPage","@id":"https:\/\/spectrebaltics.com\/toode\/tyrolit-boorfrees-52zyas-10-x-19-x-s6-alu\/#webpage","url":"https:\/\/spectrebaltics.com\/toode\/tyrolit-boorfrees-52zyas-10-x-19-x-s6-alu\/","name":"Tyrolit Boorfrees 52ZYAS 10 x 19 x S6 ALU","isPartOf":{"@id":"https:\/\/spectrebaltics.com\/ru\/#website"},"primaryImageOfPage":{"@id":"https:\/\/spectrebaltics.com\/toode\/tyrolit-boorfrees-52zyas-10-x-19-x-s6-alu\/#primaryimage"},"datePublished":"2024-05-30T10:12:09+00:00","dateModified":"2024-05-30T10:12:09+00:00","breadcrumb":{"@id":"https:\/\/spectrebaltics.com\/toode\/tyrolit-boorfrees-52zyas-10-x-19-x-s6-alu\/#breadcrumb"},"inLanguage":"en-US","potentialAction":[{"@type":"ReadAction","target":["https:\/\/spectrebaltics.com\/toode\/tyrolit-boorfrees-52zyas-10-x-19-x-s6-alu\/"]}]},{"@type":"BreadcrumbList","@id":"https:\/\/spectrebaltics.com\/toode\/tyrolit-boorfrees-52zyas-10-x-19-x-s6-alu\/#breadcrumb","itemListElement":[{"@type":"ListItem","position":1,"name":"Home","item":"https:\/\/spectrebaltics.com\/en\/"},{"@type":"ListItem","position":2,"name":"Catalogue","item":"https:\/\/spectrebaltics.com\/en\/catalogue\/"},{"@type":"ListItem","position":3,"name":"Tyrolit Boorfrees 52ZYAS 10 x 19 x S6 ALU"}]}]}},"_links":{"self":[{"href":"https:\/\/spectrebaltics.com\/en\/wp-json\/wp\/v2\/product\/8878"}],"collection":[{"href":"https:\/\/spectrebaltics.com\/en\/wp-json\/wp\/v2\/product"}],"about":[{"href":"https:\/\/spectrebaltics.com\/en\/wp-json\/wp\/v2\/types\/product"}],"wp:featuredmedia":[{"embeddable":true,"href":"https:\/\/spectrebaltics.com\/en\/wp-json\/wp\/v2\/media\/8879"}],"wp:attachment":[{"href":"https:\/\/spectrebaltics.com\/en\/wp-json\/wp\/v2\/media?parent=8878"}],"wp:term":[{"taxonomy":"product_cat","embeddable":true,"href":"https:\/\/spectrebaltics.com\/en\/wp-json\/wp\/v2\/product_cat?post=8878"},{"taxonomy":"product_tag","embeddable":true,"href":"https:\/\/spectrebaltics.com\/en\/wp-json\/wp\/v2\/product_tag?post=8878"}],"curies":[{"name":"wp","href":"https:\/\/api.w.org\/{rel}","templated":true}]}}