{"id":8882,"date":"2024-05-30T10:17:38","date_gmt":"2024-05-30T10:17:38","guid":{"rendered":"https:\/\/spectrebaltics.com\/?post_type=product&#038;p=8882"},"modified":"2024-05-30T10:17:38","modified_gmt":"2024-05-30T10:17:38","slug":"tyrolit-boorfrees-52zyas-12-x-25-s6-x-70-mx-hpc","status":"publish","type":"product","link":"https:\/\/spectrebaltics.com\/en\/toode\/tyrolit-boorfrees-52zyas-12-x-25-s6-x-70-mx-hpc\/","title":{"rendered":"Tyrolit Boorfrees 52ZYAS 12 x 25 &#8211; S6 x 70 MX-HPC"},"content":{"rendered":"<p>N\u00f5udlikuks t\u00f6\u00f6ks malmi, terase ja roostevaba terasega<br \/>\nErinevateks lihvimist\u00f6\u00f6deks k\u00e4sitsi, pneumaatilise v\u00f5i elektrilise lihvimisega masinad ja t\u00f6\u00f6stusrobotid raskesti ligip\u00e4\u00e4setavates kohtades<br \/>\nT\u00e4nu \u00e4sja arendatud geomeetriale on v\u00f5imalikult pikk kasutusiga tipptasemel.<br \/>\nKuni kaks korda suurem varude eemaldamise m\u00e4\u00e4r v\u00f5rreldes teiste premium-klassidega volframkarbiidi p\u00f5letus<\/p>\n","protected":false},"excerpt":{"rendered":"<p>N\u00f5udlikuks t\u00f6\u00f6ks malmi, terase ja roostevaba terasega Erinevateks lihvimist\u00f6\u00f6deks k\u00e4sitsi, pneumaatilise v\u00f5i elektrilise lihvimisega masinad ja t\u00f6\u00f6stusrobotid raskesti ligip\u00e4\u00e4setavates kohtades T\u00e4nu \u00e4sja arendatud geomeetriale on v\u00f5imalikult pikk kasutusiga tipptasemel. Kuni kaks korda suurem varude eemaldamise m\u00e4\u00e4r v\u00f5rreldes teiste premium-klassidega volframkarbiidi p\u00f5letus<\/p>\n","protected":false},"featured_media":8883,"template":"","meta":[],"product_cat":[89,96],"product_tag":[],"yoast_head":"<!-- This site is optimized with the Yoast SEO plugin v18.4.1 - https:\/\/yoast.com\/wordpress\/plugins\/seo\/ -->\n<title>Tyrolit Boorfrees 52ZYAS 12 x 25 - S6 x 70 MX-HPC<\/title>\n<meta name=\"robots\" content=\"index, follow, max-snippet:-1, max-image-preview:large, max-video-preview:-1\" \/>\n<link rel=\"canonical\" href=\"https:\/\/spectrebaltics.com\/ru\/toode\/tyrolit-boorfrees-52zyas-12-x-25-s6-x-70-mx-hpc\/\" \/>\n<meta property=\"og:locale\" content=\"en_US\" \/>\n<meta property=\"og:type\" content=\"article\" \/>\n<meta property=\"og:title\" content=\"Tyrolit Boorfrees 52ZYAS 12 x 25 - S6 x 70 MX-HPC\" \/>\n<meta property=\"og:description\" content=\"N\u00f5udlikuks t\u00f6\u00f6ks malmi, terase ja roostevaba terasega Erinevateks lihvimist\u00f6\u00f6deks k\u00e4sitsi, pneumaatilise v\u00f5i elektrilise lihvimisega masinad ja t\u00f6\u00f6stusrobotid raskesti ligip\u00e4\u00e4setavates kohtades T\u00e4nu \u00e4sja arendatud geomeetriale on v\u00f5imalikult pikk kasutusiga tipptasemel. Kuni kaks korda suurem varude eemaldamise m\u00e4\u00e4r v\u00f5rreldes teiste premium-klassidega volframkarbiidi p\u00f5letus\" \/>\n<meta property=\"og:url\" content=\"https:\/\/spectrebaltics.com\/ru\/toode\/tyrolit-boorfrees-52zyas-12-x-25-s6-x-70-mx-hpc\/\" \/>\n<meta property=\"og:site_name\" content=\"Spectrebaltics\" \/>\n<meta property=\"og:image\" content=\"https:\/\/spectrebaltics.com\/wp-content\/uploads\/2024\/05\/jpg_600_11919__52zya-s_12x25-6x70_mx-hpc_tn34551599_iso_mdb.jpg\" \/>\n\t<meta property=\"og:image:width\" content=\"600\" \/>\n\t<meta property=\"og:image:height\" content=\"600\" \/>\n\t<meta property=\"og:image:type\" content=\"image\/jpeg\" \/>\n<meta name=\"twitter:card\" content=\"summary_large_image\" \/>\n<script type=\"application\/ld+json\" class=\"yoast-schema-graph\">{\"@context\":\"https:\/\/schema.org\",\"@graph\":[{\"@type\":\"Organization\",\"@id\":\"https:\/\/spectrebaltics.com\/ru\/#organization\",\"name\":\"Spectrebaltics\",\"url\":\"https:\/\/spectrebaltics.com\/ru\/\",\"sameAs\":[],\"logo\":{\"@type\":\"ImageObject\",\"@id\":\"https:\/\/spectrebaltics.com\/ru\/#logo\",\"inLanguage\":\"en-US\",\"url\":\"https:\/\/spectrebaltics.com\/wp-content\/uploads\/2024\/03\/Spectrebaltics-logo.svg\",\"contentUrl\":\"https:\/\/spectrebaltics.com\/wp-content\/uploads\/2024\/03\/Spectrebaltics-logo.svg\",\"caption\":\"Spectrebaltics\"},\"image\":{\"@id\":\"https:\/\/spectrebaltics.com\/ru\/#logo\"}},{\"@type\":\"WebSite\",\"@id\":\"https:\/\/spectrebaltics.com\/ru\/#website\",\"url\":\"https:\/\/spectrebaltics.com\/ru\/\",\"name\":\"Spectrebaltics\",\"description\":\"\",\"publisher\":{\"@id\":\"https:\/\/spectrebaltics.com\/ru\/#organization\"},\"potentialAction\":[{\"@type\":\"SearchAction\",\"target\":{\"@type\":\"EntryPoint\",\"urlTemplate\":\"https:\/\/spectrebaltics.com\/ru\/?s={search_term_string}\"},\"query-input\":\"required name=search_term_string\"}],\"inLanguage\":\"en-US\"},{\"@type\":\"ImageObject\",\"@id\":\"https:\/\/spectrebaltics.com\/ru\/toode\/tyrolit-boorfrees-52zyas-12-x-25-s6-x-70-mx-hpc\/#primaryimage\",\"inLanguage\":\"en-US\",\"url\":\"https:\/\/spectrebaltics.com\/wp-content\/uploads\/2024\/05\/jpg_600_11919__52zya-s_12x25-6x70_mx-hpc_tn34551599_iso_mdb.jpg\",\"contentUrl\":\"https:\/\/spectrebaltics.com\/wp-content\/uploads\/2024\/05\/jpg_600_11919__52zya-s_12x25-6x70_mx-hpc_tn34551599_iso_mdb.jpg\",\"width\":600,\"height\":600},{\"@type\":\"WebPage\",\"@id\":\"https:\/\/spectrebaltics.com\/ru\/toode\/tyrolit-boorfrees-52zyas-12-x-25-s6-x-70-mx-hpc\/#webpage\",\"url\":\"https:\/\/spectrebaltics.com\/ru\/toode\/tyrolit-boorfrees-52zyas-12-x-25-s6-x-70-mx-hpc\/\",\"name\":\"Tyrolit Boorfrees 52ZYAS 12 x 25 - S6 x 70 MX-HPC\",\"isPartOf\":{\"@id\":\"https:\/\/spectrebaltics.com\/ru\/#website\"},\"primaryImageOfPage\":{\"@id\":\"https:\/\/spectrebaltics.com\/ru\/toode\/tyrolit-boorfrees-52zyas-12-x-25-s6-x-70-mx-hpc\/#primaryimage\"},\"datePublished\":\"2024-05-30T10:17:38+00:00\",\"dateModified\":\"2024-05-30T10:17:38+00:00\",\"breadcrumb\":{\"@id\":\"https:\/\/spectrebaltics.com\/ru\/toode\/tyrolit-boorfrees-52zyas-12-x-25-s6-x-70-mx-hpc\/#breadcrumb\"},\"inLanguage\":\"en-US\",\"potentialAction\":[{\"@type\":\"ReadAction\",\"target\":[\"https:\/\/spectrebaltics.com\/ru\/toode\/tyrolit-boorfrees-52zyas-12-x-25-s6-x-70-mx-hpc\/\"]}]},{\"@type\":\"BreadcrumbList\",\"@id\":\"https:\/\/spectrebaltics.com\/ru\/toode\/tyrolit-boorfrees-52zyas-12-x-25-s6-x-70-mx-hpc\/#breadcrumb\",\"itemListElement\":[{\"@type\":\"ListItem\",\"position\":1,\"name\":\"Home\",\"item\":\"https:\/\/spectrebaltics.com\/en\/\"},{\"@type\":\"ListItem\",\"position\":2,\"name\":\"Catalogue\",\"item\":\"https:\/\/spectrebaltics.com\/en\/catalogue\/\"},{\"@type\":\"ListItem\",\"position\":3,\"name\":\"Tyrolit Boorfrees 52ZYAS 12 x 25 &#8212; S6 x 70 MX-HPC\"}]}]}<\/script>\n<!-- \/ Yoast SEO plugin. -->","yoast_head_json":{"title":"Tyrolit Boorfrees 52ZYAS 12 x 25 - S6 x 70 MX-HPC","robots":{"index":"index","follow":"follow","max-snippet":"max-snippet:-1","max-image-preview":"max-image-preview:large","max-video-preview":"max-video-preview:-1"},"canonical":"https:\/\/spectrebaltics.com\/ru\/toode\/tyrolit-boorfrees-52zyas-12-x-25-s6-x-70-mx-hpc\/","og_locale":"en_US","og_type":"article","og_title":"Tyrolit Boorfrees 52ZYAS 12 x 25 - S6 x 70 MX-HPC","og_description":"N\u00f5udlikuks t\u00f6\u00f6ks malmi, terase ja roostevaba terasega Erinevateks lihvimist\u00f6\u00f6deks k\u00e4sitsi, pneumaatilise v\u00f5i elektrilise lihvimisega masinad ja t\u00f6\u00f6stusrobotid raskesti ligip\u00e4\u00e4setavates kohtades T\u00e4nu \u00e4sja arendatud geomeetriale on v\u00f5imalikult pikk kasutusiga tipptasemel. Kuni kaks korda suurem varude eemaldamise m\u00e4\u00e4r v\u00f5rreldes teiste premium-klassidega volframkarbiidi p\u00f5letus","og_url":"https:\/\/spectrebaltics.com\/ru\/toode\/tyrolit-boorfrees-52zyas-12-x-25-s6-x-70-mx-hpc\/","og_site_name":"Spectrebaltics","og_image":[{"width":600,"height":600,"url":"https:\/\/spectrebaltics.com\/wp-content\/uploads\/2024\/05\/jpg_600_11919__52zya-s_12x25-6x70_mx-hpc_tn34551599_iso_mdb.jpg","type":"image\/jpeg"}],"twitter_card":"summary_large_image","schema":{"@context":"https:\/\/schema.org","@graph":[{"@type":"Organization","@id":"https:\/\/spectrebaltics.com\/ru\/#organization","name":"Spectrebaltics","url":"https:\/\/spectrebaltics.com\/ru\/","sameAs":[],"logo":{"@type":"ImageObject","@id":"https:\/\/spectrebaltics.com\/ru\/#logo","inLanguage":"en-US","url":"https:\/\/spectrebaltics.com\/wp-content\/uploads\/2024\/03\/Spectrebaltics-logo.svg","contentUrl":"https:\/\/spectrebaltics.com\/wp-content\/uploads\/2024\/03\/Spectrebaltics-logo.svg","caption":"Spectrebaltics"},"image":{"@id":"https:\/\/spectrebaltics.com\/ru\/#logo"}},{"@type":"WebSite","@id":"https:\/\/spectrebaltics.com\/ru\/#website","url":"https:\/\/spectrebaltics.com\/ru\/","name":"Spectrebaltics","description":"","publisher":{"@id":"https:\/\/spectrebaltics.com\/ru\/#organization"},"potentialAction":[{"@type":"SearchAction","target":{"@type":"EntryPoint","urlTemplate":"https:\/\/spectrebaltics.com\/ru\/?s={search_term_string}"},"query-input":"required name=search_term_string"}],"inLanguage":"en-US"},{"@type":"ImageObject","@id":"https:\/\/spectrebaltics.com\/ru\/toode\/tyrolit-boorfrees-52zyas-12-x-25-s6-x-70-mx-hpc\/#primaryimage","inLanguage":"en-US","url":"https:\/\/spectrebaltics.com\/wp-content\/uploads\/2024\/05\/jpg_600_11919__52zya-s_12x25-6x70_mx-hpc_tn34551599_iso_mdb.jpg","contentUrl":"https:\/\/spectrebaltics.com\/wp-content\/uploads\/2024\/05\/jpg_600_11919__52zya-s_12x25-6x70_mx-hpc_tn34551599_iso_mdb.jpg","width":600,"height":600},{"@type":"WebPage","@id":"https:\/\/spectrebaltics.com\/ru\/toode\/tyrolit-boorfrees-52zyas-12-x-25-s6-x-70-mx-hpc\/#webpage","url":"https:\/\/spectrebaltics.com\/ru\/toode\/tyrolit-boorfrees-52zyas-12-x-25-s6-x-70-mx-hpc\/","name":"Tyrolit Boorfrees 52ZYAS 12 x 25 - S6 x 70 MX-HPC","isPartOf":{"@id":"https:\/\/spectrebaltics.com\/ru\/#website"},"primaryImageOfPage":{"@id":"https:\/\/spectrebaltics.com\/ru\/toode\/tyrolit-boorfrees-52zyas-12-x-25-s6-x-70-mx-hpc\/#primaryimage"},"datePublished":"2024-05-30T10:17:38+00:00","dateModified":"2024-05-30T10:17:38+00:00","breadcrumb":{"@id":"https:\/\/spectrebaltics.com\/ru\/toode\/tyrolit-boorfrees-52zyas-12-x-25-s6-x-70-mx-hpc\/#breadcrumb"},"inLanguage":"en-US","potentialAction":[{"@type":"ReadAction","target":["https:\/\/spectrebaltics.com\/ru\/toode\/tyrolit-boorfrees-52zyas-12-x-25-s6-x-70-mx-hpc\/"]}]},{"@type":"BreadcrumbList","@id":"https:\/\/spectrebaltics.com\/ru\/toode\/tyrolit-boorfrees-52zyas-12-x-25-s6-x-70-mx-hpc\/#breadcrumb","itemListElement":[{"@type":"ListItem","position":1,"name":"Home","item":"https:\/\/spectrebaltics.com\/en\/"},{"@type":"ListItem","position":2,"name":"Catalogue","item":"https:\/\/spectrebaltics.com\/en\/catalogue\/"},{"@type":"ListItem","position":3,"name":"Tyrolit Boorfrees 52ZYAS 12 x 25 &#8212; S6 x 70 MX-HPC"}]}]}},"_links":{"self":[{"href":"https:\/\/spectrebaltics.com\/en\/wp-json\/wp\/v2\/product\/8882"}],"collection":[{"href":"https:\/\/spectrebaltics.com\/en\/wp-json\/wp\/v2\/product"}],"about":[{"href":"https:\/\/spectrebaltics.com\/en\/wp-json\/wp\/v2\/types\/product"}],"wp:featuredmedia":[{"embeddable":true,"href":"https:\/\/spectrebaltics.com\/en\/wp-json\/wp\/v2\/media\/8883"}],"wp:attachment":[{"href":"https:\/\/spectrebaltics.com\/en\/wp-json\/wp\/v2\/media?parent=8882"}],"wp:term":[{"taxonomy":"product_cat","embeddable":true,"href":"https:\/\/spectrebaltics.com\/en\/wp-json\/wp\/v2\/product_cat?post=8882"},{"taxonomy":"product_tag","embeddable":true,"href":"https:\/\/spectrebaltics.com\/en\/wp-json\/wp\/v2\/product_tag?post=8882"}],"curies":[{"name":"wp","href":"https:\/\/api.w.org\/{rel}","templated":true}]}}