{"id":8976,"date":"2024-05-30T12:26:19","date_gmt":"2024-05-30T12:26:19","guid":{"rendered":"https:\/\/spectrebaltics.com\/?post_type=product&#038;p=8976"},"modified":"2024-05-30T12:26:19","modified_gmt":"2024-05-30T12:26:19","slug":"3m-cubitron-loike-lihvketas-ii-t27-125x42x222m","status":"publish","type":"product","link":"https:\/\/spectrebaltics.com\/en\/toode\/3m-cubitron-loike-lihvketas-ii-t27-125x42x222m\/","title":{"rendered":"3M Cubitron l\u00f5ike\/lihvketas II T27 125&#215;4,2&#215;22,2m"},"content":{"rendered":"<p>3M\u2122 Cubitron\u2122 II l\u00f5ike- ja lihvimiskettad on konstrueeritud t\u00e4pse kujuga teradega, et l\u00f5igata kiiremini kui konkurentsiv\u00f5imelised keraamilised tooted<\/p>\n<p>Kolmnurkse kujuga keraamiline tera kulub \u00fchtlaselt, jookseb jahedalt ja optimeerib mineraalide lagunemist, et tagada eriti pikk kasutusiga<\/p>\n<p>J\u00e4ik, tugevdatud vaiguga \u00fchendatud ketas on m\u00f5eldud kasutamiseks nii lihvkettana kui ka l\u00f5ikekettana nii roostevabast kui ka pehmest terasest aluspinnal<\/p>\n","protected":false},"excerpt":{"rendered":"<p>3M\u2122 Cubitron\u2122 II l\u00f5ike- ja lihvimiskettad on konstrueeritud t\u00e4pse kujuga teradega, et l\u00f5igata kiiremini kui konkurentsiv\u00f5imelised keraamilised tooted Kolmnurkse kujuga keraamiline tera kulub \u00fchtlaselt, jookseb jahedalt ja optimeerib mineraalide lagunemist, et tagada eriti pikk kasutusiga J\u00e4ik, tugevdatud vaiguga \u00fchendatud ketas on m\u00f5eldud kasutamiseks nii lihvkettana kui ka l\u00f5ikekettana nii roostevabast kui ka pehmest terasest aluspinnal<\/p>\n","protected":false},"featured_media":8978,"template":"","meta":[],"product_cat":[89,92],"product_tag":[],"yoast_head":"<!-- This site is optimized with the Yoast SEO plugin v18.4.1 - https:\/\/yoast.com\/wordpress\/plugins\/seo\/ -->\n<title>3M Cubitron l\u00f5ike\/lihvketas II T27 125x4,2x22,2m<\/title>\n<meta name=\"robots\" content=\"index, follow, max-snippet:-1, max-image-preview:large, max-video-preview:-1\" \/>\n<link rel=\"canonical\" href=\"https:\/\/spectrebaltics.com\/toode\/3m-cubitron-loike-lihvketas-ii-t27-125x42x222m\/\" \/>\n<meta property=\"og:locale\" content=\"en_US\" \/>\n<meta property=\"og:type\" content=\"article\" \/>\n<meta property=\"og:title\" content=\"3M Cubitron l\u00f5ike\/lihvketas II T27 125x4,2x22,2m\" \/>\n<meta property=\"og:description\" content=\"3M\u2122 Cubitron\u2122 II l\u00f5ike- ja lihvimiskettad on konstrueeritud t\u00e4pse kujuga teradega, et l\u00f5igata kiiremini kui konkurentsiv\u00f5imelised keraamilised tooted Kolmnurkse kujuga keraamiline tera kulub \u00fchtlaselt, jookseb jahedalt ja optimeerib mineraalide lagunemist, et tagada eriti pikk kasutusiga J\u00e4ik, tugevdatud vaiguga \u00fchendatud ketas on m\u00f5eldud kasutamiseks nii lihvkettana kui ka l\u00f5ikekettana nii roostevabast kui ka pehmest terasest aluspinnal\" \/>\n<meta property=\"og:url\" content=\"https:\/\/spectrebaltics.com\/toode\/3m-cubitron-loike-lihvketas-ii-t27-125x42x222m\/\" \/>\n<meta property=\"og:site_name\" content=\"Spectrebaltics\" \/>\n<meta property=\"og:image\" content=\"https:\/\/spectrebaltics.com\/wp-content\/uploads\/2024\/05\/15842.jpg\" \/>\n\t<meta property=\"og:image:width\" content=\"500\" \/>\n\t<meta property=\"og:image:height\" content=\"500\" \/>\n\t<meta property=\"og:image:type\" content=\"image\/jpeg\" \/>\n<meta name=\"twitter:card\" content=\"summary_large_image\" \/>\n<script type=\"application\/ld+json\" class=\"yoast-schema-graph\">{\"@context\":\"https:\/\/schema.org\",\"@graph\":[{\"@type\":\"Organization\",\"@id\":\"https:\/\/spectrebaltics.com\/ru\/#organization\",\"name\":\"Spectrebaltics\",\"url\":\"https:\/\/spectrebaltics.com\/ru\/\",\"sameAs\":[],\"logo\":{\"@type\":\"ImageObject\",\"@id\":\"https:\/\/spectrebaltics.com\/ru\/#logo\",\"inLanguage\":\"en-US\",\"url\":\"https:\/\/spectrebaltics.com\/wp-content\/uploads\/2024\/03\/Spectrebaltics-logo.svg\",\"contentUrl\":\"https:\/\/spectrebaltics.com\/wp-content\/uploads\/2024\/03\/Spectrebaltics-logo.svg\",\"caption\":\"Spectrebaltics\"},\"image\":{\"@id\":\"https:\/\/spectrebaltics.com\/ru\/#logo\"}},{\"@type\":\"WebSite\",\"@id\":\"https:\/\/spectrebaltics.com\/ru\/#website\",\"url\":\"https:\/\/spectrebaltics.com\/ru\/\",\"name\":\"Spectrebaltics\",\"description\":\"\",\"publisher\":{\"@id\":\"https:\/\/spectrebaltics.com\/ru\/#organization\"},\"potentialAction\":[{\"@type\":\"SearchAction\",\"target\":{\"@type\":\"EntryPoint\",\"urlTemplate\":\"https:\/\/spectrebaltics.com\/ru\/?s={search_term_string}\"},\"query-input\":\"required name=search_term_string\"}],\"inLanguage\":\"en-US\"},{\"@type\":\"ImageObject\",\"@id\":\"https:\/\/spectrebaltics.com\/toode\/3m-cubitron-loike-lihvketas-ii-t27-125x42x222m\/#primaryimage\",\"inLanguage\":\"en-US\",\"url\":\"https:\/\/spectrebaltics.com\/wp-content\/uploads\/2024\/05\/15842.jpg\",\"contentUrl\":\"https:\/\/spectrebaltics.com\/wp-content\/uploads\/2024\/05\/15842.jpg\",\"width\":500,\"height\":500},{\"@type\":\"WebPage\",\"@id\":\"https:\/\/spectrebaltics.com\/toode\/3m-cubitron-loike-lihvketas-ii-t27-125x42x222m\/#webpage\",\"url\":\"https:\/\/spectrebaltics.com\/toode\/3m-cubitron-loike-lihvketas-ii-t27-125x42x222m\/\",\"name\":\"3M Cubitron l\u00f5ike\/lihvketas II T27 125x4,2x22,2m\",\"isPartOf\":{\"@id\":\"https:\/\/spectrebaltics.com\/ru\/#website\"},\"primaryImageOfPage\":{\"@id\":\"https:\/\/spectrebaltics.com\/toode\/3m-cubitron-loike-lihvketas-ii-t27-125x42x222m\/#primaryimage\"},\"datePublished\":\"2024-05-30T12:26:19+00:00\",\"dateModified\":\"2024-05-30T12:26:19+00:00\",\"breadcrumb\":{\"@id\":\"https:\/\/spectrebaltics.com\/toode\/3m-cubitron-loike-lihvketas-ii-t27-125x42x222m\/#breadcrumb\"},\"inLanguage\":\"en-US\",\"potentialAction\":[{\"@type\":\"ReadAction\",\"target\":[\"https:\/\/spectrebaltics.com\/toode\/3m-cubitron-loike-lihvketas-ii-t27-125x42x222m\/\"]}]},{\"@type\":\"BreadcrumbList\",\"@id\":\"https:\/\/spectrebaltics.com\/toode\/3m-cubitron-loike-lihvketas-ii-t27-125x42x222m\/#breadcrumb\",\"itemListElement\":[{\"@type\":\"ListItem\",\"position\":1,\"name\":\"Home\",\"item\":\"https:\/\/spectrebaltics.com\/en\/\"},{\"@type\":\"ListItem\",\"position\":2,\"name\":\"Catalogue\",\"item\":\"https:\/\/spectrebaltics.com\/en\/catalogue\/\"},{\"@type\":\"ListItem\",\"position\":3,\"name\":\"3M Cubitron l\u00f5ike\/lihvketas II T27 125&#215;4,2&#215;22,2m\"}]}]}<\/script>\n<!-- \/ Yoast SEO plugin. -->","yoast_head_json":{"title":"3M Cubitron l\u00f5ike\/lihvketas II T27 125x4,2x22,2m","robots":{"index":"index","follow":"follow","max-snippet":"max-snippet:-1","max-image-preview":"max-image-preview:large","max-video-preview":"max-video-preview:-1"},"canonical":"https:\/\/spectrebaltics.com\/toode\/3m-cubitron-loike-lihvketas-ii-t27-125x42x222m\/","og_locale":"en_US","og_type":"article","og_title":"3M Cubitron l\u00f5ike\/lihvketas II T27 125x4,2x22,2m","og_description":"3M\u2122 Cubitron\u2122 II l\u00f5ike- ja lihvimiskettad on konstrueeritud t\u00e4pse kujuga teradega, et l\u00f5igata kiiremini kui konkurentsiv\u00f5imelised keraamilised tooted Kolmnurkse kujuga keraamiline tera kulub \u00fchtlaselt, jookseb jahedalt ja optimeerib mineraalide lagunemist, et tagada eriti pikk kasutusiga J\u00e4ik, tugevdatud vaiguga \u00fchendatud ketas on m\u00f5eldud kasutamiseks nii lihvkettana kui ka l\u00f5ikekettana nii roostevabast kui ka pehmest terasest aluspinnal","og_url":"https:\/\/spectrebaltics.com\/toode\/3m-cubitron-loike-lihvketas-ii-t27-125x42x222m\/","og_site_name":"Spectrebaltics","og_image":[{"width":500,"height":500,"url":"https:\/\/spectrebaltics.com\/wp-content\/uploads\/2024\/05\/15842.jpg","type":"image\/jpeg"}],"twitter_card":"summary_large_image","schema":{"@context":"https:\/\/schema.org","@graph":[{"@type":"Organization","@id":"https:\/\/spectrebaltics.com\/ru\/#organization","name":"Spectrebaltics","url":"https:\/\/spectrebaltics.com\/ru\/","sameAs":[],"logo":{"@type":"ImageObject","@id":"https:\/\/spectrebaltics.com\/ru\/#logo","inLanguage":"en-US","url":"https:\/\/spectrebaltics.com\/wp-content\/uploads\/2024\/03\/Spectrebaltics-logo.svg","contentUrl":"https:\/\/spectrebaltics.com\/wp-content\/uploads\/2024\/03\/Spectrebaltics-logo.svg","caption":"Spectrebaltics"},"image":{"@id":"https:\/\/spectrebaltics.com\/ru\/#logo"}},{"@type":"WebSite","@id":"https:\/\/spectrebaltics.com\/ru\/#website","url":"https:\/\/spectrebaltics.com\/ru\/","name":"Spectrebaltics","description":"","publisher":{"@id":"https:\/\/spectrebaltics.com\/ru\/#organization"},"potentialAction":[{"@type":"SearchAction","target":{"@type":"EntryPoint","urlTemplate":"https:\/\/spectrebaltics.com\/ru\/?s={search_term_string}"},"query-input":"required name=search_term_string"}],"inLanguage":"en-US"},{"@type":"ImageObject","@id":"https:\/\/spectrebaltics.com\/toode\/3m-cubitron-loike-lihvketas-ii-t27-125x42x222m\/#primaryimage","inLanguage":"en-US","url":"https:\/\/spectrebaltics.com\/wp-content\/uploads\/2024\/05\/15842.jpg","contentUrl":"https:\/\/spectrebaltics.com\/wp-content\/uploads\/2024\/05\/15842.jpg","width":500,"height":500},{"@type":"WebPage","@id":"https:\/\/spectrebaltics.com\/toode\/3m-cubitron-loike-lihvketas-ii-t27-125x42x222m\/#webpage","url":"https:\/\/spectrebaltics.com\/toode\/3m-cubitron-loike-lihvketas-ii-t27-125x42x222m\/","name":"3M Cubitron l\u00f5ike\/lihvketas II T27 125x4,2x22,2m","isPartOf":{"@id":"https:\/\/spectrebaltics.com\/ru\/#website"},"primaryImageOfPage":{"@id":"https:\/\/spectrebaltics.com\/toode\/3m-cubitron-loike-lihvketas-ii-t27-125x42x222m\/#primaryimage"},"datePublished":"2024-05-30T12:26:19+00:00","dateModified":"2024-05-30T12:26:19+00:00","breadcrumb":{"@id":"https:\/\/spectrebaltics.com\/toode\/3m-cubitron-loike-lihvketas-ii-t27-125x42x222m\/#breadcrumb"},"inLanguage":"en-US","potentialAction":[{"@type":"ReadAction","target":["https:\/\/spectrebaltics.com\/toode\/3m-cubitron-loike-lihvketas-ii-t27-125x42x222m\/"]}]},{"@type":"BreadcrumbList","@id":"https:\/\/spectrebaltics.com\/toode\/3m-cubitron-loike-lihvketas-ii-t27-125x42x222m\/#breadcrumb","itemListElement":[{"@type":"ListItem","position":1,"name":"Home","item":"https:\/\/spectrebaltics.com\/en\/"},{"@type":"ListItem","position":2,"name":"Catalogue","item":"https:\/\/spectrebaltics.com\/en\/catalogue\/"},{"@type":"ListItem","position":3,"name":"3M Cubitron l\u00f5ike\/lihvketas II T27 125&#215;4,2&#215;22,2m"}]}]}},"_links":{"self":[{"href":"https:\/\/spectrebaltics.com\/en\/wp-json\/wp\/v2\/product\/8976"}],"collection":[{"href":"https:\/\/spectrebaltics.com\/en\/wp-json\/wp\/v2\/product"}],"about":[{"href":"https:\/\/spectrebaltics.com\/en\/wp-json\/wp\/v2\/types\/product"}],"wp:featuredmedia":[{"embeddable":true,"href":"https:\/\/spectrebaltics.com\/en\/wp-json\/wp\/v2\/media\/8978"}],"wp:attachment":[{"href":"https:\/\/spectrebaltics.com\/en\/wp-json\/wp\/v2\/media?parent=8976"}],"wp:term":[{"taxonomy":"product_cat","embeddable":true,"href":"https:\/\/spectrebaltics.com\/en\/wp-json\/wp\/v2\/product_cat?post=8976"},{"taxonomy":"product_tag","embeddable":true,"href":"https:\/\/spectrebaltics.com\/en\/wp-json\/wp\/v2\/product_tag?post=8976"}],"curies":[{"name":"wp","href":"https:\/\/api.w.org\/{rel}","templated":true}]}}