{"id":8981,"date":"2024-05-30T12:35:36","date_gmt":"2024-05-30T12:35:36","guid":{"rendered":"https:\/\/spectrebaltics.com\/?post_type=product&#038;p=8981"},"modified":"2024-05-30T12:35:36","modified_gmt":"2024-05-30T12:35:36","slug":"3m-cubitron-loike-lihvketas-ii-t27-150x42x23m","status":"publish","type":"product","link":"https:\/\/spectrebaltics.com\/en\/toode\/3m-cubitron-loike-lihvketas-ii-t27-150x42x23m\/","title":{"rendered":"3M Cubitron l\u00f5ike\/lihvketas II T27 150&#215;4,2x23m"},"content":{"rendered":"<p><span>3M\u2122 Cubitron\u2122 3 l\u00f5ikeketas loob ratta v\u00e4lisserva kasutades risti l\u00f5ikeid, muutes selle ideaalseks metalli, sh auto kere v\u00f5i laeva lehtmetalli, roostevabast terasest torude, v\u00e4ljalasketorude, klambrite, roostetanud kinnitusdetailide ja muu l\u00f5ikamiseks. Lisaks on 3M\u2122 Cubitron\u2122 3 l\u00f5ikeratta toiteallikaks 3M \u00fcmberehitatud t\u00e4ppiskujuline tera, mis kasutab patenteeritud l\u00e4bimurdeid molekulaarse sidumise tehnoloogias, mis on loodud teravate nurkstruktuuridega, mis katkevad pidevalt teravate punktide moodustamiseks. Need puhtad teravad otsad aitavad luua abrasiivi, mis viilutab kiiremini, t\u00f6\u00f6tab jahedamalt ja kestab palju kauem kui tavalised abrasiivid. 3M\u2122 Cubitron\u2122 Performance Abrasives on loodud professionaalidele, kes vajavad oma seadmetelt enamat \u2013 nii et kogege j\u00e4rgmise p\u00f5lvkonna abrasiivide j\u00f5udlust, valides 3M\u2122 Cubitron\u2122 3 l\u00f5ikeketta.<\/span><\/p>\n","protected":false},"excerpt":{"rendered":"<p>3M\u2122 Cubitron\u2122 3 l\u00f5ikeketas loob ratta v\u00e4lisserva kasutades risti l\u00f5ikeid, muutes selle ideaalseks metalli, sh auto kere v\u00f5i laeva lehtmetalli, roostevabast terasest torude, v\u00e4ljalasketorude, klambrite, roostetanud kinnitusdetailide ja muu l\u00f5ikamiseks. Lisaks on 3M\u2122 Cubitron\u2122 3 l\u00f5ikeratta toiteallikaks 3M \u00fcmberehitatud t\u00e4ppiskujuline tera, mis kasutab patenteeritud l\u00e4bimurdeid molekulaarse sidumise tehnoloogias, mis on loodud teravate nurkstruktuuridega, mis katkevad&#8230;<\/p>\n","protected":false},"featured_media":8982,"template":"","meta":[],"product_cat":[89,92],"product_tag":[],"yoast_head":"<!-- This site is optimized with the Yoast SEO plugin v18.4.1 - https:\/\/yoast.com\/wordpress\/plugins\/seo\/ -->\n<title>3M Cubitron l\u00f5ike\/lihvketas II T27 150x4,2x23m<\/title>\n<meta name=\"robots\" content=\"index, follow, max-snippet:-1, max-image-preview:large, max-video-preview:-1\" \/>\n<link rel=\"canonical\" href=\"https:\/\/spectrebaltics.com\/toode\/3m-cubitron-loike-lihvketas-ii-t27-150x42x23m\/\" \/>\n<meta property=\"og:locale\" content=\"en_US\" \/>\n<meta property=\"og:type\" content=\"article\" \/>\n<meta property=\"og:title\" content=\"3M Cubitron l\u00f5ike\/lihvketas II T27 150x4,2x23m\" \/>\n<meta property=\"og:description\" content=\"3M\u2122 Cubitron\u2122 3 l\u00f5ikeketas loob ratta v\u00e4lisserva kasutades risti l\u00f5ikeid, muutes selle ideaalseks metalli, sh auto kere v\u00f5i laeva lehtmetalli, roostevabast terasest torude, v\u00e4ljalasketorude, klambrite, roostetanud kinnitusdetailide ja muu l\u00f5ikamiseks. Lisaks on 3M\u2122 Cubitron\u2122 3 l\u00f5ikeratta toiteallikaks 3M \u00fcmberehitatud t\u00e4ppiskujuline tera, mis kasutab patenteeritud l\u00e4bimurdeid molekulaarse sidumise tehnoloogias, mis on loodud teravate nurkstruktuuridega, mis katkevad...\" \/>\n<meta property=\"og:url\" content=\"https:\/\/spectrebaltics.com\/toode\/3m-cubitron-loike-lihvketas-ii-t27-150x42x23m\/\" \/>\n<meta property=\"og:site_name\" content=\"Spectrebaltics\" \/>\n<meta property=\"og:image\" content=\"https:\/\/spectrebaltics.com\/wp-content\/uploads\/2024\/05\/261227767.jpg\" \/>\n\t<meta property=\"og:image:width\" content=\"400\" \/>\n\t<meta property=\"og:image:height\" content=\"400\" \/>\n\t<meta property=\"og:image:type\" content=\"image\/jpeg\" \/>\n<meta name=\"twitter:card\" content=\"summary_large_image\" \/>\n<meta name=\"twitter:label1\" content=\"Est. reading time\" \/>\n\t<meta name=\"twitter:data1\" content=\"1 minute\" \/>\n<script type=\"application\/ld+json\" class=\"yoast-schema-graph\">{\"@context\":\"https:\/\/schema.org\",\"@graph\":[{\"@type\":\"Organization\",\"@id\":\"https:\/\/spectrebaltics.com\/ru\/#organization\",\"name\":\"Spectrebaltics\",\"url\":\"https:\/\/spectrebaltics.com\/ru\/\",\"sameAs\":[],\"logo\":{\"@type\":\"ImageObject\",\"@id\":\"https:\/\/spectrebaltics.com\/ru\/#logo\",\"inLanguage\":\"en-US\",\"url\":\"https:\/\/spectrebaltics.com\/wp-content\/uploads\/2024\/03\/Spectrebaltics-logo.svg\",\"contentUrl\":\"https:\/\/spectrebaltics.com\/wp-content\/uploads\/2024\/03\/Spectrebaltics-logo.svg\",\"caption\":\"Spectrebaltics\"},\"image\":{\"@id\":\"https:\/\/spectrebaltics.com\/ru\/#logo\"}},{\"@type\":\"WebSite\",\"@id\":\"https:\/\/spectrebaltics.com\/ru\/#website\",\"url\":\"https:\/\/spectrebaltics.com\/ru\/\",\"name\":\"Spectrebaltics\",\"description\":\"\",\"publisher\":{\"@id\":\"https:\/\/spectrebaltics.com\/ru\/#organization\"},\"potentialAction\":[{\"@type\":\"SearchAction\",\"target\":{\"@type\":\"EntryPoint\",\"urlTemplate\":\"https:\/\/spectrebaltics.com\/ru\/?s={search_term_string}\"},\"query-input\":\"required name=search_term_string\"}],\"inLanguage\":\"en-US\"},{\"@type\":\"ImageObject\",\"@id\":\"https:\/\/spectrebaltics.com\/toode\/3m-cubitron-loike-lihvketas-ii-t27-150x42x23m\/#primaryimage\",\"inLanguage\":\"en-US\",\"url\":\"https:\/\/spectrebaltics.com\/wp-content\/uploads\/2024\/05\/261227767.jpg\",\"contentUrl\":\"https:\/\/spectrebaltics.com\/wp-content\/uploads\/2024\/05\/261227767.jpg\",\"width\":400,\"height\":400},{\"@type\":\"WebPage\",\"@id\":\"https:\/\/spectrebaltics.com\/toode\/3m-cubitron-loike-lihvketas-ii-t27-150x42x23m\/#webpage\",\"url\":\"https:\/\/spectrebaltics.com\/toode\/3m-cubitron-loike-lihvketas-ii-t27-150x42x23m\/\",\"name\":\"3M Cubitron l\u00f5ike\/lihvketas II T27 150x4,2x23m\",\"isPartOf\":{\"@id\":\"https:\/\/spectrebaltics.com\/ru\/#website\"},\"primaryImageOfPage\":{\"@id\":\"https:\/\/spectrebaltics.com\/toode\/3m-cubitron-loike-lihvketas-ii-t27-150x42x23m\/#primaryimage\"},\"datePublished\":\"2024-05-30T12:35:36+00:00\",\"dateModified\":\"2024-05-30T12:35:36+00:00\",\"breadcrumb\":{\"@id\":\"https:\/\/spectrebaltics.com\/toode\/3m-cubitron-loike-lihvketas-ii-t27-150x42x23m\/#breadcrumb\"},\"inLanguage\":\"en-US\",\"potentialAction\":[{\"@type\":\"ReadAction\",\"target\":[\"https:\/\/spectrebaltics.com\/toode\/3m-cubitron-loike-lihvketas-ii-t27-150x42x23m\/\"]}]},{\"@type\":\"BreadcrumbList\",\"@id\":\"https:\/\/spectrebaltics.com\/toode\/3m-cubitron-loike-lihvketas-ii-t27-150x42x23m\/#breadcrumb\",\"itemListElement\":[{\"@type\":\"ListItem\",\"position\":1,\"name\":\"Home\",\"item\":\"https:\/\/spectrebaltics.com\/en\/\"},{\"@type\":\"ListItem\",\"position\":2,\"name\":\"Catalogue\",\"item\":\"https:\/\/spectrebaltics.com\/en\/catalogue\/\"},{\"@type\":\"ListItem\",\"position\":3,\"name\":\"3M Cubitron l\u00f5ike\/lihvketas II T27 150&#215;4,2x23m\"}]}]}<\/script>\n<!-- \/ Yoast SEO plugin. -->","yoast_head_json":{"title":"3M Cubitron l\u00f5ike\/lihvketas II T27 150x4,2x23m","robots":{"index":"index","follow":"follow","max-snippet":"max-snippet:-1","max-image-preview":"max-image-preview:large","max-video-preview":"max-video-preview:-1"},"canonical":"https:\/\/spectrebaltics.com\/toode\/3m-cubitron-loike-lihvketas-ii-t27-150x42x23m\/","og_locale":"en_US","og_type":"article","og_title":"3M Cubitron l\u00f5ike\/lihvketas II T27 150x4,2x23m","og_description":"3M\u2122 Cubitron\u2122 3 l\u00f5ikeketas loob ratta v\u00e4lisserva kasutades risti l\u00f5ikeid, muutes selle ideaalseks metalli, sh auto kere v\u00f5i laeva lehtmetalli, roostevabast terasest torude, v\u00e4ljalasketorude, klambrite, roostetanud kinnitusdetailide ja muu l\u00f5ikamiseks. Lisaks on 3M\u2122 Cubitron\u2122 3 l\u00f5ikeratta toiteallikaks 3M \u00fcmberehitatud t\u00e4ppiskujuline tera, mis kasutab patenteeritud l\u00e4bimurdeid molekulaarse sidumise tehnoloogias, mis on loodud teravate nurkstruktuuridega, mis katkevad...","og_url":"https:\/\/spectrebaltics.com\/toode\/3m-cubitron-loike-lihvketas-ii-t27-150x42x23m\/","og_site_name":"Spectrebaltics","og_image":[{"width":400,"height":400,"url":"https:\/\/spectrebaltics.com\/wp-content\/uploads\/2024\/05\/261227767.jpg","type":"image\/jpeg"}],"twitter_card":"summary_large_image","twitter_misc":{"Est. reading time":"1 minute"},"schema":{"@context":"https:\/\/schema.org","@graph":[{"@type":"Organization","@id":"https:\/\/spectrebaltics.com\/ru\/#organization","name":"Spectrebaltics","url":"https:\/\/spectrebaltics.com\/ru\/","sameAs":[],"logo":{"@type":"ImageObject","@id":"https:\/\/spectrebaltics.com\/ru\/#logo","inLanguage":"en-US","url":"https:\/\/spectrebaltics.com\/wp-content\/uploads\/2024\/03\/Spectrebaltics-logo.svg","contentUrl":"https:\/\/spectrebaltics.com\/wp-content\/uploads\/2024\/03\/Spectrebaltics-logo.svg","caption":"Spectrebaltics"},"image":{"@id":"https:\/\/spectrebaltics.com\/ru\/#logo"}},{"@type":"WebSite","@id":"https:\/\/spectrebaltics.com\/ru\/#website","url":"https:\/\/spectrebaltics.com\/ru\/","name":"Spectrebaltics","description":"","publisher":{"@id":"https:\/\/spectrebaltics.com\/ru\/#organization"},"potentialAction":[{"@type":"SearchAction","target":{"@type":"EntryPoint","urlTemplate":"https:\/\/spectrebaltics.com\/ru\/?s={search_term_string}"},"query-input":"required name=search_term_string"}],"inLanguage":"en-US"},{"@type":"ImageObject","@id":"https:\/\/spectrebaltics.com\/toode\/3m-cubitron-loike-lihvketas-ii-t27-150x42x23m\/#primaryimage","inLanguage":"en-US","url":"https:\/\/spectrebaltics.com\/wp-content\/uploads\/2024\/05\/261227767.jpg","contentUrl":"https:\/\/spectrebaltics.com\/wp-content\/uploads\/2024\/05\/261227767.jpg","width":400,"height":400},{"@type":"WebPage","@id":"https:\/\/spectrebaltics.com\/toode\/3m-cubitron-loike-lihvketas-ii-t27-150x42x23m\/#webpage","url":"https:\/\/spectrebaltics.com\/toode\/3m-cubitron-loike-lihvketas-ii-t27-150x42x23m\/","name":"3M Cubitron l\u00f5ike\/lihvketas II T27 150x4,2x23m","isPartOf":{"@id":"https:\/\/spectrebaltics.com\/ru\/#website"},"primaryImageOfPage":{"@id":"https:\/\/spectrebaltics.com\/toode\/3m-cubitron-loike-lihvketas-ii-t27-150x42x23m\/#primaryimage"},"datePublished":"2024-05-30T12:35:36+00:00","dateModified":"2024-05-30T12:35:36+00:00","breadcrumb":{"@id":"https:\/\/spectrebaltics.com\/toode\/3m-cubitron-loike-lihvketas-ii-t27-150x42x23m\/#breadcrumb"},"inLanguage":"en-US","potentialAction":[{"@type":"ReadAction","target":["https:\/\/spectrebaltics.com\/toode\/3m-cubitron-loike-lihvketas-ii-t27-150x42x23m\/"]}]},{"@type":"BreadcrumbList","@id":"https:\/\/spectrebaltics.com\/toode\/3m-cubitron-loike-lihvketas-ii-t27-150x42x23m\/#breadcrumb","itemListElement":[{"@type":"ListItem","position":1,"name":"Home","item":"https:\/\/spectrebaltics.com\/en\/"},{"@type":"ListItem","position":2,"name":"Catalogue","item":"https:\/\/spectrebaltics.com\/en\/catalogue\/"},{"@type":"ListItem","position":3,"name":"3M Cubitron l\u00f5ike\/lihvketas II T27 150&#215;4,2x23m"}]}]}},"_links":{"self":[{"href":"https:\/\/spectrebaltics.com\/en\/wp-json\/wp\/v2\/product\/8981"}],"collection":[{"href":"https:\/\/spectrebaltics.com\/en\/wp-json\/wp\/v2\/product"}],"about":[{"href":"https:\/\/spectrebaltics.com\/en\/wp-json\/wp\/v2\/types\/product"}],"wp:featuredmedia":[{"embeddable":true,"href":"https:\/\/spectrebaltics.com\/en\/wp-json\/wp\/v2\/media\/8982"}],"wp:attachment":[{"href":"https:\/\/spectrebaltics.com\/en\/wp-json\/wp\/v2\/media?parent=8981"}],"wp:term":[{"taxonomy":"product_cat","embeddable":true,"href":"https:\/\/spectrebaltics.com\/en\/wp-json\/wp\/v2\/product_cat?post=8981"},{"taxonomy":"product_tag","embeddable":true,"href":"https:\/\/spectrebaltics.com\/en\/wp-json\/wp\/v2\/product_tag?post=8981"}],"curies":[{"name":"wp","href":"https:\/\/api.w.org\/{rel}","templated":true}]}}