{"id":8993,"date":"2024-05-30T12:54:56","date_gmt":"2024-05-30T12:54:56","guid":{"rendered":"https:\/\/spectrebaltics.com\/?post_type=product&#038;p=8993"},"modified":"2024-05-30T12:54:56","modified_gmt":"2024-05-30T12:54:56","slug":"3m-cubitron-iii-t27-keraamiline-lihvketas-125x7x2223mm","status":"publish","type":"product","link":"https:\/\/spectrebaltics.com\/en\/toode\/3m-cubitron-iii-t27-keraamiline-lihvketas-125x7x2223mm\/","title":{"rendered":"3M Cubitron\u2122 III T27 keraamiline lihvketas 125x7x22,23mm"},"content":{"rendered":"<p>3M\u2122 Cubitron\u2122 3 lihvketas on erakordselt kiiresti l\u00f5ikav ja kauakestev lihvketas keevis\u00f5mbluste eemaldamiseks ja muudeks rasketeks lihvimist\u00f6\u00f6deks. V\u00f5imaldab lihvida mis tahes nurga all, t\u00f6\u00f6tab see ketas h\u00e4sti peaaegu k\u00f5ikide materjalidega, olles spetsiaalselt valmistatud roostevaba terase, tavaterase ja kosmosesulamite jaoks. Cubitron 3 abrasiivi l\u00f5ikab kiiremini, t\u00f6\u00f6tab jahedamalt ja kestab palju kauem kui tavalised abrasiivid. 3M\u2122 Cubitron\u2122 Performance Abrasives on loodud professionaalidele, kes vajavad oma seadmetelt enamat \u2013 nii et kogege j\u00e4rgmise p\u00f5lvkonna abrasiivide j\u00f5udlust, valides 3M\u2122 Cubitron\u2122 3 lihvketta.<\/p>\n<p>V\u00f5rreldes 3M\u2122 Cubitron\u2122 II abrasiividega tagab kuni 14% suurema l\u00f5ikekiiruse, mis aitab v\u00e4hendada t\u00f6\u00f6 tegemiseks kuluvat aega ja survet.<br \/>\nEemaldab kuni 2 korda rohkem materjali v\u00f5rreldes 3M\u2122 Cubitron\u2122 II Performance Abrasivesiga.<br \/>\nLoodud kestma kauem kui juhtivad konkurendid.<br \/>\nKasutab \u00fcmbert\u00f6\u00f6tatud t\u00e4ppiskujulist tera koos molekulaarse sidumistehnoloogiaga, mis on loodud teravate nurgeliste struktuuridega, mis katkevad pidevalt, moodustades teravaid punkte, et kuluda \u00fchtlaselt, jahtuda ja optimeerida mineraalide lagunemist.<\/p>\n","protected":false},"excerpt":{"rendered":"<p>3M\u2122 Cubitron\u2122 3 lihvketas on erakordselt kiiresti l\u00f5ikav ja kauakestev lihvketas keevis\u00f5mbluste eemaldamiseks ja muudeks rasketeks lihvimist\u00f6\u00f6deks. V\u00f5imaldab lihvida mis tahes nurga all, t\u00f6\u00f6tab see ketas h\u00e4sti peaaegu k\u00f5ikide materjalidega, olles spetsiaalselt valmistatud roostevaba terase, tavaterase ja kosmosesulamite jaoks. Cubitron 3 abrasiivi l\u00f5ikab kiiremini, t\u00f6\u00f6tab jahedamalt ja kestab palju kauem kui tavalised abrasiivid. 3M\u2122 Cubitron\u2122&#8230;<\/p>\n","protected":false},"featured_media":8994,"template":"","meta":[],"product_cat":[89,92],"product_tag":[],"yoast_head":"<!-- This site is optimized with the Yoast SEO plugin v18.4.1 - https:\/\/yoast.com\/wordpress\/plugins\/seo\/ -->\n<title>3M Cubitron\u2122 III T27 keraamiline lihvketas 125x7x22,23mm<\/title>\n<meta name=\"robots\" content=\"index, follow, max-snippet:-1, max-image-preview:large, max-video-preview:-1\" \/>\n<link rel=\"canonical\" href=\"https:\/\/spectrebaltics.com\/toode\/3m-cubitron-iii-t27-keraamiline-lihvketas-125x7x2223mm\/\" \/>\n<meta property=\"og:locale\" content=\"en_US\" \/>\n<meta property=\"og:type\" content=\"article\" \/>\n<meta property=\"og:title\" content=\"3M Cubitron\u2122 III T27 keraamiline lihvketas 125x7x22,23mm\" \/>\n<meta property=\"og:description\" content=\"3M\u2122 Cubitron\u2122 3 lihvketas on erakordselt kiiresti l\u00f5ikav ja kauakestev lihvketas keevis\u00f5mbluste eemaldamiseks ja muudeks rasketeks lihvimist\u00f6\u00f6deks. V\u00f5imaldab lihvida mis tahes nurga all, t\u00f6\u00f6tab see ketas h\u00e4sti peaaegu k\u00f5ikide materjalidega, olles spetsiaalselt valmistatud roostevaba terase, tavaterase ja kosmosesulamite jaoks. Cubitron 3 abrasiivi l\u00f5ikab kiiremini, t\u00f6\u00f6tab jahedamalt ja kestab palju kauem kui tavalised abrasiivid. 3M\u2122 Cubitron\u2122...\" \/>\n<meta property=\"og:url\" content=\"https:\/\/spectrebaltics.com\/toode\/3m-cubitron-iii-t27-keraamiline-lihvketas-125x7x2223mm\/\" \/>\n<meta property=\"og:site_name\" content=\"Spectrebaltics\" \/>\n<meta property=\"og:image\" content=\"https:\/\/spectrebaltics.com\/wp-content\/uploads\/2024\/05\/98647.jpg\" \/>\n\t<meta property=\"og:image:width\" content=\"400\" \/>\n\t<meta property=\"og:image:height\" content=\"400\" \/>\n\t<meta property=\"og:image:type\" content=\"image\/jpeg\" \/>\n<meta name=\"twitter:card\" content=\"summary_large_image\" \/>\n<meta name=\"twitter:label1\" content=\"Est. reading time\" \/>\n\t<meta name=\"twitter:data1\" content=\"1 minute\" \/>\n<script type=\"application\/ld+json\" class=\"yoast-schema-graph\">{\"@context\":\"https:\/\/schema.org\",\"@graph\":[{\"@type\":\"Organization\",\"@id\":\"https:\/\/spectrebaltics.com\/ru\/#organization\",\"name\":\"Spectrebaltics\",\"url\":\"https:\/\/spectrebaltics.com\/ru\/\",\"sameAs\":[],\"logo\":{\"@type\":\"ImageObject\",\"@id\":\"https:\/\/spectrebaltics.com\/ru\/#logo\",\"inLanguage\":\"en-US\",\"url\":\"https:\/\/spectrebaltics.com\/wp-content\/uploads\/2024\/03\/Spectrebaltics-logo.svg\",\"contentUrl\":\"https:\/\/spectrebaltics.com\/wp-content\/uploads\/2024\/03\/Spectrebaltics-logo.svg\",\"caption\":\"Spectrebaltics\"},\"image\":{\"@id\":\"https:\/\/spectrebaltics.com\/ru\/#logo\"}},{\"@type\":\"WebSite\",\"@id\":\"https:\/\/spectrebaltics.com\/ru\/#website\",\"url\":\"https:\/\/spectrebaltics.com\/ru\/\",\"name\":\"Spectrebaltics\",\"description\":\"\",\"publisher\":{\"@id\":\"https:\/\/spectrebaltics.com\/ru\/#organization\"},\"potentialAction\":[{\"@type\":\"SearchAction\",\"target\":{\"@type\":\"EntryPoint\",\"urlTemplate\":\"https:\/\/spectrebaltics.com\/ru\/?s={search_term_string}\"},\"query-input\":\"required name=search_term_string\"}],\"inLanguage\":\"en-US\"},{\"@type\":\"ImageObject\",\"@id\":\"https:\/\/spectrebaltics.com\/toode\/3m-cubitron-iii-t27-keraamiline-lihvketas-125x7x2223mm\/#primaryimage\",\"inLanguage\":\"en-US\",\"url\":\"https:\/\/spectrebaltics.com\/wp-content\/uploads\/2024\/05\/98647.jpg\",\"contentUrl\":\"https:\/\/spectrebaltics.com\/wp-content\/uploads\/2024\/05\/98647.jpg\",\"width\":400,\"height\":400},{\"@type\":\"WebPage\",\"@id\":\"https:\/\/spectrebaltics.com\/toode\/3m-cubitron-iii-t27-keraamiline-lihvketas-125x7x2223mm\/#webpage\",\"url\":\"https:\/\/spectrebaltics.com\/toode\/3m-cubitron-iii-t27-keraamiline-lihvketas-125x7x2223mm\/\",\"name\":\"3M Cubitron\u2122 III T27 keraamiline lihvketas 125x7x22,23mm\",\"isPartOf\":{\"@id\":\"https:\/\/spectrebaltics.com\/ru\/#website\"},\"primaryImageOfPage\":{\"@id\":\"https:\/\/spectrebaltics.com\/toode\/3m-cubitron-iii-t27-keraamiline-lihvketas-125x7x2223mm\/#primaryimage\"},\"datePublished\":\"2024-05-30T12:54:56+00:00\",\"dateModified\":\"2024-05-30T12:54:56+00:00\",\"breadcrumb\":{\"@id\":\"https:\/\/spectrebaltics.com\/toode\/3m-cubitron-iii-t27-keraamiline-lihvketas-125x7x2223mm\/#breadcrumb\"},\"inLanguage\":\"en-US\",\"potentialAction\":[{\"@type\":\"ReadAction\",\"target\":[\"https:\/\/spectrebaltics.com\/toode\/3m-cubitron-iii-t27-keraamiline-lihvketas-125x7x2223mm\/\"]}]},{\"@type\":\"BreadcrumbList\",\"@id\":\"https:\/\/spectrebaltics.com\/toode\/3m-cubitron-iii-t27-keraamiline-lihvketas-125x7x2223mm\/#breadcrumb\",\"itemListElement\":[{\"@type\":\"ListItem\",\"position\":1,\"name\":\"Home\",\"item\":\"https:\/\/spectrebaltics.com\/en\/\"},{\"@type\":\"ListItem\",\"position\":2,\"name\":\"Catalogue\",\"item\":\"https:\/\/spectrebaltics.com\/en\/catalogue\/\"},{\"@type\":\"ListItem\",\"position\":3,\"name\":\"3M Cubitron\u2122 III T27 keraamiline lihvketas 125x7x22,23mm\"}]}]}<\/script>\n<!-- \/ Yoast SEO plugin. -->","yoast_head_json":{"title":"3M Cubitron\u2122 III T27 keraamiline lihvketas 125x7x22,23mm","robots":{"index":"index","follow":"follow","max-snippet":"max-snippet:-1","max-image-preview":"max-image-preview:large","max-video-preview":"max-video-preview:-1"},"canonical":"https:\/\/spectrebaltics.com\/toode\/3m-cubitron-iii-t27-keraamiline-lihvketas-125x7x2223mm\/","og_locale":"en_US","og_type":"article","og_title":"3M Cubitron\u2122 III T27 keraamiline lihvketas 125x7x22,23mm","og_description":"3M\u2122 Cubitron\u2122 3 lihvketas on erakordselt kiiresti l\u00f5ikav ja kauakestev lihvketas keevis\u00f5mbluste eemaldamiseks ja muudeks rasketeks lihvimist\u00f6\u00f6deks. V\u00f5imaldab lihvida mis tahes nurga all, t\u00f6\u00f6tab see ketas h\u00e4sti peaaegu k\u00f5ikide materjalidega, olles spetsiaalselt valmistatud roostevaba terase, tavaterase ja kosmosesulamite jaoks. Cubitron 3 abrasiivi l\u00f5ikab kiiremini, t\u00f6\u00f6tab jahedamalt ja kestab palju kauem kui tavalised abrasiivid. 3M\u2122 Cubitron\u2122...","og_url":"https:\/\/spectrebaltics.com\/toode\/3m-cubitron-iii-t27-keraamiline-lihvketas-125x7x2223mm\/","og_site_name":"Spectrebaltics","og_image":[{"width":400,"height":400,"url":"https:\/\/spectrebaltics.com\/wp-content\/uploads\/2024\/05\/98647.jpg","type":"image\/jpeg"}],"twitter_card":"summary_large_image","twitter_misc":{"Est. reading time":"1 minute"},"schema":{"@context":"https:\/\/schema.org","@graph":[{"@type":"Organization","@id":"https:\/\/spectrebaltics.com\/ru\/#organization","name":"Spectrebaltics","url":"https:\/\/spectrebaltics.com\/ru\/","sameAs":[],"logo":{"@type":"ImageObject","@id":"https:\/\/spectrebaltics.com\/ru\/#logo","inLanguage":"en-US","url":"https:\/\/spectrebaltics.com\/wp-content\/uploads\/2024\/03\/Spectrebaltics-logo.svg","contentUrl":"https:\/\/spectrebaltics.com\/wp-content\/uploads\/2024\/03\/Spectrebaltics-logo.svg","caption":"Spectrebaltics"},"image":{"@id":"https:\/\/spectrebaltics.com\/ru\/#logo"}},{"@type":"WebSite","@id":"https:\/\/spectrebaltics.com\/ru\/#website","url":"https:\/\/spectrebaltics.com\/ru\/","name":"Spectrebaltics","description":"","publisher":{"@id":"https:\/\/spectrebaltics.com\/ru\/#organization"},"potentialAction":[{"@type":"SearchAction","target":{"@type":"EntryPoint","urlTemplate":"https:\/\/spectrebaltics.com\/ru\/?s={search_term_string}"},"query-input":"required name=search_term_string"}],"inLanguage":"en-US"},{"@type":"ImageObject","@id":"https:\/\/spectrebaltics.com\/toode\/3m-cubitron-iii-t27-keraamiline-lihvketas-125x7x2223mm\/#primaryimage","inLanguage":"en-US","url":"https:\/\/spectrebaltics.com\/wp-content\/uploads\/2024\/05\/98647.jpg","contentUrl":"https:\/\/spectrebaltics.com\/wp-content\/uploads\/2024\/05\/98647.jpg","width":400,"height":400},{"@type":"WebPage","@id":"https:\/\/spectrebaltics.com\/toode\/3m-cubitron-iii-t27-keraamiline-lihvketas-125x7x2223mm\/#webpage","url":"https:\/\/spectrebaltics.com\/toode\/3m-cubitron-iii-t27-keraamiline-lihvketas-125x7x2223mm\/","name":"3M Cubitron\u2122 III T27 keraamiline lihvketas 125x7x22,23mm","isPartOf":{"@id":"https:\/\/spectrebaltics.com\/ru\/#website"},"primaryImageOfPage":{"@id":"https:\/\/spectrebaltics.com\/toode\/3m-cubitron-iii-t27-keraamiline-lihvketas-125x7x2223mm\/#primaryimage"},"datePublished":"2024-05-30T12:54:56+00:00","dateModified":"2024-05-30T12:54:56+00:00","breadcrumb":{"@id":"https:\/\/spectrebaltics.com\/toode\/3m-cubitron-iii-t27-keraamiline-lihvketas-125x7x2223mm\/#breadcrumb"},"inLanguage":"en-US","potentialAction":[{"@type":"ReadAction","target":["https:\/\/spectrebaltics.com\/toode\/3m-cubitron-iii-t27-keraamiline-lihvketas-125x7x2223mm\/"]}]},{"@type":"BreadcrumbList","@id":"https:\/\/spectrebaltics.com\/toode\/3m-cubitron-iii-t27-keraamiline-lihvketas-125x7x2223mm\/#breadcrumb","itemListElement":[{"@type":"ListItem","position":1,"name":"Home","item":"https:\/\/spectrebaltics.com\/en\/"},{"@type":"ListItem","position":2,"name":"Catalogue","item":"https:\/\/spectrebaltics.com\/en\/catalogue\/"},{"@type":"ListItem","position":3,"name":"3M Cubitron\u2122 III T27 keraamiline lihvketas 125x7x22,23mm"}]}]}},"_links":{"self":[{"href":"https:\/\/spectrebaltics.com\/en\/wp-json\/wp\/v2\/product\/8993"}],"collection":[{"href":"https:\/\/spectrebaltics.com\/en\/wp-json\/wp\/v2\/product"}],"about":[{"href":"https:\/\/spectrebaltics.com\/en\/wp-json\/wp\/v2\/types\/product"}],"wp:featuredmedia":[{"embeddable":true,"href":"https:\/\/spectrebaltics.com\/en\/wp-json\/wp\/v2\/media\/8994"}],"wp:attachment":[{"href":"https:\/\/spectrebaltics.com\/en\/wp-json\/wp\/v2\/media?parent=8993"}],"wp:term":[{"taxonomy":"product_cat","embeddable":true,"href":"https:\/\/spectrebaltics.com\/en\/wp-json\/wp\/v2\/product_cat?post=8993"},{"taxonomy":"product_tag","embeddable":true,"href":"https:\/\/spectrebaltics.com\/en\/wp-json\/wp\/v2\/product_tag?post=8993"}],"curies":[{"name":"wp","href":"https:\/\/api.w.org\/{rel}","templated":true}]}}