{"id":9022,"date":"2024-05-30T13:27:47","date_gmt":"2024-05-30T13:27:47","guid":{"rendered":"https:\/\/spectrebaltics.com\/?post_type=product&#038;p=9022"},"modified":"2024-05-30T13:27:48","modified_gmt":"2024-05-30T13:27:48","slug":"tyrolit-29-125x22-2-a-36-bfx-rondell-premium-2in1","status":"publish","type":"product","link":"https:\/\/spectrebaltics.com\/en\/toode\/tyrolit-29-125x22-2-a-36-bfx-rondell-premium-2in1\/","title":{"rendered":"Tyrolit 29 125&#215;22.2 A 36 BFX RONDELL PREMIUM*** 2IN1"},"content":{"rendered":"<p>PREMIUM 2in1 RONDELLER t\u00f6\u00f6tlemata lihvimisketas on ideaalne t\u00f6\u00f6riist t\u00f5husaks lihvimiseks, mis on materjali suhtes \u00f5rn. T\u00e4nu oma ainulaadsele geomeetriale ja naastudele sobib see ketas suurep\u00e4raselt kasutamiseks k\u00f5veratel pindadel ning tagatud on suurep\u00e4rased laastude transpordi- ja jahutuss\u00fcsteemid. Sellel on ka vibratsioonivaba ja ergonoomiline t\u00f6\u00f6 ning optimaalne kohandamine t\u00f6\u00f6deldava detailiga. T\u00f6\u00f6 s\u00e4\u00e4stmiseks toimub kokkupanek ilma spetsiaalsete tarvikuteta, nagu tugikettad ja kinnitusmutrid.<\/p>\n","protected":false},"excerpt":{"rendered":"<p>PREMIUM 2in1 RONDELLER t\u00f6\u00f6tlemata lihvimisketas on ideaalne t\u00f6\u00f6riist t\u00f5husaks lihvimiseks, mis on materjali suhtes \u00f5rn. T\u00e4nu oma ainulaadsele geomeetriale ja naastudele sobib see ketas suurep\u00e4raselt kasutamiseks k\u00f5veratel pindadel ning tagatud on suurep\u00e4rased laastude transpordi- ja jahutuss\u00fcsteemid. Sellel on ka vibratsioonivaba ja ergonoomiline t\u00f6\u00f6 ning optimaalne kohandamine t\u00f6\u00f6deldava detailiga. T\u00f6\u00f6 s\u00e4\u00e4stmiseks toimub kokkupanek ilma spetsiaalsete tarvikuteta,&#8230;<\/p>\n","protected":false},"featured_media":9023,"template":"","meta":[],"product_cat":[89,92],"product_tag":[],"yoast_head":"<!-- This site is optimized with the Yoast SEO plugin v18.4.1 - https:\/\/yoast.com\/wordpress\/plugins\/seo\/ -->\n<title>Tyrolit 29 125x22.2 A 36 BFX RONDELL PREMIUM*** 2IN1<\/title>\n<meta name=\"robots\" content=\"index, follow, max-snippet:-1, max-image-preview:large, max-video-preview:-1\" \/>\n<link rel=\"canonical\" href=\"https:\/\/spectrebaltics.com\/toode\/tyrolit-29-125x22-2-a-36-bfx-rondell-premium-2in1\/\" \/>\n<meta property=\"og:locale\" content=\"en_US\" \/>\n<meta property=\"og:type\" content=\"article\" \/>\n<meta property=\"og:title\" content=\"Tyrolit 29 125x22.2 A 36 BFX RONDELL PREMIUM*** 2IN1\" \/>\n<meta property=\"og:description\" content=\"PREMIUM 2in1 RONDELLER t\u00f6\u00f6tlemata lihvimisketas on ideaalne t\u00f6\u00f6riist t\u00f5husaks lihvimiseks, mis on materjali suhtes \u00f5rn. T\u00e4nu oma ainulaadsele geomeetriale ja naastudele sobib see ketas suurep\u00e4raselt kasutamiseks k\u00f5veratel pindadel ning tagatud on suurep\u00e4rased laastude transpordi- ja jahutuss\u00fcsteemid. Sellel on ka vibratsioonivaba ja ergonoomiline t\u00f6\u00f6 ning optimaalne kohandamine t\u00f6\u00f6deldava detailiga. T\u00f6\u00f6 s\u00e4\u00e4stmiseks toimub kokkupanek ilma spetsiaalsete tarvikuteta,...\" \/>\n<meta property=\"og:url\" content=\"https:\/\/spectrebaltics.com\/toode\/tyrolit-29-125x22-2-a-36-bfx-rondell-premium-2in1\/\" \/>\n<meta property=\"og:site_name\" content=\"Spectrebaltics\" \/>\n<meta property=\"article:modified_time\" content=\"2024-05-30T13:27:48+00:00\" \/>\n<meta property=\"og:image\" content=\"https:\/\/spectrebaltics.com\/wp-content\/uploads\/2024\/05\/71khdaekul._ac_uf10001000_ql80_.jpg\" \/>\n\t<meta property=\"og:image:width\" content=\"1000\" \/>\n\t<meta property=\"og:image:height\" content=\"1000\" \/>\n\t<meta property=\"og:image:type\" content=\"image\/jpeg\" \/>\n<meta name=\"twitter:card\" content=\"summary_large_image\" \/>\n<script type=\"application\/ld+json\" class=\"yoast-schema-graph\">{\"@context\":\"https:\/\/schema.org\",\"@graph\":[{\"@type\":\"Organization\",\"@id\":\"https:\/\/spectrebaltics.com\/ru\/#organization\",\"name\":\"Spectrebaltics\",\"url\":\"https:\/\/spectrebaltics.com\/ru\/\",\"sameAs\":[],\"logo\":{\"@type\":\"ImageObject\",\"@id\":\"https:\/\/spectrebaltics.com\/ru\/#logo\",\"inLanguage\":\"en-US\",\"url\":\"https:\/\/spectrebaltics.com\/wp-content\/uploads\/2024\/03\/Spectrebaltics-logo.svg\",\"contentUrl\":\"https:\/\/spectrebaltics.com\/wp-content\/uploads\/2024\/03\/Spectrebaltics-logo.svg\",\"caption\":\"Spectrebaltics\"},\"image\":{\"@id\":\"https:\/\/spectrebaltics.com\/ru\/#logo\"}},{\"@type\":\"WebSite\",\"@id\":\"https:\/\/spectrebaltics.com\/ru\/#website\",\"url\":\"https:\/\/spectrebaltics.com\/ru\/\",\"name\":\"Spectrebaltics\",\"description\":\"\",\"publisher\":{\"@id\":\"https:\/\/spectrebaltics.com\/ru\/#organization\"},\"potentialAction\":[{\"@type\":\"SearchAction\",\"target\":{\"@type\":\"EntryPoint\",\"urlTemplate\":\"https:\/\/spectrebaltics.com\/ru\/?s={search_term_string}\"},\"query-input\":\"required name=search_term_string\"}],\"inLanguage\":\"en-US\"},{\"@type\":\"ImageObject\",\"@id\":\"https:\/\/spectrebaltics.com\/toode\/tyrolit-29-125x22-2-a-36-bfx-rondell-premium-2in1\/#primaryimage\",\"inLanguage\":\"en-US\",\"url\":\"https:\/\/spectrebaltics.com\/wp-content\/uploads\/2024\/05\/71khdaekul._ac_uf10001000_ql80_.jpg\",\"contentUrl\":\"https:\/\/spectrebaltics.com\/wp-content\/uploads\/2024\/05\/71khdaekul._ac_uf10001000_ql80_.jpg\",\"width\":1000,\"height\":1000},{\"@type\":\"WebPage\",\"@id\":\"https:\/\/spectrebaltics.com\/toode\/tyrolit-29-125x22-2-a-36-bfx-rondell-premium-2in1\/#webpage\",\"url\":\"https:\/\/spectrebaltics.com\/toode\/tyrolit-29-125x22-2-a-36-bfx-rondell-premium-2in1\/\",\"name\":\"Tyrolit 29 125x22.2 A 36 BFX RONDELL PREMIUM*** 2IN1\",\"isPartOf\":{\"@id\":\"https:\/\/spectrebaltics.com\/ru\/#website\"},\"primaryImageOfPage\":{\"@id\":\"https:\/\/spectrebaltics.com\/toode\/tyrolit-29-125x22-2-a-36-bfx-rondell-premium-2in1\/#primaryimage\"},\"datePublished\":\"2024-05-30T13:27:47+00:00\",\"dateModified\":\"2024-05-30T13:27:48+00:00\",\"breadcrumb\":{\"@id\":\"https:\/\/spectrebaltics.com\/toode\/tyrolit-29-125x22-2-a-36-bfx-rondell-premium-2in1\/#breadcrumb\"},\"inLanguage\":\"en-US\",\"potentialAction\":[{\"@type\":\"ReadAction\",\"target\":[\"https:\/\/spectrebaltics.com\/toode\/tyrolit-29-125x22-2-a-36-bfx-rondell-premium-2in1\/\"]}]},{\"@type\":\"BreadcrumbList\",\"@id\":\"https:\/\/spectrebaltics.com\/toode\/tyrolit-29-125x22-2-a-36-bfx-rondell-premium-2in1\/#breadcrumb\",\"itemListElement\":[{\"@type\":\"ListItem\",\"position\":1,\"name\":\"Home\",\"item\":\"https:\/\/spectrebaltics.com\/en\/\"},{\"@type\":\"ListItem\",\"position\":2,\"name\":\"Catalogue\",\"item\":\"https:\/\/spectrebaltics.com\/en\/catalogue\/\"},{\"@type\":\"ListItem\",\"position\":3,\"name\":\"Tyrolit 29 125&#215;22.2 A 36 BFX RONDELL PREMIUM*** 2IN1\"}]}]}<\/script>\n<!-- \/ Yoast SEO plugin. -->","yoast_head_json":{"title":"Tyrolit 29 125x22.2 A 36 BFX RONDELL PREMIUM*** 2IN1","robots":{"index":"index","follow":"follow","max-snippet":"max-snippet:-1","max-image-preview":"max-image-preview:large","max-video-preview":"max-video-preview:-1"},"canonical":"https:\/\/spectrebaltics.com\/toode\/tyrolit-29-125x22-2-a-36-bfx-rondell-premium-2in1\/","og_locale":"en_US","og_type":"article","og_title":"Tyrolit 29 125x22.2 A 36 BFX RONDELL PREMIUM*** 2IN1","og_description":"PREMIUM 2in1 RONDELLER t\u00f6\u00f6tlemata lihvimisketas on ideaalne t\u00f6\u00f6riist t\u00f5husaks lihvimiseks, mis on materjali suhtes \u00f5rn. T\u00e4nu oma ainulaadsele geomeetriale ja naastudele sobib see ketas suurep\u00e4raselt kasutamiseks k\u00f5veratel pindadel ning tagatud on suurep\u00e4rased laastude transpordi- ja jahutuss\u00fcsteemid. Sellel on ka vibratsioonivaba ja ergonoomiline t\u00f6\u00f6 ning optimaalne kohandamine t\u00f6\u00f6deldava detailiga. T\u00f6\u00f6 s\u00e4\u00e4stmiseks toimub kokkupanek ilma spetsiaalsete tarvikuteta,...","og_url":"https:\/\/spectrebaltics.com\/toode\/tyrolit-29-125x22-2-a-36-bfx-rondell-premium-2in1\/","og_site_name":"Spectrebaltics","article_modified_time":"2024-05-30T13:27:48+00:00","og_image":[{"width":1000,"height":1000,"url":"https:\/\/spectrebaltics.com\/wp-content\/uploads\/2024\/05\/71khdaekul._ac_uf10001000_ql80_.jpg","type":"image\/jpeg"}],"twitter_card":"summary_large_image","schema":{"@context":"https:\/\/schema.org","@graph":[{"@type":"Organization","@id":"https:\/\/spectrebaltics.com\/ru\/#organization","name":"Spectrebaltics","url":"https:\/\/spectrebaltics.com\/ru\/","sameAs":[],"logo":{"@type":"ImageObject","@id":"https:\/\/spectrebaltics.com\/ru\/#logo","inLanguage":"en-US","url":"https:\/\/spectrebaltics.com\/wp-content\/uploads\/2024\/03\/Spectrebaltics-logo.svg","contentUrl":"https:\/\/spectrebaltics.com\/wp-content\/uploads\/2024\/03\/Spectrebaltics-logo.svg","caption":"Spectrebaltics"},"image":{"@id":"https:\/\/spectrebaltics.com\/ru\/#logo"}},{"@type":"WebSite","@id":"https:\/\/spectrebaltics.com\/ru\/#website","url":"https:\/\/spectrebaltics.com\/ru\/","name":"Spectrebaltics","description":"","publisher":{"@id":"https:\/\/spectrebaltics.com\/ru\/#organization"},"potentialAction":[{"@type":"SearchAction","target":{"@type":"EntryPoint","urlTemplate":"https:\/\/spectrebaltics.com\/ru\/?s={search_term_string}"},"query-input":"required name=search_term_string"}],"inLanguage":"en-US"},{"@type":"ImageObject","@id":"https:\/\/spectrebaltics.com\/toode\/tyrolit-29-125x22-2-a-36-bfx-rondell-premium-2in1\/#primaryimage","inLanguage":"en-US","url":"https:\/\/spectrebaltics.com\/wp-content\/uploads\/2024\/05\/71khdaekul._ac_uf10001000_ql80_.jpg","contentUrl":"https:\/\/spectrebaltics.com\/wp-content\/uploads\/2024\/05\/71khdaekul._ac_uf10001000_ql80_.jpg","width":1000,"height":1000},{"@type":"WebPage","@id":"https:\/\/spectrebaltics.com\/toode\/tyrolit-29-125x22-2-a-36-bfx-rondell-premium-2in1\/#webpage","url":"https:\/\/spectrebaltics.com\/toode\/tyrolit-29-125x22-2-a-36-bfx-rondell-premium-2in1\/","name":"Tyrolit 29 125x22.2 A 36 BFX RONDELL PREMIUM*** 2IN1","isPartOf":{"@id":"https:\/\/spectrebaltics.com\/ru\/#website"},"primaryImageOfPage":{"@id":"https:\/\/spectrebaltics.com\/toode\/tyrolit-29-125x22-2-a-36-bfx-rondell-premium-2in1\/#primaryimage"},"datePublished":"2024-05-30T13:27:47+00:00","dateModified":"2024-05-30T13:27:48+00:00","breadcrumb":{"@id":"https:\/\/spectrebaltics.com\/toode\/tyrolit-29-125x22-2-a-36-bfx-rondell-premium-2in1\/#breadcrumb"},"inLanguage":"en-US","potentialAction":[{"@type":"ReadAction","target":["https:\/\/spectrebaltics.com\/toode\/tyrolit-29-125x22-2-a-36-bfx-rondell-premium-2in1\/"]}]},{"@type":"BreadcrumbList","@id":"https:\/\/spectrebaltics.com\/toode\/tyrolit-29-125x22-2-a-36-bfx-rondell-premium-2in1\/#breadcrumb","itemListElement":[{"@type":"ListItem","position":1,"name":"Home","item":"https:\/\/spectrebaltics.com\/en\/"},{"@type":"ListItem","position":2,"name":"Catalogue","item":"https:\/\/spectrebaltics.com\/en\/catalogue\/"},{"@type":"ListItem","position":3,"name":"Tyrolit 29 125&#215;22.2 A 36 BFX RONDELL PREMIUM*** 2IN1"}]}]}},"_links":{"self":[{"href":"https:\/\/spectrebaltics.com\/en\/wp-json\/wp\/v2\/product\/9022"}],"collection":[{"href":"https:\/\/spectrebaltics.com\/en\/wp-json\/wp\/v2\/product"}],"about":[{"href":"https:\/\/spectrebaltics.com\/en\/wp-json\/wp\/v2\/types\/product"}],"wp:featuredmedia":[{"embeddable":true,"href":"https:\/\/spectrebaltics.com\/en\/wp-json\/wp\/v2\/media\/9023"}],"wp:attachment":[{"href":"https:\/\/spectrebaltics.com\/en\/wp-json\/wp\/v2\/media?parent=9022"}],"wp:term":[{"taxonomy":"product_cat","embeddable":true,"href":"https:\/\/spectrebaltics.com\/en\/wp-json\/wp\/v2\/product_cat?post=9022"},{"taxonomy":"product_tag","embeddable":true,"href":"https:\/\/spectrebaltics.com\/en\/wp-json\/wp\/v2\/product_tag?post=9022"}],"curies":[{"name":"wp","href":"https:\/\/api.w.org\/{rel}","templated":true}]}}