{"id":9029,"date":"2024-05-30T13:37:12","date_gmt":"2024-05-30T13:37:12","guid":{"rendered":"https:\/\/spectrebaltics.com\/?post_type=product&#038;p=9029"},"modified":"2024-05-30T13:37:12","modified_gmt":"2024-05-30T13:37:12","slug":"tyrolit-29-125x22-2-a-36-n-bfx-alu-rondell","status":"publish","type":"product","link":"https:\/\/spectrebaltics.com\/en\/toode\/tyrolit-29-125x22-2-a-36-n-bfx-alu-rondell\/","title":{"rendered":"Tyrolit 29*** 125&#215;22.2 A 36 N BFX ALU-RONDELL"},"content":{"rendered":"<p>N\u00f5udlike rakenduste jaoks v\u00e4rviliste metallide nagu alumiinium,vask, messing ja pronks<br \/>\nIdeaalne k\u00f5verate pindade lihvimiseks, j\u00e4me eemaldamiseks ja vormimist\u00f6\u00f6deks<br \/>\nLihtne kokkupanek ilma spetsiaalseid tarvikuid, n\u00e4iteks tagavara kasutamata padjad ja kinnitusmutrid.<br \/>\nVibratsioonivaba ja ergonoomiline kasutamine ning optimaalne kohandumine t\u00f6\u00f6deldav detail.<\/p>\n","protected":false},"excerpt":{"rendered":"<p>N\u00f5udlike rakenduste jaoks v\u00e4rviliste metallide nagu alumiinium,vask, messing ja pronks Ideaalne k\u00f5verate pindade lihvimiseks, j\u00e4me eemaldamiseks ja vormimist\u00f6\u00f6deks Lihtne kokkupanek ilma spetsiaalseid tarvikuid, n\u00e4iteks tagavara kasutamata padjad ja kinnitusmutrid. Vibratsioonivaba ja ergonoomiline kasutamine ning optimaalne kohandumine t\u00f6\u00f6deldav detail.<\/p>\n","protected":false},"featured_media":9033,"template":"","meta":[],"product_cat":[89,92],"product_tag":[],"yoast_head":"<!-- This site is optimized with the Yoast SEO plugin v18.4.1 - https:\/\/yoast.com\/wordpress\/plugins\/seo\/ -->\n<title>Tyrolit 29*** 125x22.2 A 36 N BFX ALU-RONDELL<\/title>\n<meta name=\"robots\" content=\"index, follow, max-snippet:-1, max-image-preview:large, max-video-preview:-1\" \/>\n<link rel=\"canonical\" href=\"https:\/\/spectrebaltics.com\/en\/toode\/tyrolit-29-125x22-2-a-36-n-bfx-alu-rondell\/\" \/>\n<meta property=\"og:locale\" content=\"en_US\" \/>\n<meta property=\"og:type\" content=\"article\" \/>\n<meta property=\"og:title\" content=\"Tyrolit 29*** 125x22.2 A 36 N BFX ALU-RONDELL\" \/>\n<meta property=\"og:description\" content=\"N\u00f5udlike rakenduste jaoks v\u00e4rviliste metallide nagu alumiinium,vask, messing ja pronks Ideaalne k\u00f5verate pindade lihvimiseks, j\u00e4me eemaldamiseks ja vormimist\u00f6\u00f6deks Lihtne kokkupanek ilma spetsiaalseid tarvikuid, n\u00e4iteks tagavara kasutamata padjad ja kinnitusmutrid. Vibratsioonivaba ja ergonoomiline kasutamine ning optimaalne kohandumine t\u00f6\u00f6deldav detail.\" \/>\n<meta property=\"og:url\" content=\"https:\/\/spectrebaltics.com\/en\/toode\/tyrolit-29-125x22-2-a-36-n-bfx-alu-rondell\/\" \/>\n<meta property=\"og:site_name\" content=\"Spectrebaltics\" \/>\n<meta property=\"og:image\" content=\"https:\/\/spectrebaltics.com\/wp-content\/uploads\/2024\/05\/tyrolit_rondeller_dxh_125x2223_fuer_nichteisenmetalle_form_29ron_rondeller_aert._34300412-2.jpg\" \/>\n\t<meta property=\"og:image:width\" content=\"1280\" \/>\n\t<meta property=\"og:image:height\" content=\"1280\" \/>\n\t<meta property=\"og:image:type\" content=\"image\/jpeg\" \/>\n<meta name=\"twitter:card\" content=\"summary_large_image\" \/>\n<script type=\"application\/ld+json\" class=\"yoast-schema-graph\">{\"@context\":\"https:\/\/schema.org\",\"@graph\":[{\"@type\":\"Organization\",\"@id\":\"https:\/\/spectrebaltics.com\/ru\/#organization\",\"name\":\"Spectrebaltics\",\"url\":\"https:\/\/spectrebaltics.com\/ru\/\",\"sameAs\":[],\"logo\":{\"@type\":\"ImageObject\",\"@id\":\"https:\/\/spectrebaltics.com\/ru\/#logo\",\"inLanguage\":\"en-US\",\"url\":\"https:\/\/spectrebaltics.com\/wp-content\/uploads\/2024\/03\/Spectrebaltics-logo.svg\",\"contentUrl\":\"https:\/\/spectrebaltics.com\/wp-content\/uploads\/2024\/03\/Spectrebaltics-logo.svg\",\"caption\":\"Spectrebaltics\"},\"image\":{\"@id\":\"https:\/\/spectrebaltics.com\/ru\/#logo\"}},{\"@type\":\"WebSite\",\"@id\":\"https:\/\/spectrebaltics.com\/ru\/#website\",\"url\":\"https:\/\/spectrebaltics.com\/ru\/\",\"name\":\"Spectrebaltics\",\"description\":\"\",\"publisher\":{\"@id\":\"https:\/\/spectrebaltics.com\/ru\/#organization\"},\"potentialAction\":[{\"@type\":\"SearchAction\",\"target\":{\"@type\":\"EntryPoint\",\"urlTemplate\":\"https:\/\/spectrebaltics.com\/ru\/?s={search_term_string}\"},\"query-input\":\"required name=search_term_string\"}],\"inLanguage\":\"en-US\"},{\"@type\":\"ImageObject\",\"@id\":\"https:\/\/spectrebaltics.com\/en\/toode\/tyrolit-29-125x22-2-a-36-n-bfx-alu-rondell\/#primaryimage\",\"inLanguage\":\"en-US\",\"url\":\"https:\/\/spectrebaltics.com\/wp-content\/uploads\/2024\/05\/tyrolit_rondeller_dxh_125x2223_fuer_nichteisenmetalle_form_29ron_rondeller_aert._34300412-2.jpg\",\"contentUrl\":\"https:\/\/spectrebaltics.com\/wp-content\/uploads\/2024\/05\/tyrolit_rondeller_dxh_125x2223_fuer_nichteisenmetalle_form_29ron_rondeller_aert._34300412-2.jpg\",\"width\":1280,\"height\":1280},{\"@type\":\"WebPage\",\"@id\":\"https:\/\/spectrebaltics.com\/en\/toode\/tyrolit-29-125x22-2-a-36-n-bfx-alu-rondell\/#webpage\",\"url\":\"https:\/\/spectrebaltics.com\/en\/toode\/tyrolit-29-125x22-2-a-36-n-bfx-alu-rondell\/\",\"name\":\"Tyrolit 29*** 125x22.2 A 36 N BFX ALU-RONDELL\",\"isPartOf\":{\"@id\":\"https:\/\/spectrebaltics.com\/ru\/#website\"},\"primaryImageOfPage\":{\"@id\":\"https:\/\/spectrebaltics.com\/en\/toode\/tyrolit-29-125x22-2-a-36-n-bfx-alu-rondell\/#primaryimage\"},\"datePublished\":\"2024-05-30T13:37:12+00:00\",\"dateModified\":\"2024-05-30T13:37:12+00:00\",\"breadcrumb\":{\"@id\":\"https:\/\/spectrebaltics.com\/en\/toode\/tyrolit-29-125x22-2-a-36-n-bfx-alu-rondell\/#breadcrumb\"},\"inLanguage\":\"en-US\",\"potentialAction\":[{\"@type\":\"ReadAction\",\"target\":[\"https:\/\/spectrebaltics.com\/en\/toode\/tyrolit-29-125x22-2-a-36-n-bfx-alu-rondell\/\"]}]},{\"@type\":\"BreadcrumbList\",\"@id\":\"https:\/\/spectrebaltics.com\/en\/toode\/tyrolit-29-125x22-2-a-36-n-bfx-alu-rondell\/#breadcrumb\",\"itemListElement\":[{\"@type\":\"ListItem\",\"position\":1,\"name\":\"Home\",\"item\":\"https:\/\/spectrebaltics.com\/en\/\"},{\"@type\":\"ListItem\",\"position\":2,\"name\":\"Catalogue\",\"item\":\"https:\/\/spectrebaltics.com\/en\/catalogue\/\"},{\"@type\":\"ListItem\",\"position\":3,\"name\":\"Tyrolit 29*** 125&#215;22.2 A 36 N BFX ALU-RONDELL\"}]}]}<\/script>\n<!-- \/ Yoast SEO plugin. -->","yoast_head_json":{"title":"Tyrolit 29*** 125x22.2 A 36 N BFX ALU-RONDELL","robots":{"index":"index","follow":"follow","max-snippet":"max-snippet:-1","max-image-preview":"max-image-preview:large","max-video-preview":"max-video-preview:-1"},"canonical":"https:\/\/spectrebaltics.com\/en\/toode\/tyrolit-29-125x22-2-a-36-n-bfx-alu-rondell\/","og_locale":"en_US","og_type":"article","og_title":"Tyrolit 29*** 125x22.2 A 36 N BFX ALU-RONDELL","og_description":"N\u00f5udlike rakenduste jaoks v\u00e4rviliste metallide nagu alumiinium,vask, messing ja pronks Ideaalne k\u00f5verate pindade lihvimiseks, j\u00e4me eemaldamiseks ja vormimist\u00f6\u00f6deks Lihtne kokkupanek ilma spetsiaalseid tarvikuid, n\u00e4iteks tagavara kasutamata padjad ja kinnitusmutrid. Vibratsioonivaba ja ergonoomiline kasutamine ning optimaalne kohandumine t\u00f6\u00f6deldav detail.","og_url":"https:\/\/spectrebaltics.com\/en\/toode\/tyrolit-29-125x22-2-a-36-n-bfx-alu-rondell\/","og_site_name":"Spectrebaltics","og_image":[{"width":1280,"height":1280,"url":"https:\/\/spectrebaltics.com\/wp-content\/uploads\/2024\/05\/tyrolit_rondeller_dxh_125x2223_fuer_nichteisenmetalle_form_29ron_rondeller_aert._34300412-2.jpg","type":"image\/jpeg"}],"twitter_card":"summary_large_image","schema":{"@context":"https:\/\/schema.org","@graph":[{"@type":"Organization","@id":"https:\/\/spectrebaltics.com\/ru\/#organization","name":"Spectrebaltics","url":"https:\/\/spectrebaltics.com\/ru\/","sameAs":[],"logo":{"@type":"ImageObject","@id":"https:\/\/spectrebaltics.com\/ru\/#logo","inLanguage":"en-US","url":"https:\/\/spectrebaltics.com\/wp-content\/uploads\/2024\/03\/Spectrebaltics-logo.svg","contentUrl":"https:\/\/spectrebaltics.com\/wp-content\/uploads\/2024\/03\/Spectrebaltics-logo.svg","caption":"Spectrebaltics"},"image":{"@id":"https:\/\/spectrebaltics.com\/ru\/#logo"}},{"@type":"WebSite","@id":"https:\/\/spectrebaltics.com\/ru\/#website","url":"https:\/\/spectrebaltics.com\/ru\/","name":"Spectrebaltics","description":"","publisher":{"@id":"https:\/\/spectrebaltics.com\/ru\/#organization"},"potentialAction":[{"@type":"SearchAction","target":{"@type":"EntryPoint","urlTemplate":"https:\/\/spectrebaltics.com\/ru\/?s={search_term_string}"},"query-input":"required name=search_term_string"}],"inLanguage":"en-US"},{"@type":"ImageObject","@id":"https:\/\/spectrebaltics.com\/en\/toode\/tyrolit-29-125x22-2-a-36-n-bfx-alu-rondell\/#primaryimage","inLanguage":"en-US","url":"https:\/\/spectrebaltics.com\/wp-content\/uploads\/2024\/05\/tyrolit_rondeller_dxh_125x2223_fuer_nichteisenmetalle_form_29ron_rondeller_aert._34300412-2.jpg","contentUrl":"https:\/\/spectrebaltics.com\/wp-content\/uploads\/2024\/05\/tyrolit_rondeller_dxh_125x2223_fuer_nichteisenmetalle_form_29ron_rondeller_aert._34300412-2.jpg","width":1280,"height":1280},{"@type":"WebPage","@id":"https:\/\/spectrebaltics.com\/en\/toode\/tyrolit-29-125x22-2-a-36-n-bfx-alu-rondell\/#webpage","url":"https:\/\/spectrebaltics.com\/en\/toode\/tyrolit-29-125x22-2-a-36-n-bfx-alu-rondell\/","name":"Tyrolit 29*** 125x22.2 A 36 N BFX ALU-RONDELL","isPartOf":{"@id":"https:\/\/spectrebaltics.com\/ru\/#website"},"primaryImageOfPage":{"@id":"https:\/\/spectrebaltics.com\/en\/toode\/tyrolit-29-125x22-2-a-36-n-bfx-alu-rondell\/#primaryimage"},"datePublished":"2024-05-30T13:37:12+00:00","dateModified":"2024-05-30T13:37:12+00:00","breadcrumb":{"@id":"https:\/\/spectrebaltics.com\/en\/toode\/tyrolit-29-125x22-2-a-36-n-bfx-alu-rondell\/#breadcrumb"},"inLanguage":"en-US","potentialAction":[{"@type":"ReadAction","target":["https:\/\/spectrebaltics.com\/en\/toode\/tyrolit-29-125x22-2-a-36-n-bfx-alu-rondell\/"]}]},{"@type":"BreadcrumbList","@id":"https:\/\/spectrebaltics.com\/en\/toode\/tyrolit-29-125x22-2-a-36-n-bfx-alu-rondell\/#breadcrumb","itemListElement":[{"@type":"ListItem","position":1,"name":"Home","item":"https:\/\/spectrebaltics.com\/en\/"},{"@type":"ListItem","position":2,"name":"Catalogue","item":"https:\/\/spectrebaltics.com\/en\/catalogue\/"},{"@type":"ListItem","position":3,"name":"Tyrolit 29*** 125&#215;22.2 A 36 N BFX ALU-RONDELL"}]}]}},"_links":{"self":[{"href":"https:\/\/spectrebaltics.com\/en\/wp-json\/wp\/v2\/product\/9029"}],"collection":[{"href":"https:\/\/spectrebaltics.com\/en\/wp-json\/wp\/v2\/product"}],"about":[{"href":"https:\/\/spectrebaltics.com\/en\/wp-json\/wp\/v2\/types\/product"}],"wp:featuredmedia":[{"embeddable":true,"href":"https:\/\/spectrebaltics.com\/en\/wp-json\/wp\/v2\/media\/9033"}],"wp:attachment":[{"href":"https:\/\/spectrebaltics.com\/en\/wp-json\/wp\/v2\/media?parent=9029"}],"wp:term":[{"taxonomy":"product_cat","embeddable":true,"href":"https:\/\/spectrebaltics.com\/en\/wp-json\/wp\/v2\/product_cat?post=9029"},{"taxonomy":"product_tag","embeddable":true,"href":"https:\/\/spectrebaltics.com\/en\/wp-json\/wp\/v2\/product_tag?post=9029"}],"curies":[{"name":"wp","href":"https:\/\/api.w.org\/{rel}","templated":true}]}}