{"id":9036,"date":"2024-05-31T05:25:00","date_gmt":"2024-05-31T05:25:00","guid":{"rendered":"https:\/\/spectrebaltics.com\/?post_type=product&#038;p=9036"},"modified":"2024-05-31T05:25:00","modified_gmt":"2024-05-31T05:25:00","slug":"tyrolit-kargketas-1gr-150-x-13-x-13-bibielle-a-extra-coarse-red","status":"publish","type":"product","link":"https:\/\/spectrebaltics.com\/en\/toode\/tyrolit-kargketas-1gr-150-x-13-x-13-bibielle-a-extra-coarse-red\/","title":{"rendered":"Tyrolit K\u00e4rgketas 1GR 150 x 13 x 13 Bibielle A Extra Coarse RED"},"content":{"rendered":"<p>TYROLIT t\u00f6\u00f6tlemata puhastuskettaga saate t\u00f6\u00f6deldavalt detaililt h\u00f5lpsalt roostet, v\u00e4rvi, laki ja kerep\u00f5hja hermeetikut eemaldada. Agressiivsete abrasiividega t\u00f6\u00f6deldud poorsed nailonkiud vastavad igale v\u00e4ljakutsele. Samal ajal hoiavad nad \u00e4ra ratta ummistumise v\u00f5i koormamise.See ratas pakub kasutajale vaikset, pingevaba lihvimist koos v\u00e4hese soojuse tekkega. Rooste, v\u00e4rvi ja laki eemaldamiseks ning pindade ettevalmistamiseks keevitamiseks, jootmiseks v\u00f5i anodeerimiseks<\/p>\n","protected":false},"excerpt":{"rendered":"<p>TYROLIT t\u00f6\u00f6tlemata puhastuskettaga saate t\u00f6\u00f6deldavalt detaililt h\u00f5lpsalt roostet, v\u00e4rvi, laki ja kerep\u00f5hja hermeetikut eemaldada. Agressiivsete abrasiividega t\u00f6\u00f6deldud poorsed nailonkiud vastavad igale v\u00e4ljakutsele. Samal ajal hoiavad nad \u00e4ra ratta ummistumise v\u00f5i koormamise.See ratas pakub kasutajale vaikset, pingevaba lihvimist koos v\u00e4hese soojuse tekkega. Rooste, v\u00e4rvi ja laki eemaldamiseks ning pindade ettevalmistamiseks keevitamiseks, jootmiseks v\u00f5i anodeerimiseks<\/p>\n","protected":false},"featured_media":9037,"template":"","meta":[],"product_cat":[89,92],"product_tag":[],"yoast_head":"<!-- This site is optimized with the Yoast SEO plugin v18.4.1 - https:\/\/yoast.com\/wordpress\/plugins\/seo\/ -->\n<title>Tyrolit K\u00e4rgketas 1GR 150 x 13 x 13 Bibielle A Extra Coarse RED<\/title>\n<meta name=\"robots\" content=\"index, follow, max-snippet:-1, max-image-preview:large, max-video-preview:-1\" \/>\n<link rel=\"canonical\" href=\"https:\/\/spectrebaltics.com\/toode\/tyrolit-kargketas-1gr-150-x-13-x-13-bibielle-a-extra-coarse-red\/\" \/>\n<meta property=\"og:locale\" content=\"en_US\" \/>\n<meta property=\"og:type\" content=\"article\" \/>\n<meta property=\"og:title\" content=\"Tyrolit K\u00e4rgketas 1GR 150 x 13 x 13 Bibielle A Extra Coarse RED\" \/>\n<meta property=\"og:description\" content=\"TYROLIT t\u00f6\u00f6tlemata puhastuskettaga saate t\u00f6\u00f6deldavalt detaililt h\u00f5lpsalt roostet, v\u00e4rvi, laki ja kerep\u00f5hja hermeetikut eemaldada. Agressiivsete abrasiividega t\u00f6\u00f6deldud poorsed nailonkiud vastavad igale v\u00e4ljakutsele. Samal ajal hoiavad nad \u00e4ra ratta ummistumise v\u00f5i koormamise.See ratas pakub kasutajale vaikset, pingevaba lihvimist koos v\u00e4hese soojuse tekkega. Rooste, v\u00e4rvi ja laki eemaldamiseks ning pindade ettevalmistamiseks keevitamiseks, jootmiseks v\u00f5i anodeerimiseks\" \/>\n<meta property=\"og:url\" content=\"https:\/\/spectrebaltics.com\/toode\/tyrolit-kargketas-1gr-150-x-13-x-13-bibielle-a-extra-coarse-red\/\" \/>\n<meta property=\"og:site_name\" content=\"Spectrebaltics\" \/>\n<meta property=\"og:image\" content=\"https:\/\/spectrebaltics.com\/wp-content\/uploads\/2024\/05\/4da40e6b-30e0-4941-b27a-b81593398c7d.jpg\" \/>\n\t<meta property=\"og:image:width\" content=\"1200\" \/>\n\t<meta property=\"og:image:height\" content=\"1200\" \/>\n\t<meta property=\"og:image:type\" content=\"image\/jpeg\" \/>\n<meta name=\"twitter:card\" content=\"summary_large_image\" \/>\n<script type=\"application\/ld+json\" class=\"yoast-schema-graph\">{\"@context\":\"https:\/\/schema.org\",\"@graph\":[{\"@type\":\"Organization\",\"@id\":\"https:\/\/spectrebaltics.com\/ru\/#organization\",\"name\":\"Spectrebaltics\",\"url\":\"https:\/\/spectrebaltics.com\/ru\/\",\"sameAs\":[],\"logo\":{\"@type\":\"ImageObject\",\"@id\":\"https:\/\/spectrebaltics.com\/ru\/#logo\",\"inLanguage\":\"en-US\",\"url\":\"https:\/\/spectrebaltics.com\/wp-content\/uploads\/2024\/03\/Spectrebaltics-logo.svg\",\"contentUrl\":\"https:\/\/spectrebaltics.com\/wp-content\/uploads\/2024\/03\/Spectrebaltics-logo.svg\",\"caption\":\"Spectrebaltics\"},\"image\":{\"@id\":\"https:\/\/spectrebaltics.com\/ru\/#logo\"}},{\"@type\":\"WebSite\",\"@id\":\"https:\/\/spectrebaltics.com\/ru\/#website\",\"url\":\"https:\/\/spectrebaltics.com\/ru\/\",\"name\":\"Spectrebaltics\",\"description\":\"\",\"publisher\":{\"@id\":\"https:\/\/spectrebaltics.com\/ru\/#organization\"},\"potentialAction\":[{\"@type\":\"SearchAction\",\"target\":{\"@type\":\"EntryPoint\",\"urlTemplate\":\"https:\/\/spectrebaltics.com\/ru\/?s={search_term_string}\"},\"query-input\":\"required name=search_term_string\"}],\"inLanguage\":\"en-US\"},{\"@type\":\"ImageObject\",\"@id\":\"https:\/\/spectrebaltics.com\/toode\/tyrolit-kargketas-1gr-150-x-13-x-13-bibielle-a-extra-coarse-red\/#primaryimage\",\"inLanguage\":\"en-US\",\"url\":\"https:\/\/spectrebaltics.com\/wp-content\/uploads\/2024\/05\/4da40e6b-30e0-4941-b27a-b81593398c7d.jpg\",\"contentUrl\":\"https:\/\/spectrebaltics.com\/wp-content\/uploads\/2024\/05\/4da40e6b-30e0-4941-b27a-b81593398c7d.jpg\",\"width\":1200,\"height\":1200},{\"@type\":\"WebPage\",\"@id\":\"https:\/\/spectrebaltics.com\/toode\/tyrolit-kargketas-1gr-150-x-13-x-13-bibielle-a-extra-coarse-red\/#webpage\",\"url\":\"https:\/\/spectrebaltics.com\/toode\/tyrolit-kargketas-1gr-150-x-13-x-13-bibielle-a-extra-coarse-red\/\",\"name\":\"Tyrolit K\u00e4rgketas 1GR 150 x 13 x 13 Bibielle A Extra Coarse RED\",\"isPartOf\":{\"@id\":\"https:\/\/spectrebaltics.com\/ru\/#website\"},\"primaryImageOfPage\":{\"@id\":\"https:\/\/spectrebaltics.com\/toode\/tyrolit-kargketas-1gr-150-x-13-x-13-bibielle-a-extra-coarse-red\/#primaryimage\"},\"datePublished\":\"2024-05-31T05:25:00+00:00\",\"dateModified\":\"2024-05-31T05:25:00+00:00\",\"breadcrumb\":{\"@id\":\"https:\/\/spectrebaltics.com\/toode\/tyrolit-kargketas-1gr-150-x-13-x-13-bibielle-a-extra-coarse-red\/#breadcrumb\"},\"inLanguage\":\"en-US\",\"potentialAction\":[{\"@type\":\"ReadAction\",\"target\":[\"https:\/\/spectrebaltics.com\/toode\/tyrolit-kargketas-1gr-150-x-13-x-13-bibielle-a-extra-coarse-red\/\"]}]},{\"@type\":\"BreadcrumbList\",\"@id\":\"https:\/\/spectrebaltics.com\/toode\/tyrolit-kargketas-1gr-150-x-13-x-13-bibielle-a-extra-coarse-red\/#breadcrumb\",\"itemListElement\":[{\"@type\":\"ListItem\",\"position\":1,\"name\":\"Home\",\"item\":\"https:\/\/spectrebaltics.com\/en\/\"},{\"@type\":\"ListItem\",\"position\":2,\"name\":\"Catalogue\",\"item\":\"https:\/\/spectrebaltics.com\/en\/catalogue\/\"},{\"@type\":\"ListItem\",\"position\":3,\"name\":\"Tyrolit K\u00e4rgketas 1GR 150 x 13 x 13 Bibielle A Extra Coarse RED\"}]}]}<\/script>\n<!-- \/ Yoast SEO plugin. -->","yoast_head_json":{"title":"Tyrolit K\u00e4rgketas 1GR 150 x 13 x 13 Bibielle A Extra Coarse RED","robots":{"index":"index","follow":"follow","max-snippet":"max-snippet:-1","max-image-preview":"max-image-preview:large","max-video-preview":"max-video-preview:-1"},"canonical":"https:\/\/spectrebaltics.com\/toode\/tyrolit-kargketas-1gr-150-x-13-x-13-bibielle-a-extra-coarse-red\/","og_locale":"en_US","og_type":"article","og_title":"Tyrolit K\u00e4rgketas 1GR 150 x 13 x 13 Bibielle A Extra Coarse RED","og_description":"TYROLIT t\u00f6\u00f6tlemata puhastuskettaga saate t\u00f6\u00f6deldavalt detaililt h\u00f5lpsalt roostet, v\u00e4rvi, laki ja kerep\u00f5hja hermeetikut eemaldada. Agressiivsete abrasiividega t\u00f6\u00f6deldud poorsed nailonkiud vastavad igale v\u00e4ljakutsele. Samal ajal hoiavad nad \u00e4ra ratta ummistumise v\u00f5i koormamise.See ratas pakub kasutajale vaikset, pingevaba lihvimist koos v\u00e4hese soojuse tekkega. Rooste, v\u00e4rvi ja laki eemaldamiseks ning pindade ettevalmistamiseks keevitamiseks, jootmiseks v\u00f5i anodeerimiseks","og_url":"https:\/\/spectrebaltics.com\/toode\/tyrolit-kargketas-1gr-150-x-13-x-13-bibielle-a-extra-coarse-red\/","og_site_name":"Spectrebaltics","og_image":[{"width":1200,"height":1200,"url":"https:\/\/spectrebaltics.com\/wp-content\/uploads\/2024\/05\/4da40e6b-30e0-4941-b27a-b81593398c7d.jpg","type":"image\/jpeg"}],"twitter_card":"summary_large_image","schema":{"@context":"https:\/\/schema.org","@graph":[{"@type":"Organization","@id":"https:\/\/spectrebaltics.com\/ru\/#organization","name":"Spectrebaltics","url":"https:\/\/spectrebaltics.com\/ru\/","sameAs":[],"logo":{"@type":"ImageObject","@id":"https:\/\/spectrebaltics.com\/ru\/#logo","inLanguage":"en-US","url":"https:\/\/spectrebaltics.com\/wp-content\/uploads\/2024\/03\/Spectrebaltics-logo.svg","contentUrl":"https:\/\/spectrebaltics.com\/wp-content\/uploads\/2024\/03\/Spectrebaltics-logo.svg","caption":"Spectrebaltics"},"image":{"@id":"https:\/\/spectrebaltics.com\/ru\/#logo"}},{"@type":"WebSite","@id":"https:\/\/spectrebaltics.com\/ru\/#website","url":"https:\/\/spectrebaltics.com\/ru\/","name":"Spectrebaltics","description":"","publisher":{"@id":"https:\/\/spectrebaltics.com\/ru\/#organization"},"potentialAction":[{"@type":"SearchAction","target":{"@type":"EntryPoint","urlTemplate":"https:\/\/spectrebaltics.com\/ru\/?s={search_term_string}"},"query-input":"required name=search_term_string"}],"inLanguage":"en-US"},{"@type":"ImageObject","@id":"https:\/\/spectrebaltics.com\/toode\/tyrolit-kargketas-1gr-150-x-13-x-13-bibielle-a-extra-coarse-red\/#primaryimage","inLanguage":"en-US","url":"https:\/\/spectrebaltics.com\/wp-content\/uploads\/2024\/05\/4da40e6b-30e0-4941-b27a-b81593398c7d.jpg","contentUrl":"https:\/\/spectrebaltics.com\/wp-content\/uploads\/2024\/05\/4da40e6b-30e0-4941-b27a-b81593398c7d.jpg","width":1200,"height":1200},{"@type":"WebPage","@id":"https:\/\/spectrebaltics.com\/toode\/tyrolit-kargketas-1gr-150-x-13-x-13-bibielle-a-extra-coarse-red\/#webpage","url":"https:\/\/spectrebaltics.com\/toode\/tyrolit-kargketas-1gr-150-x-13-x-13-bibielle-a-extra-coarse-red\/","name":"Tyrolit K\u00e4rgketas 1GR 150 x 13 x 13 Bibielle A Extra Coarse RED","isPartOf":{"@id":"https:\/\/spectrebaltics.com\/ru\/#website"},"primaryImageOfPage":{"@id":"https:\/\/spectrebaltics.com\/toode\/tyrolit-kargketas-1gr-150-x-13-x-13-bibielle-a-extra-coarse-red\/#primaryimage"},"datePublished":"2024-05-31T05:25:00+00:00","dateModified":"2024-05-31T05:25:00+00:00","breadcrumb":{"@id":"https:\/\/spectrebaltics.com\/toode\/tyrolit-kargketas-1gr-150-x-13-x-13-bibielle-a-extra-coarse-red\/#breadcrumb"},"inLanguage":"en-US","potentialAction":[{"@type":"ReadAction","target":["https:\/\/spectrebaltics.com\/toode\/tyrolit-kargketas-1gr-150-x-13-x-13-bibielle-a-extra-coarse-red\/"]}]},{"@type":"BreadcrumbList","@id":"https:\/\/spectrebaltics.com\/toode\/tyrolit-kargketas-1gr-150-x-13-x-13-bibielle-a-extra-coarse-red\/#breadcrumb","itemListElement":[{"@type":"ListItem","position":1,"name":"Home","item":"https:\/\/spectrebaltics.com\/en\/"},{"@type":"ListItem","position":2,"name":"Catalogue","item":"https:\/\/spectrebaltics.com\/en\/catalogue\/"},{"@type":"ListItem","position":3,"name":"Tyrolit K\u00e4rgketas 1GR 150 x 13 x 13 Bibielle A Extra Coarse RED"}]}]}},"_links":{"self":[{"href":"https:\/\/spectrebaltics.com\/en\/wp-json\/wp\/v2\/product\/9036"}],"collection":[{"href":"https:\/\/spectrebaltics.com\/en\/wp-json\/wp\/v2\/product"}],"about":[{"href":"https:\/\/spectrebaltics.com\/en\/wp-json\/wp\/v2\/types\/product"}],"wp:featuredmedia":[{"embeddable":true,"href":"https:\/\/spectrebaltics.com\/en\/wp-json\/wp\/v2\/media\/9037"}],"wp:attachment":[{"href":"https:\/\/spectrebaltics.com\/en\/wp-json\/wp\/v2\/media?parent=9036"}],"wp:term":[{"taxonomy":"product_cat","embeddable":true,"href":"https:\/\/spectrebaltics.com\/en\/wp-json\/wp\/v2\/product_cat?post=9036"},{"taxonomy":"product_tag","embeddable":true,"href":"https:\/\/spectrebaltics.com\/en\/wp-json\/wp\/v2\/product_tag?post=9036"}],"curies":[{"name":"wp","href":"https:\/\/api.w.org\/{rel}","templated":true}]}}