{"id":9040,"date":"2024-05-31T05:42:58","date_gmt":"2024-05-31T05:42:58","guid":{"rendered":"https:\/\/spectrebaltics.com\/?post_type=product&#038;p=9040"},"modified":"2024-05-31T05:42:58","modified_gmt":"2024-05-31T05:42:58","slug":"tyrolit-ketas-keermega-cloth-quick-change-disc-75-x-rca-p93-pe-y-ca36","status":"publish","type":"product","link":"https:\/\/spectrebaltics.com\/en\/toode\/tyrolit-ketas-keermega-cloth-quick-change-disc-75-x-rca-p93-pe-y-ca36\/","title":{"rendered":"Tyrolit ketas keermega CLOTH QUICK CHANGE DISC 75 x RCA-P93 PE Y CA36"},"content":{"rendered":"<p>Tyroliti PREMIUM CA-P93 PE Y Quick-Change kiudketast iseloomustavad parimad varude eemaldamise m\u00e4\u00e4rad ja pikk kasutusiga. Selle tootega saab kiiresti teha j\u00e4medaid lihvimist\u00f6id, samuti rooste- ja j\u00e4medalt ligip\u00e4\u00e4setavate pindade eemaldamist teraselt ja roostevabalt teraselt. Kolmekihiline tootestruktuur koos kvaliteetse keraamilise korundiga tagab v\u00e4iksema tera v\u00e4ljamurdmise ja k\u00f5rgema serva stabiilsuse, mis annab parima tulemuse. Nagu k\u00f5ik Quick-Change tooted, paistab fiiberketas t\u00e4nu oma lihtsale k\u00e4sitsemisele ja suurendab oluliselt teie tootlikkust k\u00f5ige n\u00f5udlikumate \u00fclesannete t\u00e4itmisel.<\/p>\n<ul>\n<li>Maksimaalne abrasiivsus tagab maksimaalse varude eemaldamise<\/li>\n<li>V\u00e4ga vastupidav t\u00f6\u00f6riist t\u00e4nu kolmekihilisele tootestruktuurile koos keraamilise alumiiniumoksiidi ja jahutusvedeliku kihiga<\/li>\n<li>Tugev konstruktsioon tagab madala terade v\u00e4ljamurdmise ja v\u00e4ga k\u00f5rge serva stabiilsuse<\/li>\n<\/ul>\n","protected":false},"excerpt":{"rendered":"<p>Tyroliti PREMIUM CA-P93 PE Y Quick-Change kiudketast iseloomustavad parimad varude eemaldamise m\u00e4\u00e4rad ja pikk kasutusiga. Selle tootega saab kiiresti teha j\u00e4medaid lihvimist\u00f6id, samuti rooste- ja j\u00e4medalt ligip\u00e4\u00e4setavate pindade eemaldamist teraselt ja roostevabalt teraselt. Kolmekihiline tootestruktuur koos kvaliteetse keraamilise korundiga tagab v\u00e4iksema tera v\u00e4ljamurdmise ja k\u00f5rgema serva stabiilsuse, mis annab parima tulemuse. Nagu k\u00f5ik Quick-Change tooted,&#8230;<\/p>\n","protected":false},"featured_media":9041,"template":"","meta":[],"product_cat":[89,92],"product_tag":[],"yoast_head":"<!-- This site is optimized with the Yoast SEO plugin v18.4.1 - https:\/\/yoast.com\/wordpress\/plugins\/seo\/ -->\n<title>Tyrolit ketas keermega CLOTH QUICK CHANGE DISC 75 x RCA-P93 PE Y CA36<\/title>\n<meta name=\"robots\" content=\"index, follow, max-snippet:-1, max-image-preview:large, max-video-preview:-1\" \/>\n<link rel=\"canonical\" href=\"https:\/\/spectrebaltics.com\/toode\/tyrolit-ketas-keermega-cloth-quick-change-disc-75-x-rca-p93-pe-y-ca36\/\" \/>\n<meta property=\"og:locale\" content=\"en_US\" \/>\n<meta property=\"og:type\" content=\"article\" \/>\n<meta property=\"og:title\" content=\"Tyrolit ketas keermega CLOTH QUICK CHANGE DISC 75 x RCA-P93 PE Y CA36\" \/>\n<meta property=\"og:description\" content=\"Tyroliti PREMIUM CA-P93 PE Y Quick-Change kiudketast iseloomustavad parimad varude eemaldamise m\u00e4\u00e4rad ja pikk kasutusiga. Selle tootega saab kiiresti teha j\u00e4medaid lihvimist\u00f6id, samuti rooste- ja j\u00e4medalt ligip\u00e4\u00e4setavate pindade eemaldamist teraselt ja roostevabalt teraselt. Kolmekihiline tootestruktuur koos kvaliteetse keraamilise korundiga tagab v\u00e4iksema tera v\u00e4ljamurdmise ja k\u00f5rgema serva stabiilsuse, mis annab parima tulemuse. Nagu k\u00f5ik Quick-Change tooted,...\" \/>\n<meta property=\"og:url\" content=\"https:\/\/spectrebaltics.com\/toode\/tyrolit-ketas-keermega-cloth-quick-change-disc-75-x-rca-p93-pe-y-ca36\/\" \/>\n<meta property=\"og:site_name\" content=\"Spectrebaltics\" \/>\n<meta name=\"twitter:card\" content=\"summary_large_image\" \/>\n<meta name=\"twitter:image\" content=\"https:\/\/spectrebaltics.com\/wp-content\/uploads\/2024\/05\/bc568b5b972e-qdisc_pe_y_50xr_ca36_p93_tn112917_mdb.png\" \/>\n<meta name=\"twitter:label1\" content=\"Est. reading time\" \/>\n\t<meta name=\"twitter:data1\" content=\"1 minute\" \/>\n<script type=\"application\/ld+json\" class=\"yoast-schema-graph\">{\"@context\":\"https:\/\/schema.org\",\"@graph\":[{\"@type\":\"Organization\",\"@id\":\"https:\/\/spectrebaltics.com\/ru\/#organization\",\"name\":\"Spectrebaltics\",\"url\":\"https:\/\/spectrebaltics.com\/ru\/\",\"sameAs\":[],\"logo\":{\"@type\":\"ImageObject\",\"@id\":\"https:\/\/spectrebaltics.com\/ru\/#logo\",\"inLanguage\":\"en-US\",\"url\":\"https:\/\/spectrebaltics.com\/wp-content\/uploads\/2024\/03\/Spectrebaltics-logo.svg\",\"contentUrl\":\"https:\/\/spectrebaltics.com\/wp-content\/uploads\/2024\/03\/Spectrebaltics-logo.svg\",\"caption\":\"Spectrebaltics\"},\"image\":{\"@id\":\"https:\/\/spectrebaltics.com\/ru\/#logo\"}},{\"@type\":\"WebSite\",\"@id\":\"https:\/\/spectrebaltics.com\/ru\/#website\",\"url\":\"https:\/\/spectrebaltics.com\/ru\/\",\"name\":\"Spectrebaltics\",\"description\":\"\",\"publisher\":{\"@id\":\"https:\/\/spectrebaltics.com\/ru\/#organization\"},\"potentialAction\":[{\"@type\":\"SearchAction\",\"target\":{\"@type\":\"EntryPoint\",\"urlTemplate\":\"https:\/\/spectrebaltics.com\/ru\/?s={search_term_string}\"},\"query-input\":\"required name=search_term_string\"}],\"inLanguage\":\"en-US\"},{\"@type\":\"ImageObject\",\"@id\":\"https:\/\/spectrebaltics.com\/toode\/tyrolit-ketas-keermega-cloth-quick-change-disc-75-x-rca-p93-pe-y-ca36\/#primaryimage\",\"inLanguage\":\"en-US\",\"url\":\"https:\/\/spectrebaltics.com\/wp-content\/uploads\/2024\/05\/bc568b5b972e-qdisc_pe_y_50xr_ca36_p93_tn112917_mdb.png\",\"contentUrl\":\"https:\/\/spectrebaltics.com\/wp-content\/uploads\/2024\/05\/bc568b5b972e-qdisc_pe_y_50xr_ca36_p93_tn112917_mdb.png\",\"width\":800,\"height\":800},{\"@type\":\"WebPage\",\"@id\":\"https:\/\/spectrebaltics.com\/toode\/tyrolit-ketas-keermega-cloth-quick-change-disc-75-x-rca-p93-pe-y-ca36\/#webpage\",\"url\":\"https:\/\/spectrebaltics.com\/toode\/tyrolit-ketas-keermega-cloth-quick-change-disc-75-x-rca-p93-pe-y-ca36\/\",\"name\":\"Tyrolit ketas keermega CLOTH QUICK CHANGE DISC 75 x RCA-P93 PE Y CA36\",\"isPartOf\":{\"@id\":\"https:\/\/spectrebaltics.com\/ru\/#website\"},\"primaryImageOfPage\":{\"@id\":\"https:\/\/spectrebaltics.com\/toode\/tyrolit-ketas-keermega-cloth-quick-change-disc-75-x-rca-p93-pe-y-ca36\/#primaryimage\"},\"datePublished\":\"2024-05-31T05:42:58+00:00\",\"dateModified\":\"2024-05-31T05:42:58+00:00\",\"breadcrumb\":{\"@id\":\"https:\/\/spectrebaltics.com\/toode\/tyrolit-ketas-keermega-cloth-quick-change-disc-75-x-rca-p93-pe-y-ca36\/#breadcrumb\"},\"inLanguage\":\"en-US\",\"potentialAction\":[{\"@type\":\"ReadAction\",\"target\":[\"https:\/\/spectrebaltics.com\/toode\/tyrolit-ketas-keermega-cloth-quick-change-disc-75-x-rca-p93-pe-y-ca36\/\"]}]},{\"@type\":\"BreadcrumbList\",\"@id\":\"https:\/\/spectrebaltics.com\/toode\/tyrolit-ketas-keermega-cloth-quick-change-disc-75-x-rca-p93-pe-y-ca36\/#breadcrumb\",\"itemListElement\":[{\"@type\":\"ListItem\",\"position\":1,\"name\":\"Home\",\"item\":\"https:\/\/spectrebaltics.com\/en\/\"},{\"@type\":\"ListItem\",\"position\":2,\"name\":\"Catalogue\",\"item\":\"https:\/\/spectrebaltics.com\/en\/catalogue\/\"},{\"@type\":\"ListItem\",\"position\":3,\"name\":\"Tyrolit ketas keermega CLOTH QUICK CHANGE DISC 75 x RCA-P93 PE Y CA36\"}]}]}<\/script>\n<!-- \/ Yoast SEO plugin. -->","yoast_head_json":{"title":"Tyrolit ketas keermega CLOTH QUICK CHANGE DISC 75 x RCA-P93 PE Y CA36","robots":{"index":"index","follow":"follow","max-snippet":"max-snippet:-1","max-image-preview":"max-image-preview:large","max-video-preview":"max-video-preview:-1"},"canonical":"https:\/\/spectrebaltics.com\/toode\/tyrolit-ketas-keermega-cloth-quick-change-disc-75-x-rca-p93-pe-y-ca36\/","og_locale":"en_US","og_type":"article","og_title":"Tyrolit ketas keermega CLOTH QUICK CHANGE DISC 75 x RCA-P93 PE Y CA36","og_description":"Tyroliti PREMIUM CA-P93 PE Y Quick-Change kiudketast iseloomustavad parimad varude eemaldamise m\u00e4\u00e4rad ja pikk kasutusiga. Selle tootega saab kiiresti teha j\u00e4medaid lihvimist\u00f6id, samuti rooste- ja j\u00e4medalt ligip\u00e4\u00e4setavate pindade eemaldamist teraselt ja roostevabalt teraselt. Kolmekihiline tootestruktuur koos kvaliteetse keraamilise korundiga tagab v\u00e4iksema tera v\u00e4ljamurdmise ja k\u00f5rgema serva stabiilsuse, mis annab parima tulemuse. Nagu k\u00f5ik Quick-Change tooted,...","og_url":"https:\/\/spectrebaltics.com\/toode\/tyrolit-ketas-keermega-cloth-quick-change-disc-75-x-rca-p93-pe-y-ca36\/","og_site_name":"Spectrebaltics","twitter_card":"summary_large_image","twitter_image":"https:\/\/spectrebaltics.com\/wp-content\/uploads\/2024\/05\/bc568b5b972e-qdisc_pe_y_50xr_ca36_p93_tn112917_mdb.png","twitter_misc":{"Est. reading time":"1 minute"},"schema":{"@context":"https:\/\/schema.org","@graph":[{"@type":"Organization","@id":"https:\/\/spectrebaltics.com\/ru\/#organization","name":"Spectrebaltics","url":"https:\/\/spectrebaltics.com\/ru\/","sameAs":[],"logo":{"@type":"ImageObject","@id":"https:\/\/spectrebaltics.com\/ru\/#logo","inLanguage":"en-US","url":"https:\/\/spectrebaltics.com\/wp-content\/uploads\/2024\/03\/Spectrebaltics-logo.svg","contentUrl":"https:\/\/spectrebaltics.com\/wp-content\/uploads\/2024\/03\/Spectrebaltics-logo.svg","caption":"Spectrebaltics"},"image":{"@id":"https:\/\/spectrebaltics.com\/ru\/#logo"}},{"@type":"WebSite","@id":"https:\/\/spectrebaltics.com\/ru\/#website","url":"https:\/\/spectrebaltics.com\/ru\/","name":"Spectrebaltics","description":"","publisher":{"@id":"https:\/\/spectrebaltics.com\/ru\/#organization"},"potentialAction":[{"@type":"SearchAction","target":{"@type":"EntryPoint","urlTemplate":"https:\/\/spectrebaltics.com\/ru\/?s={search_term_string}"},"query-input":"required name=search_term_string"}],"inLanguage":"en-US"},{"@type":"ImageObject","@id":"https:\/\/spectrebaltics.com\/toode\/tyrolit-ketas-keermega-cloth-quick-change-disc-75-x-rca-p93-pe-y-ca36\/#primaryimage","inLanguage":"en-US","url":"https:\/\/spectrebaltics.com\/wp-content\/uploads\/2024\/05\/bc568b5b972e-qdisc_pe_y_50xr_ca36_p93_tn112917_mdb.png","contentUrl":"https:\/\/spectrebaltics.com\/wp-content\/uploads\/2024\/05\/bc568b5b972e-qdisc_pe_y_50xr_ca36_p93_tn112917_mdb.png","width":800,"height":800},{"@type":"WebPage","@id":"https:\/\/spectrebaltics.com\/toode\/tyrolit-ketas-keermega-cloth-quick-change-disc-75-x-rca-p93-pe-y-ca36\/#webpage","url":"https:\/\/spectrebaltics.com\/toode\/tyrolit-ketas-keermega-cloth-quick-change-disc-75-x-rca-p93-pe-y-ca36\/","name":"Tyrolit ketas keermega CLOTH QUICK CHANGE DISC 75 x RCA-P93 PE Y CA36","isPartOf":{"@id":"https:\/\/spectrebaltics.com\/ru\/#website"},"primaryImageOfPage":{"@id":"https:\/\/spectrebaltics.com\/toode\/tyrolit-ketas-keermega-cloth-quick-change-disc-75-x-rca-p93-pe-y-ca36\/#primaryimage"},"datePublished":"2024-05-31T05:42:58+00:00","dateModified":"2024-05-31T05:42:58+00:00","breadcrumb":{"@id":"https:\/\/spectrebaltics.com\/toode\/tyrolit-ketas-keermega-cloth-quick-change-disc-75-x-rca-p93-pe-y-ca36\/#breadcrumb"},"inLanguage":"en-US","potentialAction":[{"@type":"ReadAction","target":["https:\/\/spectrebaltics.com\/toode\/tyrolit-ketas-keermega-cloth-quick-change-disc-75-x-rca-p93-pe-y-ca36\/"]}]},{"@type":"BreadcrumbList","@id":"https:\/\/spectrebaltics.com\/toode\/tyrolit-ketas-keermega-cloth-quick-change-disc-75-x-rca-p93-pe-y-ca36\/#breadcrumb","itemListElement":[{"@type":"ListItem","position":1,"name":"Home","item":"https:\/\/spectrebaltics.com\/en\/"},{"@type":"ListItem","position":2,"name":"Catalogue","item":"https:\/\/spectrebaltics.com\/en\/catalogue\/"},{"@type":"ListItem","position":3,"name":"Tyrolit ketas keermega CLOTH QUICK CHANGE DISC 75 x RCA-P93 PE Y CA36"}]}]}},"_links":{"self":[{"href":"https:\/\/spectrebaltics.com\/en\/wp-json\/wp\/v2\/product\/9040"}],"collection":[{"href":"https:\/\/spectrebaltics.com\/en\/wp-json\/wp\/v2\/product"}],"about":[{"href":"https:\/\/spectrebaltics.com\/en\/wp-json\/wp\/v2\/types\/product"}],"wp:featuredmedia":[{"embeddable":true,"href":"https:\/\/spectrebaltics.com\/en\/wp-json\/wp\/v2\/media\/9041"}],"wp:attachment":[{"href":"https:\/\/spectrebaltics.com\/en\/wp-json\/wp\/v2\/media?parent=9040"}],"wp:term":[{"taxonomy":"product_cat","embeddable":true,"href":"https:\/\/spectrebaltics.com\/en\/wp-json\/wp\/v2\/product_cat?post=9040"},{"taxonomy":"product_tag","embeddable":true,"href":"https:\/\/spectrebaltics.com\/en\/wp-json\/wp\/v2\/product_tag?post=9040"}],"curies":[{"name":"wp","href":"https:\/\/api.w.org\/{rel}","templated":true}]}}