{"id":9047,"date":"2024-05-31T05:50:37","date_gmt":"2024-05-31T05:50:37","guid":{"rendered":"https:\/\/spectrebaltics.com\/?post_type=product&#038;p=9047"},"modified":"2024-05-31T05:50:37","modified_gmt":"2024-05-31T05:50:37","slug":"tyrolit-lihvketas-125x4-0x222-a30q-bfx","status":"publish","type":"product","link":"https:\/\/spectrebaltics.com\/en\/toode\/tyrolit-lihvketas-125x4-0x222-a30q-bfx\/","title":{"rendered":"Tyrolit Lihvketas 125&#215;4.0x22,2 A30Q-BFX ***"},"content":{"rendered":"<p>Karedalt lihvketas terase ja roostevaba terase jaoks. T\u00e4nu pehmele disainile on seda ratast mugav kasutada ja see n\u00f5uab minimaalset pingutust<br \/>\nMeie kvaliteetne sari on m\u00f5eldud professionaalidele, kes kasutavad abrasiivi regulaarselt. See tagab t\u00f6\u00f6stuse pikima kasutusea ja k\u00f5rgeima mugavuse<br \/>\nSobib suurep\u00e4raselt rasketeks t\u00f6\u00f6deks, sealhulgas keevitus\u00f5mbluste eemaldamiseks, j\u00e4semete eemaldamiseks, servade \u00fcmardamiseks ja tasastel pindadel<\/p>\n<p><span>TYROLIT abrasiivsed l\u00f5ike- ja lihvkettad on sinist, punast, rohelist, lillat ja porgandi karva rooste v\u00e4rvi. Iga v\u00e4rv esindab materjali, mille l\u00f5ikamiseks ketas on m\u00f5eldud. Sinine on terasele, punane roostevabale terasele, roheline kivile ja porgand metallidele (alumiinium, vask, tsink, messing, pronks) ja lilla valanditele.<\/span><\/p>\n","protected":false},"excerpt":{"rendered":"<p>Karedalt lihvketas terase ja roostevaba terase jaoks. T\u00e4nu pehmele disainile on seda ratast mugav kasutada ja see n\u00f5uab minimaalset pingutust Meie kvaliteetne sari on m\u00f5eldud professionaalidele, kes kasutavad abrasiivi regulaarselt. See tagab t\u00f6\u00f6stuse pikima kasutusea ja k\u00f5rgeima mugavuse Sobib suurep\u00e4raselt rasketeks t\u00f6\u00f6deks, sealhulgas keevitus\u00f5mbluste eemaldamiseks, j\u00e4semete eemaldamiseks, servade \u00fcmardamiseks ja tasastel pindadel TYROLIT abrasiivsed l\u00f5ike-&#8230;<\/p>\n","protected":false},"featured_media":9048,"template":"","meta":[],"product_cat":[89,92],"product_tag":[],"yoast_head":"<!-- This site is optimized with the Yoast SEO plugin v18.4.1 - https:\/\/yoast.com\/wordpress\/plugins\/seo\/ -->\n<title>Tyrolit Lihvketas 125x4.0x22,2 A30Q-BFX ***<\/title>\n<meta name=\"robots\" content=\"index, follow, max-snippet:-1, max-image-preview:large, max-video-preview:-1\" \/>\n<link rel=\"canonical\" href=\"https:\/\/spectrebaltics.com\/toode\/tyrolit-lihvketas-125x4-0x222-a30q-bfx\/\" \/>\n<meta property=\"og:locale\" content=\"en_US\" \/>\n<meta property=\"og:type\" content=\"article\" \/>\n<meta property=\"og:title\" content=\"Tyrolit Lihvketas 125x4.0x22,2 A30Q-BFX ***\" \/>\n<meta property=\"og:description\" content=\"Karedalt lihvketas terase ja roostevaba terase jaoks. T\u00e4nu pehmele disainile on seda ratast mugav kasutada ja see n\u00f5uab minimaalset pingutust Meie kvaliteetne sari on m\u00f5eldud professionaalidele, kes kasutavad abrasiivi regulaarselt. See tagab t\u00f6\u00f6stuse pikima kasutusea ja k\u00f5rgeima mugavuse Sobib suurep\u00e4raselt rasketeks t\u00f6\u00f6deks, sealhulgas keevitus\u00f5mbluste eemaldamiseks, j\u00e4semete eemaldamiseks, servade \u00fcmardamiseks ja tasastel pindadel TYROLIT abrasiivsed l\u00f5ike-...\" \/>\n<meta property=\"og:url\" content=\"https:\/\/spectrebaltics.com\/toode\/tyrolit-lihvketas-125x4-0x222-a30q-bfx\/\" \/>\n<meta property=\"og:site_name\" content=\"Spectrebaltics\" \/>\n<meta property=\"og:image\" content=\"https:\/\/spectrebaltics.com\/wp-content\/uploads\/2024\/05\/81nlcpeue7l._ac_uf10001000_ql80_dpweblab_.jpg\" \/>\n\t<meta property=\"og:image:width\" content=\"1000\" \/>\n\t<meta property=\"og:image:height\" content=\"1000\" \/>\n\t<meta property=\"og:image:type\" content=\"image\/jpeg\" \/>\n<meta name=\"twitter:card\" content=\"summary_large_image\" \/>\n<meta name=\"twitter:label1\" content=\"Est. reading time\" \/>\n\t<meta name=\"twitter:data1\" content=\"1 minute\" \/>\n<script type=\"application\/ld+json\" class=\"yoast-schema-graph\">{\"@context\":\"https:\/\/schema.org\",\"@graph\":[{\"@type\":\"Organization\",\"@id\":\"https:\/\/spectrebaltics.com\/ru\/#organization\",\"name\":\"Spectrebaltics\",\"url\":\"https:\/\/spectrebaltics.com\/ru\/\",\"sameAs\":[],\"logo\":{\"@type\":\"ImageObject\",\"@id\":\"https:\/\/spectrebaltics.com\/ru\/#logo\",\"inLanguage\":\"en-US\",\"url\":\"https:\/\/spectrebaltics.com\/wp-content\/uploads\/2024\/03\/Spectrebaltics-logo.svg\",\"contentUrl\":\"https:\/\/spectrebaltics.com\/wp-content\/uploads\/2024\/03\/Spectrebaltics-logo.svg\",\"caption\":\"Spectrebaltics\"},\"image\":{\"@id\":\"https:\/\/spectrebaltics.com\/ru\/#logo\"}},{\"@type\":\"WebSite\",\"@id\":\"https:\/\/spectrebaltics.com\/ru\/#website\",\"url\":\"https:\/\/spectrebaltics.com\/ru\/\",\"name\":\"Spectrebaltics\",\"description\":\"\",\"publisher\":{\"@id\":\"https:\/\/spectrebaltics.com\/ru\/#organization\"},\"potentialAction\":[{\"@type\":\"SearchAction\",\"target\":{\"@type\":\"EntryPoint\",\"urlTemplate\":\"https:\/\/spectrebaltics.com\/ru\/?s={search_term_string}\"},\"query-input\":\"required name=search_term_string\"}],\"inLanguage\":\"en-US\"},{\"@type\":\"ImageObject\",\"@id\":\"https:\/\/spectrebaltics.com\/toode\/tyrolit-lihvketas-125x4-0x222-a30q-bfx\/#primaryimage\",\"inLanguage\":\"en-US\",\"url\":\"https:\/\/spectrebaltics.com\/wp-content\/uploads\/2024\/05\/81nlcpeue7l._ac_uf10001000_ql80_dpweblab_.jpg\",\"contentUrl\":\"https:\/\/spectrebaltics.com\/wp-content\/uploads\/2024\/05\/81nlcpeue7l._ac_uf10001000_ql80_dpweblab_.jpg\",\"width\":1000,\"height\":1000},{\"@type\":\"WebPage\",\"@id\":\"https:\/\/spectrebaltics.com\/toode\/tyrolit-lihvketas-125x4-0x222-a30q-bfx\/#webpage\",\"url\":\"https:\/\/spectrebaltics.com\/toode\/tyrolit-lihvketas-125x4-0x222-a30q-bfx\/\",\"name\":\"Tyrolit Lihvketas 125x4.0x22,2 A30Q-BFX ***\",\"isPartOf\":{\"@id\":\"https:\/\/spectrebaltics.com\/ru\/#website\"},\"primaryImageOfPage\":{\"@id\":\"https:\/\/spectrebaltics.com\/toode\/tyrolit-lihvketas-125x4-0x222-a30q-bfx\/#primaryimage\"},\"datePublished\":\"2024-05-31T05:50:37+00:00\",\"dateModified\":\"2024-05-31T05:50:37+00:00\",\"breadcrumb\":{\"@id\":\"https:\/\/spectrebaltics.com\/toode\/tyrolit-lihvketas-125x4-0x222-a30q-bfx\/#breadcrumb\"},\"inLanguage\":\"en-US\",\"potentialAction\":[{\"@type\":\"ReadAction\",\"target\":[\"https:\/\/spectrebaltics.com\/toode\/tyrolit-lihvketas-125x4-0x222-a30q-bfx\/\"]}]},{\"@type\":\"BreadcrumbList\",\"@id\":\"https:\/\/spectrebaltics.com\/toode\/tyrolit-lihvketas-125x4-0x222-a30q-bfx\/#breadcrumb\",\"itemListElement\":[{\"@type\":\"ListItem\",\"position\":1,\"name\":\"Home\",\"item\":\"https:\/\/spectrebaltics.com\/en\/\"},{\"@type\":\"ListItem\",\"position\":2,\"name\":\"Catalogue\",\"item\":\"https:\/\/spectrebaltics.com\/en\/catalogue\/\"},{\"@type\":\"ListItem\",\"position\":3,\"name\":\"Tyrolit Lihvketas 125&#215;4.0x22,2 A30Q-BFX ***\"}]}]}<\/script>\n<!-- \/ Yoast SEO plugin. -->","yoast_head_json":{"title":"Tyrolit Lihvketas 125x4.0x22,2 A30Q-BFX ***","robots":{"index":"index","follow":"follow","max-snippet":"max-snippet:-1","max-image-preview":"max-image-preview:large","max-video-preview":"max-video-preview:-1"},"canonical":"https:\/\/spectrebaltics.com\/toode\/tyrolit-lihvketas-125x4-0x222-a30q-bfx\/","og_locale":"en_US","og_type":"article","og_title":"Tyrolit Lihvketas 125x4.0x22,2 A30Q-BFX ***","og_description":"Karedalt lihvketas terase ja roostevaba terase jaoks. T\u00e4nu pehmele disainile on seda ratast mugav kasutada ja see n\u00f5uab minimaalset pingutust Meie kvaliteetne sari on m\u00f5eldud professionaalidele, kes kasutavad abrasiivi regulaarselt. See tagab t\u00f6\u00f6stuse pikima kasutusea ja k\u00f5rgeima mugavuse Sobib suurep\u00e4raselt rasketeks t\u00f6\u00f6deks, sealhulgas keevitus\u00f5mbluste eemaldamiseks, j\u00e4semete eemaldamiseks, servade \u00fcmardamiseks ja tasastel pindadel TYROLIT abrasiivsed l\u00f5ike-...","og_url":"https:\/\/spectrebaltics.com\/toode\/tyrolit-lihvketas-125x4-0x222-a30q-bfx\/","og_site_name":"Spectrebaltics","og_image":[{"width":1000,"height":1000,"url":"https:\/\/spectrebaltics.com\/wp-content\/uploads\/2024\/05\/81nlcpeue7l._ac_uf10001000_ql80_dpweblab_.jpg","type":"image\/jpeg"}],"twitter_card":"summary_large_image","twitter_misc":{"Est. reading time":"1 minute"},"schema":{"@context":"https:\/\/schema.org","@graph":[{"@type":"Organization","@id":"https:\/\/spectrebaltics.com\/ru\/#organization","name":"Spectrebaltics","url":"https:\/\/spectrebaltics.com\/ru\/","sameAs":[],"logo":{"@type":"ImageObject","@id":"https:\/\/spectrebaltics.com\/ru\/#logo","inLanguage":"en-US","url":"https:\/\/spectrebaltics.com\/wp-content\/uploads\/2024\/03\/Spectrebaltics-logo.svg","contentUrl":"https:\/\/spectrebaltics.com\/wp-content\/uploads\/2024\/03\/Spectrebaltics-logo.svg","caption":"Spectrebaltics"},"image":{"@id":"https:\/\/spectrebaltics.com\/ru\/#logo"}},{"@type":"WebSite","@id":"https:\/\/spectrebaltics.com\/ru\/#website","url":"https:\/\/spectrebaltics.com\/ru\/","name":"Spectrebaltics","description":"","publisher":{"@id":"https:\/\/spectrebaltics.com\/ru\/#organization"},"potentialAction":[{"@type":"SearchAction","target":{"@type":"EntryPoint","urlTemplate":"https:\/\/spectrebaltics.com\/ru\/?s={search_term_string}"},"query-input":"required name=search_term_string"}],"inLanguage":"en-US"},{"@type":"ImageObject","@id":"https:\/\/spectrebaltics.com\/toode\/tyrolit-lihvketas-125x4-0x222-a30q-bfx\/#primaryimage","inLanguage":"en-US","url":"https:\/\/spectrebaltics.com\/wp-content\/uploads\/2024\/05\/81nlcpeue7l._ac_uf10001000_ql80_dpweblab_.jpg","contentUrl":"https:\/\/spectrebaltics.com\/wp-content\/uploads\/2024\/05\/81nlcpeue7l._ac_uf10001000_ql80_dpweblab_.jpg","width":1000,"height":1000},{"@type":"WebPage","@id":"https:\/\/spectrebaltics.com\/toode\/tyrolit-lihvketas-125x4-0x222-a30q-bfx\/#webpage","url":"https:\/\/spectrebaltics.com\/toode\/tyrolit-lihvketas-125x4-0x222-a30q-bfx\/","name":"Tyrolit Lihvketas 125x4.0x22,2 A30Q-BFX ***","isPartOf":{"@id":"https:\/\/spectrebaltics.com\/ru\/#website"},"primaryImageOfPage":{"@id":"https:\/\/spectrebaltics.com\/toode\/tyrolit-lihvketas-125x4-0x222-a30q-bfx\/#primaryimage"},"datePublished":"2024-05-31T05:50:37+00:00","dateModified":"2024-05-31T05:50:37+00:00","breadcrumb":{"@id":"https:\/\/spectrebaltics.com\/toode\/tyrolit-lihvketas-125x4-0x222-a30q-bfx\/#breadcrumb"},"inLanguage":"en-US","potentialAction":[{"@type":"ReadAction","target":["https:\/\/spectrebaltics.com\/toode\/tyrolit-lihvketas-125x4-0x222-a30q-bfx\/"]}]},{"@type":"BreadcrumbList","@id":"https:\/\/spectrebaltics.com\/toode\/tyrolit-lihvketas-125x4-0x222-a30q-bfx\/#breadcrumb","itemListElement":[{"@type":"ListItem","position":1,"name":"Home","item":"https:\/\/spectrebaltics.com\/en\/"},{"@type":"ListItem","position":2,"name":"Catalogue","item":"https:\/\/spectrebaltics.com\/en\/catalogue\/"},{"@type":"ListItem","position":3,"name":"Tyrolit Lihvketas 125&#215;4.0x22,2 A30Q-BFX ***"}]}]}},"_links":{"self":[{"href":"https:\/\/spectrebaltics.com\/en\/wp-json\/wp\/v2\/product\/9047"}],"collection":[{"href":"https:\/\/spectrebaltics.com\/en\/wp-json\/wp\/v2\/product"}],"about":[{"href":"https:\/\/spectrebaltics.com\/en\/wp-json\/wp\/v2\/types\/product"}],"wp:featuredmedia":[{"embeddable":true,"href":"https:\/\/spectrebaltics.com\/en\/wp-json\/wp\/v2\/media\/9048"}],"wp:attachment":[{"href":"https:\/\/spectrebaltics.com\/en\/wp-json\/wp\/v2\/media?parent=9047"}],"wp:term":[{"taxonomy":"product_cat","embeddable":true,"href":"https:\/\/spectrebaltics.com\/en\/wp-json\/wp\/v2\/product_cat?post=9047"},{"taxonomy":"product_tag","embeddable":true,"href":"https:\/\/spectrebaltics.com\/en\/wp-json\/wp\/v2\/product_tag?post=9047"}],"curies":[{"name":"wp","href":"https:\/\/api.w.org\/{rel}","templated":true}]}}