{"id":9057,"date":"2024-05-31T05:55:15","date_gmt":"2024-05-31T05:55:15","guid":{"rendered":"https:\/\/spectrebaltics.com\/?post_type=product&#038;p=9057"},"modified":"2024-05-31T05:55:15","modified_gmt":"2024-05-31T05:55:15","slug":"tyrolit-lihvketas-125x4-0x222-a30r-bfx-premium-inox","status":"publish","type":"product","link":"https:\/\/spectrebaltics.com\/en\/toode\/tyrolit-lihvketas-125x4-0x222-a30r-bfx-premium-inox\/","title":{"rendered":"Tyrolit Lihvketas 125&#215;4.0x22,2 A30R -BFX  PREMIUM*** INOX"},"content":{"rendered":"<p>Nurklihvija PREMIUM lihvketas on ideaalne t\u00f6\u00f6riist roostevaba terase t\u00f5husaks ja lihtsaks l\u00f5ikamiseks. Spetsiaalne liimimiss\u00fcsteem tagab rakenduses suurep\u00e4rase agressiivsuse ja k\u00f5rge vastupidavuse. Toote keemiline puhtus hoiab \u00e4ra korrosiooni ja t\u00e4ppide tekke ning v\u00f5imaldab t\u00f6\u00f6deldavat detaili \u00f5rnalt t\u00f6\u00f6delda. Lisaks pakub Tyroliti patenteeritud Comfort Start tehnoloogia lihvimise ajal mugavat k\u00e4ivitust, suurendades operaatori t\u00f6\u00f6mugavust kordades. PREMIUM t\u00f6\u00f6tlemata lihvketas on ideaalne erinevate roostevaba terase klasside erinevate lihvimist\u00f6\u00f6de kiireks ja t\u00f5husaks l\u00f5puleviimiseks.<\/p>\n","protected":false},"excerpt":{"rendered":"<p>Nurklihvija PREMIUM lihvketas on ideaalne t\u00f6\u00f6riist roostevaba terase t\u00f5husaks ja lihtsaks l\u00f5ikamiseks. Spetsiaalne liimimiss\u00fcsteem tagab rakenduses suurep\u00e4rase agressiivsuse ja k\u00f5rge vastupidavuse. Toote keemiline puhtus hoiab \u00e4ra korrosiooni ja t\u00e4ppide tekke ning v\u00f5imaldab t\u00f6\u00f6deldavat detaili \u00f5rnalt t\u00f6\u00f6delda. Lisaks pakub Tyroliti patenteeritud Comfort Start tehnoloogia lihvimise ajal mugavat k\u00e4ivitust, suurendades operaatori t\u00f6\u00f6mugavust kordades. PREMIUM t\u00f6\u00f6tlemata lihvketas on&#8230;<\/p>\n","protected":false},"featured_media":9058,"template":"","meta":[],"product_cat":[89,92],"product_tag":[],"yoast_head":"<!-- This site is optimized with the Yoast SEO plugin v18.4.1 - https:\/\/yoast.com\/wordpress\/plugins\/seo\/ -->\n<title>Tyrolit Lihvketas 125x4.0x22,2 A30R -BFX PREMIUM*** INOX<\/title>\n<meta name=\"robots\" content=\"index, follow, max-snippet:-1, max-image-preview:large, max-video-preview:-1\" \/>\n<link rel=\"canonical\" href=\"https:\/\/spectrebaltics.com\/toode\/tyrolit-lihvketas-125x4-0x222-a30r-bfx-premium-inox\/\" \/>\n<meta property=\"og:locale\" content=\"en_US\" \/>\n<meta property=\"og:type\" content=\"article\" \/>\n<meta property=\"og:title\" content=\"Tyrolit Lihvketas 125x4.0x22,2 A30R -BFX PREMIUM*** INOX\" \/>\n<meta property=\"og:description\" content=\"Nurklihvija PREMIUM lihvketas on ideaalne t\u00f6\u00f6riist roostevaba terase t\u00f5husaks ja lihtsaks l\u00f5ikamiseks. Spetsiaalne liimimiss\u00fcsteem tagab rakenduses suurep\u00e4rase agressiivsuse ja k\u00f5rge vastupidavuse. Toote keemiline puhtus hoiab \u00e4ra korrosiooni ja t\u00e4ppide tekke ning v\u00f5imaldab t\u00f6\u00f6deldavat detaili \u00f5rnalt t\u00f6\u00f6delda. Lisaks pakub Tyroliti patenteeritud Comfort Start tehnoloogia lihvimise ajal mugavat k\u00e4ivitust, suurendades operaatori t\u00f6\u00f6mugavust kordades. PREMIUM t\u00f6\u00f6tlemata lihvketas on...\" \/>\n<meta property=\"og:url\" content=\"https:\/\/spectrebaltics.com\/toode\/tyrolit-lihvketas-125x4-0x222-a30r-bfx-premium-inox\/\" \/>\n<meta property=\"og:site_name\" content=\"Spectrebaltics\" \/>\n<meta property=\"og:image\" content=\"https:\/\/spectrebaltics.com\/wp-content\/uploads\/2024\/05\/125x4x22-a30r-web_xl.jpg\" \/>\n\t<meta property=\"og:image:width\" content=\"1000\" \/>\n\t<meta property=\"og:image:height\" content=\"995\" \/>\n\t<meta property=\"og:image:type\" content=\"image\/jpeg\" \/>\n<meta name=\"twitter:card\" content=\"summary_large_image\" \/>\n<script type=\"application\/ld+json\" class=\"yoast-schema-graph\">{\"@context\":\"https:\/\/schema.org\",\"@graph\":[{\"@type\":\"Organization\",\"@id\":\"https:\/\/spectrebaltics.com\/ru\/#organization\",\"name\":\"Spectrebaltics\",\"url\":\"https:\/\/spectrebaltics.com\/ru\/\",\"sameAs\":[],\"logo\":{\"@type\":\"ImageObject\",\"@id\":\"https:\/\/spectrebaltics.com\/ru\/#logo\",\"inLanguage\":\"en-US\",\"url\":\"https:\/\/spectrebaltics.com\/wp-content\/uploads\/2024\/03\/Spectrebaltics-logo.svg\",\"contentUrl\":\"https:\/\/spectrebaltics.com\/wp-content\/uploads\/2024\/03\/Spectrebaltics-logo.svg\",\"caption\":\"Spectrebaltics\"},\"image\":{\"@id\":\"https:\/\/spectrebaltics.com\/ru\/#logo\"}},{\"@type\":\"WebSite\",\"@id\":\"https:\/\/spectrebaltics.com\/ru\/#website\",\"url\":\"https:\/\/spectrebaltics.com\/ru\/\",\"name\":\"Spectrebaltics\",\"description\":\"\",\"publisher\":{\"@id\":\"https:\/\/spectrebaltics.com\/ru\/#organization\"},\"potentialAction\":[{\"@type\":\"SearchAction\",\"target\":{\"@type\":\"EntryPoint\",\"urlTemplate\":\"https:\/\/spectrebaltics.com\/ru\/?s={search_term_string}\"},\"query-input\":\"required name=search_term_string\"}],\"inLanguage\":\"en-US\"},{\"@type\":\"ImageObject\",\"@id\":\"https:\/\/spectrebaltics.com\/toode\/tyrolit-lihvketas-125x4-0x222-a30r-bfx-premium-inox\/#primaryimage\",\"inLanguage\":\"en-US\",\"url\":\"https:\/\/spectrebaltics.com\/wp-content\/uploads\/2024\/05\/125x4x22-a30r-web_xl.jpg\",\"contentUrl\":\"https:\/\/spectrebaltics.com\/wp-content\/uploads\/2024\/05\/125x4x22-a30r-web_xl.jpg\",\"width\":1000,\"height\":995},{\"@type\":\"WebPage\",\"@id\":\"https:\/\/spectrebaltics.com\/toode\/tyrolit-lihvketas-125x4-0x222-a30r-bfx-premium-inox\/#webpage\",\"url\":\"https:\/\/spectrebaltics.com\/toode\/tyrolit-lihvketas-125x4-0x222-a30r-bfx-premium-inox\/\",\"name\":\"Tyrolit Lihvketas 125x4.0x22,2 A30R -BFX PREMIUM*** INOX\",\"isPartOf\":{\"@id\":\"https:\/\/spectrebaltics.com\/ru\/#website\"},\"primaryImageOfPage\":{\"@id\":\"https:\/\/spectrebaltics.com\/toode\/tyrolit-lihvketas-125x4-0x222-a30r-bfx-premium-inox\/#primaryimage\"},\"datePublished\":\"2024-05-31T05:55:15+00:00\",\"dateModified\":\"2024-05-31T05:55:15+00:00\",\"breadcrumb\":{\"@id\":\"https:\/\/spectrebaltics.com\/toode\/tyrolit-lihvketas-125x4-0x222-a30r-bfx-premium-inox\/#breadcrumb\"},\"inLanguage\":\"en-US\",\"potentialAction\":[{\"@type\":\"ReadAction\",\"target\":[\"https:\/\/spectrebaltics.com\/toode\/tyrolit-lihvketas-125x4-0x222-a30r-bfx-premium-inox\/\"]}]},{\"@type\":\"BreadcrumbList\",\"@id\":\"https:\/\/spectrebaltics.com\/toode\/tyrolit-lihvketas-125x4-0x222-a30r-bfx-premium-inox\/#breadcrumb\",\"itemListElement\":[{\"@type\":\"ListItem\",\"position\":1,\"name\":\"Home\",\"item\":\"https:\/\/spectrebaltics.com\/en\/\"},{\"@type\":\"ListItem\",\"position\":2,\"name\":\"Catalogue\",\"item\":\"https:\/\/spectrebaltics.com\/en\/catalogue\/\"},{\"@type\":\"ListItem\",\"position\":3,\"name\":\"Tyrolit Lihvketas 125&#215;4.0x22,2 A30R -BFX PREMIUM*** INOX\"}]}]}<\/script>\n<!-- \/ Yoast SEO plugin. -->","yoast_head_json":{"title":"Tyrolit Lihvketas 125x4.0x22,2 A30R -BFX PREMIUM*** INOX","robots":{"index":"index","follow":"follow","max-snippet":"max-snippet:-1","max-image-preview":"max-image-preview:large","max-video-preview":"max-video-preview:-1"},"canonical":"https:\/\/spectrebaltics.com\/toode\/tyrolit-lihvketas-125x4-0x222-a30r-bfx-premium-inox\/","og_locale":"en_US","og_type":"article","og_title":"Tyrolit Lihvketas 125x4.0x22,2 A30R -BFX PREMIUM*** INOX","og_description":"Nurklihvija PREMIUM lihvketas on ideaalne t\u00f6\u00f6riist roostevaba terase t\u00f5husaks ja lihtsaks l\u00f5ikamiseks. Spetsiaalne liimimiss\u00fcsteem tagab rakenduses suurep\u00e4rase agressiivsuse ja k\u00f5rge vastupidavuse. Toote keemiline puhtus hoiab \u00e4ra korrosiooni ja t\u00e4ppide tekke ning v\u00f5imaldab t\u00f6\u00f6deldavat detaili \u00f5rnalt t\u00f6\u00f6delda. Lisaks pakub Tyroliti patenteeritud Comfort Start tehnoloogia lihvimise ajal mugavat k\u00e4ivitust, suurendades operaatori t\u00f6\u00f6mugavust kordades. PREMIUM t\u00f6\u00f6tlemata lihvketas on...","og_url":"https:\/\/spectrebaltics.com\/toode\/tyrolit-lihvketas-125x4-0x222-a30r-bfx-premium-inox\/","og_site_name":"Spectrebaltics","og_image":[{"width":1000,"height":995,"url":"https:\/\/spectrebaltics.com\/wp-content\/uploads\/2024\/05\/125x4x22-a30r-web_xl.jpg","type":"image\/jpeg"}],"twitter_card":"summary_large_image","schema":{"@context":"https:\/\/schema.org","@graph":[{"@type":"Organization","@id":"https:\/\/spectrebaltics.com\/ru\/#organization","name":"Spectrebaltics","url":"https:\/\/spectrebaltics.com\/ru\/","sameAs":[],"logo":{"@type":"ImageObject","@id":"https:\/\/spectrebaltics.com\/ru\/#logo","inLanguage":"en-US","url":"https:\/\/spectrebaltics.com\/wp-content\/uploads\/2024\/03\/Spectrebaltics-logo.svg","contentUrl":"https:\/\/spectrebaltics.com\/wp-content\/uploads\/2024\/03\/Spectrebaltics-logo.svg","caption":"Spectrebaltics"},"image":{"@id":"https:\/\/spectrebaltics.com\/ru\/#logo"}},{"@type":"WebSite","@id":"https:\/\/spectrebaltics.com\/ru\/#website","url":"https:\/\/spectrebaltics.com\/ru\/","name":"Spectrebaltics","description":"","publisher":{"@id":"https:\/\/spectrebaltics.com\/ru\/#organization"},"potentialAction":[{"@type":"SearchAction","target":{"@type":"EntryPoint","urlTemplate":"https:\/\/spectrebaltics.com\/ru\/?s={search_term_string}"},"query-input":"required name=search_term_string"}],"inLanguage":"en-US"},{"@type":"ImageObject","@id":"https:\/\/spectrebaltics.com\/toode\/tyrolit-lihvketas-125x4-0x222-a30r-bfx-premium-inox\/#primaryimage","inLanguage":"en-US","url":"https:\/\/spectrebaltics.com\/wp-content\/uploads\/2024\/05\/125x4x22-a30r-web_xl.jpg","contentUrl":"https:\/\/spectrebaltics.com\/wp-content\/uploads\/2024\/05\/125x4x22-a30r-web_xl.jpg","width":1000,"height":995},{"@type":"WebPage","@id":"https:\/\/spectrebaltics.com\/toode\/tyrolit-lihvketas-125x4-0x222-a30r-bfx-premium-inox\/#webpage","url":"https:\/\/spectrebaltics.com\/toode\/tyrolit-lihvketas-125x4-0x222-a30r-bfx-premium-inox\/","name":"Tyrolit Lihvketas 125x4.0x22,2 A30R -BFX PREMIUM*** INOX","isPartOf":{"@id":"https:\/\/spectrebaltics.com\/ru\/#website"},"primaryImageOfPage":{"@id":"https:\/\/spectrebaltics.com\/toode\/tyrolit-lihvketas-125x4-0x222-a30r-bfx-premium-inox\/#primaryimage"},"datePublished":"2024-05-31T05:55:15+00:00","dateModified":"2024-05-31T05:55:15+00:00","breadcrumb":{"@id":"https:\/\/spectrebaltics.com\/toode\/tyrolit-lihvketas-125x4-0x222-a30r-bfx-premium-inox\/#breadcrumb"},"inLanguage":"en-US","potentialAction":[{"@type":"ReadAction","target":["https:\/\/spectrebaltics.com\/toode\/tyrolit-lihvketas-125x4-0x222-a30r-bfx-premium-inox\/"]}]},{"@type":"BreadcrumbList","@id":"https:\/\/spectrebaltics.com\/toode\/tyrolit-lihvketas-125x4-0x222-a30r-bfx-premium-inox\/#breadcrumb","itemListElement":[{"@type":"ListItem","position":1,"name":"Home","item":"https:\/\/spectrebaltics.com\/en\/"},{"@type":"ListItem","position":2,"name":"Catalogue","item":"https:\/\/spectrebaltics.com\/en\/catalogue\/"},{"@type":"ListItem","position":3,"name":"Tyrolit Lihvketas 125&#215;4.0x22,2 A30R -BFX PREMIUM*** INOX"}]}]}},"_links":{"self":[{"href":"https:\/\/spectrebaltics.com\/en\/wp-json\/wp\/v2\/product\/9057"}],"collection":[{"href":"https:\/\/spectrebaltics.com\/en\/wp-json\/wp\/v2\/product"}],"about":[{"href":"https:\/\/spectrebaltics.com\/en\/wp-json\/wp\/v2\/types\/product"}],"wp:featuredmedia":[{"embeddable":true,"href":"https:\/\/spectrebaltics.com\/en\/wp-json\/wp\/v2\/media\/9058"}],"wp:attachment":[{"href":"https:\/\/spectrebaltics.com\/en\/wp-json\/wp\/v2\/media?parent=9057"}],"wp:term":[{"taxonomy":"product_cat","embeddable":true,"href":"https:\/\/spectrebaltics.com\/en\/wp-json\/wp\/v2\/product_cat?post=9057"},{"taxonomy":"product_tag","embeddable":true,"href":"https:\/\/spectrebaltics.com\/en\/wp-json\/wp\/v2\/product_tag?post=9057"}],"curies":[{"name":"wp","href":"https:\/\/api.w.org\/{rel}","templated":true}]}}