{"id":9071,"date":"2024-05-31T11:17:42","date_gmt":"2024-05-31T11:17:42","guid":{"rendered":"https:\/\/spectrebaltics.com\/?post_type=product&#038;p=9071"},"modified":"2024-05-31T11:17:42","modified_gmt":"2024-05-31T11:17:42","slug":"tyrolit-lihvketas-125x6x2223-a-30-p-bfb-inox-steel","status":"publish","type":"product","link":"https:\/\/spectrebaltics.com\/en\/toode\/tyrolit-lihvketas-125x6x2223-a-30-p-bfb-inox-steel\/","title":{"rendered":"Tyrolit Lihvketas 125x6x22,23 A 30 P-BFB INOX +STEEL"},"content":{"rendered":"<p><span>TYROLIT abrasiivsed l\u00f5ike- ja lihvkettad on sinist, punast, rohelist, lillat ja porgandi karva rooste v\u00e4rvi. Iga v\u00e4rv esindab materjali, mille l\u00f5ikamiseks ketas on m\u00f5eldud. Sinine on terasele, punane roostevabale terasele, roheline kivile ja porgand metallidele (alumiinium, vask, tsink, messing, pronks) ja lilla valanditele.<\/span><\/p>\n","protected":false},"excerpt":{"rendered":"<p>TYROLIT abrasiivsed l\u00f5ike- ja lihvkettad on sinist, punast, rohelist, lillat ja porgandi karva rooste v\u00e4rvi. Iga v\u00e4rv esindab materjali, mille l\u00f5ikamiseks ketas on m\u00f5eldud. Sinine on terasele, punane roostevabale terasele, roheline kivile ja porgand metallidele (alumiinium, vask, tsink, messing, pronks) ja lilla valanditele.<\/p>\n","protected":false},"featured_media":9072,"template":"","meta":[],"product_cat":[89,92],"product_tag":[],"yoast_head":"<!-- This site is optimized with the Yoast SEO plugin v18.4.1 - https:\/\/yoast.com\/wordpress\/plugins\/seo\/ -->\n<title>Tyrolit Lihvketas 125x6x22,23 A 30 P-BFB INOX +STEEL<\/title>\n<meta name=\"robots\" content=\"index, follow, max-snippet:-1, max-image-preview:large, max-video-preview:-1\" \/>\n<link rel=\"canonical\" href=\"https:\/\/spectrebaltics.com\/toode\/tyrolit-lihvketas-125x6x2223-a-30-p-bfb-inox-steel\/\" \/>\n<meta property=\"og:locale\" content=\"en_US\" \/>\n<meta property=\"og:type\" content=\"article\" \/>\n<meta property=\"og:title\" content=\"Tyrolit Lihvketas 125x6x22,23 A 30 P-BFB INOX +STEEL\" \/>\n<meta property=\"og:description\" content=\"TYROLIT abrasiivsed l\u00f5ike- ja lihvkettad on sinist, punast, rohelist, lillat ja porgandi karva rooste v\u00e4rvi. Iga v\u00e4rv esindab materjali, mille l\u00f5ikamiseks ketas on m\u00f5eldud. Sinine on terasele, punane roostevabale terasele, roheline kivile ja porgand metallidele (alumiinium, vask, tsink, messing, pronks) ja lilla valanditele.\" \/>\n<meta property=\"og:url\" content=\"https:\/\/spectrebaltics.com\/toode\/tyrolit-lihvketas-125x6x2223-a-30-p-bfb-inox-steel\/\" \/>\n<meta property=\"og:site_name\" content=\"Spectrebaltics\" \/>\n<meta property=\"og:image\" content=\"https:\/\/spectrebaltics.com\/wp-content\/uploads\/2024\/05\/71khdaekul._ac_uf10001000_ql80_-1.jpg\" \/>\n\t<meta property=\"og:image:width\" content=\"1000\" \/>\n\t<meta property=\"og:image:height\" content=\"1000\" \/>\n\t<meta property=\"og:image:type\" content=\"image\/jpeg\" \/>\n<meta name=\"twitter:card\" content=\"summary_large_image\" \/>\n<script type=\"application\/ld+json\" class=\"yoast-schema-graph\">{\"@context\":\"https:\/\/schema.org\",\"@graph\":[{\"@type\":\"Organization\",\"@id\":\"https:\/\/spectrebaltics.com\/ru\/#organization\",\"name\":\"Spectrebaltics\",\"url\":\"https:\/\/spectrebaltics.com\/ru\/\",\"sameAs\":[],\"logo\":{\"@type\":\"ImageObject\",\"@id\":\"https:\/\/spectrebaltics.com\/ru\/#logo\",\"inLanguage\":\"en-US\",\"url\":\"https:\/\/spectrebaltics.com\/wp-content\/uploads\/2024\/03\/Spectrebaltics-logo.svg\",\"contentUrl\":\"https:\/\/spectrebaltics.com\/wp-content\/uploads\/2024\/03\/Spectrebaltics-logo.svg\",\"caption\":\"Spectrebaltics\"},\"image\":{\"@id\":\"https:\/\/spectrebaltics.com\/ru\/#logo\"}},{\"@type\":\"WebSite\",\"@id\":\"https:\/\/spectrebaltics.com\/ru\/#website\",\"url\":\"https:\/\/spectrebaltics.com\/ru\/\",\"name\":\"Spectrebaltics\",\"description\":\"\",\"publisher\":{\"@id\":\"https:\/\/spectrebaltics.com\/ru\/#organization\"},\"potentialAction\":[{\"@type\":\"SearchAction\",\"target\":{\"@type\":\"EntryPoint\",\"urlTemplate\":\"https:\/\/spectrebaltics.com\/ru\/?s={search_term_string}\"},\"query-input\":\"required name=search_term_string\"}],\"inLanguage\":\"en-US\"},{\"@type\":\"ImageObject\",\"@id\":\"https:\/\/spectrebaltics.com\/toode\/tyrolit-lihvketas-125x6x2223-a-30-p-bfb-inox-steel\/#primaryimage\",\"inLanguage\":\"en-US\",\"url\":\"https:\/\/spectrebaltics.com\/wp-content\/uploads\/2024\/05\/71khdaekul._ac_uf10001000_ql80_-1.jpg\",\"contentUrl\":\"https:\/\/spectrebaltics.com\/wp-content\/uploads\/2024\/05\/71khdaekul._ac_uf10001000_ql80_-1.jpg\",\"width\":1000,\"height\":1000},{\"@type\":\"WebPage\",\"@id\":\"https:\/\/spectrebaltics.com\/toode\/tyrolit-lihvketas-125x6x2223-a-30-p-bfb-inox-steel\/#webpage\",\"url\":\"https:\/\/spectrebaltics.com\/toode\/tyrolit-lihvketas-125x6x2223-a-30-p-bfb-inox-steel\/\",\"name\":\"Tyrolit Lihvketas 125x6x22,23 A 30 P-BFB INOX +STEEL\",\"isPartOf\":{\"@id\":\"https:\/\/spectrebaltics.com\/ru\/#website\"},\"primaryImageOfPage\":{\"@id\":\"https:\/\/spectrebaltics.com\/toode\/tyrolit-lihvketas-125x6x2223-a-30-p-bfb-inox-steel\/#primaryimage\"},\"datePublished\":\"2024-05-31T11:17:42+00:00\",\"dateModified\":\"2024-05-31T11:17:42+00:00\",\"breadcrumb\":{\"@id\":\"https:\/\/spectrebaltics.com\/toode\/tyrolit-lihvketas-125x6x2223-a-30-p-bfb-inox-steel\/#breadcrumb\"},\"inLanguage\":\"en-US\",\"potentialAction\":[{\"@type\":\"ReadAction\",\"target\":[\"https:\/\/spectrebaltics.com\/toode\/tyrolit-lihvketas-125x6x2223-a-30-p-bfb-inox-steel\/\"]}]},{\"@type\":\"BreadcrumbList\",\"@id\":\"https:\/\/spectrebaltics.com\/toode\/tyrolit-lihvketas-125x6x2223-a-30-p-bfb-inox-steel\/#breadcrumb\",\"itemListElement\":[{\"@type\":\"ListItem\",\"position\":1,\"name\":\"Home\",\"item\":\"https:\/\/spectrebaltics.com\/en\/\"},{\"@type\":\"ListItem\",\"position\":2,\"name\":\"Catalogue\",\"item\":\"https:\/\/spectrebaltics.com\/en\/catalogue\/\"},{\"@type\":\"ListItem\",\"position\":3,\"name\":\"Tyrolit Lihvketas 125x6x22,23 A 30 P-BFB INOX +STEEL\"}]}]}<\/script>\n<!-- \/ Yoast SEO plugin. -->","yoast_head_json":{"title":"Tyrolit Lihvketas 125x6x22,23 A 30 P-BFB INOX +STEEL","robots":{"index":"index","follow":"follow","max-snippet":"max-snippet:-1","max-image-preview":"max-image-preview:large","max-video-preview":"max-video-preview:-1"},"canonical":"https:\/\/spectrebaltics.com\/toode\/tyrolit-lihvketas-125x6x2223-a-30-p-bfb-inox-steel\/","og_locale":"en_US","og_type":"article","og_title":"Tyrolit Lihvketas 125x6x22,23 A 30 P-BFB INOX +STEEL","og_description":"TYROLIT abrasiivsed l\u00f5ike- ja lihvkettad on sinist, punast, rohelist, lillat ja porgandi karva rooste v\u00e4rvi. Iga v\u00e4rv esindab materjali, mille l\u00f5ikamiseks ketas on m\u00f5eldud. Sinine on terasele, punane roostevabale terasele, roheline kivile ja porgand metallidele (alumiinium, vask, tsink, messing, pronks) ja lilla valanditele.","og_url":"https:\/\/spectrebaltics.com\/toode\/tyrolit-lihvketas-125x6x2223-a-30-p-bfb-inox-steel\/","og_site_name":"Spectrebaltics","og_image":[{"width":1000,"height":1000,"url":"https:\/\/spectrebaltics.com\/wp-content\/uploads\/2024\/05\/71khdaekul._ac_uf10001000_ql80_-1.jpg","type":"image\/jpeg"}],"twitter_card":"summary_large_image","schema":{"@context":"https:\/\/schema.org","@graph":[{"@type":"Organization","@id":"https:\/\/spectrebaltics.com\/ru\/#organization","name":"Spectrebaltics","url":"https:\/\/spectrebaltics.com\/ru\/","sameAs":[],"logo":{"@type":"ImageObject","@id":"https:\/\/spectrebaltics.com\/ru\/#logo","inLanguage":"en-US","url":"https:\/\/spectrebaltics.com\/wp-content\/uploads\/2024\/03\/Spectrebaltics-logo.svg","contentUrl":"https:\/\/spectrebaltics.com\/wp-content\/uploads\/2024\/03\/Spectrebaltics-logo.svg","caption":"Spectrebaltics"},"image":{"@id":"https:\/\/spectrebaltics.com\/ru\/#logo"}},{"@type":"WebSite","@id":"https:\/\/spectrebaltics.com\/ru\/#website","url":"https:\/\/spectrebaltics.com\/ru\/","name":"Spectrebaltics","description":"","publisher":{"@id":"https:\/\/spectrebaltics.com\/ru\/#organization"},"potentialAction":[{"@type":"SearchAction","target":{"@type":"EntryPoint","urlTemplate":"https:\/\/spectrebaltics.com\/ru\/?s={search_term_string}"},"query-input":"required name=search_term_string"}],"inLanguage":"en-US"},{"@type":"ImageObject","@id":"https:\/\/spectrebaltics.com\/toode\/tyrolit-lihvketas-125x6x2223-a-30-p-bfb-inox-steel\/#primaryimage","inLanguage":"en-US","url":"https:\/\/spectrebaltics.com\/wp-content\/uploads\/2024\/05\/71khdaekul._ac_uf10001000_ql80_-1.jpg","contentUrl":"https:\/\/spectrebaltics.com\/wp-content\/uploads\/2024\/05\/71khdaekul._ac_uf10001000_ql80_-1.jpg","width":1000,"height":1000},{"@type":"WebPage","@id":"https:\/\/spectrebaltics.com\/toode\/tyrolit-lihvketas-125x6x2223-a-30-p-bfb-inox-steel\/#webpage","url":"https:\/\/spectrebaltics.com\/toode\/tyrolit-lihvketas-125x6x2223-a-30-p-bfb-inox-steel\/","name":"Tyrolit Lihvketas 125x6x22,23 A 30 P-BFB INOX +STEEL","isPartOf":{"@id":"https:\/\/spectrebaltics.com\/ru\/#website"},"primaryImageOfPage":{"@id":"https:\/\/spectrebaltics.com\/toode\/tyrolit-lihvketas-125x6x2223-a-30-p-bfb-inox-steel\/#primaryimage"},"datePublished":"2024-05-31T11:17:42+00:00","dateModified":"2024-05-31T11:17:42+00:00","breadcrumb":{"@id":"https:\/\/spectrebaltics.com\/toode\/tyrolit-lihvketas-125x6x2223-a-30-p-bfb-inox-steel\/#breadcrumb"},"inLanguage":"en-US","potentialAction":[{"@type":"ReadAction","target":["https:\/\/spectrebaltics.com\/toode\/tyrolit-lihvketas-125x6x2223-a-30-p-bfb-inox-steel\/"]}]},{"@type":"BreadcrumbList","@id":"https:\/\/spectrebaltics.com\/toode\/tyrolit-lihvketas-125x6x2223-a-30-p-bfb-inox-steel\/#breadcrumb","itemListElement":[{"@type":"ListItem","position":1,"name":"Home","item":"https:\/\/spectrebaltics.com\/en\/"},{"@type":"ListItem","position":2,"name":"Catalogue","item":"https:\/\/spectrebaltics.com\/en\/catalogue\/"},{"@type":"ListItem","position":3,"name":"Tyrolit Lihvketas 125x6x22,23 A 30 P-BFB INOX +STEEL"}]}]}},"_links":{"self":[{"href":"https:\/\/spectrebaltics.com\/en\/wp-json\/wp\/v2\/product\/9071"}],"collection":[{"href":"https:\/\/spectrebaltics.com\/en\/wp-json\/wp\/v2\/product"}],"about":[{"href":"https:\/\/spectrebaltics.com\/en\/wp-json\/wp\/v2\/types\/product"}],"wp:featuredmedia":[{"embeddable":true,"href":"https:\/\/spectrebaltics.com\/en\/wp-json\/wp\/v2\/media\/9072"}],"wp:attachment":[{"href":"https:\/\/spectrebaltics.com\/en\/wp-json\/wp\/v2\/media?parent=9071"}],"wp:term":[{"taxonomy":"product_cat","embeddable":true,"href":"https:\/\/spectrebaltics.com\/en\/wp-json\/wp\/v2\/product_cat?post=9071"},{"taxonomy":"product_tag","embeddable":true,"href":"https:\/\/spectrebaltics.com\/en\/wp-json\/wp\/v2\/product_tag?post=9071"}],"curies":[{"name":"wp","href":"https:\/\/api.w.org\/{rel}","templated":true}]}}