{"id":9085,"date":"2024-05-31T12:20:26","date_gmt":"2024-05-31T12:20:26","guid":{"rendered":"https:\/\/spectrebaltics.com\/?post_type=product&#038;p=9085"},"modified":"2024-05-31T12:20:26","modified_gmt":"2024-05-31T12:20:26","slug":"tyrolit-lihvketas-125x7-0x22-a30-q-bfx","status":"publish","type":"product","link":"https:\/\/spectrebaltics.com\/en\/toode\/tyrolit-lihvketas-125x7-0x22-a30-q-bfx\/","title":{"rendered":"Tyrolit Lihvketas 125&#215;7.0x22 A30 Q BFX***"},"content":{"rendered":"<p>Rakendus<br \/>\nN\u00f5udlikuks kasutamiseks erinevate terase- ja roostevaba terase klasside puhul<br \/>\n7 mm paksus t\u00f6\u00f6tlemata lihvimiseks<br \/>\n8 mm paksus j\u00e4medaks lihvimiseks koos pikema elueaga<br \/>\nFASTCUT tehnoloogia maksimaalseks l\u00f5ikev\u00f5imeks ja varude eemaldamiseks<br \/>\nComfort Start tagab mugava alguse lihvimisel ja suurendab t\u00f6\u00f6mugavuse taset<br \/>\nUniversaalne kasutus<\/p>\n","protected":false},"excerpt":{"rendered":"<p>Rakendus N\u00f5udlikuks kasutamiseks erinevate terase- ja roostevaba terase klasside puhul 7 mm paksus t\u00f6\u00f6tlemata lihvimiseks 8 mm paksus j\u00e4medaks lihvimiseks koos pikema elueaga FASTCUT tehnoloogia maksimaalseks l\u00f5ikev\u00f5imeks ja varude eemaldamiseks Comfort Start tagab mugava alguse lihvimisel ja suurendab t\u00f6\u00f6mugavuse taset Universaalne kasutus<\/p>\n","protected":false},"featured_media":9086,"template":"","meta":[],"product_cat":[89,92],"product_tag":[],"yoast_head":"<!-- This site is optimized with the Yoast SEO plugin v18.4.1 - https:\/\/yoast.com\/wordpress\/plugins\/seo\/ -->\n<title>Tyrolit Lihvketas 125x7.0x22 A30 Q BFX***<\/title>\n<meta name=\"robots\" content=\"index, follow, max-snippet:-1, max-image-preview:large, max-video-preview:-1\" \/>\n<link rel=\"canonical\" href=\"https:\/\/spectrebaltics.com\/ru\/toode\/tyrolit-lihvketas-125x7-0x22-a30-q-bfx\/\" \/>\n<meta property=\"og:locale\" content=\"en_US\" \/>\n<meta property=\"og:type\" content=\"article\" \/>\n<meta property=\"og:title\" content=\"Tyrolit Lihvketas 125x7.0x22 A30 Q BFX***\" \/>\n<meta property=\"og:description\" content=\"Rakendus N\u00f5udlikuks kasutamiseks erinevate terase- ja roostevaba terase klasside puhul 7 mm paksus t\u00f6\u00f6tlemata lihvimiseks 8 mm paksus j\u00e4medaks lihvimiseks koos pikema elueaga FASTCUT tehnoloogia maksimaalseks l\u00f5ikev\u00f5imeks ja varude eemaldamiseks Comfort Start tagab mugava alguse lihvimisel ja suurendab t\u00f6\u00f6mugavuse taset Universaalne kasutus\" \/>\n<meta property=\"og:url\" content=\"https:\/\/spectrebaltics.com\/ru\/toode\/tyrolit-lihvketas-125x7-0x22-a30-q-bfx\/\" \/>\n<meta property=\"og:site_name\" content=\"Spectrebaltics\" \/>\n<meta property=\"og:image\" content=\"https:\/\/spectrebaltics.com\/wp-content\/uploads\/2024\/05\/12pv67_as01.jpg\" \/>\n\t<meta property=\"og:image:width\" content=\"1000\" \/>\n\t<meta property=\"og:image:height\" content=\"1000\" \/>\n\t<meta property=\"og:image:type\" content=\"image\/jpeg\" \/>\n<meta name=\"twitter:card\" content=\"summary_large_image\" \/>\n<script type=\"application\/ld+json\" class=\"yoast-schema-graph\">{\"@context\":\"https:\/\/schema.org\",\"@graph\":[{\"@type\":\"Organization\",\"@id\":\"https:\/\/spectrebaltics.com\/ru\/#organization\",\"name\":\"Spectrebaltics\",\"url\":\"https:\/\/spectrebaltics.com\/ru\/\",\"sameAs\":[],\"logo\":{\"@type\":\"ImageObject\",\"@id\":\"https:\/\/spectrebaltics.com\/ru\/#logo\",\"inLanguage\":\"en-US\",\"url\":\"https:\/\/spectrebaltics.com\/wp-content\/uploads\/2024\/03\/Spectrebaltics-logo.svg\",\"contentUrl\":\"https:\/\/spectrebaltics.com\/wp-content\/uploads\/2024\/03\/Spectrebaltics-logo.svg\",\"caption\":\"Spectrebaltics\"},\"image\":{\"@id\":\"https:\/\/spectrebaltics.com\/ru\/#logo\"}},{\"@type\":\"WebSite\",\"@id\":\"https:\/\/spectrebaltics.com\/ru\/#website\",\"url\":\"https:\/\/spectrebaltics.com\/ru\/\",\"name\":\"Spectrebaltics\",\"description\":\"\",\"publisher\":{\"@id\":\"https:\/\/spectrebaltics.com\/ru\/#organization\"},\"potentialAction\":[{\"@type\":\"SearchAction\",\"target\":{\"@type\":\"EntryPoint\",\"urlTemplate\":\"https:\/\/spectrebaltics.com\/ru\/?s={search_term_string}\"},\"query-input\":\"required name=search_term_string\"}],\"inLanguage\":\"en-US\"},{\"@type\":\"ImageObject\",\"@id\":\"https:\/\/spectrebaltics.com\/ru\/toode\/tyrolit-lihvketas-125x7-0x22-a30-q-bfx\/#primaryimage\",\"inLanguage\":\"en-US\",\"url\":\"https:\/\/spectrebaltics.com\/wp-content\/uploads\/2024\/05\/12pv67_as01.jpg\",\"contentUrl\":\"https:\/\/spectrebaltics.com\/wp-content\/uploads\/2024\/05\/12pv67_as01.jpg\",\"width\":1000,\"height\":1000},{\"@type\":\"WebPage\",\"@id\":\"https:\/\/spectrebaltics.com\/ru\/toode\/tyrolit-lihvketas-125x7-0x22-a30-q-bfx\/#webpage\",\"url\":\"https:\/\/spectrebaltics.com\/ru\/toode\/tyrolit-lihvketas-125x7-0x22-a30-q-bfx\/\",\"name\":\"Tyrolit Lihvketas 125x7.0x22 A30 Q BFX***\",\"isPartOf\":{\"@id\":\"https:\/\/spectrebaltics.com\/ru\/#website\"},\"primaryImageOfPage\":{\"@id\":\"https:\/\/spectrebaltics.com\/ru\/toode\/tyrolit-lihvketas-125x7-0x22-a30-q-bfx\/#primaryimage\"},\"datePublished\":\"2024-05-31T12:20:26+00:00\",\"dateModified\":\"2024-05-31T12:20:26+00:00\",\"breadcrumb\":{\"@id\":\"https:\/\/spectrebaltics.com\/ru\/toode\/tyrolit-lihvketas-125x7-0x22-a30-q-bfx\/#breadcrumb\"},\"inLanguage\":\"en-US\",\"potentialAction\":[{\"@type\":\"ReadAction\",\"target\":[\"https:\/\/spectrebaltics.com\/ru\/toode\/tyrolit-lihvketas-125x7-0x22-a30-q-bfx\/\"]}]},{\"@type\":\"BreadcrumbList\",\"@id\":\"https:\/\/spectrebaltics.com\/ru\/toode\/tyrolit-lihvketas-125x7-0x22-a30-q-bfx\/#breadcrumb\",\"itemListElement\":[{\"@type\":\"ListItem\",\"position\":1,\"name\":\"Home\",\"item\":\"https:\/\/spectrebaltics.com\/en\/\"},{\"@type\":\"ListItem\",\"position\":2,\"name\":\"Catalogue\",\"item\":\"https:\/\/spectrebaltics.com\/en\/catalogue\/\"},{\"@type\":\"ListItem\",\"position\":3,\"name\":\"Tyrolit Lihvketas 125&#215;7.0x22 A30 Q BFX***\"}]}]}<\/script>\n<!-- \/ Yoast SEO plugin. -->","yoast_head_json":{"title":"Tyrolit Lihvketas 125x7.0x22 A30 Q BFX***","robots":{"index":"index","follow":"follow","max-snippet":"max-snippet:-1","max-image-preview":"max-image-preview:large","max-video-preview":"max-video-preview:-1"},"canonical":"https:\/\/spectrebaltics.com\/ru\/toode\/tyrolit-lihvketas-125x7-0x22-a30-q-bfx\/","og_locale":"en_US","og_type":"article","og_title":"Tyrolit Lihvketas 125x7.0x22 A30 Q BFX***","og_description":"Rakendus N\u00f5udlikuks kasutamiseks erinevate terase- ja roostevaba terase klasside puhul 7 mm paksus t\u00f6\u00f6tlemata lihvimiseks 8 mm paksus j\u00e4medaks lihvimiseks koos pikema elueaga FASTCUT tehnoloogia maksimaalseks l\u00f5ikev\u00f5imeks ja varude eemaldamiseks Comfort Start tagab mugava alguse lihvimisel ja suurendab t\u00f6\u00f6mugavuse taset Universaalne kasutus","og_url":"https:\/\/spectrebaltics.com\/ru\/toode\/tyrolit-lihvketas-125x7-0x22-a30-q-bfx\/","og_site_name":"Spectrebaltics","og_image":[{"width":1000,"height":1000,"url":"https:\/\/spectrebaltics.com\/wp-content\/uploads\/2024\/05\/12pv67_as01.jpg","type":"image\/jpeg"}],"twitter_card":"summary_large_image","schema":{"@context":"https:\/\/schema.org","@graph":[{"@type":"Organization","@id":"https:\/\/spectrebaltics.com\/ru\/#organization","name":"Spectrebaltics","url":"https:\/\/spectrebaltics.com\/ru\/","sameAs":[],"logo":{"@type":"ImageObject","@id":"https:\/\/spectrebaltics.com\/ru\/#logo","inLanguage":"en-US","url":"https:\/\/spectrebaltics.com\/wp-content\/uploads\/2024\/03\/Spectrebaltics-logo.svg","contentUrl":"https:\/\/spectrebaltics.com\/wp-content\/uploads\/2024\/03\/Spectrebaltics-logo.svg","caption":"Spectrebaltics"},"image":{"@id":"https:\/\/spectrebaltics.com\/ru\/#logo"}},{"@type":"WebSite","@id":"https:\/\/spectrebaltics.com\/ru\/#website","url":"https:\/\/spectrebaltics.com\/ru\/","name":"Spectrebaltics","description":"","publisher":{"@id":"https:\/\/spectrebaltics.com\/ru\/#organization"},"potentialAction":[{"@type":"SearchAction","target":{"@type":"EntryPoint","urlTemplate":"https:\/\/spectrebaltics.com\/ru\/?s={search_term_string}"},"query-input":"required name=search_term_string"}],"inLanguage":"en-US"},{"@type":"ImageObject","@id":"https:\/\/spectrebaltics.com\/ru\/toode\/tyrolit-lihvketas-125x7-0x22-a30-q-bfx\/#primaryimage","inLanguage":"en-US","url":"https:\/\/spectrebaltics.com\/wp-content\/uploads\/2024\/05\/12pv67_as01.jpg","contentUrl":"https:\/\/spectrebaltics.com\/wp-content\/uploads\/2024\/05\/12pv67_as01.jpg","width":1000,"height":1000},{"@type":"WebPage","@id":"https:\/\/spectrebaltics.com\/ru\/toode\/tyrolit-lihvketas-125x7-0x22-a30-q-bfx\/#webpage","url":"https:\/\/spectrebaltics.com\/ru\/toode\/tyrolit-lihvketas-125x7-0x22-a30-q-bfx\/","name":"Tyrolit Lihvketas 125x7.0x22 A30 Q BFX***","isPartOf":{"@id":"https:\/\/spectrebaltics.com\/ru\/#website"},"primaryImageOfPage":{"@id":"https:\/\/spectrebaltics.com\/ru\/toode\/tyrolit-lihvketas-125x7-0x22-a30-q-bfx\/#primaryimage"},"datePublished":"2024-05-31T12:20:26+00:00","dateModified":"2024-05-31T12:20:26+00:00","breadcrumb":{"@id":"https:\/\/spectrebaltics.com\/ru\/toode\/tyrolit-lihvketas-125x7-0x22-a30-q-bfx\/#breadcrumb"},"inLanguage":"en-US","potentialAction":[{"@type":"ReadAction","target":["https:\/\/spectrebaltics.com\/ru\/toode\/tyrolit-lihvketas-125x7-0x22-a30-q-bfx\/"]}]},{"@type":"BreadcrumbList","@id":"https:\/\/spectrebaltics.com\/ru\/toode\/tyrolit-lihvketas-125x7-0x22-a30-q-bfx\/#breadcrumb","itemListElement":[{"@type":"ListItem","position":1,"name":"Home","item":"https:\/\/spectrebaltics.com\/en\/"},{"@type":"ListItem","position":2,"name":"Catalogue","item":"https:\/\/spectrebaltics.com\/en\/catalogue\/"},{"@type":"ListItem","position":3,"name":"Tyrolit Lihvketas 125&#215;7.0x22 A30 Q BFX***"}]}]}},"_links":{"self":[{"href":"https:\/\/spectrebaltics.com\/en\/wp-json\/wp\/v2\/product\/9085"}],"collection":[{"href":"https:\/\/spectrebaltics.com\/en\/wp-json\/wp\/v2\/product"}],"about":[{"href":"https:\/\/spectrebaltics.com\/en\/wp-json\/wp\/v2\/types\/product"}],"wp:featuredmedia":[{"embeddable":true,"href":"https:\/\/spectrebaltics.com\/en\/wp-json\/wp\/v2\/media\/9086"}],"wp:attachment":[{"href":"https:\/\/spectrebaltics.com\/en\/wp-json\/wp\/v2\/media?parent=9085"}],"wp:term":[{"taxonomy":"product_cat","embeddable":true,"href":"https:\/\/spectrebaltics.com\/en\/wp-json\/wp\/v2\/product_cat?post=9085"},{"taxonomy":"product_tag","embeddable":true,"href":"https:\/\/spectrebaltics.com\/en\/wp-json\/wp\/v2\/product_tag?post=9085"}],"curies":[{"name":"wp","href":"https:\/\/api.w.org\/{rel}","templated":true}]}}