{"id":9100,"date":"2024-05-31T12:56:32","date_gmt":"2024-05-31T12:56:32","guid":{"rendered":"https:\/\/spectrebaltics.com\/?post_type=product&#038;p=9100"},"modified":"2024-05-31T12:56:32","modified_gmt":"2024-05-31T12:56:32","slug":"tyrolit-lihvketas-150x6-0x22-a30q-bf-inox-steel","status":"publish","type":"product","link":"https:\/\/spectrebaltics.com\/en\/toode\/tyrolit-lihvketas-150x6-0x22-a30q-bf-inox-steel\/","title":{"rendered":"Tyrolit Lihvketas 150&#215;6.0x22 A30Q BF Inox+Steel"},"content":{"rendered":"<p>BASIC 2in1 t\u00f6\u00f6tlemata lihvimisketas sobib k\u00f5ige paremini kiireteks ja mugavateks lihvimist\u00f6\u00f6deks. Selle t\u00f6\u00f6tlemata lihvketta teeb ainulaadseks t\u00f6\u00f6riista kaldus ja m\u00e4\u00e4ratletud Comfort Start serv. See tagab kasutajale mugava alguse lihvimisel ja suurendab t\u00f6\u00f6mugavust kordades. See ratas on universaalne erinevate terase ja roostevaba terase pindade ja servade lihvimiseks ning see ei tohiks puududa \u00fchestki t\u00f6\u00f6riistakastist.<\/p>\n<p>Kiire ja mugav t\u00f6\u00f6<br \/>\nUniversaalne rakendus<br \/>\nMugav start meeldivaks alguseks<\/p>\n","protected":false},"excerpt":{"rendered":"<p>BASIC 2in1 t\u00f6\u00f6tlemata lihvimisketas sobib k\u00f5ige paremini kiireteks ja mugavateks lihvimist\u00f6\u00f6deks. Selle t\u00f6\u00f6tlemata lihvketta teeb ainulaadseks t\u00f6\u00f6riista kaldus ja m\u00e4\u00e4ratletud Comfort Start serv. See tagab kasutajale mugava alguse lihvimisel ja suurendab t\u00f6\u00f6mugavust kordades. See ratas on universaalne erinevate terase ja roostevaba terase pindade ja servade lihvimiseks ning see ei tohiks puududa \u00fchestki t\u00f6\u00f6riistakastist. Kiire ja&#8230;<\/p>\n","protected":false},"featured_media":9101,"template":"","meta":[],"product_cat":[89,92],"product_tag":[],"yoast_head":"<!-- This site is optimized with the Yoast SEO plugin v18.4.1 - https:\/\/yoast.com\/wordpress\/plugins\/seo\/ -->\n<title>Tyrolit Lihvketas 150x6.0x22 A30Q BF Inox+Steel<\/title>\n<meta name=\"robots\" content=\"index, follow, max-snippet:-1, max-image-preview:large, max-video-preview:-1\" \/>\n<link rel=\"canonical\" href=\"https:\/\/spectrebaltics.com\/toode\/tyrolit-lihvketas-150x6-0x22-a30q-bf-inox-steel\/\" \/>\n<meta property=\"og:locale\" content=\"en_US\" \/>\n<meta property=\"og:type\" content=\"article\" \/>\n<meta property=\"og:title\" content=\"Tyrolit Lihvketas 150x6.0x22 A30Q BF Inox+Steel\" \/>\n<meta property=\"og:description\" content=\"BASIC 2in1 t\u00f6\u00f6tlemata lihvimisketas sobib k\u00f5ige paremini kiireteks ja mugavateks lihvimist\u00f6\u00f6deks. Selle t\u00f6\u00f6tlemata lihvketta teeb ainulaadseks t\u00f6\u00f6riista kaldus ja m\u00e4\u00e4ratletud Comfort Start serv. See tagab kasutajale mugava alguse lihvimisel ja suurendab t\u00f6\u00f6mugavust kordades. See ratas on universaalne erinevate terase ja roostevaba terase pindade ja servade lihvimiseks ning see ei tohiks puududa \u00fchestki t\u00f6\u00f6riistakastist. Kiire ja...\" \/>\n<meta property=\"og:url\" content=\"https:\/\/spectrebaltics.com\/toode\/tyrolit-lihvketas-150x6-0x22-a30q-bf-inox-steel\/\" \/>\n<meta property=\"og:site_name\" content=\"Spectrebaltics\" \/>\n<meta name=\"twitter:card\" content=\"summary_large_image\" \/>\n<meta name=\"twitter:image\" content=\"https:\/\/spectrebaltics.com\/wp-content\/uploads\/2024\/05\/1.png\" \/>\n<script type=\"application\/ld+json\" class=\"yoast-schema-graph\">{\"@context\":\"https:\/\/schema.org\",\"@graph\":[{\"@type\":\"Organization\",\"@id\":\"https:\/\/spectrebaltics.com\/ru\/#organization\",\"name\":\"Spectrebaltics\",\"url\":\"https:\/\/spectrebaltics.com\/ru\/\",\"sameAs\":[],\"logo\":{\"@type\":\"ImageObject\",\"@id\":\"https:\/\/spectrebaltics.com\/ru\/#logo\",\"inLanguage\":\"en-US\",\"url\":\"https:\/\/spectrebaltics.com\/wp-content\/uploads\/2024\/03\/Spectrebaltics-logo.svg\",\"contentUrl\":\"https:\/\/spectrebaltics.com\/wp-content\/uploads\/2024\/03\/Spectrebaltics-logo.svg\",\"caption\":\"Spectrebaltics\"},\"image\":{\"@id\":\"https:\/\/spectrebaltics.com\/ru\/#logo\"}},{\"@type\":\"WebSite\",\"@id\":\"https:\/\/spectrebaltics.com\/ru\/#website\",\"url\":\"https:\/\/spectrebaltics.com\/ru\/\",\"name\":\"Spectrebaltics\",\"description\":\"\",\"publisher\":{\"@id\":\"https:\/\/spectrebaltics.com\/ru\/#organization\"},\"potentialAction\":[{\"@type\":\"SearchAction\",\"target\":{\"@type\":\"EntryPoint\",\"urlTemplate\":\"https:\/\/spectrebaltics.com\/ru\/?s={search_term_string}\"},\"query-input\":\"required name=search_term_string\"}],\"inLanguage\":\"en-US\"},{\"@type\":\"ImageObject\",\"@id\":\"https:\/\/spectrebaltics.com\/toode\/tyrolit-lihvketas-150x6-0x22-a30q-bf-inox-steel\/#primaryimage\",\"inLanguage\":\"en-US\",\"url\":\"https:\/\/spectrebaltics.com\/wp-content\/uploads\/2024\/05\/1.png\",\"contentUrl\":\"https:\/\/spectrebaltics.com\/wp-content\/uploads\/2024\/05\/1.png\",\"width\":800,\"height\":785},{\"@type\":\"WebPage\",\"@id\":\"https:\/\/spectrebaltics.com\/toode\/tyrolit-lihvketas-150x6-0x22-a30q-bf-inox-steel\/#webpage\",\"url\":\"https:\/\/spectrebaltics.com\/toode\/tyrolit-lihvketas-150x6-0x22-a30q-bf-inox-steel\/\",\"name\":\"Tyrolit Lihvketas 150x6.0x22 A30Q BF Inox+Steel\",\"isPartOf\":{\"@id\":\"https:\/\/spectrebaltics.com\/ru\/#website\"},\"primaryImageOfPage\":{\"@id\":\"https:\/\/spectrebaltics.com\/toode\/tyrolit-lihvketas-150x6-0x22-a30q-bf-inox-steel\/#primaryimage\"},\"datePublished\":\"2024-05-31T12:56:32+00:00\",\"dateModified\":\"2024-05-31T12:56:32+00:00\",\"breadcrumb\":{\"@id\":\"https:\/\/spectrebaltics.com\/toode\/tyrolit-lihvketas-150x6-0x22-a30q-bf-inox-steel\/#breadcrumb\"},\"inLanguage\":\"en-US\",\"potentialAction\":[{\"@type\":\"ReadAction\",\"target\":[\"https:\/\/spectrebaltics.com\/toode\/tyrolit-lihvketas-150x6-0x22-a30q-bf-inox-steel\/\"]}]},{\"@type\":\"BreadcrumbList\",\"@id\":\"https:\/\/spectrebaltics.com\/toode\/tyrolit-lihvketas-150x6-0x22-a30q-bf-inox-steel\/#breadcrumb\",\"itemListElement\":[{\"@type\":\"ListItem\",\"position\":1,\"name\":\"Home\",\"item\":\"https:\/\/spectrebaltics.com\/en\/\"},{\"@type\":\"ListItem\",\"position\":2,\"name\":\"Catalogue\",\"item\":\"https:\/\/spectrebaltics.com\/en\/catalogue\/\"},{\"@type\":\"ListItem\",\"position\":3,\"name\":\"Tyrolit Lihvketas 150&#215;6.0x22 A30Q BF Inox+Steel\"}]}]}<\/script>\n<!-- \/ Yoast SEO plugin. -->","yoast_head_json":{"title":"Tyrolit Lihvketas 150x6.0x22 A30Q BF Inox+Steel","robots":{"index":"index","follow":"follow","max-snippet":"max-snippet:-1","max-image-preview":"max-image-preview:large","max-video-preview":"max-video-preview:-1"},"canonical":"https:\/\/spectrebaltics.com\/toode\/tyrolit-lihvketas-150x6-0x22-a30q-bf-inox-steel\/","og_locale":"en_US","og_type":"article","og_title":"Tyrolit Lihvketas 150x6.0x22 A30Q BF Inox+Steel","og_description":"BASIC 2in1 t\u00f6\u00f6tlemata lihvimisketas sobib k\u00f5ige paremini kiireteks ja mugavateks lihvimist\u00f6\u00f6deks. Selle t\u00f6\u00f6tlemata lihvketta teeb ainulaadseks t\u00f6\u00f6riista kaldus ja m\u00e4\u00e4ratletud Comfort Start serv. See tagab kasutajale mugava alguse lihvimisel ja suurendab t\u00f6\u00f6mugavust kordades. See ratas on universaalne erinevate terase ja roostevaba terase pindade ja servade lihvimiseks ning see ei tohiks puududa \u00fchestki t\u00f6\u00f6riistakastist. Kiire ja...","og_url":"https:\/\/spectrebaltics.com\/toode\/tyrolit-lihvketas-150x6-0x22-a30q-bf-inox-steel\/","og_site_name":"Spectrebaltics","twitter_card":"summary_large_image","twitter_image":"https:\/\/spectrebaltics.com\/wp-content\/uploads\/2024\/05\/1.png","schema":{"@context":"https:\/\/schema.org","@graph":[{"@type":"Organization","@id":"https:\/\/spectrebaltics.com\/ru\/#organization","name":"Spectrebaltics","url":"https:\/\/spectrebaltics.com\/ru\/","sameAs":[],"logo":{"@type":"ImageObject","@id":"https:\/\/spectrebaltics.com\/ru\/#logo","inLanguage":"en-US","url":"https:\/\/spectrebaltics.com\/wp-content\/uploads\/2024\/03\/Spectrebaltics-logo.svg","contentUrl":"https:\/\/spectrebaltics.com\/wp-content\/uploads\/2024\/03\/Spectrebaltics-logo.svg","caption":"Spectrebaltics"},"image":{"@id":"https:\/\/spectrebaltics.com\/ru\/#logo"}},{"@type":"WebSite","@id":"https:\/\/spectrebaltics.com\/ru\/#website","url":"https:\/\/spectrebaltics.com\/ru\/","name":"Spectrebaltics","description":"","publisher":{"@id":"https:\/\/spectrebaltics.com\/ru\/#organization"},"potentialAction":[{"@type":"SearchAction","target":{"@type":"EntryPoint","urlTemplate":"https:\/\/spectrebaltics.com\/ru\/?s={search_term_string}"},"query-input":"required name=search_term_string"}],"inLanguage":"en-US"},{"@type":"ImageObject","@id":"https:\/\/spectrebaltics.com\/toode\/tyrolit-lihvketas-150x6-0x22-a30q-bf-inox-steel\/#primaryimage","inLanguage":"en-US","url":"https:\/\/spectrebaltics.com\/wp-content\/uploads\/2024\/05\/1.png","contentUrl":"https:\/\/spectrebaltics.com\/wp-content\/uploads\/2024\/05\/1.png","width":800,"height":785},{"@type":"WebPage","@id":"https:\/\/spectrebaltics.com\/toode\/tyrolit-lihvketas-150x6-0x22-a30q-bf-inox-steel\/#webpage","url":"https:\/\/spectrebaltics.com\/toode\/tyrolit-lihvketas-150x6-0x22-a30q-bf-inox-steel\/","name":"Tyrolit Lihvketas 150x6.0x22 A30Q BF Inox+Steel","isPartOf":{"@id":"https:\/\/spectrebaltics.com\/ru\/#website"},"primaryImageOfPage":{"@id":"https:\/\/spectrebaltics.com\/toode\/tyrolit-lihvketas-150x6-0x22-a30q-bf-inox-steel\/#primaryimage"},"datePublished":"2024-05-31T12:56:32+00:00","dateModified":"2024-05-31T12:56:32+00:00","breadcrumb":{"@id":"https:\/\/spectrebaltics.com\/toode\/tyrolit-lihvketas-150x6-0x22-a30q-bf-inox-steel\/#breadcrumb"},"inLanguage":"en-US","potentialAction":[{"@type":"ReadAction","target":["https:\/\/spectrebaltics.com\/toode\/tyrolit-lihvketas-150x6-0x22-a30q-bf-inox-steel\/"]}]},{"@type":"BreadcrumbList","@id":"https:\/\/spectrebaltics.com\/toode\/tyrolit-lihvketas-150x6-0x22-a30q-bf-inox-steel\/#breadcrumb","itemListElement":[{"@type":"ListItem","position":1,"name":"Home","item":"https:\/\/spectrebaltics.com\/en\/"},{"@type":"ListItem","position":2,"name":"Catalogue","item":"https:\/\/spectrebaltics.com\/en\/catalogue\/"},{"@type":"ListItem","position":3,"name":"Tyrolit Lihvketas 150&#215;6.0x22 A30Q BF Inox+Steel"}]}]}},"_links":{"self":[{"href":"https:\/\/spectrebaltics.com\/en\/wp-json\/wp\/v2\/product\/9100"}],"collection":[{"href":"https:\/\/spectrebaltics.com\/en\/wp-json\/wp\/v2\/product"}],"about":[{"href":"https:\/\/spectrebaltics.com\/en\/wp-json\/wp\/v2\/types\/product"}],"wp:featuredmedia":[{"embeddable":true,"href":"https:\/\/spectrebaltics.com\/en\/wp-json\/wp\/v2\/media\/9101"}],"wp:attachment":[{"href":"https:\/\/spectrebaltics.com\/en\/wp-json\/wp\/v2\/media?parent=9100"}],"wp:term":[{"taxonomy":"product_cat","embeddable":true,"href":"https:\/\/spectrebaltics.com\/en\/wp-json\/wp\/v2\/product_cat?post=9100"},{"taxonomy":"product_tag","embeddable":true,"href":"https:\/\/spectrebaltics.com\/en\/wp-json\/wp\/v2\/product_tag?post=9100"}],"curies":[{"name":"wp","href":"https:\/\/api.w.org\/{rel}","templated":true}]}}