{"id":9104,"date":"2024-05-31T12:57:54","date_gmt":"2024-05-31T12:57:54","guid":{"rendered":"https:\/\/spectrebaltics.com\/?post_type=product&#038;p=9104"},"modified":"2024-05-31T12:57:54","modified_gmt":"2024-05-31T12:57:54","slug":"tyrolit-lihvketas-150x7-0x22-ca24-q-bfk-new-cerabond","status":"publish","type":"product","link":"https:\/\/spectrebaltics.com\/en\/toode\/tyrolit-lihvketas-150x7-0x22-ca24-q-bfk-new-cerabond\/","title":{"rendered":"Tyrolit Lihvketas 150&#215;7.0x22 CA24 Q BFK NEW CERABOND"},"content":{"rendered":"<p><span>Ideaalne n\u00e4iteks k\u00f5va terase ja roostevaba terase pindade lihvimiseks servade lihvimine, pinna lihvimine v\u00f5i keevis\u00f5mbluste eemaldamine<\/span><br \/>\n<span>4 mm paksus perifeerse lihvimise jaoks<\/span><br \/>\n<span>7 mm paksus t\u00f6\u00f6tlemata lihvimiseks<\/span><br \/>\n<span>Kiireim lihvimine t\u00e4nu kasutatud keraamilise tera struktuurile<\/span><br \/>\n<span>\u00dchtlane abrasiivsus t\u00e4nu uue sideme kombinatsioonile s\u00fcsteem ja keraamiline tera<\/span><\/p>\n","protected":false},"excerpt":{"rendered":"<p>Ideaalne n\u00e4iteks k\u00f5va terase ja roostevaba terase pindade lihvimiseks servade lihvimine, pinna lihvimine v\u00f5i keevis\u00f5mbluste eemaldamine 4 mm paksus perifeerse lihvimise jaoks 7 mm paksus t\u00f6\u00f6tlemata lihvimiseks Kiireim lihvimine t\u00e4nu kasutatud keraamilise tera struktuurile \u00dchtlane abrasiivsus t\u00e4nu uue sideme kombinatsioonile s\u00fcsteem ja keraamiline tera<\/p>\n","protected":false},"featured_media":9065,"template":"","meta":[],"product_cat":[89,92],"product_tag":[],"yoast_head":"<!-- This site is optimized with the Yoast SEO plugin v18.4.1 - https:\/\/yoast.com\/wordpress\/plugins\/seo\/ -->\n<title>Tyrolit Lihvketas 150x7.0x22 CA24 Q BFK NEW CERABOND<\/title>\n<meta name=\"robots\" content=\"index, follow, max-snippet:-1, max-image-preview:large, max-video-preview:-1\" \/>\n<link rel=\"canonical\" href=\"https:\/\/spectrebaltics.com\/toode\/tyrolit-lihvketas-150x7-0x22-ca24-q-bfk-new-cerabond\/\" \/>\n<meta property=\"og:locale\" content=\"en_US\" \/>\n<meta property=\"og:type\" content=\"article\" \/>\n<meta property=\"og:title\" content=\"Tyrolit Lihvketas 150x7.0x22 CA24 Q BFK NEW CERABOND\" \/>\n<meta property=\"og:description\" content=\"Ideaalne n\u00e4iteks k\u00f5va terase ja roostevaba terase pindade lihvimiseks servade lihvimine, pinna lihvimine v\u00f5i keevis\u00f5mbluste eemaldamine 4 mm paksus perifeerse lihvimise jaoks 7 mm paksus t\u00f6\u00f6tlemata lihvimiseks Kiireim lihvimine t\u00e4nu kasutatud keraamilise tera struktuurile \u00dchtlane abrasiivsus t\u00e4nu uue sideme kombinatsioonile s\u00fcsteem ja keraamiline tera\" \/>\n<meta property=\"og:url\" content=\"https:\/\/spectrebaltics.com\/toode\/tyrolit-lihvketas-150x7-0x22-ca24-q-bfk-new-cerabond\/\" \/>\n<meta property=\"og:site_name\" content=\"Spectrebaltics\" \/>\n<meta property=\"og:image\" content=\"https:\/\/spectrebaltics.com\/wp-content\/uploads\/2024\/05\/a_4000845211_01_all.jpg\" \/>\n\t<meta property=\"og:image:width\" content=\"700\" \/>\n\t<meta property=\"og:image:height\" content=\"700\" \/>\n\t<meta property=\"og:image:type\" content=\"image\/jpeg\" \/>\n<meta name=\"twitter:card\" content=\"summary_large_image\" \/>\n<script type=\"application\/ld+json\" class=\"yoast-schema-graph\">{\"@context\":\"https:\/\/schema.org\",\"@graph\":[{\"@type\":\"Organization\",\"@id\":\"https:\/\/spectrebaltics.com\/ru\/#organization\",\"name\":\"Spectrebaltics\",\"url\":\"https:\/\/spectrebaltics.com\/ru\/\",\"sameAs\":[],\"logo\":{\"@type\":\"ImageObject\",\"@id\":\"https:\/\/spectrebaltics.com\/ru\/#logo\",\"inLanguage\":\"en-US\",\"url\":\"https:\/\/spectrebaltics.com\/wp-content\/uploads\/2024\/03\/Spectrebaltics-logo.svg\",\"contentUrl\":\"https:\/\/spectrebaltics.com\/wp-content\/uploads\/2024\/03\/Spectrebaltics-logo.svg\",\"caption\":\"Spectrebaltics\"},\"image\":{\"@id\":\"https:\/\/spectrebaltics.com\/ru\/#logo\"}},{\"@type\":\"WebSite\",\"@id\":\"https:\/\/spectrebaltics.com\/ru\/#website\",\"url\":\"https:\/\/spectrebaltics.com\/ru\/\",\"name\":\"Spectrebaltics\",\"description\":\"\",\"publisher\":{\"@id\":\"https:\/\/spectrebaltics.com\/ru\/#organization\"},\"potentialAction\":[{\"@type\":\"SearchAction\",\"target\":{\"@type\":\"EntryPoint\",\"urlTemplate\":\"https:\/\/spectrebaltics.com\/ru\/?s={search_term_string}\"},\"query-input\":\"required name=search_term_string\"}],\"inLanguage\":\"en-US\"},{\"@type\":\"ImageObject\",\"@id\":\"https:\/\/spectrebaltics.com\/toode\/tyrolit-lihvketas-150x7-0x22-ca24-q-bfk-new-cerabond\/#primaryimage\",\"inLanguage\":\"en-US\",\"url\":\"https:\/\/spectrebaltics.com\/wp-content\/uploads\/2024\/05\/a_4000845211_01_all.jpg\",\"contentUrl\":\"https:\/\/spectrebaltics.com\/wp-content\/uploads\/2024\/05\/a_4000845211_01_all.jpg\",\"width\":700,\"height\":700},{\"@type\":\"WebPage\",\"@id\":\"https:\/\/spectrebaltics.com\/toode\/tyrolit-lihvketas-150x7-0x22-ca24-q-bfk-new-cerabond\/#webpage\",\"url\":\"https:\/\/spectrebaltics.com\/toode\/tyrolit-lihvketas-150x7-0x22-ca24-q-bfk-new-cerabond\/\",\"name\":\"Tyrolit Lihvketas 150x7.0x22 CA24 Q BFK NEW CERABOND\",\"isPartOf\":{\"@id\":\"https:\/\/spectrebaltics.com\/ru\/#website\"},\"primaryImageOfPage\":{\"@id\":\"https:\/\/spectrebaltics.com\/toode\/tyrolit-lihvketas-150x7-0x22-ca24-q-bfk-new-cerabond\/#primaryimage\"},\"datePublished\":\"2024-05-31T12:57:54+00:00\",\"dateModified\":\"2024-05-31T12:57:54+00:00\",\"breadcrumb\":{\"@id\":\"https:\/\/spectrebaltics.com\/toode\/tyrolit-lihvketas-150x7-0x22-ca24-q-bfk-new-cerabond\/#breadcrumb\"},\"inLanguage\":\"en-US\",\"potentialAction\":[{\"@type\":\"ReadAction\",\"target\":[\"https:\/\/spectrebaltics.com\/toode\/tyrolit-lihvketas-150x7-0x22-ca24-q-bfk-new-cerabond\/\"]}]},{\"@type\":\"BreadcrumbList\",\"@id\":\"https:\/\/spectrebaltics.com\/toode\/tyrolit-lihvketas-150x7-0x22-ca24-q-bfk-new-cerabond\/#breadcrumb\",\"itemListElement\":[{\"@type\":\"ListItem\",\"position\":1,\"name\":\"Home\",\"item\":\"https:\/\/spectrebaltics.com\/en\/\"},{\"@type\":\"ListItem\",\"position\":2,\"name\":\"Catalogue\",\"item\":\"https:\/\/spectrebaltics.com\/en\/catalogue\/\"},{\"@type\":\"ListItem\",\"position\":3,\"name\":\"Tyrolit Lihvketas 150&#215;7.0x22 CA24 Q BFK NEW CERABOND\"}]}]}<\/script>\n<!-- \/ Yoast SEO plugin. -->","yoast_head_json":{"title":"Tyrolit Lihvketas 150x7.0x22 CA24 Q BFK NEW CERABOND","robots":{"index":"index","follow":"follow","max-snippet":"max-snippet:-1","max-image-preview":"max-image-preview:large","max-video-preview":"max-video-preview:-1"},"canonical":"https:\/\/spectrebaltics.com\/toode\/tyrolit-lihvketas-150x7-0x22-ca24-q-bfk-new-cerabond\/","og_locale":"en_US","og_type":"article","og_title":"Tyrolit Lihvketas 150x7.0x22 CA24 Q BFK NEW CERABOND","og_description":"Ideaalne n\u00e4iteks k\u00f5va terase ja roostevaba terase pindade lihvimiseks servade lihvimine, pinna lihvimine v\u00f5i keevis\u00f5mbluste eemaldamine 4 mm paksus perifeerse lihvimise jaoks 7 mm paksus t\u00f6\u00f6tlemata lihvimiseks Kiireim lihvimine t\u00e4nu kasutatud keraamilise tera struktuurile \u00dchtlane abrasiivsus t\u00e4nu uue sideme kombinatsioonile s\u00fcsteem ja keraamiline tera","og_url":"https:\/\/spectrebaltics.com\/toode\/tyrolit-lihvketas-150x7-0x22-ca24-q-bfk-new-cerabond\/","og_site_name":"Spectrebaltics","og_image":[{"width":700,"height":700,"url":"https:\/\/spectrebaltics.com\/wp-content\/uploads\/2024\/05\/a_4000845211_01_all.jpg","type":"image\/jpeg"}],"twitter_card":"summary_large_image","schema":{"@context":"https:\/\/schema.org","@graph":[{"@type":"Organization","@id":"https:\/\/spectrebaltics.com\/ru\/#organization","name":"Spectrebaltics","url":"https:\/\/spectrebaltics.com\/ru\/","sameAs":[],"logo":{"@type":"ImageObject","@id":"https:\/\/spectrebaltics.com\/ru\/#logo","inLanguage":"en-US","url":"https:\/\/spectrebaltics.com\/wp-content\/uploads\/2024\/03\/Spectrebaltics-logo.svg","contentUrl":"https:\/\/spectrebaltics.com\/wp-content\/uploads\/2024\/03\/Spectrebaltics-logo.svg","caption":"Spectrebaltics"},"image":{"@id":"https:\/\/spectrebaltics.com\/ru\/#logo"}},{"@type":"WebSite","@id":"https:\/\/spectrebaltics.com\/ru\/#website","url":"https:\/\/spectrebaltics.com\/ru\/","name":"Spectrebaltics","description":"","publisher":{"@id":"https:\/\/spectrebaltics.com\/ru\/#organization"},"potentialAction":[{"@type":"SearchAction","target":{"@type":"EntryPoint","urlTemplate":"https:\/\/spectrebaltics.com\/ru\/?s={search_term_string}"},"query-input":"required name=search_term_string"}],"inLanguage":"en-US"},{"@type":"ImageObject","@id":"https:\/\/spectrebaltics.com\/toode\/tyrolit-lihvketas-150x7-0x22-ca24-q-bfk-new-cerabond\/#primaryimage","inLanguage":"en-US","url":"https:\/\/spectrebaltics.com\/wp-content\/uploads\/2024\/05\/a_4000845211_01_all.jpg","contentUrl":"https:\/\/spectrebaltics.com\/wp-content\/uploads\/2024\/05\/a_4000845211_01_all.jpg","width":700,"height":700},{"@type":"WebPage","@id":"https:\/\/spectrebaltics.com\/toode\/tyrolit-lihvketas-150x7-0x22-ca24-q-bfk-new-cerabond\/#webpage","url":"https:\/\/spectrebaltics.com\/toode\/tyrolit-lihvketas-150x7-0x22-ca24-q-bfk-new-cerabond\/","name":"Tyrolit Lihvketas 150x7.0x22 CA24 Q BFK NEW CERABOND","isPartOf":{"@id":"https:\/\/spectrebaltics.com\/ru\/#website"},"primaryImageOfPage":{"@id":"https:\/\/spectrebaltics.com\/toode\/tyrolit-lihvketas-150x7-0x22-ca24-q-bfk-new-cerabond\/#primaryimage"},"datePublished":"2024-05-31T12:57:54+00:00","dateModified":"2024-05-31T12:57:54+00:00","breadcrumb":{"@id":"https:\/\/spectrebaltics.com\/toode\/tyrolit-lihvketas-150x7-0x22-ca24-q-bfk-new-cerabond\/#breadcrumb"},"inLanguage":"en-US","potentialAction":[{"@type":"ReadAction","target":["https:\/\/spectrebaltics.com\/toode\/tyrolit-lihvketas-150x7-0x22-ca24-q-bfk-new-cerabond\/"]}]},{"@type":"BreadcrumbList","@id":"https:\/\/spectrebaltics.com\/toode\/tyrolit-lihvketas-150x7-0x22-ca24-q-bfk-new-cerabond\/#breadcrumb","itemListElement":[{"@type":"ListItem","position":1,"name":"Home","item":"https:\/\/spectrebaltics.com\/en\/"},{"@type":"ListItem","position":2,"name":"Catalogue","item":"https:\/\/spectrebaltics.com\/en\/catalogue\/"},{"@type":"ListItem","position":3,"name":"Tyrolit Lihvketas 150&#215;7.0x22 CA24 Q BFK NEW CERABOND"}]}]}},"_links":{"self":[{"href":"https:\/\/spectrebaltics.com\/en\/wp-json\/wp\/v2\/product\/9104"}],"collection":[{"href":"https:\/\/spectrebaltics.com\/en\/wp-json\/wp\/v2\/product"}],"about":[{"href":"https:\/\/spectrebaltics.com\/en\/wp-json\/wp\/v2\/types\/product"}],"wp:featuredmedia":[{"embeddable":true,"href":"https:\/\/spectrebaltics.com\/en\/wp-json\/wp\/v2\/media\/9065"}],"wp:attachment":[{"href":"https:\/\/spectrebaltics.com\/en\/wp-json\/wp\/v2\/media?parent=9104"}],"wp:term":[{"taxonomy":"product_cat","embeddable":true,"href":"https:\/\/spectrebaltics.com\/en\/wp-json\/wp\/v2\/product_cat?post=9104"},{"taxonomy":"product_tag","embeddable":true,"href":"https:\/\/spectrebaltics.com\/en\/wp-json\/wp\/v2\/product_tag?post=9104"}],"curies":[{"name":"wp","href":"https:\/\/api.w.org\/{rel}","templated":true}]}}