{"id":9119,"date":"2024-05-31T13:07:45","date_gmt":"2024-05-31T13:07:45","guid":{"rendered":"https:\/\/spectrebaltics.com\/?post_type=product&#038;p=9119"},"modified":"2024-05-31T13:07:45","modified_gmt":"2024-05-31T13:07:45","slug":"tyrolit-lihvketas-27-125-x-70-x-222-a24-q-bfx-inox-steel","status":"publish","type":"product","link":"https:\/\/spectrebaltics.com\/en\/toode\/tyrolit-lihvketas-27-125-x-70-x-222-a24-q-bfx-inox-steel\/","title":{"rendered":"Tyrolit Lihvketas 27*** 125 x 7,0 x 22,2 A24 Q BFX INOX + STEEL"},"content":{"rendered":"<p>PREMIUM 2in1 lihvketas on ideaalne t\u00f6\u00f6riist kiireteks ja mugavateks lihvimist\u00f6\u00f6deks. Selle t\u00f6\u00f6tlemata lihvketta teeb ainulaadseks t\u00f6\u00f6riista kaldus ja m\u00e4\u00e4ratletud Comfort Start serv. See annab operaatorile lihvimisel mugava alguse ja suurendab t\u00f6\u00f6mugavust kordades. Lisaks on see toode valmistatud j\u00e4medama tera ja uue kihi koostisega, mis muudab need \u00e4\u00e4rmiselt agressiivseks ja vastupidavaks. PREMIUM 2in1 lihvkettaga on lihvimist\u00f6\u00f6d ilma suurema vaevata tagatud.<\/p>\n","protected":false},"excerpt":{"rendered":"<p>PREMIUM 2in1 lihvketas on ideaalne t\u00f6\u00f6riist kiireteks ja mugavateks lihvimist\u00f6\u00f6deks. Selle t\u00f6\u00f6tlemata lihvketta teeb ainulaadseks t\u00f6\u00f6riista kaldus ja m\u00e4\u00e4ratletud Comfort Start serv. See annab operaatorile lihvimisel mugava alguse ja suurendab t\u00f6\u00f6mugavust kordades. Lisaks on see toode valmistatud j\u00e4medama tera ja uue kihi koostisega, mis muudab need \u00e4\u00e4rmiselt agressiivseks ja vastupidavaks. PREMIUM 2in1 lihvkettaga on lihvimist\u00f6\u00f6d&#8230;<\/p>\n","protected":false},"featured_media":9120,"template":"","meta":[],"product_cat":[89,92],"product_tag":[],"yoast_head":"<!-- This site is optimized with the Yoast SEO plugin v18.4.1 - https:\/\/yoast.com\/wordpress\/plugins\/seo\/ -->\n<title>Tyrolit Lihvketas 27*** 125 x 7,0 x 22,2 A24 Q BFX INOX + STEEL<\/title>\n<meta name=\"robots\" content=\"index, follow, max-snippet:-1, max-image-preview:large, max-video-preview:-1\" \/>\n<link rel=\"canonical\" href=\"https:\/\/spectrebaltics.com\/toode\/tyrolit-lihvketas-27-125-x-70-x-222-a24-q-bfx-inox-steel\/\" \/>\n<meta property=\"og:locale\" content=\"en_US\" \/>\n<meta property=\"og:type\" content=\"article\" \/>\n<meta property=\"og:title\" content=\"Tyrolit Lihvketas 27*** 125 x 7,0 x 22,2 A24 Q BFX INOX + STEEL\" \/>\n<meta property=\"og:description\" content=\"PREMIUM 2in1 lihvketas on ideaalne t\u00f6\u00f6riist kiireteks ja mugavateks lihvimist\u00f6\u00f6deks. Selle t\u00f6\u00f6tlemata lihvketta teeb ainulaadseks t\u00f6\u00f6riista kaldus ja m\u00e4\u00e4ratletud Comfort Start serv. See annab operaatorile lihvimisel mugava alguse ja suurendab t\u00f6\u00f6mugavust kordades. Lisaks on see toode valmistatud j\u00e4medama tera ja uue kihi koostisega, mis muudab need \u00e4\u00e4rmiselt agressiivseks ja vastupidavaks. PREMIUM 2in1 lihvkettaga on lihvimist\u00f6\u00f6d...\" \/>\n<meta property=\"og:url\" content=\"https:\/\/spectrebaltics.com\/toode\/tyrolit-lihvketas-27-125-x-70-x-222-a24-q-bfx-inox-steel\/\" \/>\n<meta property=\"og:site_name\" content=\"Spectrebaltics\" \/>\n<meta property=\"og:image\" content=\"https:\/\/spectrebaltics.com\/wp-content\/uploads\/2024\/05\/6131.jpg\" \/>\n\t<meta property=\"og:image:width\" content=\"648\" \/>\n\t<meta property=\"og:image:height\" content=\"648\" \/>\n\t<meta property=\"og:image:type\" content=\"image\/jpeg\" \/>\n<meta name=\"twitter:card\" content=\"summary_large_image\" \/>\n<script type=\"application\/ld+json\" class=\"yoast-schema-graph\">{\"@context\":\"https:\/\/schema.org\",\"@graph\":[{\"@type\":\"Organization\",\"@id\":\"https:\/\/spectrebaltics.com\/ru\/#organization\",\"name\":\"Spectrebaltics\",\"url\":\"https:\/\/spectrebaltics.com\/ru\/\",\"sameAs\":[],\"logo\":{\"@type\":\"ImageObject\",\"@id\":\"https:\/\/spectrebaltics.com\/ru\/#logo\",\"inLanguage\":\"en-US\",\"url\":\"https:\/\/spectrebaltics.com\/wp-content\/uploads\/2024\/03\/Spectrebaltics-logo.svg\",\"contentUrl\":\"https:\/\/spectrebaltics.com\/wp-content\/uploads\/2024\/03\/Spectrebaltics-logo.svg\",\"caption\":\"Spectrebaltics\"},\"image\":{\"@id\":\"https:\/\/spectrebaltics.com\/ru\/#logo\"}},{\"@type\":\"WebSite\",\"@id\":\"https:\/\/spectrebaltics.com\/ru\/#website\",\"url\":\"https:\/\/spectrebaltics.com\/ru\/\",\"name\":\"Spectrebaltics\",\"description\":\"\",\"publisher\":{\"@id\":\"https:\/\/spectrebaltics.com\/ru\/#organization\"},\"potentialAction\":[{\"@type\":\"SearchAction\",\"target\":{\"@type\":\"EntryPoint\",\"urlTemplate\":\"https:\/\/spectrebaltics.com\/ru\/?s={search_term_string}\"},\"query-input\":\"required name=search_term_string\"}],\"inLanguage\":\"en-US\"},{\"@type\":\"ImageObject\",\"@id\":\"https:\/\/spectrebaltics.com\/toode\/tyrolit-lihvketas-27-125-x-70-x-222-a24-q-bfx-inox-steel\/#primaryimage\",\"inLanguage\":\"en-US\",\"url\":\"https:\/\/spectrebaltics.com\/wp-content\/uploads\/2024\/05\/6131.jpg\",\"contentUrl\":\"https:\/\/spectrebaltics.com\/wp-content\/uploads\/2024\/05\/6131.jpg\",\"width\":648,\"height\":648},{\"@type\":\"WebPage\",\"@id\":\"https:\/\/spectrebaltics.com\/toode\/tyrolit-lihvketas-27-125-x-70-x-222-a24-q-bfx-inox-steel\/#webpage\",\"url\":\"https:\/\/spectrebaltics.com\/toode\/tyrolit-lihvketas-27-125-x-70-x-222-a24-q-bfx-inox-steel\/\",\"name\":\"Tyrolit Lihvketas 27*** 125 x 7,0 x 22,2 A24 Q BFX INOX + STEEL\",\"isPartOf\":{\"@id\":\"https:\/\/spectrebaltics.com\/ru\/#website\"},\"primaryImageOfPage\":{\"@id\":\"https:\/\/spectrebaltics.com\/toode\/tyrolit-lihvketas-27-125-x-70-x-222-a24-q-bfx-inox-steel\/#primaryimage\"},\"datePublished\":\"2024-05-31T13:07:45+00:00\",\"dateModified\":\"2024-05-31T13:07:45+00:00\",\"breadcrumb\":{\"@id\":\"https:\/\/spectrebaltics.com\/toode\/tyrolit-lihvketas-27-125-x-70-x-222-a24-q-bfx-inox-steel\/#breadcrumb\"},\"inLanguage\":\"en-US\",\"potentialAction\":[{\"@type\":\"ReadAction\",\"target\":[\"https:\/\/spectrebaltics.com\/toode\/tyrolit-lihvketas-27-125-x-70-x-222-a24-q-bfx-inox-steel\/\"]}]},{\"@type\":\"BreadcrumbList\",\"@id\":\"https:\/\/spectrebaltics.com\/toode\/tyrolit-lihvketas-27-125-x-70-x-222-a24-q-bfx-inox-steel\/#breadcrumb\",\"itemListElement\":[{\"@type\":\"ListItem\",\"position\":1,\"name\":\"Home\",\"item\":\"https:\/\/spectrebaltics.com\/en\/\"},{\"@type\":\"ListItem\",\"position\":2,\"name\":\"Catalogue\",\"item\":\"https:\/\/spectrebaltics.com\/en\/catalogue\/\"},{\"@type\":\"ListItem\",\"position\":3,\"name\":\"Tyrolit Lihvketas 27*** 125 x 7,0 x 22,2 A24 Q BFX INOX + STEEL\"}]}]}<\/script>\n<!-- \/ Yoast SEO plugin. -->","yoast_head_json":{"title":"Tyrolit Lihvketas 27*** 125 x 7,0 x 22,2 A24 Q BFX INOX + STEEL","robots":{"index":"index","follow":"follow","max-snippet":"max-snippet:-1","max-image-preview":"max-image-preview:large","max-video-preview":"max-video-preview:-1"},"canonical":"https:\/\/spectrebaltics.com\/toode\/tyrolit-lihvketas-27-125-x-70-x-222-a24-q-bfx-inox-steel\/","og_locale":"en_US","og_type":"article","og_title":"Tyrolit Lihvketas 27*** 125 x 7,0 x 22,2 A24 Q BFX INOX + STEEL","og_description":"PREMIUM 2in1 lihvketas on ideaalne t\u00f6\u00f6riist kiireteks ja mugavateks lihvimist\u00f6\u00f6deks. Selle t\u00f6\u00f6tlemata lihvketta teeb ainulaadseks t\u00f6\u00f6riista kaldus ja m\u00e4\u00e4ratletud Comfort Start serv. See annab operaatorile lihvimisel mugava alguse ja suurendab t\u00f6\u00f6mugavust kordades. Lisaks on see toode valmistatud j\u00e4medama tera ja uue kihi koostisega, mis muudab need \u00e4\u00e4rmiselt agressiivseks ja vastupidavaks. PREMIUM 2in1 lihvkettaga on lihvimist\u00f6\u00f6d...","og_url":"https:\/\/spectrebaltics.com\/toode\/tyrolit-lihvketas-27-125-x-70-x-222-a24-q-bfx-inox-steel\/","og_site_name":"Spectrebaltics","og_image":[{"width":648,"height":648,"url":"https:\/\/spectrebaltics.com\/wp-content\/uploads\/2024\/05\/6131.jpg","type":"image\/jpeg"}],"twitter_card":"summary_large_image","schema":{"@context":"https:\/\/schema.org","@graph":[{"@type":"Organization","@id":"https:\/\/spectrebaltics.com\/ru\/#organization","name":"Spectrebaltics","url":"https:\/\/spectrebaltics.com\/ru\/","sameAs":[],"logo":{"@type":"ImageObject","@id":"https:\/\/spectrebaltics.com\/ru\/#logo","inLanguage":"en-US","url":"https:\/\/spectrebaltics.com\/wp-content\/uploads\/2024\/03\/Spectrebaltics-logo.svg","contentUrl":"https:\/\/spectrebaltics.com\/wp-content\/uploads\/2024\/03\/Spectrebaltics-logo.svg","caption":"Spectrebaltics"},"image":{"@id":"https:\/\/spectrebaltics.com\/ru\/#logo"}},{"@type":"WebSite","@id":"https:\/\/spectrebaltics.com\/ru\/#website","url":"https:\/\/spectrebaltics.com\/ru\/","name":"Spectrebaltics","description":"","publisher":{"@id":"https:\/\/spectrebaltics.com\/ru\/#organization"},"potentialAction":[{"@type":"SearchAction","target":{"@type":"EntryPoint","urlTemplate":"https:\/\/spectrebaltics.com\/ru\/?s={search_term_string}"},"query-input":"required name=search_term_string"}],"inLanguage":"en-US"},{"@type":"ImageObject","@id":"https:\/\/spectrebaltics.com\/toode\/tyrolit-lihvketas-27-125-x-70-x-222-a24-q-bfx-inox-steel\/#primaryimage","inLanguage":"en-US","url":"https:\/\/spectrebaltics.com\/wp-content\/uploads\/2024\/05\/6131.jpg","contentUrl":"https:\/\/spectrebaltics.com\/wp-content\/uploads\/2024\/05\/6131.jpg","width":648,"height":648},{"@type":"WebPage","@id":"https:\/\/spectrebaltics.com\/toode\/tyrolit-lihvketas-27-125-x-70-x-222-a24-q-bfx-inox-steel\/#webpage","url":"https:\/\/spectrebaltics.com\/toode\/tyrolit-lihvketas-27-125-x-70-x-222-a24-q-bfx-inox-steel\/","name":"Tyrolit Lihvketas 27*** 125 x 7,0 x 22,2 A24 Q BFX INOX + STEEL","isPartOf":{"@id":"https:\/\/spectrebaltics.com\/ru\/#website"},"primaryImageOfPage":{"@id":"https:\/\/spectrebaltics.com\/toode\/tyrolit-lihvketas-27-125-x-70-x-222-a24-q-bfx-inox-steel\/#primaryimage"},"datePublished":"2024-05-31T13:07:45+00:00","dateModified":"2024-05-31T13:07:45+00:00","breadcrumb":{"@id":"https:\/\/spectrebaltics.com\/toode\/tyrolit-lihvketas-27-125-x-70-x-222-a24-q-bfx-inox-steel\/#breadcrumb"},"inLanguage":"en-US","potentialAction":[{"@type":"ReadAction","target":["https:\/\/spectrebaltics.com\/toode\/tyrolit-lihvketas-27-125-x-70-x-222-a24-q-bfx-inox-steel\/"]}]},{"@type":"BreadcrumbList","@id":"https:\/\/spectrebaltics.com\/toode\/tyrolit-lihvketas-27-125-x-70-x-222-a24-q-bfx-inox-steel\/#breadcrumb","itemListElement":[{"@type":"ListItem","position":1,"name":"Home","item":"https:\/\/spectrebaltics.com\/en\/"},{"@type":"ListItem","position":2,"name":"Catalogue","item":"https:\/\/spectrebaltics.com\/en\/catalogue\/"},{"@type":"ListItem","position":3,"name":"Tyrolit Lihvketas 27*** 125 x 7,0 x 22,2 A24 Q BFX INOX + STEEL"}]}]}},"_links":{"self":[{"href":"https:\/\/spectrebaltics.com\/en\/wp-json\/wp\/v2\/product\/9119"}],"collection":[{"href":"https:\/\/spectrebaltics.com\/en\/wp-json\/wp\/v2\/product"}],"about":[{"href":"https:\/\/spectrebaltics.com\/en\/wp-json\/wp\/v2\/types\/product"}],"wp:featuredmedia":[{"embeddable":true,"href":"https:\/\/spectrebaltics.com\/en\/wp-json\/wp\/v2\/media\/9120"}],"wp:attachment":[{"href":"https:\/\/spectrebaltics.com\/en\/wp-json\/wp\/v2\/media?parent=9119"}],"wp:term":[{"taxonomy":"product_cat","embeddable":true,"href":"https:\/\/spectrebaltics.com\/en\/wp-json\/wp\/v2\/product_cat?post=9119"},{"taxonomy":"product_tag","embeddable":true,"href":"https:\/\/spectrebaltics.com\/en\/wp-json\/wp\/v2\/product_tag?post=9119"}],"curies":[{"name":"wp","href":"https:\/\/api.w.org\/{rel}","templated":true}]}}