{"id":9130,"date":"2024-06-03T06:04:39","date_gmt":"2024-06-03T06:04:39","guid":{"rendered":"https:\/\/spectrebaltics.com\/?post_type=product&#038;p=9130"},"modified":"2024-06-03T06:04:39","modified_gmt":"2024-06-03T06:04:39","slug":"tyrolit-52la-30x15x6-p060-silinderlamell","status":"publish","type":"product","link":"https:\/\/spectrebaltics.com\/en\/toode\/tyrolit-52la-30x15x6-p060-silinderlamell\/","title":{"rendered":"Tyrolit 52LA 30x15x6 P060 Silinderlamell"},"content":{"rendered":"<p>T\u00e4nu nende paindlikkusele saavad need t\u00f6\u00f6riistad optimaalselt kohaneda k\u00f5igi tooriku kontuuridega. Klapi tihvti radiaalselt paigutatud klappe saab kasutada mitmesugustel materjalidel ja v\u00f5imaldavad t\u00e4pset t\u00f6\u00f6d erinevates rakendustes, n\u00e4iteks matt, eelsoodustamine ja pinna puhastamine.<br \/>\nT\u00e4nu v\u00e4ga paindlikele liistudele saab isegi raskesti ligip\u00e4\u00e4setavaid alasid ilma probleemideta t\u00f6\u00f6delda.<\/p>\n<p>&nbsp;<\/p>\n","protected":false},"excerpt":{"rendered":"<p>T\u00e4nu nende paindlikkusele saavad need t\u00f6\u00f6riistad optimaalselt kohaneda k\u00f5igi tooriku kontuuridega. Klapi tihvti radiaalselt paigutatud klappe saab kasutada mitmesugustel materjalidel ja v\u00f5imaldavad t\u00e4pset t\u00f6\u00f6d erinevates rakendustes, n\u00e4iteks matt, eelsoodustamine ja pinna puhastamine. T\u00e4nu v\u00e4ga paindlikele liistudele saab isegi raskesti ligip\u00e4\u00e4setavaid alasid ilma probleemideta t\u00f6\u00f6delda. &nbsp;<\/p>\n","protected":false},"featured_media":9131,"template":"","meta":[],"product_cat":[89,91],"product_tag":[],"yoast_head":"<!-- This site is optimized with the Yoast SEO plugin v18.4.1 - https:\/\/yoast.com\/wordpress\/plugins\/seo\/ -->\n<title>Tyrolit 52LA 30x15x6 P060 Silinderlamell<\/title>\n<meta name=\"robots\" content=\"index, follow, max-snippet:-1, max-image-preview:large, max-video-preview:-1\" \/>\n<link rel=\"canonical\" href=\"https:\/\/spectrebaltics.com\/toode\/tyrolit-52la-30x15x6-p060-silinderlamell\/\" \/>\n<meta property=\"og:locale\" content=\"en_US\" \/>\n<meta property=\"og:type\" content=\"article\" \/>\n<meta property=\"og:title\" content=\"Tyrolit 52LA 30x15x6 P060 Silinderlamell\" \/>\n<meta property=\"og:description\" content=\"T\u00e4nu nende paindlikkusele saavad need t\u00f6\u00f6riistad optimaalselt kohaneda k\u00f5igi tooriku kontuuridega. Klapi tihvti radiaalselt paigutatud klappe saab kasutada mitmesugustel materjalidel ja v\u00f5imaldavad t\u00e4pset t\u00f6\u00f6d erinevates rakendustes, n\u00e4iteks matt, eelsoodustamine ja pinna puhastamine. T\u00e4nu v\u00e4ga paindlikele liistudele saab isegi raskesti ligip\u00e4\u00e4setavaid alasid ilma probleemideta t\u00f6\u00f6delda. &nbsp;\" \/>\n<meta property=\"og:url\" content=\"https:\/\/spectrebaltics.com\/toode\/tyrolit-52la-30x15x6-p060-silinderlamell\/\" \/>\n<meta property=\"og:site_name\" content=\"Spectrebaltics\" \/>\n<meta property=\"og:image\" content=\"https:\/\/spectrebaltics.com\/wp-content\/uploads\/2024\/06\/product-klium-1.jpg\" \/>\n\t<meta property=\"og:image:width\" content=\"220\" \/>\n\t<meta property=\"og:image:height\" content=\"300\" \/>\n\t<meta property=\"og:image:type\" content=\"image\/jpeg\" \/>\n<meta name=\"twitter:card\" content=\"summary_large_image\" \/>\n<script type=\"application\/ld+json\" class=\"yoast-schema-graph\">{\"@context\":\"https:\/\/schema.org\",\"@graph\":[{\"@type\":\"Organization\",\"@id\":\"https:\/\/spectrebaltics.com\/ru\/#organization\",\"name\":\"Spectrebaltics\",\"url\":\"https:\/\/spectrebaltics.com\/ru\/\",\"sameAs\":[],\"logo\":{\"@type\":\"ImageObject\",\"@id\":\"https:\/\/spectrebaltics.com\/ru\/#logo\",\"inLanguage\":\"en-US\",\"url\":\"https:\/\/spectrebaltics.com\/wp-content\/uploads\/2024\/03\/Spectrebaltics-logo.svg\",\"contentUrl\":\"https:\/\/spectrebaltics.com\/wp-content\/uploads\/2024\/03\/Spectrebaltics-logo.svg\",\"caption\":\"Spectrebaltics\"},\"image\":{\"@id\":\"https:\/\/spectrebaltics.com\/ru\/#logo\"}},{\"@type\":\"WebSite\",\"@id\":\"https:\/\/spectrebaltics.com\/ru\/#website\",\"url\":\"https:\/\/spectrebaltics.com\/ru\/\",\"name\":\"Spectrebaltics\",\"description\":\"\",\"publisher\":{\"@id\":\"https:\/\/spectrebaltics.com\/ru\/#organization\"},\"potentialAction\":[{\"@type\":\"SearchAction\",\"target\":{\"@type\":\"EntryPoint\",\"urlTemplate\":\"https:\/\/spectrebaltics.com\/ru\/?s={search_term_string}\"},\"query-input\":\"required name=search_term_string\"}],\"inLanguage\":\"en-US\"},{\"@type\":\"ImageObject\",\"@id\":\"https:\/\/spectrebaltics.com\/toode\/tyrolit-52la-30x15x6-p060-silinderlamell\/#primaryimage\",\"inLanguage\":\"en-US\",\"url\":\"https:\/\/spectrebaltics.com\/wp-content\/uploads\/2024\/06\/product-klium-1.jpg\",\"contentUrl\":\"https:\/\/spectrebaltics.com\/wp-content\/uploads\/2024\/06\/product-klium-1.jpg\",\"width\":220,\"height\":300},{\"@type\":\"WebPage\",\"@id\":\"https:\/\/spectrebaltics.com\/toode\/tyrolit-52la-30x15x6-p060-silinderlamell\/#webpage\",\"url\":\"https:\/\/spectrebaltics.com\/toode\/tyrolit-52la-30x15x6-p060-silinderlamell\/\",\"name\":\"Tyrolit 52LA 30x15x6 P060 Silinderlamell\",\"isPartOf\":{\"@id\":\"https:\/\/spectrebaltics.com\/ru\/#website\"},\"primaryImageOfPage\":{\"@id\":\"https:\/\/spectrebaltics.com\/toode\/tyrolit-52la-30x15x6-p060-silinderlamell\/#primaryimage\"},\"datePublished\":\"2024-06-03T06:04:39+00:00\",\"dateModified\":\"2024-06-03T06:04:39+00:00\",\"breadcrumb\":{\"@id\":\"https:\/\/spectrebaltics.com\/toode\/tyrolit-52la-30x15x6-p060-silinderlamell\/#breadcrumb\"},\"inLanguage\":\"en-US\",\"potentialAction\":[{\"@type\":\"ReadAction\",\"target\":[\"https:\/\/spectrebaltics.com\/toode\/tyrolit-52la-30x15x6-p060-silinderlamell\/\"]}]},{\"@type\":\"BreadcrumbList\",\"@id\":\"https:\/\/spectrebaltics.com\/toode\/tyrolit-52la-30x15x6-p060-silinderlamell\/#breadcrumb\",\"itemListElement\":[{\"@type\":\"ListItem\",\"position\":1,\"name\":\"Home\",\"item\":\"https:\/\/spectrebaltics.com\/en\/\"},{\"@type\":\"ListItem\",\"position\":2,\"name\":\"Catalogue\",\"item\":\"https:\/\/spectrebaltics.com\/en\/catalogue\/\"},{\"@type\":\"ListItem\",\"position\":3,\"name\":\"Tyrolit 52LA 30x15x6 P060 Silinderlamell\"}]}]}<\/script>\n<!-- \/ Yoast SEO plugin. -->","yoast_head_json":{"title":"Tyrolit 52LA 30x15x6 P060 Silinderlamell","robots":{"index":"index","follow":"follow","max-snippet":"max-snippet:-1","max-image-preview":"max-image-preview:large","max-video-preview":"max-video-preview:-1"},"canonical":"https:\/\/spectrebaltics.com\/toode\/tyrolit-52la-30x15x6-p060-silinderlamell\/","og_locale":"en_US","og_type":"article","og_title":"Tyrolit 52LA 30x15x6 P060 Silinderlamell","og_description":"T\u00e4nu nende paindlikkusele saavad need t\u00f6\u00f6riistad optimaalselt kohaneda k\u00f5igi tooriku kontuuridega. Klapi tihvti radiaalselt paigutatud klappe saab kasutada mitmesugustel materjalidel ja v\u00f5imaldavad t\u00e4pset t\u00f6\u00f6d erinevates rakendustes, n\u00e4iteks matt, eelsoodustamine ja pinna puhastamine. T\u00e4nu v\u00e4ga paindlikele liistudele saab isegi raskesti ligip\u00e4\u00e4setavaid alasid ilma probleemideta t\u00f6\u00f6delda. &nbsp;","og_url":"https:\/\/spectrebaltics.com\/toode\/tyrolit-52la-30x15x6-p060-silinderlamell\/","og_site_name":"Spectrebaltics","og_image":[{"width":220,"height":300,"url":"https:\/\/spectrebaltics.com\/wp-content\/uploads\/2024\/06\/product-klium-1.jpg","type":"image\/jpeg"}],"twitter_card":"summary_large_image","schema":{"@context":"https:\/\/schema.org","@graph":[{"@type":"Organization","@id":"https:\/\/spectrebaltics.com\/ru\/#organization","name":"Spectrebaltics","url":"https:\/\/spectrebaltics.com\/ru\/","sameAs":[],"logo":{"@type":"ImageObject","@id":"https:\/\/spectrebaltics.com\/ru\/#logo","inLanguage":"en-US","url":"https:\/\/spectrebaltics.com\/wp-content\/uploads\/2024\/03\/Spectrebaltics-logo.svg","contentUrl":"https:\/\/spectrebaltics.com\/wp-content\/uploads\/2024\/03\/Spectrebaltics-logo.svg","caption":"Spectrebaltics"},"image":{"@id":"https:\/\/spectrebaltics.com\/ru\/#logo"}},{"@type":"WebSite","@id":"https:\/\/spectrebaltics.com\/ru\/#website","url":"https:\/\/spectrebaltics.com\/ru\/","name":"Spectrebaltics","description":"","publisher":{"@id":"https:\/\/spectrebaltics.com\/ru\/#organization"},"potentialAction":[{"@type":"SearchAction","target":{"@type":"EntryPoint","urlTemplate":"https:\/\/spectrebaltics.com\/ru\/?s={search_term_string}"},"query-input":"required name=search_term_string"}],"inLanguage":"en-US"},{"@type":"ImageObject","@id":"https:\/\/spectrebaltics.com\/toode\/tyrolit-52la-30x15x6-p060-silinderlamell\/#primaryimage","inLanguage":"en-US","url":"https:\/\/spectrebaltics.com\/wp-content\/uploads\/2024\/06\/product-klium-1.jpg","contentUrl":"https:\/\/spectrebaltics.com\/wp-content\/uploads\/2024\/06\/product-klium-1.jpg","width":220,"height":300},{"@type":"WebPage","@id":"https:\/\/spectrebaltics.com\/toode\/tyrolit-52la-30x15x6-p060-silinderlamell\/#webpage","url":"https:\/\/spectrebaltics.com\/toode\/tyrolit-52la-30x15x6-p060-silinderlamell\/","name":"Tyrolit 52LA 30x15x6 P060 Silinderlamell","isPartOf":{"@id":"https:\/\/spectrebaltics.com\/ru\/#website"},"primaryImageOfPage":{"@id":"https:\/\/spectrebaltics.com\/toode\/tyrolit-52la-30x15x6-p060-silinderlamell\/#primaryimage"},"datePublished":"2024-06-03T06:04:39+00:00","dateModified":"2024-06-03T06:04:39+00:00","breadcrumb":{"@id":"https:\/\/spectrebaltics.com\/toode\/tyrolit-52la-30x15x6-p060-silinderlamell\/#breadcrumb"},"inLanguage":"en-US","potentialAction":[{"@type":"ReadAction","target":["https:\/\/spectrebaltics.com\/toode\/tyrolit-52la-30x15x6-p060-silinderlamell\/"]}]},{"@type":"BreadcrumbList","@id":"https:\/\/spectrebaltics.com\/toode\/tyrolit-52la-30x15x6-p060-silinderlamell\/#breadcrumb","itemListElement":[{"@type":"ListItem","position":1,"name":"Home","item":"https:\/\/spectrebaltics.com\/en\/"},{"@type":"ListItem","position":2,"name":"Catalogue","item":"https:\/\/spectrebaltics.com\/en\/catalogue\/"},{"@type":"ListItem","position":3,"name":"Tyrolit 52LA 30x15x6 P060 Silinderlamell"}]}]}},"_links":{"self":[{"href":"https:\/\/spectrebaltics.com\/en\/wp-json\/wp\/v2\/product\/9130"}],"collection":[{"href":"https:\/\/spectrebaltics.com\/en\/wp-json\/wp\/v2\/product"}],"about":[{"href":"https:\/\/spectrebaltics.com\/en\/wp-json\/wp\/v2\/types\/product"}],"wp:featuredmedia":[{"embeddable":true,"href":"https:\/\/spectrebaltics.com\/en\/wp-json\/wp\/v2\/media\/9131"}],"wp:attachment":[{"href":"https:\/\/spectrebaltics.com\/en\/wp-json\/wp\/v2\/media?parent=9130"}],"wp:term":[{"taxonomy":"product_cat","embeddable":true,"href":"https:\/\/spectrebaltics.com\/en\/wp-json\/wp\/v2\/product_cat?post=9130"},{"taxonomy":"product_tag","embeddable":true,"href":"https:\/\/spectrebaltics.com\/en\/wp-json\/wp\/v2\/product_tag?post=9130"}],"curies":[{"name":"wp","href":"https:\/\/api.w.org\/{rel}","templated":true}]}}