{"id":9150,"date":"2024-06-03T06:26:59","date_gmt":"2024-06-03T06:26:59","guid":{"rendered":"https:\/\/spectrebaltics.com\/?post_type=product&#038;p=9150"},"modified":"2024-06-03T06:26:59","modified_gmt":"2024-06-03T06:26:59","slug":"tyrolit-lamellketas-125x22-za-120","status":"publish","type":"product","link":"https:\/\/spectrebaltics.com\/en\/toode\/tyrolit-lamellketas-125x22-za-120\/","title":{"rendered":"Tyrolit Lamellketas 125&#215;22 ZA-120***"},"content":{"rendered":"<p>Premium *** 2in1 klappketas \u00fchendab suurep\u00e4rase eluea v\u00e4ga suure spetsiifilise h\u00f5\u00f5rdumise. Tyrolit 2in1 klapi ketast kasutatakse nii k\u00f5rge legeeritud terase kui ka roostevabast terasest, samuti kajastamata ja madala legeeritud terasega. Probleemivaba keevitamine, samuti serva- ja pinna lihvimine, eriti kui seda kasutatakse v\u00f5imsate nurga jahvatajate korral.<\/p>\n<p>&#8211; suur valik<br \/>\n&#8211; universaalne kasutamine<br \/>\n&#8211; kasutusmugavus<\/p>\n","protected":false},"excerpt":{"rendered":"<p>Premium *** 2in1 klappketas \u00fchendab suurep\u00e4rase eluea v\u00e4ga suure spetsiifilise h\u00f5\u00f5rdumise. Tyrolit 2in1 klapi ketast kasutatakse nii k\u00f5rge legeeritud terase kui ka roostevabast terasest, samuti kajastamata ja madala legeeritud terasega. Probleemivaba keevitamine, samuti serva- ja pinna lihvimine, eriti kui seda kasutatakse v\u00f5imsate nurga jahvatajate korral. &#8211; suur valik &#8211; universaalne kasutamine &#8211; kasutusmugavus<\/p>\n","protected":false},"featured_media":9151,"template":"","meta":[],"product_cat":[89,91],"product_tag":[],"yoast_head":"<!-- This site is optimized with the Yoast SEO plugin v18.4.1 - https:\/\/yoast.com\/wordpress\/plugins\/seo\/ -->\n<title>Tyrolit Lamellketas 125x22 ZA-120***<\/title>\n<meta name=\"robots\" content=\"index, follow, max-snippet:-1, max-image-preview:large, max-video-preview:-1\" \/>\n<link rel=\"canonical\" href=\"https:\/\/spectrebaltics.com\/toode\/tyrolit-lamellketas-125x22-za-120\/\" \/>\n<meta property=\"og:locale\" content=\"en_US\" \/>\n<meta property=\"og:type\" content=\"article\" \/>\n<meta property=\"og:title\" content=\"Tyrolit Lamellketas 125x22 ZA-120***\" \/>\n<meta property=\"og:description\" content=\"Premium *** 2in1 klappketas \u00fchendab suurep\u00e4rase eluea v\u00e4ga suure spetsiifilise h\u00f5\u00f5rdumise. Tyrolit 2in1 klapi ketast kasutatakse nii k\u00f5rge legeeritud terase kui ka roostevabast terasest, samuti kajastamata ja madala legeeritud terasega. Probleemivaba keevitamine, samuti serva- ja pinna lihvimine, eriti kui seda kasutatakse v\u00f5imsate nurga jahvatajate korral. &#8211; suur valik &#8211; universaalne kasutamine &#8211; kasutusmugavus\" \/>\n<meta property=\"og:url\" content=\"https:\/\/spectrebaltics.com\/toode\/tyrolit-lamellketas-125x22-za-120\/\" \/>\n<meta property=\"og:site_name\" content=\"Spectrebaltics\" \/>\n<meta property=\"og:image\" content=\"https:\/\/spectrebaltics.com\/wp-content\/uploads\/2024\/06\/lam_125x22-23_27a40_tn668663_front_mdb_600.jpg\" \/>\n\t<meta property=\"og:image:width\" content=\"600\" \/>\n\t<meta property=\"og:image:height\" content=\"600\" \/>\n\t<meta property=\"og:image:type\" content=\"image\/jpeg\" \/>\n<meta name=\"twitter:card\" content=\"summary_large_image\" \/>\n<script type=\"application\/ld+json\" class=\"yoast-schema-graph\">{\"@context\":\"https:\/\/schema.org\",\"@graph\":[{\"@type\":\"Organization\",\"@id\":\"https:\/\/spectrebaltics.com\/ru\/#organization\",\"name\":\"Spectrebaltics\",\"url\":\"https:\/\/spectrebaltics.com\/ru\/\",\"sameAs\":[],\"logo\":{\"@type\":\"ImageObject\",\"@id\":\"https:\/\/spectrebaltics.com\/ru\/#logo\",\"inLanguage\":\"en-US\",\"url\":\"https:\/\/spectrebaltics.com\/wp-content\/uploads\/2024\/03\/Spectrebaltics-logo.svg\",\"contentUrl\":\"https:\/\/spectrebaltics.com\/wp-content\/uploads\/2024\/03\/Spectrebaltics-logo.svg\",\"caption\":\"Spectrebaltics\"},\"image\":{\"@id\":\"https:\/\/spectrebaltics.com\/ru\/#logo\"}},{\"@type\":\"WebSite\",\"@id\":\"https:\/\/spectrebaltics.com\/ru\/#website\",\"url\":\"https:\/\/spectrebaltics.com\/ru\/\",\"name\":\"Spectrebaltics\",\"description\":\"\",\"publisher\":{\"@id\":\"https:\/\/spectrebaltics.com\/ru\/#organization\"},\"potentialAction\":[{\"@type\":\"SearchAction\",\"target\":{\"@type\":\"EntryPoint\",\"urlTemplate\":\"https:\/\/spectrebaltics.com\/ru\/?s={search_term_string}\"},\"query-input\":\"required name=search_term_string\"}],\"inLanguage\":\"en-US\"},{\"@type\":\"ImageObject\",\"@id\":\"https:\/\/spectrebaltics.com\/toode\/tyrolit-lamellketas-125x22-za-120\/#primaryimage\",\"inLanguage\":\"en-US\",\"url\":\"https:\/\/spectrebaltics.com\/wp-content\/uploads\/2024\/06\/lam_125x22-23_27a40_tn668663_front_mdb_600.jpg\",\"contentUrl\":\"https:\/\/spectrebaltics.com\/wp-content\/uploads\/2024\/06\/lam_125x22-23_27a40_tn668663_front_mdb_600.jpg\",\"width\":600,\"height\":600},{\"@type\":\"WebPage\",\"@id\":\"https:\/\/spectrebaltics.com\/toode\/tyrolit-lamellketas-125x22-za-120\/#webpage\",\"url\":\"https:\/\/spectrebaltics.com\/toode\/tyrolit-lamellketas-125x22-za-120\/\",\"name\":\"Tyrolit Lamellketas 125x22 ZA-120***\",\"isPartOf\":{\"@id\":\"https:\/\/spectrebaltics.com\/ru\/#website\"},\"primaryImageOfPage\":{\"@id\":\"https:\/\/spectrebaltics.com\/toode\/tyrolit-lamellketas-125x22-za-120\/#primaryimage\"},\"datePublished\":\"2024-06-03T06:26:59+00:00\",\"dateModified\":\"2024-06-03T06:26:59+00:00\",\"breadcrumb\":{\"@id\":\"https:\/\/spectrebaltics.com\/toode\/tyrolit-lamellketas-125x22-za-120\/#breadcrumb\"},\"inLanguage\":\"en-US\",\"potentialAction\":[{\"@type\":\"ReadAction\",\"target\":[\"https:\/\/spectrebaltics.com\/toode\/tyrolit-lamellketas-125x22-za-120\/\"]}]},{\"@type\":\"BreadcrumbList\",\"@id\":\"https:\/\/spectrebaltics.com\/toode\/tyrolit-lamellketas-125x22-za-120\/#breadcrumb\",\"itemListElement\":[{\"@type\":\"ListItem\",\"position\":1,\"name\":\"Home\",\"item\":\"https:\/\/spectrebaltics.com\/en\/\"},{\"@type\":\"ListItem\",\"position\":2,\"name\":\"Catalogue\",\"item\":\"https:\/\/spectrebaltics.com\/en\/catalogue\/\"},{\"@type\":\"ListItem\",\"position\":3,\"name\":\"Tyrolit Lamellketas 125&#215;22 ZA-120***\"}]}]}<\/script>\n<!-- \/ Yoast SEO plugin. -->","yoast_head_json":{"title":"Tyrolit Lamellketas 125x22 ZA-120***","robots":{"index":"index","follow":"follow","max-snippet":"max-snippet:-1","max-image-preview":"max-image-preview:large","max-video-preview":"max-video-preview:-1"},"canonical":"https:\/\/spectrebaltics.com\/toode\/tyrolit-lamellketas-125x22-za-120\/","og_locale":"en_US","og_type":"article","og_title":"Tyrolit Lamellketas 125x22 ZA-120***","og_description":"Premium *** 2in1 klappketas \u00fchendab suurep\u00e4rase eluea v\u00e4ga suure spetsiifilise h\u00f5\u00f5rdumise. Tyrolit 2in1 klapi ketast kasutatakse nii k\u00f5rge legeeritud terase kui ka roostevabast terasest, samuti kajastamata ja madala legeeritud terasega. Probleemivaba keevitamine, samuti serva- ja pinna lihvimine, eriti kui seda kasutatakse v\u00f5imsate nurga jahvatajate korral. &#8211; suur valik &#8211; universaalne kasutamine &#8211; kasutusmugavus","og_url":"https:\/\/spectrebaltics.com\/toode\/tyrolit-lamellketas-125x22-za-120\/","og_site_name":"Spectrebaltics","og_image":[{"width":600,"height":600,"url":"https:\/\/spectrebaltics.com\/wp-content\/uploads\/2024\/06\/lam_125x22-23_27a40_tn668663_front_mdb_600.jpg","type":"image\/jpeg"}],"twitter_card":"summary_large_image","schema":{"@context":"https:\/\/schema.org","@graph":[{"@type":"Organization","@id":"https:\/\/spectrebaltics.com\/ru\/#organization","name":"Spectrebaltics","url":"https:\/\/spectrebaltics.com\/ru\/","sameAs":[],"logo":{"@type":"ImageObject","@id":"https:\/\/spectrebaltics.com\/ru\/#logo","inLanguage":"en-US","url":"https:\/\/spectrebaltics.com\/wp-content\/uploads\/2024\/03\/Spectrebaltics-logo.svg","contentUrl":"https:\/\/spectrebaltics.com\/wp-content\/uploads\/2024\/03\/Spectrebaltics-logo.svg","caption":"Spectrebaltics"},"image":{"@id":"https:\/\/spectrebaltics.com\/ru\/#logo"}},{"@type":"WebSite","@id":"https:\/\/spectrebaltics.com\/ru\/#website","url":"https:\/\/spectrebaltics.com\/ru\/","name":"Spectrebaltics","description":"","publisher":{"@id":"https:\/\/spectrebaltics.com\/ru\/#organization"},"potentialAction":[{"@type":"SearchAction","target":{"@type":"EntryPoint","urlTemplate":"https:\/\/spectrebaltics.com\/ru\/?s={search_term_string}"},"query-input":"required name=search_term_string"}],"inLanguage":"en-US"},{"@type":"ImageObject","@id":"https:\/\/spectrebaltics.com\/toode\/tyrolit-lamellketas-125x22-za-120\/#primaryimage","inLanguage":"en-US","url":"https:\/\/spectrebaltics.com\/wp-content\/uploads\/2024\/06\/lam_125x22-23_27a40_tn668663_front_mdb_600.jpg","contentUrl":"https:\/\/spectrebaltics.com\/wp-content\/uploads\/2024\/06\/lam_125x22-23_27a40_tn668663_front_mdb_600.jpg","width":600,"height":600},{"@type":"WebPage","@id":"https:\/\/spectrebaltics.com\/toode\/tyrolit-lamellketas-125x22-za-120\/#webpage","url":"https:\/\/spectrebaltics.com\/toode\/tyrolit-lamellketas-125x22-za-120\/","name":"Tyrolit Lamellketas 125x22 ZA-120***","isPartOf":{"@id":"https:\/\/spectrebaltics.com\/ru\/#website"},"primaryImageOfPage":{"@id":"https:\/\/spectrebaltics.com\/toode\/tyrolit-lamellketas-125x22-za-120\/#primaryimage"},"datePublished":"2024-06-03T06:26:59+00:00","dateModified":"2024-06-03T06:26:59+00:00","breadcrumb":{"@id":"https:\/\/spectrebaltics.com\/toode\/tyrolit-lamellketas-125x22-za-120\/#breadcrumb"},"inLanguage":"en-US","potentialAction":[{"@type":"ReadAction","target":["https:\/\/spectrebaltics.com\/toode\/tyrolit-lamellketas-125x22-za-120\/"]}]},{"@type":"BreadcrumbList","@id":"https:\/\/spectrebaltics.com\/toode\/tyrolit-lamellketas-125x22-za-120\/#breadcrumb","itemListElement":[{"@type":"ListItem","position":1,"name":"Home","item":"https:\/\/spectrebaltics.com\/en\/"},{"@type":"ListItem","position":2,"name":"Catalogue","item":"https:\/\/spectrebaltics.com\/en\/catalogue\/"},{"@type":"ListItem","position":3,"name":"Tyrolit Lamellketas 125&#215;22 ZA-120***"}]}]}},"_links":{"self":[{"href":"https:\/\/spectrebaltics.com\/en\/wp-json\/wp\/v2\/product\/9150"}],"collection":[{"href":"https:\/\/spectrebaltics.com\/en\/wp-json\/wp\/v2\/product"}],"about":[{"href":"https:\/\/spectrebaltics.com\/en\/wp-json\/wp\/v2\/types\/product"}],"wp:featuredmedia":[{"embeddable":true,"href":"https:\/\/spectrebaltics.com\/en\/wp-json\/wp\/v2\/media\/9151"}],"wp:attachment":[{"href":"https:\/\/spectrebaltics.com\/en\/wp-json\/wp\/v2\/media?parent=9150"}],"wp:term":[{"taxonomy":"product_cat","embeddable":true,"href":"https:\/\/spectrebaltics.com\/en\/wp-json\/wp\/v2\/product_cat?post=9150"},{"taxonomy":"product_tag","embeddable":true,"href":"https:\/\/spectrebaltics.com\/en\/wp-json\/wp\/v2\/product_tag?post=9150"}],"curies":[{"name":"wp","href":"https:\/\/api.w.org\/{rel}","templated":true}]}}