{"id":9157,"date":"2024-06-03T06:33:10","date_gmt":"2024-06-03T06:33:10","guid":{"rendered":"https:\/\/spectrebaltics.com\/?post_type=product&#038;p=9157"},"modified":"2024-06-03T06:33:10","modified_gmt":"2024-06-03T06:33:10","slug":"tyrolit-lamellketas-125x222-za-60-q-b-standard-2in1","status":"publish","type":"product","link":"https:\/\/spectrebaltics.com\/en\/toode\/tyrolit-lamellketas-125x222-za-60-q-b-standard-2in1\/","title":{"rendered":"Tyrolit Lamellketas 125&#215;22,2 ZA 60 Q-B Standard ** 2in1"},"content":{"rendered":"<p>Standard ** 2in1 klapi ketas pakub kahte eelist. \u00dchest k\u00fcljest pakub see kasutajale v\u00e4ga pikka eluiga, teiselt poolt tagab see v\u00e4ga hea spetsiifilise h\u00f5\u00f5rdumise. Tyrolit 2in1 klapi ketast kasutatakse nii k\u00f5rge legeeritud terase kui ka roostevabast terasest, samuti kajastamata ja madala legeeritud terasega.<\/p>\n","protected":false},"excerpt":{"rendered":"<p>Standard ** 2in1 klapi ketas pakub kahte eelist. \u00dchest k\u00fcljest pakub see kasutajale v\u00e4ga pikka eluiga, teiselt poolt tagab see v\u00e4ga hea spetsiifilise h\u00f5\u00f5rdumise. Tyrolit 2in1 klapi ketast kasutatakse nii k\u00f5rge legeeritud terase kui ka roostevabast terasest, samuti kajastamata ja madala legeeritud terasega.<\/p>\n","protected":false},"featured_media":9158,"template":"","meta":[],"product_cat":[89,91],"product_tag":[],"yoast_head":"<!-- This site is optimized with the Yoast SEO plugin v18.4.1 - https:\/\/yoast.com\/wordpress\/plugins\/seo\/ -->\n<title>Tyrolit Lamellketas 125x22,2 ZA 60 Q-B Standard ** 2in1<\/title>\n<meta name=\"robots\" content=\"index, follow, max-snippet:-1, max-image-preview:large, max-video-preview:-1\" \/>\n<link rel=\"canonical\" href=\"https:\/\/spectrebaltics.com\/toode\/tyrolit-lamellketas-125x222-za-60-q-b-standard-2in1\/\" \/>\n<meta property=\"og:locale\" content=\"en_US\" \/>\n<meta property=\"og:type\" content=\"article\" \/>\n<meta property=\"og:title\" content=\"Tyrolit Lamellketas 125x22,2 ZA 60 Q-B Standard ** 2in1\" \/>\n<meta property=\"og:description\" content=\"Standard ** 2in1 klapi ketas pakub kahte eelist. \u00dchest k\u00fcljest pakub see kasutajale v\u00e4ga pikka eluiga, teiselt poolt tagab see v\u00e4ga hea spetsiifilise h\u00f5\u00f5rdumise. Tyrolit 2in1 klapi ketast kasutatakse nii k\u00f5rge legeeritud terase kui ka roostevabast terasest, samuti kajastamata ja madala legeeritud terasega.\" \/>\n<meta property=\"og:url\" content=\"https:\/\/spectrebaltics.com\/toode\/tyrolit-lamellketas-125x222-za-60-q-b-standard-2in1\/\" \/>\n<meta property=\"og:site_name\" content=\"Spectrebaltics\" \/>\n<meta property=\"og:image\" content=\"https:\/\/spectrebaltics.com\/wp-content\/uploads\/2024\/06\/168553.jpg\" \/>\n\t<meta property=\"og:image:width\" content=\"445\" \/>\n\t<meta property=\"og:image:height\" content=\"500\" \/>\n\t<meta property=\"og:image:type\" content=\"image\/jpeg\" \/>\n<meta name=\"twitter:card\" content=\"summary_large_image\" \/>\n<script type=\"application\/ld+json\" class=\"yoast-schema-graph\">{\"@context\":\"https:\/\/schema.org\",\"@graph\":[{\"@type\":\"Organization\",\"@id\":\"https:\/\/spectrebaltics.com\/ru\/#organization\",\"name\":\"Spectrebaltics\",\"url\":\"https:\/\/spectrebaltics.com\/ru\/\",\"sameAs\":[],\"logo\":{\"@type\":\"ImageObject\",\"@id\":\"https:\/\/spectrebaltics.com\/ru\/#logo\",\"inLanguage\":\"en-US\",\"url\":\"https:\/\/spectrebaltics.com\/wp-content\/uploads\/2024\/03\/Spectrebaltics-logo.svg\",\"contentUrl\":\"https:\/\/spectrebaltics.com\/wp-content\/uploads\/2024\/03\/Spectrebaltics-logo.svg\",\"caption\":\"Spectrebaltics\"},\"image\":{\"@id\":\"https:\/\/spectrebaltics.com\/ru\/#logo\"}},{\"@type\":\"WebSite\",\"@id\":\"https:\/\/spectrebaltics.com\/ru\/#website\",\"url\":\"https:\/\/spectrebaltics.com\/ru\/\",\"name\":\"Spectrebaltics\",\"description\":\"\",\"publisher\":{\"@id\":\"https:\/\/spectrebaltics.com\/ru\/#organization\"},\"potentialAction\":[{\"@type\":\"SearchAction\",\"target\":{\"@type\":\"EntryPoint\",\"urlTemplate\":\"https:\/\/spectrebaltics.com\/ru\/?s={search_term_string}\"},\"query-input\":\"required name=search_term_string\"}],\"inLanguage\":\"en-US\"},{\"@type\":\"ImageObject\",\"@id\":\"https:\/\/spectrebaltics.com\/toode\/tyrolit-lamellketas-125x222-za-60-q-b-standard-2in1\/#primaryimage\",\"inLanguage\":\"en-US\",\"url\":\"https:\/\/spectrebaltics.com\/wp-content\/uploads\/2024\/06\/168553.jpg\",\"contentUrl\":\"https:\/\/spectrebaltics.com\/wp-content\/uploads\/2024\/06\/168553.jpg\",\"width\":445,\"height\":500},{\"@type\":\"WebPage\",\"@id\":\"https:\/\/spectrebaltics.com\/toode\/tyrolit-lamellketas-125x222-za-60-q-b-standard-2in1\/#webpage\",\"url\":\"https:\/\/spectrebaltics.com\/toode\/tyrolit-lamellketas-125x222-za-60-q-b-standard-2in1\/\",\"name\":\"Tyrolit Lamellketas 125x22,2 ZA 60 Q-B Standard ** 2in1\",\"isPartOf\":{\"@id\":\"https:\/\/spectrebaltics.com\/ru\/#website\"},\"primaryImageOfPage\":{\"@id\":\"https:\/\/spectrebaltics.com\/toode\/tyrolit-lamellketas-125x222-za-60-q-b-standard-2in1\/#primaryimage\"},\"datePublished\":\"2024-06-03T06:33:10+00:00\",\"dateModified\":\"2024-06-03T06:33:10+00:00\",\"breadcrumb\":{\"@id\":\"https:\/\/spectrebaltics.com\/toode\/tyrolit-lamellketas-125x222-za-60-q-b-standard-2in1\/#breadcrumb\"},\"inLanguage\":\"en-US\",\"potentialAction\":[{\"@type\":\"ReadAction\",\"target\":[\"https:\/\/spectrebaltics.com\/toode\/tyrolit-lamellketas-125x222-za-60-q-b-standard-2in1\/\"]}]},{\"@type\":\"BreadcrumbList\",\"@id\":\"https:\/\/spectrebaltics.com\/toode\/tyrolit-lamellketas-125x222-za-60-q-b-standard-2in1\/#breadcrumb\",\"itemListElement\":[{\"@type\":\"ListItem\",\"position\":1,\"name\":\"Home\",\"item\":\"https:\/\/spectrebaltics.com\/en\/\"},{\"@type\":\"ListItem\",\"position\":2,\"name\":\"Catalogue\",\"item\":\"https:\/\/spectrebaltics.com\/en\/catalogue\/\"},{\"@type\":\"ListItem\",\"position\":3,\"name\":\"Tyrolit Lamellketas 125&#215;22,2 ZA 60 Q-B Standard ** 2in1\"}]}]}<\/script>\n<!-- \/ Yoast SEO plugin. -->","yoast_head_json":{"title":"Tyrolit Lamellketas 125x22,2 ZA 60 Q-B Standard ** 2in1","robots":{"index":"index","follow":"follow","max-snippet":"max-snippet:-1","max-image-preview":"max-image-preview:large","max-video-preview":"max-video-preview:-1"},"canonical":"https:\/\/spectrebaltics.com\/toode\/tyrolit-lamellketas-125x222-za-60-q-b-standard-2in1\/","og_locale":"en_US","og_type":"article","og_title":"Tyrolit Lamellketas 125x22,2 ZA 60 Q-B Standard ** 2in1","og_description":"Standard ** 2in1 klapi ketas pakub kahte eelist. \u00dchest k\u00fcljest pakub see kasutajale v\u00e4ga pikka eluiga, teiselt poolt tagab see v\u00e4ga hea spetsiifilise h\u00f5\u00f5rdumise. Tyrolit 2in1 klapi ketast kasutatakse nii k\u00f5rge legeeritud terase kui ka roostevabast terasest, samuti kajastamata ja madala legeeritud terasega.","og_url":"https:\/\/spectrebaltics.com\/toode\/tyrolit-lamellketas-125x222-za-60-q-b-standard-2in1\/","og_site_name":"Spectrebaltics","og_image":[{"width":445,"height":500,"url":"https:\/\/spectrebaltics.com\/wp-content\/uploads\/2024\/06\/168553.jpg","type":"image\/jpeg"}],"twitter_card":"summary_large_image","schema":{"@context":"https:\/\/schema.org","@graph":[{"@type":"Organization","@id":"https:\/\/spectrebaltics.com\/ru\/#organization","name":"Spectrebaltics","url":"https:\/\/spectrebaltics.com\/ru\/","sameAs":[],"logo":{"@type":"ImageObject","@id":"https:\/\/spectrebaltics.com\/ru\/#logo","inLanguage":"en-US","url":"https:\/\/spectrebaltics.com\/wp-content\/uploads\/2024\/03\/Spectrebaltics-logo.svg","contentUrl":"https:\/\/spectrebaltics.com\/wp-content\/uploads\/2024\/03\/Spectrebaltics-logo.svg","caption":"Spectrebaltics"},"image":{"@id":"https:\/\/spectrebaltics.com\/ru\/#logo"}},{"@type":"WebSite","@id":"https:\/\/spectrebaltics.com\/ru\/#website","url":"https:\/\/spectrebaltics.com\/ru\/","name":"Spectrebaltics","description":"","publisher":{"@id":"https:\/\/spectrebaltics.com\/ru\/#organization"},"potentialAction":[{"@type":"SearchAction","target":{"@type":"EntryPoint","urlTemplate":"https:\/\/spectrebaltics.com\/ru\/?s={search_term_string}"},"query-input":"required name=search_term_string"}],"inLanguage":"en-US"},{"@type":"ImageObject","@id":"https:\/\/spectrebaltics.com\/toode\/tyrolit-lamellketas-125x222-za-60-q-b-standard-2in1\/#primaryimage","inLanguage":"en-US","url":"https:\/\/spectrebaltics.com\/wp-content\/uploads\/2024\/06\/168553.jpg","contentUrl":"https:\/\/spectrebaltics.com\/wp-content\/uploads\/2024\/06\/168553.jpg","width":445,"height":500},{"@type":"WebPage","@id":"https:\/\/spectrebaltics.com\/toode\/tyrolit-lamellketas-125x222-za-60-q-b-standard-2in1\/#webpage","url":"https:\/\/spectrebaltics.com\/toode\/tyrolit-lamellketas-125x222-za-60-q-b-standard-2in1\/","name":"Tyrolit Lamellketas 125x22,2 ZA 60 Q-B Standard ** 2in1","isPartOf":{"@id":"https:\/\/spectrebaltics.com\/ru\/#website"},"primaryImageOfPage":{"@id":"https:\/\/spectrebaltics.com\/toode\/tyrolit-lamellketas-125x222-za-60-q-b-standard-2in1\/#primaryimage"},"datePublished":"2024-06-03T06:33:10+00:00","dateModified":"2024-06-03T06:33:10+00:00","breadcrumb":{"@id":"https:\/\/spectrebaltics.com\/toode\/tyrolit-lamellketas-125x222-za-60-q-b-standard-2in1\/#breadcrumb"},"inLanguage":"en-US","potentialAction":[{"@type":"ReadAction","target":["https:\/\/spectrebaltics.com\/toode\/tyrolit-lamellketas-125x222-za-60-q-b-standard-2in1\/"]}]},{"@type":"BreadcrumbList","@id":"https:\/\/spectrebaltics.com\/toode\/tyrolit-lamellketas-125x222-za-60-q-b-standard-2in1\/#breadcrumb","itemListElement":[{"@type":"ListItem","position":1,"name":"Home","item":"https:\/\/spectrebaltics.com\/en\/"},{"@type":"ListItem","position":2,"name":"Catalogue","item":"https:\/\/spectrebaltics.com\/en\/catalogue\/"},{"@type":"ListItem","position":3,"name":"Tyrolit Lamellketas 125&#215;22,2 ZA 60 Q-B Standard ** 2in1"}]}]}},"_links":{"self":[{"href":"https:\/\/spectrebaltics.com\/en\/wp-json\/wp\/v2\/product\/9157"}],"collection":[{"href":"https:\/\/spectrebaltics.com\/en\/wp-json\/wp\/v2\/product"}],"about":[{"href":"https:\/\/spectrebaltics.com\/en\/wp-json\/wp\/v2\/types\/product"}],"wp:featuredmedia":[{"embeddable":true,"href":"https:\/\/spectrebaltics.com\/en\/wp-json\/wp\/v2\/media\/9158"}],"wp:attachment":[{"href":"https:\/\/spectrebaltics.com\/en\/wp-json\/wp\/v2\/media?parent=9157"}],"wp:term":[{"taxonomy":"product_cat","embeddable":true,"href":"https:\/\/spectrebaltics.com\/en\/wp-json\/wp\/v2\/product_cat?post=9157"},{"taxonomy":"product_tag","embeddable":true,"href":"https:\/\/spectrebaltics.com\/en\/wp-json\/wp\/v2\/product_tag?post=9157"}],"curies":[{"name":"wp","href":"https:\/\/api.w.org\/{rel}","templated":true}]}}