{"id":9165,"date":"2024-06-03T06:53:36","date_gmt":"2024-06-03T06:53:36","guid":{"rendered":"https:\/\/spectrebaltics.com\/?post_type=product&#038;p=9165"},"modified":"2024-06-03T06:53:36","modified_gmt":"2024-06-03T06:53:36","slug":"tyrolit-lamellketas-125x22-2-ca-060-cerabond-ceramic-tyrolit","status":"publish","type":"product","link":"https:\/\/spectrebaltics.com\/en\/toode\/tyrolit-lamellketas-125x22-2-ca-060-cerabond-ceramic-tyrolit\/","title":{"rendered":"Tyrolit Lamellketas 125&#215;22.2 CA-060 Cerabond Ceramic Tyrolit***"},"content":{"rendered":"<p>See klappketas sobib ideaalselt roostevabade teraste ja n\u00f5utavate lihvimisrakenduste jaoks. Lisaks hoiab ainulaadne sidumiss\u00fcsteem pikka toote eluaegse terade enneaegse l\u00e4bimurre. T\u00e4iendav \u00fclemise suurusega kate tagab jaheda lihvimisprotsessi, pikendades t\u00f6\u00f6riista eluiga ja v\u00e4hendades tooriku pinna v\u00e4rvimuutust<\/p>\n","protected":false},"excerpt":{"rendered":"<p>See klappketas sobib ideaalselt roostevabade teraste ja n\u00f5utavate lihvimisrakenduste jaoks. Lisaks hoiab ainulaadne sidumiss\u00fcsteem pikka toote eluaegse terade enneaegse l\u00e4bimurre. T\u00e4iendav \u00fclemise suurusega kate tagab jaheda lihvimisprotsessi, pikendades t\u00f6\u00f6riista eluiga ja v\u00e4hendades tooriku pinna v\u00e4rvimuutust<\/p>\n","protected":false},"featured_media":9166,"template":"","meta":[],"product_cat":[89,91],"product_tag":[],"yoast_head":"<!-- This site is optimized with the Yoast SEO plugin v18.4.1 - https:\/\/yoast.com\/wordpress\/plugins\/seo\/ -->\n<title>Tyrolit Lamellketas 125x22.2 CA-060 Cerabond Ceramic Tyrolit***<\/title>\n<meta name=\"robots\" content=\"index, follow, max-snippet:-1, max-image-preview:large, max-video-preview:-1\" \/>\n<link rel=\"canonical\" href=\"https:\/\/spectrebaltics.com\/en\/toode\/tyrolit-lamellketas-125x22-2-ca-060-cerabond-ceramic-tyrolit\/\" \/>\n<meta property=\"og:locale\" content=\"en_US\" \/>\n<meta property=\"og:type\" content=\"article\" \/>\n<meta property=\"og:title\" content=\"Tyrolit Lamellketas 125x22.2 CA-060 Cerabond Ceramic Tyrolit***\" \/>\n<meta property=\"og:description\" content=\"See klappketas sobib ideaalselt roostevabade teraste ja n\u00f5utavate lihvimisrakenduste jaoks. Lisaks hoiab ainulaadne sidumiss\u00fcsteem pikka toote eluaegse terade enneaegse l\u00e4bimurre. T\u00e4iendav \u00fclemise suurusega kate tagab jaheda lihvimisprotsessi, pikendades t\u00f6\u00f6riista eluiga ja v\u00e4hendades tooriku pinna v\u00e4rvimuutust\" \/>\n<meta property=\"og:url\" content=\"https:\/\/spectrebaltics.com\/en\/toode\/tyrolit-lamellketas-125x22-2-ca-060-cerabond-ceramic-tyrolit\/\" \/>\n<meta property=\"og:site_name\" content=\"Spectrebaltics\" \/>\n<meta property=\"og:image\" content=\"https:\/\/spectrebaltics.com\/wp-content\/uploads\/2024\/06\/product-klium-3-scaled.jpg\" \/>\n\t<meta property=\"og:image:width\" content=\"1467\" \/>\n\t<meta property=\"og:image:height\" content=\"2000\" \/>\n\t<meta property=\"og:image:type\" content=\"image\/jpeg\" \/>\n<meta name=\"twitter:card\" content=\"summary_large_image\" \/>\n<script type=\"application\/ld+json\" class=\"yoast-schema-graph\">{\"@context\":\"https:\/\/schema.org\",\"@graph\":[{\"@type\":\"Organization\",\"@id\":\"https:\/\/spectrebaltics.com\/ru\/#organization\",\"name\":\"Spectrebaltics\",\"url\":\"https:\/\/spectrebaltics.com\/ru\/\",\"sameAs\":[],\"logo\":{\"@type\":\"ImageObject\",\"@id\":\"https:\/\/spectrebaltics.com\/ru\/#logo\",\"inLanguage\":\"en-US\",\"url\":\"https:\/\/spectrebaltics.com\/wp-content\/uploads\/2024\/03\/Spectrebaltics-logo.svg\",\"contentUrl\":\"https:\/\/spectrebaltics.com\/wp-content\/uploads\/2024\/03\/Spectrebaltics-logo.svg\",\"caption\":\"Spectrebaltics\"},\"image\":{\"@id\":\"https:\/\/spectrebaltics.com\/ru\/#logo\"}},{\"@type\":\"WebSite\",\"@id\":\"https:\/\/spectrebaltics.com\/ru\/#website\",\"url\":\"https:\/\/spectrebaltics.com\/ru\/\",\"name\":\"Spectrebaltics\",\"description\":\"\",\"publisher\":{\"@id\":\"https:\/\/spectrebaltics.com\/ru\/#organization\"},\"potentialAction\":[{\"@type\":\"SearchAction\",\"target\":{\"@type\":\"EntryPoint\",\"urlTemplate\":\"https:\/\/spectrebaltics.com\/ru\/?s={search_term_string}\"},\"query-input\":\"required name=search_term_string\"}],\"inLanguage\":\"en-US\"},{\"@type\":\"ImageObject\",\"@id\":\"https:\/\/spectrebaltics.com\/en\/toode\/tyrolit-lamellketas-125x22-2-ca-060-cerabond-ceramic-tyrolit\/#primaryimage\",\"inLanguage\":\"en-US\",\"url\":\"https:\/\/spectrebaltics.com\/wp-content\/uploads\/2024\/06\/product-klium-3-scaled.jpg\",\"contentUrl\":\"https:\/\/spectrebaltics.com\/wp-content\/uploads\/2024\/06\/product-klium-3-scaled.jpg\",\"width\":1467,\"height\":2000},{\"@type\":\"WebPage\",\"@id\":\"https:\/\/spectrebaltics.com\/en\/toode\/tyrolit-lamellketas-125x22-2-ca-060-cerabond-ceramic-tyrolit\/#webpage\",\"url\":\"https:\/\/spectrebaltics.com\/en\/toode\/tyrolit-lamellketas-125x22-2-ca-060-cerabond-ceramic-tyrolit\/\",\"name\":\"Tyrolit Lamellketas 125x22.2 CA-060 Cerabond Ceramic Tyrolit***\",\"isPartOf\":{\"@id\":\"https:\/\/spectrebaltics.com\/ru\/#website\"},\"primaryImageOfPage\":{\"@id\":\"https:\/\/spectrebaltics.com\/en\/toode\/tyrolit-lamellketas-125x22-2-ca-060-cerabond-ceramic-tyrolit\/#primaryimage\"},\"datePublished\":\"2024-06-03T06:53:36+00:00\",\"dateModified\":\"2024-06-03T06:53:36+00:00\",\"breadcrumb\":{\"@id\":\"https:\/\/spectrebaltics.com\/en\/toode\/tyrolit-lamellketas-125x22-2-ca-060-cerabond-ceramic-tyrolit\/#breadcrumb\"},\"inLanguage\":\"en-US\",\"potentialAction\":[{\"@type\":\"ReadAction\",\"target\":[\"https:\/\/spectrebaltics.com\/en\/toode\/tyrolit-lamellketas-125x22-2-ca-060-cerabond-ceramic-tyrolit\/\"]}]},{\"@type\":\"BreadcrumbList\",\"@id\":\"https:\/\/spectrebaltics.com\/en\/toode\/tyrolit-lamellketas-125x22-2-ca-060-cerabond-ceramic-tyrolit\/#breadcrumb\",\"itemListElement\":[{\"@type\":\"ListItem\",\"position\":1,\"name\":\"Home\",\"item\":\"https:\/\/spectrebaltics.com\/en\/\"},{\"@type\":\"ListItem\",\"position\":2,\"name\":\"Catalogue\",\"item\":\"https:\/\/spectrebaltics.com\/en\/catalogue\/\"},{\"@type\":\"ListItem\",\"position\":3,\"name\":\"Tyrolit Lamellketas 125&#215;22.2 CA-060 Cerabond Ceramic Tyrolit***\"}]}]}<\/script>\n<!-- \/ Yoast SEO plugin. -->","yoast_head_json":{"title":"Tyrolit Lamellketas 125x22.2 CA-060 Cerabond Ceramic Tyrolit***","robots":{"index":"index","follow":"follow","max-snippet":"max-snippet:-1","max-image-preview":"max-image-preview:large","max-video-preview":"max-video-preview:-1"},"canonical":"https:\/\/spectrebaltics.com\/en\/toode\/tyrolit-lamellketas-125x22-2-ca-060-cerabond-ceramic-tyrolit\/","og_locale":"en_US","og_type":"article","og_title":"Tyrolit Lamellketas 125x22.2 CA-060 Cerabond Ceramic Tyrolit***","og_description":"See klappketas sobib ideaalselt roostevabade teraste ja n\u00f5utavate lihvimisrakenduste jaoks. Lisaks hoiab ainulaadne sidumiss\u00fcsteem pikka toote eluaegse terade enneaegse l\u00e4bimurre. T\u00e4iendav \u00fclemise suurusega kate tagab jaheda lihvimisprotsessi, pikendades t\u00f6\u00f6riista eluiga ja v\u00e4hendades tooriku pinna v\u00e4rvimuutust","og_url":"https:\/\/spectrebaltics.com\/en\/toode\/tyrolit-lamellketas-125x22-2-ca-060-cerabond-ceramic-tyrolit\/","og_site_name":"Spectrebaltics","og_image":[{"width":1467,"height":2000,"url":"https:\/\/spectrebaltics.com\/wp-content\/uploads\/2024\/06\/product-klium-3-scaled.jpg","type":"image\/jpeg"}],"twitter_card":"summary_large_image","schema":{"@context":"https:\/\/schema.org","@graph":[{"@type":"Organization","@id":"https:\/\/spectrebaltics.com\/ru\/#organization","name":"Spectrebaltics","url":"https:\/\/spectrebaltics.com\/ru\/","sameAs":[],"logo":{"@type":"ImageObject","@id":"https:\/\/spectrebaltics.com\/ru\/#logo","inLanguage":"en-US","url":"https:\/\/spectrebaltics.com\/wp-content\/uploads\/2024\/03\/Spectrebaltics-logo.svg","contentUrl":"https:\/\/spectrebaltics.com\/wp-content\/uploads\/2024\/03\/Spectrebaltics-logo.svg","caption":"Spectrebaltics"},"image":{"@id":"https:\/\/spectrebaltics.com\/ru\/#logo"}},{"@type":"WebSite","@id":"https:\/\/spectrebaltics.com\/ru\/#website","url":"https:\/\/spectrebaltics.com\/ru\/","name":"Spectrebaltics","description":"","publisher":{"@id":"https:\/\/spectrebaltics.com\/ru\/#organization"},"potentialAction":[{"@type":"SearchAction","target":{"@type":"EntryPoint","urlTemplate":"https:\/\/spectrebaltics.com\/ru\/?s={search_term_string}"},"query-input":"required name=search_term_string"}],"inLanguage":"en-US"},{"@type":"ImageObject","@id":"https:\/\/spectrebaltics.com\/en\/toode\/tyrolit-lamellketas-125x22-2-ca-060-cerabond-ceramic-tyrolit\/#primaryimage","inLanguage":"en-US","url":"https:\/\/spectrebaltics.com\/wp-content\/uploads\/2024\/06\/product-klium-3-scaled.jpg","contentUrl":"https:\/\/spectrebaltics.com\/wp-content\/uploads\/2024\/06\/product-klium-3-scaled.jpg","width":1467,"height":2000},{"@type":"WebPage","@id":"https:\/\/spectrebaltics.com\/en\/toode\/tyrolit-lamellketas-125x22-2-ca-060-cerabond-ceramic-tyrolit\/#webpage","url":"https:\/\/spectrebaltics.com\/en\/toode\/tyrolit-lamellketas-125x22-2-ca-060-cerabond-ceramic-tyrolit\/","name":"Tyrolit Lamellketas 125x22.2 CA-060 Cerabond Ceramic Tyrolit***","isPartOf":{"@id":"https:\/\/spectrebaltics.com\/ru\/#website"},"primaryImageOfPage":{"@id":"https:\/\/spectrebaltics.com\/en\/toode\/tyrolit-lamellketas-125x22-2-ca-060-cerabond-ceramic-tyrolit\/#primaryimage"},"datePublished":"2024-06-03T06:53:36+00:00","dateModified":"2024-06-03T06:53:36+00:00","breadcrumb":{"@id":"https:\/\/spectrebaltics.com\/en\/toode\/tyrolit-lamellketas-125x22-2-ca-060-cerabond-ceramic-tyrolit\/#breadcrumb"},"inLanguage":"en-US","potentialAction":[{"@type":"ReadAction","target":["https:\/\/spectrebaltics.com\/en\/toode\/tyrolit-lamellketas-125x22-2-ca-060-cerabond-ceramic-tyrolit\/"]}]},{"@type":"BreadcrumbList","@id":"https:\/\/spectrebaltics.com\/en\/toode\/tyrolit-lamellketas-125x22-2-ca-060-cerabond-ceramic-tyrolit\/#breadcrumb","itemListElement":[{"@type":"ListItem","position":1,"name":"Home","item":"https:\/\/spectrebaltics.com\/en\/"},{"@type":"ListItem","position":2,"name":"Catalogue","item":"https:\/\/spectrebaltics.com\/en\/catalogue\/"},{"@type":"ListItem","position":3,"name":"Tyrolit Lamellketas 125&#215;22.2 CA-060 Cerabond Ceramic Tyrolit***"}]}]}},"_links":{"self":[{"href":"https:\/\/spectrebaltics.com\/en\/wp-json\/wp\/v2\/product\/9165"}],"collection":[{"href":"https:\/\/spectrebaltics.com\/en\/wp-json\/wp\/v2\/product"}],"about":[{"href":"https:\/\/spectrebaltics.com\/en\/wp-json\/wp\/v2\/types\/product"}],"wp:featuredmedia":[{"embeddable":true,"href":"https:\/\/spectrebaltics.com\/en\/wp-json\/wp\/v2\/media\/9166"}],"wp:attachment":[{"href":"https:\/\/spectrebaltics.com\/en\/wp-json\/wp\/v2\/media?parent=9165"}],"wp:term":[{"taxonomy":"product_cat","embeddable":true,"href":"https:\/\/spectrebaltics.com\/en\/wp-json\/wp\/v2\/product_cat?post=9165"},{"taxonomy":"product_tag","embeddable":true,"href":"https:\/\/spectrebaltics.com\/en\/wp-json\/wp\/v2\/product_tag?post=9165"}],"curies":[{"name":"wp","href":"https:\/\/api.w.org\/{rel}","templated":true}]}}