{"id":9205,"date":"2024-06-03T07:44:45","date_gmt":"2024-06-03T07:44:45","guid":{"rendered":"https:\/\/spectrebaltics.com\/?post_type=product&#038;p=9205"},"modified":"2024-06-03T07:44:45","modified_gmt":"2024-06-03T07:44:45","slug":"tyrolit-lamellkettas-125x22-ca-060-non-ferrous-alu","status":"publish","type":"product","link":"https:\/\/spectrebaltics.com\/en\/toode\/tyrolit-lamellkettas-125x22-ca-060-non-ferrous-alu\/","title":{"rendered":"Tyrolit Lamellkettas 125&#215;22 CA-060 Non Ferrous ALU***"},"content":{"rendered":"<p>Spetsiifiliselt viljakate metallide jaoks v\u00e4lja t\u00f6\u00f6tatud spetsifikatsiooniga takistatakse klapi ketta m\u00e4\u00e4rdumist ja tuhmimist. Keraamiline tera soodustab ketta isepuhastumist ja teritamist materiaalse h\u00f5\u00f5rdumise ajal.<\/p>\n<p>See t\u00f6\u00f6riist pakub mugavaid ja suure j\u00f5udlusega tulemusi raskesti sirgutavatele materjalidele, nagu alumiinium, alumiiniumist pronks, alumiiniumist alussulam, vask, pronks, messingist ja nikkel-h\u00f5be.<\/p>\n","protected":false},"excerpt":{"rendered":"<p>Spetsiifiliselt viljakate metallide jaoks v\u00e4lja t\u00f6\u00f6tatud spetsifikatsiooniga takistatakse klapi ketta m\u00e4\u00e4rdumist ja tuhmimist. Keraamiline tera soodustab ketta isepuhastumist ja teritamist materiaalse h\u00f5\u00f5rdumise ajal. See t\u00f6\u00f6riist pakub mugavaid ja suure j\u00f5udlusega tulemusi raskesti sirgutavatele materjalidele, nagu alumiinium, alumiiniumist pronks, alumiiniumist alussulam, vask, pronks, messingist ja nikkel-h\u00f5be.<\/p>\n","protected":false},"featured_media":9196,"template":"","meta":[],"product_cat":[89,91],"product_tag":[],"yoast_head":"<!-- This site is optimized with the Yoast SEO plugin v18.4.1 - https:\/\/yoast.com\/wordpress\/plugins\/seo\/ -->\n<title>Tyrolit Lamellkettas 125x22 CA-060 Non Ferrous ALU***<\/title>\n<meta name=\"robots\" content=\"index, follow, max-snippet:-1, max-image-preview:large, max-video-preview:-1\" \/>\n<link rel=\"canonical\" href=\"https:\/\/spectrebaltics.com\/toode\/tyrolit-lamellkettas-125x22-ca-060-non-ferrous-alu\/\" \/>\n<meta property=\"og:locale\" content=\"en_US\" \/>\n<meta property=\"og:type\" content=\"article\" \/>\n<meta property=\"og:title\" content=\"Tyrolit Lamellkettas 125x22 CA-060 Non Ferrous ALU***\" \/>\n<meta property=\"og:description\" content=\"Spetsiifiliselt viljakate metallide jaoks v\u00e4lja t\u00f6\u00f6tatud spetsifikatsiooniga takistatakse klapi ketta m\u00e4\u00e4rdumist ja tuhmimist. Keraamiline tera soodustab ketta isepuhastumist ja teritamist materiaalse h\u00f5\u00f5rdumise ajal. See t\u00f6\u00f6riist pakub mugavaid ja suure j\u00f5udlusega tulemusi raskesti sirgutavatele materjalidele, nagu alumiinium, alumiiniumist pronks, alumiiniumist alussulam, vask, pronks, messingist ja nikkel-h\u00f5be.\" \/>\n<meta property=\"og:url\" content=\"https:\/\/spectrebaltics.com\/toode\/tyrolit-lamellkettas-125x22-ca-060-non-ferrous-alu\/\" \/>\n<meta property=\"og:site_name\" content=\"Spectrebaltics\" \/>\n<meta property=\"og:image\" content=\"https:\/\/spectrebaltics.com\/wp-content\/uploads\/2024\/06\/product-klium-4.jpg\" \/>\n\t<meta property=\"og:image:width\" content=\"220\" \/>\n\t<meta property=\"og:image:height\" content=\"300\" \/>\n\t<meta property=\"og:image:type\" content=\"image\/jpeg\" \/>\n<meta name=\"twitter:card\" content=\"summary_large_image\" \/>\n<script type=\"application\/ld+json\" class=\"yoast-schema-graph\">{\"@context\":\"https:\/\/schema.org\",\"@graph\":[{\"@type\":\"Organization\",\"@id\":\"https:\/\/spectrebaltics.com\/ru\/#organization\",\"name\":\"Spectrebaltics\",\"url\":\"https:\/\/spectrebaltics.com\/ru\/\",\"sameAs\":[],\"logo\":{\"@type\":\"ImageObject\",\"@id\":\"https:\/\/spectrebaltics.com\/ru\/#logo\",\"inLanguage\":\"en-US\",\"url\":\"https:\/\/spectrebaltics.com\/wp-content\/uploads\/2024\/03\/Spectrebaltics-logo.svg\",\"contentUrl\":\"https:\/\/spectrebaltics.com\/wp-content\/uploads\/2024\/03\/Spectrebaltics-logo.svg\",\"caption\":\"Spectrebaltics\"},\"image\":{\"@id\":\"https:\/\/spectrebaltics.com\/ru\/#logo\"}},{\"@type\":\"WebSite\",\"@id\":\"https:\/\/spectrebaltics.com\/ru\/#website\",\"url\":\"https:\/\/spectrebaltics.com\/ru\/\",\"name\":\"Spectrebaltics\",\"description\":\"\",\"publisher\":{\"@id\":\"https:\/\/spectrebaltics.com\/ru\/#organization\"},\"potentialAction\":[{\"@type\":\"SearchAction\",\"target\":{\"@type\":\"EntryPoint\",\"urlTemplate\":\"https:\/\/spectrebaltics.com\/ru\/?s={search_term_string}\"},\"query-input\":\"required name=search_term_string\"}],\"inLanguage\":\"en-US\"},{\"@type\":\"ImageObject\",\"@id\":\"https:\/\/spectrebaltics.com\/toode\/tyrolit-lamellkettas-125x22-ca-060-non-ferrous-alu\/#primaryimage\",\"inLanguage\":\"en-US\",\"url\":\"https:\/\/spectrebaltics.com\/wp-content\/uploads\/2024\/06\/product-klium-4.jpg\",\"contentUrl\":\"https:\/\/spectrebaltics.com\/wp-content\/uploads\/2024\/06\/product-klium-4.jpg\",\"width\":220,\"height\":300},{\"@type\":\"WebPage\",\"@id\":\"https:\/\/spectrebaltics.com\/toode\/tyrolit-lamellkettas-125x22-ca-060-non-ferrous-alu\/#webpage\",\"url\":\"https:\/\/spectrebaltics.com\/toode\/tyrolit-lamellkettas-125x22-ca-060-non-ferrous-alu\/\",\"name\":\"Tyrolit Lamellkettas 125x22 CA-060 Non Ferrous ALU***\",\"isPartOf\":{\"@id\":\"https:\/\/spectrebaltics.com\/ru\/#website\"},\"primaryImageOfPage\":{\"@id\":\"https:\/\/spectrebaltics.com\/toode\/tyrolit-lamellkettas-125x22-ca-060-non-ferrous-alu\/#primaryimage\"},\"datePublished\":\"2024-06-03T07:44:45+00:00\",\"dateModified\":\"2024-06-03T07:44:45+00:00\",\"breadcrumb\":{\"@id\":\"https:\/\/spectrebaltics.com\/toode\/tyrolit-lamellkettas-125x22-ca-060-non-ferrous-alu\/#breadcrumb\"},\"inLanguage\":\"en-US\",\"potentialAction\":[{\"@type\":\"ReadAction\",\"target\":[\"https:\/\/spectrebaltics.com\/toode\/tyrolit-lamellkettas-125x22-ca-060-non-ferrous-alu\/\"]}]},{\"@type\":\"BreadcrumbList\",\"@id\":\"https:\/\/spectrebaltics.com\/toode\/tyrolit-lamellkettas-125x22-ca-060-non-ferrous-alu\/#breadcrumb\",\"itemListElement\":[{\"@type\":\"ListItem\",\"position\":1,\"name\":\"Home\",\"item\":\"https:\/\/spectrebaltics.com\/en\/\"},{\"@type\":\"ListItem\",\"position\":2,\"name\":\"Catalogue\",\"item\":\"https:\/\/spectrebaltics.com\/en\/catalogue\/\"},{\"@type\":\"ListItem\",\"position\":3,\"name\":\"Tyrolit Lamellkettas 125&#215;22 CA-060 Non Ferrous ALU***\"}]}]}<\/script>\n<!-- \/ Yoast SEO plugin. -->","yoast_head_json":{"title":"Tyrolit Lamellkettas 125x22 CA-060 Non Ferrous ALU***","robots":{"index":"index","follow":"follow","max-snippet":"max-snippet:-1","max-image-preview":"max-image-preview:large","max-video-preview":"max-video-preview:-1"},"canonical":"https:\/\/spectrebaltics.com\/toode\/tyrolit-lamellkettas-125x22-ca-060-non-ferrous-alu\/","og_locale":"en_US","og_type":"article","og_title":"Tyrolit Lamellkettas 125x22 CA-060 Non Ferrous ALU***","og_description":"Spetsiifiliselt viljakate metallide jaoks v\u00e4lja t\u00f6\u00f6tatud spetsifikatsiooniga takistatakse klapi ketta m\u00e4\u00e4rdumist ja tuhmimist. Keraamiline tera soodustab ketta isepuhastumist ja teritamist materiaalse h\u00f5\u00f5rdumise ajal. See t\u00f6\u00f6riist pakub mugavaid ja suure j\u00f5udlusega tulemusi raskesti sirgutavatele materjalidele, nagu alumiinium, alumiiniumist pronks, alumiiniumist alussulam, vask, pronks, messingist ja nikkel-h\u00f5be.","og_url":"https:\/\/spectrebaltics.com\/toode\/tyrolit-lamellkettas-125x22-ca-060-non-ferrous-alu\/","og_site_name":"Spectrebaltics","og_image":[{"width":220,"height":300,"url":"https:\/\/spectrebaltics.com\/wp-content\/uploads\/2024\/06\/product-klium-4.jpg","type":"image\/jpeg"}],"twitter_card":"summary_large_image","schema":{"@context":"https:\/\/schema.org","@graph":[{"@type":"Organization","@id":"https:\/\/spectrebaltics.com\/ru\/#organization","name":"Spectrebaltics","url":"https:\/\/spectrebaltics.com\/ru\/","sameAs":[],"logo":{"@type":"ImageObject","@id":"https:\/\/spectrebaltics.com\/ru\/#logo","inLanguage":"en-US","url":"https:\/\/spectrebaltics.com\/wp-content\/uploads\/2024\/03\/Spectrebaltics-logo.svg","contentUrl":"https:\/\/spectrebaltics.com\/wp-content\/uploads\/2024\/03\/Spectrebaltics-logo.svg","caption":"Spectrebaltics"},"image":{"@id":"https:\/\/spectrebaltics.com\/ru\/#logo"}},{"@type":"WebSite","@id":"https:\/\/spectrebaltics.com\/ru\/#website","url":"https:\/\/spectrebaltics.com\/ru\/","name":"Spectrebaltics","description":"","publisher":{"@id":"https:\/\/spectrebaltics.com\/ru\/#organization"},"potentialAction":[{"@type":"SearchAction","target":{"@type":"EntryPoint","urlTemplate":"https:\/\/spectrebaltics.com\/ru\/?s={search_term_string}"},"query-input":"required name=search_term_string"}],"inLanguage":"en-US"},{"@type":"ImageObject","@id":"https:\/\/spectrebaltics.com\/toode\/tyrolit-lamellkettas-125x22-ca-060-non-ferrous-alu\/#primaryimage","inLanguage":"en-US","url":"https:\/\/spectrebaltics.com\/wp-content\/uploads\/2024\/06\/product-klium-4.jpg","contentUrl":"https:\/\/spectrebaltics.com\/wp-content\/uploads\/2024\/06\/product-klium-4.jpg","width":220,"height":300},{"@type":"WebPage","@id":"https:\/\/spectrebaltics.com\/toode\/tyrolit-lamellkettas-125x22-ca-060-non-ferrous-alu\/#webpage","url":"https:\/\/spectrebaltics.com\/toode\/tyrolit-lamellkettas-125x22-ca-060-non-ferrous-alu\/","name":"Tyrolit Lamellkettas 125x22 CA-060 Non Ferrous ALU***","isPartOf":{"@id":"https:\/\/spectrebaltics.com\/ru\/#website"},"primaryImageOfPage":{"@id":"https:\/\/spectrebaltics.com\/toode\/tyrolit-lamellkettas-125x22-ca-060-non-ferrous-alu\/#primaryimage"},"datePublished":"2024-06-03T07:44:45+00:00","dateModified":"2024-06-03T07:44:45+00:00","breadcrumb":{"@id":"https:\/\/spectrebaltics.com\/toode\/tyrolit-lamellkettas-125x22-ca-060-non-ferrous-alu\/#breadcrumb"},"inLanguage":"en-US","potentialAction":[{"@type":"ReadAction","target":["https:\/\/spectrebaltics.com\/toode\/tyrolit-lamellkettas-125x22-ca-060-non-ferrous-alu\/"]}]},{"@type":"BreadcrumbList","@id":"https:\/\/spectrebaltics.com\/toode\/tyrolit-lamellkettas-125x22-ca-060-non-ferrous-alu\/#breadcrumb","itemListElement":[{"@type":"ListItem","position":1,"name":"Home","item":"https:\/\/spectrebaltics.com\/en\/"},{"@type":"ListItem","position":2,"name":"Catalogue","item":"https:\/\/spectrebaltics.com\/en\/catalogue\/"},{"@type":"ListItem","position":3,"name":"Tyrolit Lamellkettas 125&#215;22 CA-060 Non Ferrous ALU***"}]}]}},"_links":{"self":[{"href":"https:\/\/spectrebaltics.com\/en\/wp-json\/wp\/v2\/product\/9205"}],"collection":[{"href":"https:\/\/spectrebaltics.com\/en\/wp-json\/wp\/v2\/product"}],"about":[{"href":"https:\/\/spectrebaltics.com\/en\/wp-json\/wp\/v2\/types\/product"}],"wp:featuredmedia":[{"embeddable":true,"href":"https:\/\/spectrebaltics.com\/en\/wp-json\/wp\/v2\/media\/9196"}],"wp:attachment":[{"href":"https:\/\/spectrebaltics.com\/en\/wp-json\/wp\/v2\/media?parent=9205"}],"wp:term":[{"taxonomy":"product_cat","embeddable":true,"href":"https:\/\/spectrebaltics.com\/en\/wp-json\/wp\/v2\/product_cat?post=9205"},{"taxonomy":"product_tag","embeddable":true,"href":"https:\/\/spectrebaltics.com\/en\/wp-json\/wp\/v2\/product_tag?post=9205"}],"curies":[{"name":"wp","href":"https:\/\/api.w.org\/{rel}","templated":true}]}}