{"id":9260,"date":"2024-06-03T11:44:08","date_gmt":"2024-06-03T11:44:08","guid":{"rendered":"https:\/\/spectrebaltics.com\/?post_type=product&#038;p=9260"},"modified":"2024-06-03T11:44:08","modified_gmt":"2024-06-03T11:44:08","slug":"3m-784f-lihvlint-75x2000-p36","status":"publish","type":"product","link":"https:\/\/spectrebaltics.com\/en\/toode\/3m-784f-lihvlint-75x2000-p36\/","title":{"rendered":"3M 784F Lihvlint 75&#215;2000 P36+"},"content":{"rendered":"<p>3M\u2122 Cubitron\u2122 ll riiderihmal 784F on 3M t\u00e4ppiskujuline tera. Riidest rihmad on t\u00e4pne segu vormitud keraamikast ja esmaklassilisest alumiiniumoksiidist. Neil on paindlik J-kaalu puuvillane alus ja avatud karvkatte konstruktsioon. Rihmadel on ka veekindel alus ja lihvimisabi.<\/p>\n<p>Kasutage 3M\u2122 Cubitron\u2122 ll riidest rihma 784F vastupidavaks, kiiremaks ja \u00fchtlasemaks l\u00f5ikeks kui alumiiniumoksiidist rihmad. T\u00e4pne segu vormitud keraamikast ja esmaklassilisest alumiiniumoksiidist tagab optimaalse l\u00f5ike keskmise r\u00f5huga lihvimis- ja segamisrakendustes.<\/p>\n","protected":false},"excerpt":{"rendered":"<p>3M\u2122 Cubitron\u2122 ll riiderihmal 784F on 3M t\u00e4ppiskujuline tera. Riidest rihmad on t\u00e4pne segu vormitud keraamikast ja esmaklassilisest alumiiniumoksiidist. Neil on paindlik J-kaalu puuvillane alus ja avatud karvkatte konstruktsioon. Rihmadel on ka veekindel alus ja lihvimisabi. Kasutage 3M\u2122 Cubitron\u2122 ll riidest rihma 784F vastupidavaks, kiiremaks ja \u00fchtlasemaks l\u00f5ikeks kui alumiiniumoksiidist rihmad. T\u00e4pne segu vormitud keraamikast&#8230;<\/p>\n","protected":false},"featured_media":9261,"template":"","meta":[],"product_cat":[89,95],"product_tag":[],"yoast_head":"<!-- This site is optimized with the Yoast SEO plugin v18.4.1 - https:\/\/yoast.com\/wordpress\/plugins\/seo\/ -->\n<title>3M 784F Lihvlint 75x2000 P36+<\/title>\n<meta name=\"robots\" content=\"index, follow, max-snippet:-1, max-image-preview:large, max-video-preview:-1\" \/>\n<link rel=\"canonical\" href=\"https:\/\/spectrebaltics.com\/toode\/3m-784f-lihvlint-75x2000-p36\/\" \/>\n<meta property=\"og:locale\" content=\"en_US\" \/>\n<meta property=\"og:type\" content=\"article\" \/>\n<meta property=\"og:title\" content=\"3M 784F Lihvlint 75x2000 P36+\" \/>\n<meta property=\"og:description\" content=\"3M\u2122 Cubitron\u2122 ll riiderihmal 784F on 3M t\u00e4ppiskujuline tera. Riidest rihmad on t\u00e4pne segu vormitud keraamikast ja esmaklassilisest alumiiniumoksiidist. Neil on paindlik J-kaalu puuvillane alus ja avatud karvkatte konstruktsioon. Rihmadel on ka veekindel alus ja lihvimisabi. Kasutage 3M\u2122 Cubitron\u2122 ll riidest rihma 784F vastupidavaks, kiiremaks ja \u00fchtlasemaks l\u00f5ikeks kui alumiiniumoksiidist rihmad. T\u00e4pne segu vormitud keraamikast...\" \/>\n<meta property=\"og:url\" content=\"https:\/\/spectrebaltics.com\/toode\/3m-784f-lihvlint-75x2000-p36\/\" \/>\n<meta property=\"og:site_name\" content=\"Spectrebaltics\" \/>\n<meta name=\"twitter:card\" content=\"summary_large_image\" \/>\n<meta name=\"twitter:image\" content=\"https:\/\/spectrebaltics.com\/wp-content\/uploads\/2024\/06\/3m-cubitron-ll-cloth-belt-784f-yf-weight.avif\" \/>\n<script type=\"application\/ld+json\" class=\"yoast-schema-graph\">{\"@context\":\"https:\/\/schema.org\",\"@graph\":[{\"@type\":\"Organization\",\"@id\":\"https:\/\/spectrebaltics.com\/ru\/#organization\",\"name\":\"Spectrebaltics\",\"url\":\"https:\/\/spectrebaltics.com\/ru\/\",\"sameAs\":[],\"logo\":{\"@type\":\"ImageObject\",\"@id\":\"https:\/\/spectrebaltics.com\/ru\/#logo\",\"inLanguage\":\"en-US\",\"url\":\"https:\/\/spectrebaltics.com\/wp-content\/uploads\/2024\/03\/Spectrebaltics-logo.svg\",\"contentUrl\":\"https:\/\/spectrebaltics.com\/wp-content\/uploads\/2024\/03\/Spectrebaltics-logo.svg\",\"caption\":\"Spectrebaltics\"},\"image\":{\"@id\":\"https:\/\/spectrebaltics.com\/ru\/#logo\"}},{\"@type\":\"WebSite\",\"@id\":\"https:\/\/spectrebaltics.com\/ru\/#website\",\"url\":\"https:\/\/spectrebaltics.com\/ru\/\",\"name\":\"Spectrebaltics\",\"description\":\"\",\"publisher\":{\"@id\":\"https:\/\/spectrebaltics.com\/ru\/#organization\"},\"potentialAction\":[{\"@type\":\"SearchAction\",\"target\":{\"@type\":\"EntryPoint\",\"urlTemplate\":\"https:\/\/spectrebaltics.com\/ru\/?s={search_term_string}\"},\"query-input\":\"required name=search_term_string\"}],\"inLanguage\":\"en-US\"},{\"@type\":\"ImageObject\",\"@id\":\"https:\/\/spectrebaltics.com\/toode\/3m-784f-lihvlint-75x2000-p36\/#primaryimage\",\"inLanguage\":\"en-US\",\"url\":\"https:\/\/spectrebaltics.com\/wp-content\/uploads\/2024\/06\/3m-cubitron-ll-cloth-belt-784f-yf-weight.avif\",\"contentUrl\":\"https:\/\/spectrebaltics.com\/wp-content\/uploads\/2024\/06\/3m-cubitron-ll-cloth-belt-784f-yf-weight.avif\",\"width\":505,\"height\":379},{\"@type\":\"WebPage\",\"@id\":\"https:\/\/spectrebaltics.com\/toode\/3m-784f-lihvlint-75x2000-p36\/#webpage\",\"url\":\"https:\/\/spectrebaltics.com\/toode\/3m-784f-lihvlint-75x2000-p36\/\",\"name\":\"3M 784F Lihvlint 75x2000 P36+\",\"isPartOf\":{\"@id\":\"https:\/\/spectrebaltics.com\/ru\/#website\"},\"primaryImageOfPage\":{\"@id\":\"https:\/\/spectrebaltics.com\/toode\/3m-784f-lihvlint-75x2000-p36\/#primaryimage\"},\"datePublished\":\"2024-06-03T11:44:08+00:00\",\"dateModified\":\"2024-06-03T11:44:08+00:00\",\"breadcrumb\":{\"@id\":\"https:\/\/spectrebaltics.com\/toode\/3m-784f-lihvlint-75x2000-p36\/#breadcrumb\"},\"inLanguage\":\"en-US\",\"potentialAction\":[{\"@type\":\"ReadAction\",\"target\":[\"https:\/\/spectrebaltics.com\/toode\/3m-784f-lihvlint-75x2000-p36\/\"]}]},{\"@type\":\"BreadcrumbList\",\"@id\":\"https:\/\/spectrebaltics.com\/toode\/3m-784f-lihvlint-75x2000-p36\/#breadcrumb\",\"itemListElement\":[{\"@type\":\"ListItem\",\"position\":1,\"name\":\"Home\",\"item\":\"https:\/\/spectrebaltics.com\/en\/\"},{\"@type\":\"ListItem\",\"position\":2,\"name\":\"Catalogue\",\"item\":\"https:\/\/spectrebaltics.com\/en\/catalogue\/\"},{\"@type\":\"ListItem\",\"position\":3,\"name\":\"3M 784F Lihvlint 75&#215;2000 P36+\"}]}]}<\/script>\n<!-- \/ Yoast SEO plugin. -->","yoast_head_json":{"title":"3M 784F Lihvlint 75x2000 P36+","robots":{"index":"index","follow":"follow","max-snippet":"max-snippet:-1","max-image-preview":"max-image-preview:large","max-video-preview":"max-video-preview:-1"},"canonical":"https:\/\/spectrebaltics.com\/toode\/3m-784f-lihvlint-75x2000-p36\/","og_locale":"en_US","og_type":"article","og_title":"3M 784F Lihvlint 75x2000 P36+","og_description":"3M\u2122 Cubitron\u2122 ll riiderihmal 784F on 3M t\u00e4ppiskujuline tera. Riidest rihmad on t\u00e4pne segu vormitud keraamikast ja esmaklassilisest alumiiniumoksiidist. Neil on paindlik J-kaalu puuvillane alus ja avatud karvkatte konstruktsioon. Rihmadel on ka veekindel alus ja lihvimisabi. Kasutage 3M\u2122 Cubitron\u2122 ll riidest rihma 784F vastupidavaks, kiiremaks ja \u00fchtlasemaks l\u00f5ikeks kui alumiiniumoksiidist rihmad. T\u00e4pne segu vormitud keraamikast...","og_url":"https:\/\/spectrebaltics.com\/toode\/3m-784f-lihvlint-75x2000-p36\/","og_site_name":"Spectrebaltics","twitter_card":"summary_large_image","twitter_image":"https:\/\/spectrebaltics.com\/wp-content\/uploads\/2024\/06\/3m-cubitron-ll-cloth-belt-784f-yf-weight.avif","schema":{"@context":"https:\/\/schema.org","@graph":[{"@type":"Organization","@id":"https:\/\/spectrebaltics.com\/ru\/#organization","name":"Spectrebaltics","url":"https:\/\/spectrebaltics.com\/ru\/","sameAs":[],"logo":{"@type":"ImageObject","@id":"https:\/\/spectrebaltics.com\/ru\/#logo","inLanguage":"en-US","url":"https:\/\/spectrebaltics.com\/wp-content\/uploads\/2024\/03\/Spectrebaltics-logo.svg","contentUrl":"https:\/\/spectrebaltics.com\/wp-content\/uploads\/2024\/03\/Spectrebaltics-logo.svg","caption":"Spectrebaltics"},"image":{"@id":"https:\/\/spectrebaltics.com\/ru\/#logo"}},{"@type":"WebSite","@id":"https:\/\/spectrebaltics.com\/ru\/#website","url":"https:\/\/spectrebaltics.com\/ru\/","name":"Spectrebaltics","description":"","publisher":{"@id":"https:\/\/spectrebaltics.com\/ru\/#organization"},"potentialAction":[{"@type":"SearchAction","target":{"@type":"EntryPoint","urlTemplate":"https:\/\/spectrebaltics.com\/ru\/?s={search_term_string}"},"query-input":"required name=search_term_string"}],"inLanguage":"en-US"},{"@type":"ImageObject","@id":"https:\/\/spectrebaltics.com\/toode\/3m-784f-lihvlint-75x2000-p36\/#primaryimage","inLanguage":"en-US","url":"https:\/\/spectrebaltics.com\/wp-content\/uploads\/2024\/06\/3m-cubitron-ll-cloth-belt-784f-yf-weight.avif","contentUrl":"https:\/\/spectrebaltics.com\/wp-content\/uploads\/2024\/06\/3m-cubitron-ll-cloth-belt-784f-yf-weight.avif","width":505,"height":379},{"@type":"WebPage","@id":"https:\/\/spectrebaltics.com\/toode\/3m-784f-lihvlint-75x2000-p36\/#webpage","url":"https:\/\/spectrebaltics.com\/toode\/3m-784f-lihvlint-75x2000-p36\/","name":"3M 784F Lihvlint 75x2000 P36+","isPartOf":{"@id":"https:\/\/spectrebaltics.com\/ru\/#website"},"primaryImageOfPage":{"@id":"https:\/\/spectrebaltics.com\/toode\/3m-784f-lihvlint-75x2000-p36\/#primaryimage"},"datePublished":"2024-06-03T11:44:08+00:00","dateModified":"2024-06-03T11:44:08+00:00","breadcrumb":{"@id":"https:\/\/spectrebaltics.com\/toode\/3m-784f-lihvlint-75x2000-p36\/#breadcrumb"},"inLanguage":"en-US","potentialAction":[{"@type":"ReadAction","target":["https:\/\/spectrebaltics.com\/toode\/3m-784f-lihvlint-75x2000-p36\/"]}]},{"@type":"BreadcrumbList","@id":"https:\/\/spectrebaltics.com\/toode\/3m-784f-lihvlint-75x2000-p36\/#breadcrumb","itemListElement":[{"@type":"ListItem","position":1,"name":"Home","item":"https:\/\/spectrebaltics.com\/en\/"},{"@type":"ListItem","position":2,"name":"Catalogue","item":"https:\/\/spectrebaltics.com\/en\/catalogue\/"},{"@type":"ListItem","position":3,"name":"3M 784F Lihvlint 75&#215;2000 P36+"}]}]}},"_links":{"self":[{"href":"https:\/\/spectrebaltics.com\/en\/wp-json\/wp\/v2\/product\/9260"}],"collection":[{"href":"https:\/\/spectrebaltics.com\/en\/wp-json\/wp\/v2\/product"}],"about":[{"href":"https:\/\/spectrebaltics.com\/en\/wp-json\/wp\/v2\/types\/product"}],"wp:featuredmedia":[{"embeddable":true,"href":"https:\/\/spectrebaltics.com\/en\/wp-json\/wp\/v2\/media\/9261"}],"wp:attachment":[{"href":"https:\/\/spectrebaltics.com\/en\/wp-json\/wp\/v2\/media?parent=9260"}],"wp:term":[{"taxonomy":"product_cat","embeddable":true,"href":"https:\/\/spectrebaltics.com\/en\/wp-json\/wp\/v2\/product_cat?post=9260"},{"taxonomy":"product_tag","embeddable":true,"href":"https:\/\/spectrebaltics.com\/en\/wp-json\/wp\/v2\/product_tag?post=9260"}],"curies":[{"name":"wp","href":"https:\/\/api.w.org\/{rel}","templated":true}]}}