{"id":9285,"date":"2024-06-03T12:20:48","date_gmt":"2024-06-03T12:20:48","guid":{"rendered":"https:\/\/spectrebaltics.com\/?post_type=product&#038;p=9285"},"modified":"2024-06-03T12:20:48","modified_gmt":"2024-06-03T12:20:48","slug":"3m-scotchbrite-viimistluslint-100x289-a-vfn","status":"publish","type":"product","link":"https:\/\/spectrebaltics.com\/en\/toode\/3m-scotchbrite-viimistluslint-100x289-a-vfn\/","title":{"rendered":"3M ScotchBrite viimistluslint 100&#215;289 A VFN"},"content":{"rendered":"<p>Seda saab kasutada m\u00e4rjana v\u00f5i kuivana ning korduvaks kasutamiseks loputada<br \/>\nSobib kasutamiseks puidus, metallis, plastis, keraamikas, portselanis, klaasis, kummis v\u00f5i komposiitmaterjalides<br \/>\nSee on vastupidav rebenemisele ja \u00f5itsemisele, tagades pika eluea<br \/>\nTihe veebikonstruktsioon pakub suuremat vastupidavust rakendustele, mis n\u00f5uavad v\u00e4hem agressiivset l\u00f5ikamist, nagu puhastamine ja pinnaviimistlus.<\/p>\n","protected":false},"excerpt":{"rendered":"<p>Seda saab kasutada m\u00e4rjana v\u00f5i kuivana ning korduvaks kasutamiseks loputada Sobib kasutamiseks puidus, metallis, plastis, keraamikas, portselanis, klaasis, kummis v\u00f5i komposiitmaterjalides See on vastupidav rebenemisele ja \u00f5itsemisele, tagades pika eluea Tihe veebikonstruktsioon pakub suuremat vastupidavust rakendustele, mis n\u00f5uavad v\u00e4hem agressiivset l\u00f5ikamist, nagu puhastamine ja pinnaviimistlus.<\/p>\n","protected":false},"featured_media":9286,"template":"","meta":[],"product_cat":[89,95],"product_tag":[],"yoast_head":"<!-- This site is optimized with the Yoast SEO plugin v18.4.1 - https:\/\/yoast.com\/wordpress\/plugins\/seo\/ -->\n<title>3M ScotchBrite viimistluslint 100x289 A VFN<\/title>\n<meta name=\"robots\" content=\"index, follow, max-snippet:-1, max-image-preview:large, max-video-preview:-1\" \/>\n<link rel=\"canonical\" href=\"https:\/\/spectrebaltics.com\/toode\/3m-scotchbrite-viimistluslint-100x289-a-vfn\/\" \/>\n<meta property=\"og:locale\" content=\"en_US\" \/>\n<meta property=\"og:type\" content=\"article\" \/>\n<meta property=\"og:title\" content=\"3M ScotchBrite viimistluslint 100x289 A VFN\" \/>\n<meta property=\"og:description\" content=\"Seda saab kasutada m\u00e4rjana v\u00f5i kuivana ning korduvaks kasutamiseks loputada Sobib kasutamiseks puidus, metallis, plastis, keraamikas, portselanis, klaasis, kummis v\u00f5i komposiitmaterjalides See on vastupidav rebenemisele ja \u00f5itsemisele, tagades pika eluea Tihe veebikonstruktsioon pakub suuremat vastupidavust rakendustele, mis n\u00f5uavad v\u00e4hem agressiivset l\u00f5ikamist, nagu puhastamine ja pinnaviimistlus.\" \/>\n<meta property=\"og:url\" content=\"https:\/\/spectrebaltics.com\/toode\/3m-scotchbrite-viimistluslint-100x289-a-vfn\/\" \/>\n<meta property=\"og:site_name\" content=\"Spectrebaltics\" \/>\n<meta property=\"og:image\" content=\"https:\/\/spectrebaltics.com\/wp-content\/uploads\/2024\/06\/3m-scotch-brite-7447-pro-a-vfn-roll.jpg\" \/>\n\t<meta property=\"og:image:width\" content=\"800\" \/>\n\t<meta property=\"og:image:height\" content=\"800\" \/>\n\t<meta property=\"og:image:type\" content=\"image\/jpeg\" \/>\n<meta name=\"twitter:card\" content=\"summary_large_image\" \/>\n<script type=\"application\/ld+json\" class=\"yoast-schema-graph\">{\"@context\":\"https:\/\/schema.org\",\"@graph\":[{\"@type\":\"Organization\",\"@id\":\"https:\/\/spectrebaltics.com\/ru\/#organization\",\"name\":\"Spectrebaltics\",\"url\":\"https:\/\/spectrebaltics.com\/ru\/\",\"sameAs\":[],\"logo\":{\"@type\":\"ImageObject\",\"@id\":\"https:\/\/spectrebaltics.com\/ru\/#logo\",\"inLanguage\":\"en-US\",\"url\":\"https:\/\/spectrebaltics.com\/wp-content\/uploads\/2024\/03\/Spectrebaltics-logo.svg\",\"contentUrl\":\"https:\/\/spectrebaltics.com\/wp-content\/uploads\/2024\/03\/Spectrebaltics-logo.svg\",\"caption\":\"Spectrebaltics\"},\"image\":{\"@id\":\"https:\/\/spectrebaltics.com\/ru\/#logo\"}},{\"@type\":\"WebSite\",\"@id\":\"https:\/\/spectrebaltics.com\/ru\/#website\",\"url\":\"https:\/\/spectrebaltics.com\/ru\/\",\"name\":\"Spectrebaltics\",\"description\":\"\",\"publisher\":{\"@id\":\"https:\/\/spectrebaltics.com\/ru\/#organization\"},\"potentialAction\":[{\"@type\":\"SearchAction\",\"target\":{\"@type\":\"EntryPoint\",\"urlTemplate\":\"https:\/\/spectrebaltics.com\/ru\/?s={search_term_string}\"},\"query-input\":\"required name=search_term_string\"}],\"inLanguage\":\"en-US\"},{\"@type\":\"ImageObject\",\"@id\":\"https:\/\/spectrebaltics.com\/toode\/3m-scotchbrite-viimistluslint-100x289-a-vfn\/#primaryimage\",\"inLanguage\":\"en-US\",\"url\":\"https:\/\/spectrebaltics.com\/wp-content\/uploads\/2024\/06\/3m-scotch-brite-7447-pro-a-vfn-roll.jpg\",\"contentUrl\":\"https:\/\/spectrebaltics.com\/wp-content\/uploads\/2024\/06\/3m-scotch-brite-7447-pro-a-vfn-roll.jpg\",\"width\":800,\"height\":800},{\"@type\":\"WebPage\",\"@id\":\"https:\/\/spectrebaltics.com\/toode\/3m-scotchbrite-viimistluslint-100x289-a-vfn\/#webpage\",\"url\":\"https:\/\/spectrebaltics.com\/toode\/3m-scotchbrite-viimistluslint-100x289-a-vfn\/\",\"name\":\"3M ScotchBrite viimistluslint 100x289 A VFN\",\"isPartOf\":{\"@id\":\"https:\/\/spectrebaltics.com\/ru\/#website\"},\"primaryImageOfPage\":{\"@id\":\"https:\/\/spectrebaltics.com\/toode\/3m-scotchbrite-viimistluslint-100x289-a-vfn\/#primaryimage\"},\"datePublished\":\"2024-06-03T12:20:48+00:00\",\"dateModified\":\"2024-06-03T12:20:48+00:00\",\"breadcrumb\":{\"@id\":\"https:\/\/spectrebaltics.com\/toode\/3m-scotchbrite-viimistluslint-100x289-a-vfn\/#breadcrumb\"},\"inLanguage\":\"en-US\",\"potentialAction\":[{\"@type\":\"ReadAction\",\"target\":[\"https:\/\/spectrebaltics.com\/toode\/3m-scotchbrite-viimistluslint-100x289-a-vfn\/\"]}]},{\"@type\":\"BreadcrumbList\",\"@id\":\"https:\/\/spectrebaltics.com\/toode\/3m-scotchbrite-viimistluslint-100x289-a-vfn\/#breadcrumb\",\"itemListElement\":[{\"@type\":\"ListItem\",\"position\":1,\"name\":\"Home\",\"item\":\"https:\/\/spectrebaltics.com\/en\/\"},{\"@type\":\"ListItem\",\"position\":2,\"name\":\"Catalogue\",\"item\":\"https:\/\/spectrebaltics.com\/en\/catalogue\/\"},{\"@type\":\"ListItem\",\"position\":3,\"name\":\"3M ScotchBrite viimistluslint 100&#215;289 A VFN\"}]}]}<\/script>\n<!-- \/ Yoast SEO plugin. -->","yoast_head_json":{"title":"3M ScotchBrite viimistluslint 100x289 A VFN","robots":{"index":"index","follow":"follow","max-snippet":"max-snippet:-1","max-image-preview":"max-image-preview:large","max-video-preview":"max-video-preview:-1"},"canonical":"https:\/\/spectrebaltics.com\/toode\/3m-scotchbrite-viimistluslint-100x289-a-vfn\/","og_locale":"en_US","og_type":"article","og_title":"3M ScotchBrite viimistluslint 100x289 A VFN","og_description":"Seda saab kasutada m\u00e4rjana v\u00f5i kuivana ning korduvaks kasutamiseks loputada Sobib kasutamiseks puidus, metallis, plastis, keraamikas, portselanis, klaasis, kummis v\u00f5i komposiitmaterjalides See on vastupidav rebenemisele ja \u00f5itsemisele, tagades pika eluea Tihe veebikonstruktsioon pakub suuremat vastupidavust rakendustele, mis n\u00f5uavad v\u00e4hem agressiivset l\u00f5ikamist, nagu puhastamine ja pinnaviimistlus.","og_url":"https:\/\/spectrebaltics.com\/toode\/3m-scotchbrite-viimistluslint-100x289-a-vfn\/","og_site_name":"Spectrebaltics","og_image":[{"width":800,"height":800,"url":"https:\/\/spectrebaltics.com\/wp-content\/uploads\/2024\/06\/3m-scotch-brite-7447-pro-a-vfn-roll.jpg","type":"image\/jpeg"}],"twitter_card":"summary_large_image","schema":{"@context":"https:\/\/schema.org","@graph":[{"@type":"Organization","@id":"https:\/\/spectrebaltics.com\/ru\/#organization","name":"Spectrebaltics","url":"https:\/\/spectrebaltics.com\/ru\/","sameAs":[],"logo":{"@type":"ImageObject","@id":"https:\/\/spectrebaltics.com\/ru\/#logo","inLanguage":"en-US","url":"https:\/\/spectrebaltics.com\/wp-content\/uploads\/2024\/03\/Spectrebaltics-logo.svg","contentUrl":"https:\/\/spectrebaltics.com\/wp-content\/uploads\/2024\/03\/Spectrebaltics-logo.svg","caption":"Spectrebaltics"},"image":{"@id":"https:\/\/spectrebaltics.com\/ru\/#logo"}},{"@type":"WebSite","@id":"https:\/\/spectrebaltics.com\/ru\/#website","url":"https:\/\/spectrebaltics.com\/ru\/","name":"Spectrebaltics","description":"","publisher":{"@id":"https:\/\/spectrebaltics.com\/ru\/#organization"},"potentialAction":[{"@type":"SearchAction","target":{"@type":"EntryPoint","urlTemplate":"https:\/\/spectrebaltics.com\/ru\/?s={search_term_string}"},"query-input":"required name=search_term_string"}],"inLanguage":"en-US"},{"@type":"ImageObject","@id":"https:\/\/spectrebaltics.com\/toode\/3m-scotchbrite-viimistluslint-100x289-a-vfn\/#primaryimage","inLanguage":"en-US","url":"https:\/\/spectrebaltics.com\/wp-content\/uploads\/2024\/06\/3m-scotch-brite-7447-pro-a-vfn-roll.jpg","contentUrl":"https:\/\/spectrebaltics.com\/wp-content\/uploads\/2024\/06\/3m-scotch-brite-7447-pro-a-vfn-roll.jpg","width":800,"height":800},{"@type":"WebPage","@id":"https:\/\/spectrebaltics.com\/toode\/3m-scotchbrite-viimistluslint-100x289-a-vfn\/#webpage","url":"https:\/\/spectrebaltics.com\/toode\/3m-scotchbrite-viimistluslint-100x289-a-vfn\/","name":"3M ScotchBrite viimistluslint 100x289 A VFN","isPartOf":{"@id":"https:\/\/spectrebaltics.com\/ru\/#website"},"primaryImageOfPage":{"@id":"https:\/\/spectrebaltics.com\/toode\/3m-scotchbrite-viimistluslint-100x289-a-vfn\/#primaryimage"},"datePublished":"2024-06-03T12:20:48+00:00","dateModified":"2024-06-03T12:20:48+00:00","breadcrumb":{"@id":"https:\/\/spectrebaltics.com\/toode\/3m-scotchbrite-viimistluslint-100x289-a-vfn\/#breadcrumb"},"inLanguage":"en-US","potentialAction":[{"@type":"ReadAction","target":["https:\/\/spectrebaltics.com\/toode\/3m-scotchbrite-viimistluslint-100x289-a-vfn\/"]}]},{"@type":"BreadcrumbList","@id":"https:\/\/spectrebaltics.com\/toode\/3m-scotchbrite-viimistluslint-100x289-a-vfn\/#breadcrumb","itemListElement":[{"@type":"ListItem","position":1,"name":"Home","item":"https:\/\/spectrebaltics.com\/en\/"},{"@type":"ListItem","position":2,"name":"Catalogue","item":"https:\/\/spectrebaltics.com\/en\/catalogue\/"},{"@type":"ListItem","position":3,"name":"3M ScotchBrite viimistluslint 100&#215;289 A VFN"}]}]}},"_links":{"self":[{"href":"https:\/\/spectrebaltics.com\/en\/wp-json\/wp\/v2\/product\/9285"}],"collection":[{"href":"https:\/\/spectrebaltics.com\/en\/wp-json\/wp\/v2\/product"}],"about":[{"href":"https:\/\/spectrebaltics.com\/en\/wp-json\/wp\/v2\/types\/product"}],"wp:featuredmedia":[{"embeddable":true,"href":"https:\/\/spectrebaltics.com\/en\/wp-json\/wp\/v2\/media\/9286"}],"wp:attachment":[{"href":"https:\/\/spectrebaltics.com\/en\/wp-json\/wp\/v2\/media?parent=9285"}],"wp:term":[{"taxonomy":"product_cat","embeddable":true,"href":"https:\/\/spectrebaltics.com\/en\/wp-json\/wp\/v2\/product_cat?post=9285"},{"taxonomy":"product_tag","embeddable":true,"href":"https:\/\/spectrebaltics.com\/en\/wp-json\/wp\/v2\/product_tag?post=9285"}],"curies":[{"name":"wp","href":"https:\/\/api.w.org\/{rel}","templated":true}]}}