{"id":9289,"date":"2024-06-03T13:21:02","date_gmt":"2024-06-03T13:21:02","guid":{"rendered":"https:\/\/spectrebaltics.com\/?post_type=product&#038;p=9289"},"modified":"2024-06-03T13:21:02","modified_gmt":"2024-06-03T13:21:02","slug":"egesan-loikeketas-125-x-10-x-2223-inoxa60-tbf","status":"publish","type":"product","link":"https:\/\/spectrebaltics.com\/en\/toode\/egesan-loikeketas-125-x-10-x-2223-inoxa60-tbf\/","title":{"rendered":"Egesan l\u00f5ikeketas 125 x 1,0 x 22,23 INOXA60 TBF"},"content":{"rendered":"<p>Roostevabast terasest m\u00f5eldud metallist l\u00f5ikeketast Egesan 34639441 saab kasutada v\u00e4ikese l\u00e4bim\u00f5\u00f5duga ja tahke materjaliga plaatide, profiilide, torude ja varraste l\u00f5ikamiseks. 1,0 mm l\u00f5ikekettad sobivad eriti h\u00e4sti kiireks ja mugavaks l\u00f5ikamiseks minimaalse j\u00e4mega.<\/p>\n","protected":false},"excerpt":{"rendered":"<p>Roostevabast terasest m\u00f5eldud metallist l\u00f5ikeketast Egesan 34639441 saab kasutada v\u00e4ikese l\u00e4bim\u00f5\u00f5duga ja tahke materjaliga plaatide, profiilide, torude ja varraste l\u00f5ikamiseks. 1,0 mm l\u00f5ikekettad sobivad eriti h\u00e4sti kiireks ja mugavaks l\u00f5ikamiseks minimaalse j\u00e4mega.<\/p>\n","protected":false},"featured_media":9290,"template":"","meta":[],"product_cat":[89,90],"product_tag":[],"yoast_head":"<!-- This site is optimized with the Yoast SEO plugin v18.4.1 - https:\/\/yoast.com\/wordpress\/plugins\/seo\/ -->\n<title>Egesan l\u00f5ikeketas 125 x 1,0 x 22,23 INOXA60 TBF<\/title>\n<meta name=\"robots\" content=\"index, follow, max-snippet:-1, max-image-preview:large, max-video-preview:-1\" \/>\n<link rel=\"canonical\" href=\"https:\/\/spectrebaltics.com\/toode\/egesan-loikeketas-125-x-10-x-2223-inoxa60-tbf\/\" \/>\n<meta property=\"og:locale\" content=\"en_US\" \/>\n<meta property=\"og:type\" content=\"article\" \/>\n<meta property=\"og:title\" content=\"Egesan l\u00f5ikeketas 125 x 1,0 x 22,23 INOXA60 TBF\" \/>\n<meta property=\"og:description\" content=\"Roostevabast terasest m\u00f5eldud metallist l\u00f5ikeketast Egesan 34639441 saab kasutada v\u00e4ikese l\u00e4bim\u00f5\u00f5duga ja tahke materjaliga plaatide, profiilide, torude ja varraste l\u00f5ikamiseks. 1,0 mm l\u00f5ikekettad sobivad eriti h\u00e4sti kiireks ja mugavaks l\u00f5ikamiseks minimaalse j\u00e4mega.\" \/>\n<meta property=\"og:url\" content=\"https:\/\/spectrebaltics.com\/toode\/egesan-loikeketas-125-x-10-x-2223-inoxa60-tbf\/\" \/>\n<meta property=\"og:site_name\" content=\"Spectrebaltics\" \/>\n<meta property=\"og:image\" content=\"https:\/\/spectrebaltics.com\/wp-content\/uploads\/2024\/06\/egesan_34639441_125mm_x_22.3mm_x_1.jpg\" \/>\n\t<meta property=\"og:image:width\" content=\"1000\" \/>\n\t<meta property=\"og:image:height\" content=\"1000\" \/>\n\t<meta property=\"og:image:type\" content=\"image\/jpeg\" \/>\n<meta name=\"twitter:card\" content=\"summary_large_image\" \/>\n<script type=\"application\/ld+json\" class=\"yoast-schema-graph\">{\"@context\":\"https:\/\/schema.org\",\"@graph\":[{\"@type\":\"Organization\",\"@id\":\"https:\/\/spectrebaltics.com\/ru\/#organization\",\"name\":\"Spectrebaltics\",\"url\":\"https:\/\/spectrebaltics.com\/ru\/\",\"sameAs\":[],\"logo\":{\"@type\":\"ImageObject\",\"@id\":\"https:\/\/spectrebaltics.com\/ru\/#logo\",\"inLanguage\":\"en-US\",\"url\":\"https:\/\/spectrebaltics.com\/wp-content\/uploads\/2024\/03\/Spectrebaltics-logo.svg\",\"contentUrl\":\"https:\/\/spectrebaltics.com\/wp-content\/uploads\/2024\/03\/Spectrebaltics-logo.svg\",\"caption\":\"Spectrebaltics\"},\"image\":{\"@id\":\"https:\/\/spectrebaltics.com\/ru\/#logo\"}},{\"@type\":\"WebSite\",\"@id\":\"https:\/\/spectrebaltics.com\/ru\/#website\",\"url\":\"https:\/\/spectrebaltics.com\/ru\/\",\"name\":\"Spectrebaltics\",\"description\":\"\",\"publisher\":{\"@id\":\"https:\/\/spectrebaltics.com\/ru\/#organization\"},\"potentialAction\":[{\"@type\":\"SearchAction\",\"target\":{\"@type\":\"EntryPoint\",\"urlTemplate\":\"https:\/\/spectrebaltics.com\/ru\/?s={search_term_string}\"},\"query-input\":\"required name=search_term_string\"}],\"inLanguage\":\"en-US\"},{\"@type\":\"ImageObject\",\"@id\":\"https:\/\/spectrebaltics.com\/toode\/egesan-loikeketas-125-x-10-x-2223-inoxa60-tbf\/#primaryimage\",\"inLanguage\":\"en-US\",\"url\":\"https:\/\/spectrebaltics.com\/wp-content\/uploads\/2024\/06\/egesan_34639441_125mm_x_22.3mm_x_1.jpg\",\"contentUrl\":\"https:\/\/spectrebaltics.com\/wp-content\/uploads\/2024\/06\/egesan_34639441_125mm_x_22.3mm_x_1.jpg\",\"width\":1000,\"height\":1000},{\"@type\":\"WebPage\",\"@id\":\"https:\/\/spectrebaltics.com\/toode\/egesan-loikeketas-125-x-10-x-2223-inoxa60-tbf\/#webpage\",\"url\":\"https:\/\/spectrebaltics.com\/toode\/egesan-loikeketas-125-x-10-x-2223-inoxa60-tbf\/\",\"name\":\"Egesan l\u00f5ikeketas 125 x 1,0 x 22,23 INOXA60 TBF\",\"isPartOf\":{\"@id\":\"https:\/\/spectrebaltics.com\/ru\/#website\"},\"primaryImageOfPage\":{\"@id\":\"https:\/\/spectrebaltics.com\/toode\/egesan-loikeketas-125-x-10-x-2223-inoxa60-tbf\/#primaryimage\"},\"datePublished\":\"2024-06-03T13:21:02+00:00\",\"dateModified\":\"2024-06-03T13:21:02+00:00\",\"breadcrumb\":{\"@id\":\"https:\/\/spectrebaltics.com\/toode\/egesan-loikeketas-125-x-10-x-2223-inoxa60-tbf\/#breadcrumb\"},\"inLanguage\":\"en-US\",\"potentialAction\":[{\"@type\":\"ReadAction\",\"target\":[\"https:\/\/spectrebaltics.com\/toode\/egesan-loikeketas-125-x-10-x-2223-inoxa60-tbf\/\"]}]},{\"@type\":\"BreadcrumbList\",\"@id\":\"https:\/\/spectrebaltics.com\/toode\/egesan-loikeketas-125-x-10-x-2223-inoxa60-tbf\/#breadcrumb\",\"itemListElement\":[{\"@type\":\"ListItem\",\"position\":1,\"name\":\"Home\",\"item\":\"https:\/\/spectrebaltics.com\/en\/\"},{\"@type\":\"ListItem\",\"position\":2,\"name\":\"Catalogue\",\"item\":\"https:\/\/spectrebaltics.com\/en\/catalogue\/\"},{\"@type\":\"ListItem\",\"position\":3,\"name\":\"Egesan l\u00f5ikeketas 125 x 1,0 x 22,23 INOXA60 TBF\"}]}]}<\/script>\n<!-- \/ Yoast SEO plugin. -->","yoast_head_json":{"title":"Egesan l\u00f5ikeketas 125 x 1,0 x 22,23 INOXA60 TBF","robots":{"index":"index","follow":"follow","max-snippet":"max-snippet:-1","max-image-preview":"max-image-preview:large","max-video-preview":"max-video-preview:-1"},"canonical":"https:\/\/spectrebaltics.com\/toode\/egesan-loikeketas-125-x-10-x-2223-inoxa60-tbf\/","og_locale":"en_US","og_type":"article","og_title":"Egesan l\u00f5ikeketas 125 x 1,0 x 22,23 INOXA60 TBF","og_description":"Roostevabast terasest m\u00f5eldud metallist l\u00f5ikeketast Egesan 34639441 saab kasutada v\u00e4ikese l\u00e4bim\u00f5\u00f5duga ja tahke materjaliga plaatide, profiilide, torude ja varraste l\u00f5ikamiseks. 1,0 mm l\u00f5ikekettad sobivad eriti h\u00e4sti kiireks ja mugavaks l\u00f5ikamiseks minimaalse j\u00e4mega.","og_url":"https:\/\/spectrebaltics.com\/toode\/egesan-loikeketas-125-x-10-x-2223-inoxa60-tbf\/","og_site_name":"Spectrebaltics","og_image":[{"width":1000,"height":1000,"url":"https:\/\/spectrebaltics.com\/wp-content\/uploads\/2024\/06\/egesan_34639441_125mm_x_22.3mm_x_1.jpg","type":"image\/jpeg"}],"twitter_card":"summary_large_image","schema":{"@context":"https:\/\/schema.org","@graph":[{"@type":"Organization","@id":"https:\/\/spectrebaltics.com\/ru\/#organization","name":"Spectrebaltics","url":"https:\/\/spectrebaltics.com\/ru\/","sameAs":[],"logo":{"@type":"ImageObject","@id":"https:\/\/spectrebaltics.com\/ru\/#logo","inLanguage":"en-US","url":"https:\/\/spectrebaltics.com\/wp-content\/uploads\/2024\/03\/Spectrebaltics-logo.svg","contentUrl":"https:\/\/spectrebaltics.com\/wp-content\/uploads\/2024\/03\/Spectrebaltics-logo.svg","caption":"Spectrebaltics"},"image":{"@id":"https:\/\/spectrebaltics.com\/ru\/#logo"}},{"@type":"WebSite","@id":"https:\/\/spectrebaltics.com\/ru\/#website","url":"https:\/\/spectrebaltics.com\/ru\/","name":"Spectrebaltics","description":"","publisher":{"@id":"https:\/\/spectrebaltics.com\/ru\/#organization"},"potentialAction":[{"@type":"SearchAction","target":{"@type":"EntryPoint","urlTemplate":"https:\/\/spectrebaltics.com\/ru\/?s={search_term_string}"},"query-input":"required name=search_term_string"}],"inLanguage":"en-US"},{"@type":"ImageObject","@id":"https:\/\/spectrebaltics.com\/toode\/egesan-loikeketas-125-x-10-x-2223-inoxa60-tbf\/#primaryimage","inLanguage":"en-US","url":"https:\/\/spectrebaltics.com\/wp-content\/uploads\/2024\/06\/egesan_34639441_125mm_x_22.3mm_x_1.jpg","contentUrl":"https:\/\/spectrebaltics.com\/wp-content\/uploads\/2024\/06\/egesan_34639441_125mm_x_22.3mm_x_1.jpg","width":1000,"height":1000},{"@type":"WebPage","@id":"https:\/\/spectrebaltics.com\/toode\/egesan-loikeketas-125-x-10-x-2223-inoxa60-tbf\/#webpage","url":"https:\/\/spectrebaltics.com\/toode\/egesan-loikeketas-125-x-10-x-2223-inoxa60-tbf\/","name":"Egesan l\u00f5ikeketas 125 x 1,0 x 22,23 INOXA60 TBF","isPartOf":{"@id":"https:\/\/spectrebaltics.com\/ru\/#website"},"primaryImageOfPage":{"@id":"https:\/\/spectrebaltics.com\/toode\/egesan-loikeketas-125-x-10-x-2223-inoxa60-tbf\/#primaryimage"},"datePublished":"2024-06-03T13:21:02+00:00","dateModified":"2024-06-03T13:21:02+00:00","breadcrumb":{"@id":"https:\/\/spectrebaltics.com\/toode\/egesan-loikeketas-125-x-10-x-2223-inoxa60-tbf\/#breadcrumb"},"inLanguage":"en-US","potentialAction":[{"@type":"ReadAction","target":["https:\/\/spectrebaltics.com\/toode\/egesan-loikeketas-125-x-10-x-2223-inoxa60-tbf\/"]}]},{"@type":"BreadcrumbList","@id":"https:\/\/spectrebaltics.com\/toode\/egesan-loikeketas-125-x-10-x-2223-inoxa60-tbf\/#breadcrumb","itemListElement":[{"@type":"ListItem","position":1,"name":"Home","item":"https:\/\/spectrebaltics.com\/en\/"},{"@type":"ListItem","position":2,"name":"Catalogue","item":"https:\/\/spectrebaltics.com\/en\/catalogue\/"},{"@type":"ListItem","position":3,"name":"Egesan l\u00f5ikeketas 125 x 1,0 x 22,23 INOXA60 TBF"}]}]}},"_links":{"self":[{"href":"https:\/\/spectrebaltics.com\/en\/wp-json\/wp\/v2\/product\/9289"}],"collection":[{"href":"https:\/\/spectrebaltics.com\/en\/wp-json\/wp\/v2\/product"}],"about":[{"href":"https:\/\/spectrebaltics.com\/en\/wp-json\/wp\/v2\/types\/product"}],"wp:featuredmedia":[{"embeddable":true,"href":"https:\/\/spectrebaltics.com\/en\/wp-json\/wp\/v2\/media\/9290"}],"wp:attachment":[{"href":"https:\/\/spectrebaltics.com\/en\/wp-json\/wp\/v2\/media?parent=9289"}],"wp:term":[{"taxonomy":"product_cat","embeddable":true,"href":"https:\/\/spectrebaltics.com\/en\/wp-json\/wp\/v2\/product_cat?post=9289"},{"taxonomy":"product_tag","embeddable":true,"href":"https:\/\/spectrebaltics.com\/en\/wp-json\/wp\/v2\/product_tag?post=9289"}],"curies":[{"name":"wp","href":"https:\/\/api.w.org\/{rel}","templated":true}]}}