{"id":9293,"date":"2024-06-03T13:33:47","date_gmt":"2024-06-03T13:33:47","guid":{"rendered":"https:\/\/spectrebaltics.com\/?post_type=product&#038;p=9293"},"modified":"2024-06-03T13:33:47","modified_gmt":"2024-06-03T13:33:47","slug":"egesan-loikeketas-125-x-16-x-2223-inoxa60-tbf-2in1","status":"publish","type":"product","link":"https:\/\/spectrebaltics.com\/en\/toode\/egesan-loikeketas-125-x-16-x-2223-inoxa60-tbf-2in1\/","title":{"rendered":"Egesan l\u00f5ikeketas 125 x 1,6 x 22,23 INOXA60 TBF 2IN1"},"content":{"rendered":"<p>Kaubam\u00e4rk: Egesan<br \/>\nL\u00e4bim\u00f5\u00f5t: 125<br \/>\nPuurauk: 22<br \/>\nKasutatud seadmed: nurklihvija (lihvimismasin)<br \/>\nT\u00f6\u00f6deldud materjal: metall<br \/>\nL\u00f5ikeserva paksus: 1,6<\/p>\n","protected":false},"excerpt":{"rendered":"<p>Kaubam\u00e4rk: Egesan L\u00e4bim\u00f5\u00f5t: 125 Puurauk: 22 Kasutatud seadmed: nurklihvija (lihvimismasin) T\u00f6\u00f6deldud materjal: metall L\u00f5ikeserva paksus: 1,6<\/p>\n","protected":false},"featured_media":9294,"template":"","meta":[],"product_cat":[89,90],"product_tag":[],"yoast_head":"<!-- This site is optimized with the Yoast SEO plugin v18.4.1 - https:\/\/yoast.com\/wordpress\/plugins\/seo\/ -->\n<title>Egesan l\u00f5ikeketas 125 x 1,6 x 22,23 INOXA60 TBF 2IN1<\/title>\n<meta name=\"robots\" content=\"index, follow, max-snippet:-1, max-image-preview:large, max-video-preview:-1\" \/>\n<link rel=\"canonical\" href=\"https:\/\/spectrebaltics.com\/toode\/egesan-loikeketas-125-x-16-x-2223-inoxa60-tbf-2in1\/\" \/>\n<meta property=\"og:locale\" content=\"en_US\" \/>\n<meta property=\"og:type\" content=\"article\" \/>\n<meta property=\"og:title\" content=\"Egesan l\u00f5ikeketas 125 x 1,6 x 22,23 INOXA60 TBF 2IN1\" \/>\n<meta property=\"og:description\" content=\"Kaubam\u00e4rk: Egesan L\u00e4bim\u00f5\u00f5t: 125 Puurauk: 22 Kasutatud seadmed: nurklihvija (lihvimismasin) T\u00f6\u00f6deldud materjal: metall L\u00f5ikeserva paksus: 1,6\" \/>\n<meta property=\"og:url\" content=\"https:\/\/spectrebaltics.com\/toode\/egesan-loikeketas-125-x-16-x-2223-inoxa60-tbf-2in1\/\" \/>\n<meta property=\"og:site_name\" content=\"Spectrebaltics\" \/>\n<meta property=\"og:image\" content=\"https:\/\/spectrebaltics.com\/wp-content\/uploads\/2024\/06\/eexn56diee3hwofn1el1wkkdhv5edcmg-16.jpg\" \/>\n\t<meta property=\"og:image:width\" content=\"1500\" \/>\n\t<meta property=\"og:image:height\" content=\"1124\" \/>\n\t<meta property=\"og:image:type\" content=\"image\/jpeg\" \/>\n<meta name=\"twitter:card\" content=\"summary_large_image\" \/>\n<script type=\"application\/ld+json\" class=\"yoast-schema-graph\">{\"@context\":\"https:\/\/schema.org\",\"@graph\":[{\"@type\":\"Organization\",\"@id\":\"https:\/\/spectrebaltics.com\/ru\/#organization\",\"name\":\"Spectrebaltics\",\"url\":\"https:\/\/spectrebaltics.com\/ru\/\",\"sameAs\":[],\"logo\":{\"@type\":\"ImageObject\",\"@id\":\"https:\/\/spectrebaltics.com\/ru\/#logo\",\"inLanguage\":\"en-US\",\"url\":\"https:\/\/spectrebaltics.com\/wp-content\/uploads\/2024\/03\/Spectrebaltics-logo.svg\",\"contentUrl\":\"https:\/\/spectrebaltics.com\/wp-content\/uploads\/2024\/03\/Spectrebaltics-logo.svg\",\"caption\":\"Spectrebaltics\"},\"image\":{\"@id\":\"https:\/\/spectrebaltics.com\/ru\/#logo\"}},{\"@type\":\"WebSite\",\"@id\":\"https:\/\/spectrebaltics.com\/ru\/#website\",\"url\":\"https:\/\/spectrebaltics.com\/ru\/\",\"name\":\"Spectrebaltics\",\"description\":\"\",\"publisher\":{\"@id\":\"https:\/\/spectrebaltics.com\/ru\/#organization\"},\"potentialAction\":[{\"@type\":\"SearchAction\",\"target\":{\"@type\":\"EntryPoint\",\"urlTemplate\":\"https:\/\/spectrebaltics.com\/ru\/?s={search_term_string}\"},\"query-input\":\"required name=search_term_string\"}],\"inLanguage\":\"en-US\"},{\"@type\":\"ImageObject\",\"@id\":\"https:\/\/spectrebaltics.com\/toode\/egesan-loikeketas-125-x-16-x-2223-inoxa60-tbf-2in1\/#primaryimage\",\"inLanguage\":\"en-US\",\"url\":\"https:\/\/spectrebaltics.com\/wp-content\/uploads\/2024\/06\/eexn56diee3hwofn1el1wkkdhv5edcmg-16.jpg\",\"contentUrl\":\"https:\/\/spectrebaltics.com\/wp-content\/uploads\/2024\/06\/eexn56diee3hwofn1el1wkkdhv5edcmg-16.jpg\",\"width\":1500,\"height\":1124},{\"@type\":\"WebPage\",\"@id\":\"https:\/\/spectrebaltics.com\/toode\/egesan-loikeketas-125-x-16-x-2223-inoxa60-tbf-2in1\/#webpage\",\"url\":\"https:\/\/spectrebaltics.com\/toode\/egesan-loikeketas-125-x-16-x-2223-inoxa60-tbf-2in1\/\",\"name\":\"Egesan l\u00f5ikeketas 125 x 1,6 x 22,23 INOXA60 TBF 2IN1\",\"isPartOf\":{\"@id\":\"https:\/\/spectrebaltics.com\/ru\/#website\"},\"primaryImageOfPage\":{\"@id\":\"https:\/\/spectrebaltics.com\/toode\/egesan-loikeketas-125-x-16-x-2223-inoxa60-tbf-2in1\/#primaryimage\"},\"datePublished\":\"2024-06-03T13:33:47+00:00\",\"dateModified\":\"2024-06-03T13:33:47+00:00\",\"breadcrumb\":{\"@id\":\"https:\/\/spectrebaltics.com\/toode\/egesan-loikeketas-125-x-16-x-2223-inoxa60-tbf-2in1\/#breadcrumb\"},\"inLanguage\":\"en-US\",\"potentialAction\":[{\"@type\":\"ReadAction\",\"target\":[\"https:\/\/spectrebaltics.com\/toode\/egesan-loikeketas-125-x-16-x-2223-inoxa60-tbf-2in1\/\"]}]},{\"@type\":\"BreadcrumbList\",\"@id\":\"https:\/\/spectrebaltics.com\/toode\/egesan-loikeketas-125-x-16-x-2223-inoxa60-tbf-2in1\/#breadcrumb\",\"itemListElement\":[{\"@type\":\"ListItem\",\"position\":1,\"name\":\"Home\",\"item\":\"https:\/\/spectrebaltics.com\/en\/\"},{\"@type\":\"ListItem\",\"position\":2,\"name\":\"Catalogue\",\"item\":\"https:\/\/spectrebaltics.com\/en\/catalogue\/\"},{\"@type\":\"ListItem\",\"position\":3,\"name\":\"Egesan l\u00f5ikeketas 125 x 1,6 x 22,23 INOXA60 TBF 2IN1\"}]}]}<\/script>\n<!-- \/ Yoast SEO plugin. -->","yoast_head_json":{"title":"Egesan l\u00f5ikeketas 125 x 1,6 x 22,23 INOXA60 TBF 2IN1","robots":{"index":"index","follow":"follow","max-snippet":"max-snippet:-1","max-image-preview":"max-image-preview:large","max-video-preview":"max-video-preview:-1"},"canonical":"https:\/\/spectrebaltics.com\/toode\/egesan-loikeketas-125-x-16-x-2223-inoxa60-tbf-2in1\/","og_locale":"en_US","og_type":"article","og_title":"Egesan l\u00f5ikeketas 125 x 1,6 x 22,23 INOXA60 TBF 2IN1","og_description":"Kaubam\u00e4rk: Egesan L\u00e4bim\u00f5\u00f5t: 125 Puurauk: 22 Kasutatud seadmed: nurklihvija (lihvimismasin) T\u00f6\u00f6deldud materjal: metall L\u00f5ikeserva paksus: 1,6","og_url":"https:\/\/spectrebaltics.com\/toode\/egesan-loikeketas-125-x-16-x-2223-inoxa60-tbf-2in1\/","og_site_name":"Spectrebaltics","og_image":[{"width":1500,"height":1124,"url":"https:\/\/spectrebaltics.com\/wp-content\/uploads\/2024\/06\/eexn56diee3hwofn1el1wkkdhv5edcmg-16.jpg","type":"image\/jpeg"}],"twitter_card":"summary_large_image","schema":{"@context":"https:\/\/schema.org","@graph":[{"@type":"Organization","@id":"https:\/\/spectrebaltics.com\/ru\/#organization","name":"Spectrebaltics","url":"https:\/\/spectrebaltics.com\/ru\/","sameAs":[],"logo":{"@type":"ImageObject","@id":"https:\/\/spectrebaltics.com\/ru\/#logo","inLanguage":"en-US","url":"https:\/\/spectrebaltics.com\/wp-content\/uploads\/2024\/03\/Spectrebaltics-logo.svg","contentUrl":"https:\/\/spectrebaltics.com\/wp-content\/uploads\/2024\/03\/Spectrebaltics-logo.svg","caption":"Spectrebaltics"},"image":{"@id":"https:\/\/spectrebaltics.com\/ru\/#logo"}},{"@type":"WebSite","@id":"https:\/\/spectrebaltics.com\/ru\/#website","url":"https:\/\/spectrebaltics.com\/ru\/","name":"Spectrebaltics","description":"","publisher":{"@id":"https:\/\/spectrebaltics.com\/ru\/#organization"},"potentialAction":[{"@type":"SearchAction","target":{"@type":"EntryPoint","urlTemplate":"https:\/\/spectrebaltics.com\/ru\/?s={search_term_string}"},"query-input":"required name=search_term_string"}],"inLanguage":"en-US"},{"@type":"ImageObject","@id":"https:\/\/spectrebaltics.com\/toode\/egesan-loikeketas-125-x-16-x-2223-inoxa60-tbf-2in1\/#primaryimage","inLanguage":"en-US","url":"https:\/\/spectrebaltics.com\/wp-content\/uploads\/2024\/06\/eexn56diee3hwofn1el1wkkdhv5edcmg-16.jpg","contentUrl":"https:\/\/spectrebaltics.com\/wp-content\/uploads\/2024\/06\/eexn56diee3hwofn1el1wkkdhv5edcmg-16.jpg","width":1500,"height":1124},{"@type":"WebPage","@id":"https:\/\/spectrebaltics.com\/toode\/egesan-loikeketas-125-x-16-x-2223-inoxa60-tbf-2in1\/#webpage","url":"https:\/\/spectrebaltics.com\/toode\/egesan-loikeketas-125-x-16-x-2223-inoxa60-tbf-2in1\/","name":"Egesan l\u00f5ikeketas 125 x 1,6 x 22,23 INOXA60 TBF 2IN1","isPartOf":{"@id":"https:\/\/spectrebaltics.com\/ru\/#website"},"primaryImageOfPage":{"@id":"https:\/\/spectrebaltics.com\/toode\/egesan-loikeketas-125-x-16-x-2223-inoxa60-tbf-2in1\/#primaryimage"},"datePublished":"2024-06-03T13:33:47+00:00","dateModified":"2024-06-03T13:33:47+00:00","breadcrumb":{"@id":"https:\/\/spectrebaltics.com\/toode\/egesan-loikeketas-125-x-16-x-2223-inoxa60-tbf-2in1\/#breadcrumb"},"inLanguage":"en-US","potentialAction":[{"@type":"ReadAction","target":["https:\/\/spectrebaltics.com\/toode\/egesan-loikeketas-125-x-16-x-2223-inoxa60-tbf-2in1\/"]}]},{"@type":"BreadcrumbList","@id":"https:\/\/spectrebaltics.com\/toode\/egesan-loikeketas-125-x-16-x-2223-inoxa60-tbf-2in1\/#breadcrumb","itemListElement":[{"@type":"ListItem","position":1,"name":"Home","item":"https:\/\/spectrebaltics.com\/en\/"},{"@type":"ListItem","position":2,"name":"Catalogue","item":"https:\/\/spectrebaltics.com\/en\/catalogue\/"},{"@type":"ListItem","position":3,"name":"Egesan l\u00f5ikeketas 125 x 1,6 x 22,23 INOXA60 TBF 2IN1"}]}]}},"_links":{"self":[{"href":"https:\/\/spectrebaltics.com\/en\/wp-json\/wp\/v2\/product\/9293"}],"collection":[{"href":"https:\/\/spectrebaltics.com\/en\/wp-json\/wp\/v2\/product"}],"about":[{"href":"https:\/\/spectrebaltics.com\/en\/wp-json\/wp\/v2\/types\/product"}],"wp:featuredmedia":[{"embeddable":true,"href":"https:\/\/spectrebaltics.com\/en\/wp-json\/wp\/v2\/media\/9294"}],"wp:attachment":[{"href":"https:\/\/spectrebaltics.com\/en\/wp-json\/wp\/v2\/media?parent=9293"}],"wp:term":[{"taxonomy":"product_cat","embeddable":true,"href":"https:\/\/spectrebaltics.com\/en\/wp-json\/wp\/v2\/product_cat?post=9293"},{"taxonomy":"product_tag","embeddable":true,"href":"https:\/\/spectrebaltics.com\/en\/wp-json\/wp\/v2\/product_tag?post=9293"}],"curies":[{"name":"wp","href":"https:\/\/api.w.org\/{rel}","templated":true}]}}