{"id":9297,"date":"2024-06-05T06:06:38","date_gmt":"2024-06-05T06:06:38","guid":{"rendered":"https:\/\/spectrebaltics.com\/?post_type=product&#038;p=9297"},"modified":"2024-06-05T06:15:19","modified_gmt":"2024-06-05T06:15:19","slug":"egesan-loikeketas-125-x-25-x-2223-inoxa30-rbf-2in1","status":"publish","type":"product","link":"https:\/\/spectrebaltics.com\/en\/toode\/egesan-loikeketas-125-x-25-x-2223-inoxa30-rbf-2in1\/","title":{"rendered":"Egesan l\u00f5ikeketas 125 x 2,5 x 22,23 INOXA30 RBF 2IN1"},"content":{"rendered":"<p>\u2022 Spetsiaalne \u00f5hukese ketta valemiga l\u00f5ikeketas roostevabast terasest materjalide kiireks ja j\u00e4mevabaks l\u00f5ikamiseks.<\/p>\n<p>\u2022 Ideaalne l\u00f5ikamise efektiivsus koos madalate kuludega.<\/p>\n","protected":false},"excerpt":{"rendered":"<p>\u2022 Spetsiaalne \u00f5hukese ketta valemiga l\u00f5ikeketas roostevabast terasest materjalide kiireks ja j\u00e4mevabaks l\u00f5ikamiseks.<\/p>\n<p>\u2022 Ideaalne l\u00f5ikamise efektiivsus koos madalate kuludega.<\/p>\n","protected":false},"featured_media":9298,"template":"","meta":[],"product_cat":[89,90],"product_tag":[],"yoast_head":"<!-- This site is optimized with the Yoast SEO plugin v18.4.1 - https:\/\/yoast.com\/wordpress\/plugins\/seo\/ -->\n<title>Egesan l\u00f5ikeketas 125 x 2,5 x 22,23 INOXA30 RBF 2IN1<\/title>\n<meta name=\"robots\" content=\"index, follow, max-snippet:-1, max-image-preview:large, max-video-preview:-1\" \/>\n<link rel=\"canonical\" href=\"https:\/\/spectrebaltics.com\/en\/toode\/egesan-loikeketas-125-x-25-x-2223-inoxa30-rbf-2in1\/\" \/>\n<meta property=\"og:locale\" content=\"en_US\" \/>\n<meta property=\"og:type\" content=\"article\" \/>\n<meta property=\"og:title\" content=\"Egesan l\u00f5ikeketas 125 x 2,5 x 22,23 INOXA30 RBF 2IN1\" \/>\n<meta property=\"og:description\" content=\"\u2022 Spetsiaalne \u00f5hukese ketta valemiga l\u00f5ikeketas roostevabast terasest materjalide kiireks ja j\u00e4mevabaks l\u00f5ikamiseks.  \u2022 Ideaalne l\u00f5ikamise efektiivsus koos madalate kuludega.\" \/>\n<meta property=\"og:url\" content=\"https:\/\/spectrebaltics.com\/en\/toode\/egesan-loikeketas-125-x-25-x-2223-inoxa30-rbf-2in1\/\" \/>\n<meta property=\"og:site_name\" content=\"Spectrebaltics\" \/>\n<meta property=\"article:modified_time\" content=\"2024-06-05T06:15:19+00:00\" \/>\n<meta property=\"og:image\" content=\"https:\/\/spectrebaltics.com\/wp-content\/uploads\/2024\/06\/ty34639551_default-2.5.png\" \/>\n\t<meta property=\"og:image:width\" content=\"800\" \/>\n\t<meta property=\"og:image:height\" content=\"600\" \/>\n\t<meta property=\"og:image:type\" content=\"image\/png\" \/>\n<meta name=\"twitter:card\" content=\"summary_large_image\" \/>\n<script type=\"application\/ld+json\" class=\"yoast-schema-graph\">{\"@context\":\"https:\/\/schema.org\",\"@graph\":[{\"@type\":\"Organization\",\"@id\":\"https:\/\/spectrebaltics.com\/ru\/#organization\",\"name\":\"Spectrebaltics\",\"url\":\"https:\/\/spectrebaltics.com\/ru\/\",\"sameAs\":[],\"logo\":{\"@type\":\"ImageObject\",\"@id\":\"https:\/\/spectrebaltics.com\/ru\/#logo\",\"inLanguage\":\"en-US\",\"url\":\"https:\/\/spectrebaltics.com\/wp-content\/uploads\/2024\/03\/Spectrebaltics-logo.svg\",\"contentUrl\":\"https:\/\/spectrebaltics.com\/wp-content\/uploads\/2024\/03\/Spectrebaltics-logo.svg\",\"caption\":\"Spectrebaltics\"},\"image\":{\"@id\":\"https:\/\/spectrebaltics.com\/ru\/#logo\"}},{\"@type\":\"WebSite\",\"@id\":\"https:\/\/spectrebaltics.com\/ru\/#website\",\"url\":\"https:\/\/spectrebaltics.com\/ru\/\",\"name\":\"Spectrebaltics\",\"description\":\"\",\"publisher\":{\"@id\":\"https:\/\/spectrebaltics.com\/ru\/#organization\"},\"potentialAction\":[{\"@type\":\"SearchAction\",\"target\":{\"@type\":\"EntryPoint\",\"urlTemplate\":\"https:\/\/spectrebaltics.com\/ru\/?s={search_term_string}\"},\"query-input\":\"required name=search_term_string\"}],\"inLanguage\":\"en-US\"},{\"@type\":\"ImageObject\",\"@id\":\"https:\/\/spectrebaltics.com\/en\/toode\/egesan-loikeketas-125-x-25-x-2223-inoxa30-rbf-2in1\/#primaryimage\",\"inLanguage\":\"en-US\",\"url\":\"https:\/\/spectrebaltics.com\/wp-content\/uploads\/2024\/06\/ty34639551_default-2.5.png\",\"contentUrl\":\"https:\/\/spectrebaltics.com\/wp-content\/uploads\/2024\/06\/ty34639551_default-2.5.png\",\"width\":800,\"height\":600},{\"@type\":\"WebPage\",\"@id\":\"https:\/\/spectrebaltics.com\/en\/toode\/egesan-loikeketas-125-x-25-x-2223-inoxa30-rbf-2in1\/#webpage\",\"url\":\"https:\/\/spectrebaltics.com\/en\/toode\/egesan-loikeketas-125-x-25-x-2223-inoxa30-rbf-2in1\/\",\"name\":\"Egesan l\u00f5ikeketas 125 x 2,5 x 22,23 INOXA30 RBF 2IN1\",\"isPartOf\":{\"@id\":\"https:\/\/spectrebaltics.com\/ru\/#website\"},\"primaryImageOfPage\":{\"@id\":\"https:\/\/spectrebaltics.com\/en\/toode\/egesan-loikeketas-125-x-25-x-2223-inoxa30-rbf-2in1\/#primaryimage\"},\"datePublished\":\"2024-06-05T06:06:38+00:00\",\"dateModified\":\"2024-06-05T06:15:19+00:00\",\"breadcrumb\":{\"@id\":\"https:\/\/spectrebaltics.com\/en\/toode\/egesan-loikeketas-125-x-25-x-2223-inoxa30-rbf-2in1\/#breadcrumb\"},\"inLanguage\":\"en-US\",\"potentialAction\":[{\"@type\":\"ReadAction\",\"target\":[\"https:\/\/spectrebaltics.com\/en\/toode\/egesan-loikeketas-125-x-25-x-2223-inoxa30-rbf-2in1\/\"]}]},{\"@type\":\"BreadcrumbList\",\"@id\":\"https:\/\/spectrebaltics.com\/en\/toode\/egesan-loikeketas-125-x-25-x-2223-inoxa30-rbf-2in1\/#breadcrumb\",\"itemListElement\":[{\"@type\":\"ListItem\",\"position\":1,\"name\":\"Home\",\"item\":\"https:\/\/spectrebaltics.com\/en\/\"},{\"@type\":\"ListItem\",\"position\":2,\"name\":\"Catalogue\",\"item\":\"https:\/\/spectrebaltics.com\/en\/catalogue\/\"},{\"@type\":\"ListItem\",\"position\":3,\"name\":\"Egesan l\u00f5ikeketas 125 x 2,5 x 22,23 INOXA30 RBF 2IN1\"}]}]}<\/script>\n<!-- \/ Yoast SEO plugin. -->","yoast_head_json":{"title":"Egesan l\u00f5ikeketas 125 x 2,5 x 22,23 INOXA30 RBF 2IN1","robots":{"index":"index","follow":"follow","max-snippet":"max-snippet:-1","max-image-preview":"max-image-preview:large","max-video-preview":"max-video-preview:-1"},"canonical":"https:\/\/spectrebaltics.com\/en\/toode\/egesan-loikeketas-125-x-25-x-2223-inoxa30-rbf-2in1\/","og_locale":"en_US","og_type":"article","og_title":"Egesan l\u00f5ikeketas 125 x 2,5 x 22,23 INOXA30 RBF 2IN1","og_description":"\u2022 Spetsiaalne \u00f5hukese ketta valemiga l\u00f5ikeketas roostevabast terasest materjalide kiireks ja j\u00e4mevabaks l\u00f5ikamiseks.  \u2022 Ideaalne l\u00f5ikamise efektiivsus koos madalate kuludega.","og_url":"https:\/\/spectrebaltics.com\/en\/toode\/egesan-loikeketas-125-x-25-x-2223-inoxa30-rbf-2in1\/","og_site_name":"Spectrebaltics","article_modified_time":"2024-06-05T06:15:19+00:00","og_image":[{"width":800,"height":600,"url":"https:\/\/spectrebaltics.com\/wp-content\/uploads\/2024\/06\/ty34639551_default-2.5.png","type":"image\/png"}],"twitter_card":"summary_large_image","schema":{"@context":"https:\/\/schema.org","@graph":[{"@type":"Organization","@id":"https:\/\/spectrebaltics.com\/ru\/#organization","name":"Spectrebaltics","url":"https:\/\/spectrebaltics.com\/ru\/","sameAs":[],"logo":{"@type":"ImageObject","@id":"https:\/\/spectrebaltics.com\/ru\/#logo","inLanguage":"en-US","url":"https:\/\/spectrebaltics.com\/wp-content\/uploads\/2024\/03\/Spectrebaltics-logo.svg","contentUrl":"https:\/\/spectrebaltics.com\/wp-content\/uploads\/2024\/03\/Spectrebaltics-logo.svg","caption":"Spectrebaltics"},"image":{"@id":"https:\/\/spectrebaltics.com\/ru\/#logo"}},{"@type":"WebSite","@id":"https:\/\/spectrebaltics.com\/ru\/#website","url":"https:\/\/spectrebaltics.com\/ru\/","name":"Spectrebaltics","description":"","publisher":{"@id":"https:\/\/spectrebaltics.com\/ru\/#organization"},"potentialAction":[{"@type":"SearchAction","target":{"@type":"EntryPoint","urlTemplate":"https:\/\/spectrebaltics.com\/ru\/?s={search_term_string}"},"query-input":"required name=search_term_string"}],"inLanguage":"en-US"},{"@type":"ImageObject","@id":"https:\/\/spectrebaltics.com\/en\/toode\/egesan-loikeketas-125-x-25-x-2223-inoxa30-rbf-2in1\/#primaryimage","inLanguage":"en-US","url":"https:\/\/spectrebaltics.com\/wp-content\/uploads\/2024\/06\/ty34639551_default-2.5.png","contentUrl":"https:\/\/spectrebaltics.com\/wp-content\/uploads\/2024\/06\/ty34639551_default-2.5.png","width":800,"height":600},{"@type":"WebPage","@id":"https:\/\/spectrebaltics.com\/en\/toode\/egesan-loikeketas-125-x-25-x-2223-inoxa30-rbf-2in1\/#webpage","url":"https:\/\/spectrebaltics.com\/en\/toode\/egesan-loikeketas-125-x-25-x-2223-inoxa30-rbf-2in1\/","name":"Egesan l\u00f5ikeketas 125 x 2,5 x 22,23 INOXA30 RBF 2IN1","isPartOf":{"@id":"https:\/\/spectrebaltics.com\/ru\/#website"},"primaryImageOfPage":{"@id":"https:\/\/spectrebaltics.com\/en\/toode\/egesan-loikeketas-125-x-25-x-2223-inoxa30-rbf-2in1\/#primaryimage"},"datePublished":"2024-06-05T06:06:38+00:00","dateModified":"2024-06-05T06:15:19+00:00","breadcrumb":{"@id":"https:\/\/spectrebaltics.com\/en\/toode\/egesan-loikeketas-125-x-25-x-2223-inoxa30-rbf-2in1\/#breadcrumb"},"inLanguage":"en-US","potentialAction":[{"@type":"ReadAction","target":["https:\/\/spectrebaltics.com\/en\/toode\/egesan-loikeketas-125-x-25-x-2223-inoxa30-rbf-2in1\/"]}]},{"@type":"BreadcrumbList","@id":"https:\/\/spectrebaltics.com\/en\/toode\/egesan-loikeketas-125-x-25-x-2223-inoxa30-rbf-2in1\/#breadcrumb","itemListElement":[{"@type":"ListItem","position":1,"name":"Home","item":"https:\/\/spectrebaltics.com\/en\/"},{"@type":"ListItem","position":2,"name":"Catalogue","item":"https:\/\/spectrebaltics.com\/en\/catalogue\/"},{"@type":"ListItem","position":3,"name":"Egesan l\u00f5ikeketas 125 x 2,5 x 22,23 INOXA30 RBF 2IN1"}]}]}},"_links":{"self":[{"href":"https:\/\/spectrebaltics.com\/en\/wp-json\/wp\/v2\/product\/9297"}],"collection":[{"href":"https:\/\/spectrebaltics.com\/en\/wp-json\/wp\/v2\/product"}],"about":[{"href":"https:\/\/spectrebaltics.com\/en\/wp-json\/wp\/v2\/types\/product"}],"wp:featuredmedia":[{"embeddable":true,"href":"https:\/\/spectrebaltics.com\/en\/wp-json\/wp\/v2\/media\/9298"}],"wp:attachment":[{"href":"https:\/\/spectrebaltics.com\/en\/wp-json\/wp\/v2\/media?parent=9297"}],"wp:term":[{"taxonomy":"product_cat","embeddable":true,"href":"https:\/\/spectrebaltics.com\/en\/wp-json\/wp\/v2\/product_cat?post=9297"},{"taxonomy":"product_tag","embeddable":true,"href":"https:\/\/spectrebaltics.com\/en\/wp-json\/wp\/v2\/product_tag?post=9297"}],"curies":[{"name":"wp","href":"https:\/\/api.w.org\/{rel}","templated":true}]}}