{"id":9307,"date":"2024-06-05T06:42:34","date_gmt":"2024-06-05T06:42:34","guid":{"rendered":"https:\/\/spectrebaltics.com\/?post_type=product&#038;p=9307"},"modified":"2024-06-05T06:42:34","modified_gmt":"2024-06-05T06:42:34","slug":"rhodius-xt-38-loikeketas-125x10mm-hydroprotect","status":"publish","type":"product","link":"https:\/\/spectrebaltics.com\/en\/toode\/rhodius-xt-38-loikeketas-125x10mm-hydroprotect\/","title":{"rendered":"Rhodius XT 38 l\u00f5ikeketas 125&#215;1,0mm HydroProtect"},"content":{"rendered":"<p><span>Eriti \u00f5hukestel l\u00f5ikeketastel on v\u00e4iksem h\u00f5\u00f5rdepind,see aitab kaasa kiirele ja jahutatud l\u00f5ikamisele,pikale elueale ja v\u00e4iksemale hulgale s\u00e4demetele.<\/span><br \/>\n<span>M\u00f5eldud l\u00f5ikamaks roostevaba terast v\u00f5ib ka kasutada metalli l\u00f5ikamiseks, kuid siis ei tohi seda kasutada roostevab terase l\u00f5ikamiseks ja vastupidi, ehk \u00fche kettaga ainult \u00fchte sorti metalli.Ideaalne madala v\u00f5imsusega masinatele.<\/span><\/p>\n","protected":false},"excerpt":{"rendered":"<p>Eriti \u00f5hukestel l\u00f5ikeketastel on v\u00e4iksem h\u00f5\u00f5rdepind,see aitab kaasa kiirele ja jahutatud l\u00f5ikamisele,pikale elueale ja v\u00e4iksemale hulgale s\u00e4demetele. M\u00f5eldud l\u00f5ikamaks roostevaba terast v\u00f5ib ka kasutada metalli l\u00f5ikamiseks, kuid siis ei tohi seda kasutada roostevab terase l\u00f5ikamiseks ja vastupidi, ehk \u00fche kettaga ainult \u00fchte sorti metalli.Ideaalne madala v\u00f5imsusega masinatele.<\/p>\n","protected":false},"featured_media":9308,"template":"","meta":[],"product_cat":[89,90],"product_tag":[],"yoast_head":"<!-- This site is optimized with the Yoast SEO plugin v18.4.1 - https:\/\/yoast.com\/wordpress\/plugins\/seo\/ -->\n<title>Rhodius XT 38 l\u00f5ikeketas 125x1,0mm HydroProtect<\/title>\n<meta name=\"robots\" content=\"index, follow, max-snippet:-1, max-image-preview:large, max-video-preview:-1\" \/>\n<link rel=\"canonical\" href=\"https:\/\/spectrebaltics.com\/toode\/rhodius-xt-38-loikeketas-125x10mm-hydroprotect\/\" \/>\n<meta property=\"og:locale\" content=\"en_US\" \/>\n<meta property=\"og:type\" content=\"article\" \/>\n<meta property=\"og:title\" content=\"Rhodius XT 38 l\u00f5ikeketas 125x1,0mm HydroProtect\" \/>\n<meta property=\"og:description\" content=\"Eriti \u00f5hukestel l\u00f5ikeketastel on v\u00e4iksem h\u00f5\u00f5rdepind,see aitab kaasa kiirele ja jahutatud l\u00f5ikamisele,pikale elueale ja v\u00e4iksemale hulgale s\u00e4demetele. M\u00f5eldud l\u00f5ikamaks roostevaba terast v\u00f5ib ka kasutada metalli l\u00f5ikamiseks, kuid siis ei tohi seda kasutada roostevab terase l\u00f5ikamiseks ja vastupidi, ehk \u00fche kettaga ainult \u00fchte sorti metalli.Ideaalne madala v\u00f5imsusega masinatele.\" \/>\n<meta property=\"og:url\" content=\"https:\/\/spectrebaltics.com\/toode\/rhodius-xt-38-loikeketas-125x10mm-hydroprotect\/\" \/>\n<meta property=\"og:site_name\" content=\"Spectrebaltics\" \/>\n<meta property=\"og:image\" content=\"https:\/\/spectrebaltics.com\/wp-content\/uploads\/2024\/06\/196655503.jpg\" \/>\n\t<meta property=\"og:image:width\" content=\"768\" \/>\n\t<meta property=\"og:image:height\" content=\"768\" \/>\n\t<meta property=\"og:image:type\" content=\"image\/jpeg\" \/>\n<meta name=\"twitter:card\" content=\"summary_large_image\" \/>\n<script type=\"application\/ld+json\" class=\"yoast-schema-graph\">{\"@context\":\"https:\/\/schema.org\",\"@graph\":[{\"@type\":\"Organization\",\"@id\":\"https:\/\/spectrebaltics.com\/ru\/#organization\",\"name\":\"Spectrebaltics\",\"url\":\"https:\/\/spectrebaltics.com\/ru\/\",\"sameAs\":[],\"logo\":{\"@type\":\"ImageObject\",\"@id\":\"https:\/\/spectrebaltics.com\/ru\/#logo\",\"inLanguage\":\"en-US\",\"url\":\"https:\/\/spectrebaltics.com\/wp-content\/uploads\/2024\/03\/Spectrebaltics-logo.svg\",\"contentUrl\":\"https:\/\/spectrebaltics.com\/wp-content\/uploads\/2024\/03\/Spectrebaltics-logo.svg\",\"caption\":\"Spectrebaltics\"},\"image\":{\"@id\":\"https:\/\/spectrebaltics.com\/ru\/#logo\"}},{\"@type\":\"WebSite\",\"@id\":\"https:\/\/spectrebaltics.com\/ru\/#website\",\"url\":\"https:\/\/spectrebaltics.com\/ru\/\",\"name\":\"Spectrebaltics\",\"description\":\"\",\"publisher\":{\"@id\":\"https:\/\/spectrebaltics.com\/ru\/#organization\"},\"potentialAction\":[{\"@type\":\"SearchAction\",\"target\":{\"@type\":\"EntryPoint\",\"urlTemplate\":\"https:\/\/spectrebaltics.com\/ru\/?s={search_term_string}\"},\"query-input\":\"required name=search_term_string\"}],\"inLanguage\":\"en-US\"},{\"@type\":\"ImageObject\",\"@id\":\"https:\/\/spectrebaltics.com\/toode\/rhodius-xt-38-loikeketas-125x10mm-hydroprotect\/#primaryimage\",\"inLanguage\":\"en-US\",\"url\":\"https:\/\/spectrebaltics.com\/wp-content\/uploads\/2024\/06\/196655503.jpg\",\"contentUrl\":\"https:\/\/spectrebaltics.com\/wp-content\/uploads\/2024\/06\/196655503.jpg\",\"width\":768,\"height\":768},{\"@type\":\"WebPage\",\"@id\":\"https:\/\/spectrebaltics.com\/toode\/rhodius-xt-38-loikeketas-125x10mm-hydroprotect\/#webpage\",\"url\":\"https:\/\/spectrebaltics.com\/toode\/rhodius-xt-38-loikeketas-125x10mm-hydroprotect\/\",\"name\":\"Rhodius XT 38 l\u00f5ikeketas 125x1,0mm HydroProtect\",\"isPartOf\":{\"@id\":\"https:\/\/spectrebaltics.com\/ru\/#website\"},\"primaryImageOfPage\":{\"@id\":\"https:\/\/spectrebaltics.com\/toode\/rhodius-xt-38-loikeketas-125x10mm-hydroprotect\/#primaryimage\"},\"datePublished\":\"2024-06-05T06:42:34+00:00\",\"dateModified\":\"2024-06-05T06:42:34+00:00\",\"breadcrumb\":{\"@id\":\"https:\/\/spectrebaltics.com\/toode\/rhodius-xt-38-loikeketas-125x10mm-hydroprotect\/#breadcrumb\"},\"inLanguage\":\"en-US\",\"potentialAction\":[{\"@type\":\"ReadAction\",\"target\":[\"https:\/\/spectrebaltics.com\/toode\/rhodius-xt-38-loikeketas-125x10mm-hydroprotect\/\"]}]},{\"@type\":\"BreadcrumbList\",\"@id\":\"https:\/\/spectrebaltics.com\/toode\/rhodius-xt-38-loikeketas-125x10mm-hydroprotect\/#breadcrumb\",\"itemListElement\":[{\"@type\":\"ListItem\",\"position\":1,\"name\":\"Home\",\"item\":\"https:\/\/spectrebaltics.com\/en\/\"},{\"@type\":\"ListItem\",\"position\":2,\"name\":\"Catalogue\",\"item\":\"https:\/\/spectrebaltics.com\/en\/catalogue\/\"},{\"@type\":\"ListItem\",\"position\":3,\"name\":\"Rhodius XT 38 l\u00f5ikeketas 125&#215;1,0mm HydroProtect\"}]}]}<\/script>\n<!-- \/ Yoast SEO plugin. -->","yoast_head_json":{"title":"Rhodius XT 38 l\u00f5ikeketas 125x1,0mm HydroProtect","robots":{"index":"index","follow":"follow","max-snippet":"max-snippet:-1","max-image-preview":"max-image-preview:large","max-video-preview":"max-video-preview:-1"},"canonical":"https:\/\/spectrebaltics.com\/toode\/rhodius-xt-38-loikeketas-125x10mm-hydroprotect\/","og_locale":"en_US","og_type":"article","og_title":"Rhodius XT 38 l\u00f5ikeketas 125x1,0mm HydroProtect","og_description":"Eriti \u00f5hukestel l\u00f5ikeketastel on v\u00e4iksem h\u00f5\u00f5rdepind,see aitab kaasa kiirele ja jahutatud l\u00f5ikamisele,pikale elueale ja v\u00e4iksemale hulgale s\u00e4demetele. M\u00f5eldud l\u00f5ikamaks roostevaba terast v\u00f5ib ka kasutada metalli l\u00f5ikamiseks, kuid siis ei tohi seda kasutada roostevab terase l\u00f5ikamiseks ja vastupidi, ehk \u00fche kettaga ainult \u00fchte sorti metalli.Ideaalne madala v\u00f5imsusega masinatele.","og_url":"https:\/\/spectrebaltics.com\/toode\/rhodius-xt-38-loikeketas-125x10mm-hydroprotect\/","og_site_name":"Spectrebaltics","og_image":[{"width":768,"height":768,"url":"https:\/\/spectrebaltics.com\/wp-content\/uploads\/2024\/06\/196655503.jpg","type":"image\/jpeg"}],"twitter_card":"summary_large_image","schema":{"@context":"https:\/\/schema.org","@graph":[{"@type":"Organization","@id":"https:\/\/spectrebaltics.com\/ru\/#organization","name":"Spectrebaltics","url":"https:\/\/spectrebaltics.com\/ru\/","sameAs":[],"logo":{"@type":"ImageObject","@id":"https:\/\/spectrebaltics.com\/ru\/#logo","inLanguage":"en-US","url":"https:\/\/spectrebaltics.com\/wp-content\/uploads\/2024\/03\/Spectrebaltics-logo.svg","contentUrl":"https:\/\/spectrebaltics.com\/wp-content\/uploads\/2024\/03\/Spectrebaltics-logo.svg","caption":"Spectrebaltics"},"image":{"@id":"https:\/\/spectrebaltics.com\/ru\/#logo"}},{"@type":"WebSite","@id":"https:\/\/spectrebaltics.com\/ru\/#website","url":"https:\/\/spectrebaltics.com\/ru\/","name":"Spectrebaltics","description":"","publisher":{"@id":"https:\/\/spectrebaltics.com\/ru\/#organization"},"potentialAction":[{"@type":"SearchAction","target":{"@type":"EntryPoint","urlTemplate":"https:\/\/spectrebaltics.com\/ru\/?s={search_term_string}"},"query-input":"required name=search_term_string"}],"inLanguage":"en-US"},{"@type":"ImageObject","@id":"https:\/\/spectrebaltics.com\/toode\/rhodius-xt-38-loikeketas-125x10mm-hydroprotect\/#primaryimage","inLanguage":"en-US","url":"https:\/\/spectrebaltics.com\/wp-content\/uploads\/2024\/06\/196655503.jpg","contentUrl":"https:\/\/spectrebaltics.com\/wp-content\/uploads\/2024\/06\/196655503.jpg","width":768,"height":768},{"@type":"WebPage","@id":"https:\/\/spectrebaltics.com\/toode\/rhodius-xt-38-loikeketas-125x10mm-hydroprotect\/#webpage","url":"https:\/\/spectrebaltics.com\/toode\/rhodius-xt-38-loikeketas-125x10mm-hydroprotect\/","name":"Rhodius XT 38 l\u00f5ikeketas 125x1,0mm HydroProtect","isPartOf":{"@id":"https:\/\/spectrebaltics.com\/ru\/#website"},"primaryImageOfPage":{"@id":"https:\/\/spectrebaltics.com\/toode\/rhodius-xt-38-loikeketas-125x10mm-hydroprotect\/#primaryimage"},"datePublished":"2024-06-05T06:42:34+00:00","dateModified":"2024-06-05T06:42:34+00:00","breadcrumb":{"@id":"https:\/\/spectrebaltics.com\/toode\/rhodius-xt-38-loikeketas-125x10mm-hydroprotect\/#breadcrumb"},"inLanguage":"en-US","potentialAction":[{"@type":"ReadAction","target":["https:\/\/spectrebaltics.com\/toode\/rhodius-xt-38-loikeketas-125x10mm-hydroprotect\/"]}]},{"@type":"BreadcrumbList","@id":"https:\/\/spectrebaltics.com\/toode\/rhodius-xt-38-loikeketas-125x10mm-hydroprotect\/#breadcrumb","itemListElement":[{"@type":"ListItem","position":1,"name":"Home","item":"https:\/\/spectrebaltics.com\/en\/"},{"@type":"ListItem","position":2,"name":"Catalogue","item":"https:\/\/spectrebaltics.com\/en\/catalogue\/"},{"@type":"ListItem","position":3,"name":"Rhodius XT 38 l\u00f5ikeketas 125&#215;1,0mm HydroProtect"}]}]}},"_links":{"self":[{"href":"https:\/\/spectrebaltics.com\/en\/wp-json\/wp\/v2\/product\/9307"}],"collection":[{"href":"https:\/\/spectrebaltics.com\/en\/wp-json\/wp\/v2\/product"}],"about":[{"href":"https:\/\/spectrebaltics.com\/en\/wp-json\/wp\/v2\/types\/product"}],"wp:featuredmedia":[{"embeddable":true,"href":"https:\/\/spectrebaltics.com\/en\/wp-json\/wp\/v2\/media\/9308"}],"wp:attachment":[{"href":"https:\/\/spectrebaltics.com\/en\/wp-json\/wp\/v2\/media?parent=9307"}],"wp:term":[{"taxonomy":"product_cat","embeddable":true,"href":"https:\/\/spectrebaltics.com\/en\/wp-json\/wp\/v2\/product_cat?post=9307"},{"taxonomy":"product_tag","embeddable":true,"href":"https:\/\/spectrebaltics.com\/en\/wp-json\/wp\/v2\/product_tag?post=9307"}],"curies":[{"name":"wp","href":"https:\/\/api.w.org\/{rel}","templated":true}]}}