{"id":9311,"date":"2024-06-05T06:46:14","date_gmt":"2024-06-05T06:46:14","guid":{"rendered":"https:\/\/spectrebaltics.com\/?post_type=product&#038;p=9311"},"modified":"2024-06-05T06:46:14","modified_gmt":"2024-06-05T06:46:14","slug":"tyrolit-loikeketas-125-x-10-x-222-a60q-bfs-inox-stee","status":"publish","type":"product","link":"https:\/\/spectrebaltics.com\/en\/toode\/tyrolit-loikeketas-125-x-10-x-222-a60q-bfs-inox-stee\/","title":{"rendered":"Tyrolit L\u00f5ikeketas 125 x 1,0 x 22,2 A60Q &#8211; BFS INOX + STEE"},"content":{"rendered":"<p>STANDARD 2in1 l\u00f5ikeketas on lahendus neile, kes otsivad v\u00f5imsat t\u00f6\u00f6riista terasest ja roostevabast terasest valmistatud metalllehtede, profiilide, torude, lattide ja tahkete materjalide l\u00f5ikamiseks. See v\u00f5imaldab teil mugavalt t\u00f6\u00f6tada, tagab t\u00e4psed ja usaldusv\u00e4\u00e4rsed tulemused ning on loodud pikaks elueaks. See l\u00f5ikeketas on ideaalne valik neile, kes soovivad l\u00f5iket\u00f6\u00f6dega tegeleda maksimaalse efektiivsusega.<\/p>\n","protected":false},"excerpt":{"rendered":"<p>STANDARD 2in1 l\u00f5ikeketas on lahendus neile, kes otsivad v\u00f5imsat t\u00f6\u00f6riista terasest ja roostevabast terasest valmistatud metalllehtede, profiilide, torude, lattide ja tahkete materjalide l\u00f5ikamiseks. See v\u00f5imaldab teil mugavalt t\u00f6\u00f6tada, tagab t\u00e4psed ja usaldusv\u00e4\u00e4rsed tulemused ning on loodud pikaks elueaks. See l\u00f5ikeketas on ideaalne valik neile, kes soovivad l\u00f5iket\u00f6\u00f6dega tegeleda maksimaalse efektiivsusega.<\/p>\n","protected":false},"featured_media":9312,"template":"","meta":[],"product_cat":[89,90],"product_tag":[],"yoast_head":"<!-- This site is optimized with the Yoast SEO plugin v18.4.1 - https:\/\/yoast.com\/wordpress\/plugins\/seo\/ -->\n<title>Tyrolit L\u00f5ikeketas 125 x 1,0 x 22,2 A60Q - BFS INOX + STEE<\/title>\n<meta name=\"robots\" content=\"index, follow, max-snippet:-1, max-image-preview:large, max-video-preview:-1\" \/>\n<link rel=\"canonical\" href=\"https:\/\/spectrebaltics.com\/toode\/tyrolit-loikeketas-125-x-10-x-222-a60q-bfs-inox-stee\/\" \/>\n<meta property=\"og:locale\" content=\"en_US\" \/>\n<meta property=\"og:type\" content=\"article\" \/>\n<meta property=\"og:title\" content=\"Tyrolit L\u00f5ikeketas 125 x 1,0 x 22,2 A60Q - BFS INOX + STEE\" \/>\n<meta property=\"og:description\" content=\"STANDARD 2in1 l\u00f5ikeketas on lahendus neile, kes otsivad v\u00f5imsat t\u00f6\u00f6riista terasest ja roostevabast terasest valmistatud metalllehtede, profiilide, torude, lattide ja tahkete materjalide l\u00f5ikamiseks. See v\u00f5imaldab teil mugavalt t\u00f6\u00f6tada, tagab t\u00e4psed ja usaldusv\u00e4\u00e4rsed tulemused ning on loodud pikaks elueaks. See l\u00f5ikeketas on ideaalne valik neile, kes soovivad l\u00f5iket\u00f6\u00f6dega tegeleda maksimaalse efektiivsusega.\" \/>\n<meta property=\"og:url\" content=\"https:\/\/spectrebaltics.com\/toode\/tyrolit-loikeketas-125-x-10-x-222-a60q-bfs-inox-stee\/\" \/>\n<meta property=\"og:site_name\" content=\"Spectrebaltics\" \/>\n<meta property=\"og:image\" content=\"https:\/\/spectrebaltics.com\/wp-content\/uploads\/2024\/06\/2860.jpg\" \/>\n\t<meta property=\"og:image:width\" content=\"1280\" \/>\n\t<meta property=\"og:image:height\" content=\"1280\" \/>\n\t<meta property=\"og:image:type\" content=\"image\/jpeg\" \/>\n<meta name=\"twitter:card\" content=\"summary_large_image\" \/>\n<script type=\"application\/ld+json\" class=\"yoast-schema-graph\">{\"@context\":\"https:\/\/schema.org\",\"@graph\":[{\"@type\":\"Organization\",\"@id\":\"https:\/\/spectrebaltics.com\/ru\/#organization\",\"name\":\"Spectrebaltics\",\"url\":\"https:\/\/spectrebaltics.com\/ru\/\",\"sameAs\":[],\"logo\":{\"@type\":\"ImageObject\",\"@id\":\"https:\/\/spectrebaltics.com\/ru\/#logo\",\"inLanguage\":\"en-US\",\"url\":\"https:\/\/spectrebaltics.com\/wp-content\/uploads\/2024\/03\/Spectrebaltics-logo.svg\",\"contentUrl\":\"https:\/\/spectrebaltics.com\/wp-content\/uploads\/2024\/03\/Spectrebaltics-logo.svg\",\"caption\":\"Spectrebaltics\"},\"image\":{\"@id\":\"https:\/\/spectrebaltics.com\/ru\/#logo\"}},{\"@type\":\"WebSite\",\"@id\":\"https:\/\/spectrebaltics.com\/ru\/#website\",\"url\":\"https:\/\/spectrebaltics.com\/ru\/\",\"name\":\"Spectrebaltics\",\"description\":\"\",\"publisher\":{\"@id\":\"https:\/\/spectrebaltics.com\/ru\/#organization\"},\"potentialAction\":[{\"@type\":\"SearchAction\",\"target\":{\"@type\":\"EntryPoint\",\"urlTemplate\":\"https:\/\/spectrebaltics.com\/ru\/?s={search_term_string}\"},\"query-input\":\"required name=search_term_string\"}],\"inLanguage\":\"en-US\"},{\"@type\":\"ImageObject\",\"@id\":\"https:\/\/spectrebaltics.com\/toode\/tyrolit-loikeketas-125-x-10-x-222-a60q-bfs-inox-stee\/#primaryimage\",\"inLanguage\":\"en-US\",\"url\":\"https:\/\/spectrebaltics.com\/wp-content\/uploads\/2024\/06\/2860.jpg\",\"contentUrl\":\"https:\/\/spectrebaltics.com\/wp-content\/uploads\/2024\/06\/2860.jpg\",\"width\":1280,\"height\":1280},{\"@type\":\"WebPage\",\"@id\":\"https:\/\/spectrebaltics.com\/toode\/tyrolit-loikeketas-125-x-10-x-222-a60q-bfs-inox-stee\/#webpage\",\"url\":\"https:\/\/spectrebaltics.com\/toode\/tyrolit-loikeketas-125-x-10-x-222-a60q-bfs-inox-stee\/\",\"name\":\"Tyrolit L\u00f5ikeketas 125 x 1,0 x 22,2 A60Q - BFS INOX + STEE\",\"isPartOf\":{\"@id\":\"https:\/\/spectrebaltics.com\/ru\/#website\"},\"primaryImageOfPage\":{\"@id\":\"https:\/\/spectrebaltics.com\/toode\/tyrolit-loikeketas-125-x-10-x-222-a60q-bfs-inox-stee\/#primaryimage\"},\"datePublished\":\"2024-06-05T06:46:14+00:00\",\"dateModified\":\"2024-06-05T06:46:14+00:00\",\"breadcrumb\":{\"@id\":\"https:\/\/spectrebaltics.com\/toode\/tyrolit-loikeketas-125-x-10-x-222-a60q-bfs-inox-stee\/#breadcrumb\"},\"inLanguage\":\"en-US\",\"potentialAction\":[{\"@type\":\"ReadAction\",\"target\":[\"https:\/\/spectrebaltics.com\/toode\/tyrolit-loikeketas-125-x-10-x-222-a60q-bfs-inox-stee\/\"]}]},{\"@type\":\"BreadcrumbList\",\"@id\":\"https:\/\/spectrebaltics.com\/toode\/tyrolit-loikeketas-125-x-10-x-222-a60q-bfs-inox-stee\/#breadcrumb\",\"itemListElement\":[{\"@type\":\"ListItem\",\"position\":1,\"name\":\"Home\",\"item\":\"https:\/\/spectrebaltics.com\/en\/\"},{\"@type\":\"ListItem\",\"position\":2,\"name\":\"Catalogue\",\"item\":\"https:\/\/spectrebaltics.com\/en\/catalogue\/\"},{\"@type\":\"ListItem\",\"position\":3,\"name\":\"Tyrolit L\u00f5ikeketas 125 x 1,0 x 22,2 A60Q &#8211; BFS INOX + STEE\"}]}]}<\/script>\n<!-- \/ Yoast SEO plugin. -->","yoast_head_json":{"title":"Tyrolit L\u00f5ikeketas 125 x 1,0 x 22,2 A60Q - BFS INOX + STEE","robots":{"index":"index","follow":"follow","max-snippet":"max-snippet:-1","max-image-preview":"max-image-preview:large","max-video-preview":"max-video-preview:-1"},"canonical":"https:\/\/spectrebaltics.com\/toode\/tyrolit-loikeketas-125-x-10-x-222-a60q-bfs-inox-stee\/","og_locale":"en_US","og_type":"article","og_title":"Tyrolit L\u00f5ikeketas 125 x 1,0 x 22,2 A60Q - BFS INOX + STEE","og_description":"STANDARD 2in1 l\u00f5ikeketas on lahendus neile, kes otsivad v\u00f5imsat t\u00f6\u00f6riista terasest ja roostevabast terasest valmistatud metalllehtede, profiilide, torude, lattide ja tahkete materjalide l\u00f5ikamiseks. See v\u00f5imaldab teil mugavalt t\u00f6\u00f6tada, tagab t\u00e4psed ja usaldusv\u00e4\u00e4rsed tulemused ning on loodud pikaks elueaks. See l\u00f5ikeketas on ideaalne valik neile, kes soovivad l\u00f5iket\u00f6\u00f6dega tegeleda maksimaalse efektiivsusega.","og_url":"https:\/\/spectrebaltics.com\/toode\/tyrolit-loikeketas-125-x-10-x-222-a60q-bfs-inox-stee\/","og_site_name":"Spectrebaltics","og_image":[{"width":1280,"height":1280,"url":"https:\/\/spectrebaltics.com\/wp-content\/uploads\/2024\/06\/2860.jpg","type":"image\/jpeg"}],"twitter_card":"summary_large_image","schema":{"@context":"https:\/\/schema.org","@graph":[{"@type":"Organization","@id":"https:\/\/spectrebaltics.com\/ru\/#organization","name":"Spectrebaltics","url":"https:\/\/spectrebaltics.com\/ru\/","sameAs":[],"logo":{"@type":"ImageObject","@id":"https:\/\/spectrebaltics.com\/ru\/#logo","inLanguage":"en-US","url":"https:\/\/spectrebaltics.com\/wp-content\/uploads\/2024\/03\/Spectrebaltics-logo.svg","contentUrl":"https:\/\/spectrebaltics.com\/wp-content\/uploads\/2024\/03\/Spectrebaltics-logo.svg","caption":"Spectrebaltics"},"image":{"@id":"https:\/\/spectrebaltics.com\/ru\/#logo"}},{"@type":"WebSite","@id":"https:\/\/spectrebaltics.com\/ru\/#website","url":"https:\/\/spectrebaltics.com\/ru\/","name":"Spectrebaltics","description":"","publisher":{"@id":"https:\/\/spectrebaltics.com\/ru\/#organization"},"potentialAction":[{"@type":"SearchAction","target":{"@type":"EntryPoint","urlTemplate":"https:\/\/spectrebaltics.com\/ru\/?s={search_term_string}"},"query-input":"required name=search_term_string"}],"inLanguage":"en-US"},{"@type":"ImageObject","@id":"https:\/\/spectrebaltics.com\/toode\/tyrolit-loikeketas-125-x-10-x-222-a60q-bfs-inox-stee\/#primaryimage","inLanguage":"en-US","url":"https:\/\/spectrebaltics.com\/wp-content\/uploads\/2024\/06\/2860.jpg","contentUrl":"https:\/\/spectrebaltics.com\/wp-content\/uploads\/2024\/06\/2860.jpg","width":1280,"height":1280},{"@type":"WebPage","@id":"https:\/\/spectrebaltics.com\/toode\/tyrolit-loikeketas-125-x-10-x-222-a60q-bfs-inox-stee\/#webpage","url":"https:\/\/spectrebaltics.com\/toode\/tyrolit-loikeketas-125-x-10-x-222-a60q-bfs-inox-stee\/","name":"Tyrolit L\u00f5ikeketas 125 x 1,0 x 22,2 A60Q - BFS INOX + STEE","isPartOf":{"@id":"https:\/\/spectrebaltics.com\/ru\/#website"},"primaryImageOfPage":{"@id":"https:\/\/spectrebaltics.com\/toode\/tyrolit-loikeketas-125-x-10-x-222-a60q-bfs-inox-stee\/#primaryimage"},"datePublished":"2024-06-05T06:46:14+00:00","dateModified":"2024-06-05T06:46:14+00:00","breadcrumb":{"@id":"https:\/\/spectrebaltics.com\/toode\/tyrolit-loikeketas-125-x-10-x-222-a60q-bfs-inox-stee\/#breadcrumb"},"inLanguage":"en-US","potentialAction":[{"@type":"ReadAction","target":["https:\/\/spectrebaltics.com\/toode\/tyrolit-loikeketas-125-x-10-x-222-a60q-bfs-inox-stee\/"]}]},{"@type":"BreadcrumbList","@id":"https:\/\/spectrebaltics.com\/toode\/tyrolit-loikeketas-125-x-10-x-222-a60q-bfs-inox-stee\/#breadcrumb","itemListElement":[{"@type":"ListItem","position":1,"name":"Home","item":"https:\/\/spectrebaltics.com\/en\/"},{"@type":"ListItem","position":2,"name":"Catalogue","item":"https:\/\/spectrebaltics.com\/en\/catalogue\/"},{"@type":"ListItem","position":3,"name":"Tyrolit L\u00f5ikeketas 125 x 1,0 x 22,2 A60Q &#8211; BFS INOX + STEE"}]}]}},"_links":{"self":[{"href":"https:\/\/spectrebaltics.com\/en\/wp-json\/wp\/v2\/product\/9311"}],"collection":[{"href":"https:\/\/spectrebaltics.com\/en\/wp-json\/wp\/v2\/product"}],"about":[{"href":"https:\/\/spectrebaltics.com\/en\/wp-json\/wp\/v2\/types\/product"}],"wp:featuredmedia":[{"embeddable":true,"href":"https:\/\/spectrebaltics.com\/en\/wp-json\/wp\/v2\/media\/9312"}],"wp:attachment":[{"href":"https:\/\/spectrebaltics.com\/en\/wp-json\/wp\/v2\/media?parent=9311"}],"wp:term":[{"taxonomy":"product_cat","embeddable":true,"href":"https:\/\/spectrebaltics.com\/en\/wp-json\/wp\/v2\/product_cat?post=9311"},{"taxonomy":"product_tag","embeddable":true,"href":"https:\/\/spectrebaltics.com\/en\/wp-json\/wp\/v2\/product_tag?post=9311"}],"curies":[{"name":"wp","href":"https:\/\/api.w.org\/{rel}","templated":true}]}}