{"id":9330,"date":"2024-06-05T07:09:55","date_gmt":"2024-06-05T07:09:55","guid":{"rendered":"https:\/\/spectrebaltics.com\/?post_type=product&#038;p=9330"},"modified":"2024-06-05T07:09:56","modified_gmt":"2024-06-05T07:09:56","slug":"tyrolit-loikeketas-41-125-x-1-0-x-222-a60n-bfp-aluminium","status":"publish","type":"product","link":"https:\/\/spectrebaltics.com\/en\/toode\/tyrolit-loikeketas-41-125-x-1-0-x-222-a60n-bfp-aluminium\/","title":{"rendered":"Tyrolit L\u00f5ikeketas 41*** 125 x 1.0 x 22,2 A60N BFP ALUMINIUM"},"content":{"rendered":"<p>V\u00e4rviliste metallide l\u00f5ikamine n\u00f5uab t\u00f6\u00f6riista suurt teravust. TYROLIT on selleks v\u00e4lja t\u00f6\u00f6tanud spetsiaalse retsepti ja tootmismeetodi, et saavutada l\u00fchikesed l\u00f5ikeajad ka v\u00e4rviliste metallide puhul.<br \/>\nSelle ketta uued omadused takistavad sellel materjalitolmuga t\u00e4itumist ja n\u00fcriks muutumist.<\/p>\n","protected":false},"excerpt":{"rendered":"<p>V\u00e4rviliste metallide l\u00f5ikamine n\u00f5uab t\u00f6\u00f6riista suurt teravust. TYROLIT on selleks v\u00e4lja t\u00f6\u00f6tanud spetsiaalse retsepti ja tootmismeetodi, et saavutada l\u00fchikesed l\u00f5ikeajad ka v\u00e4rviliste metallide puhul. Selle ketta uued omadused takistavad sellel materjalitolmuga t\u00e4itumist ja n\u00fcriks muutumist.<\/p>\n","protected":false},"featured_media":9331,"template":"","meta":[],"product_cat":[89,90],"product_tag":[],"yoast_head":"<!-- This site is optimized with the Yoast SEO plugin v18.4.1 - https:\/\/yoast.com\/wordpress\/plugins\/seo\/ -->\n<title>Tyrolit L\u00f5ikeketas 41*** 125 x 1.0 x 22,2 A60N BFP ALUMINIUM<\/title>\n<meta name=\"robots\" content=\"index, follow, max-snippet:-1, max-image-preview:large, max-video-preview:-1\" \/>\n<link rel=\"canonical\" href=\"https:\/\/spectrebaltics.com\/toode\/tyrolit-loikeketas-41-125-x-1-0-x-222-a60n-bfp-aluminium\/\" \/>\n<meta property=\"og:locale\" content=\"en_US\" \/>\n<meta property=\"og:type\" content=\"article\" \/>\n<meta property=\"og:title\" content=\"Tyrolit L\u00f5ikeketas 41*** 125 x 1.0 x 22,2 A60N BFP ALUMINIUM\" \/>\n<meta property=\"og:description\" content=\"V\u00e4rviliste metallide l\u00f5ikamine n\u00f5uab t\u00f6\u00f6riista suurt teravust. TYROLIT on selleks v\u00e4lja t\u00f6\u00f6tanud spetsiaalse retsepti ja tootmismeetodi, et saavutada l\u00fchikesed l\u00f5ikeajad ka v\u00e4rviliste metallide puhul. Selle ketta uued omadused takistavad sellel materjalitolmuga t\u00e4itumist ja n\u00fcriks muutumist.\" \/>\n<meta property=\"og:url\" content=\"https:\/\/spectrebaltics.com\/toode\/tyrolit-loikeketas-41-125-x-1-0-x-222-a60n-bfp-aluminium\/\" \/>\n<meta property=\"og:site_name\" content=\"Spectrebaltics\" \/>\n<meta property=\"article:modified_time\" content=\"2024-06-05T07:09:56+00:00\" \/>\n<meta property=\"og:image\" content=\"https:\/\/spectrebaltics.com\/wp-content\/uploads\/2024\/06\/2822.jpg\" \/>\n\t<meta property=\"og:image:width\" content=\"470\" \/>\n\t<meta property=\"og:image:height\" content=\"470\" \/>\n\t<meta property=\"og:image:type\" content=\"image\/jpeg\" \/>\n<meta name=\"twitter:card\" content=\"summary_large_image\" \/>\n<script type=\"application\/ld+json\" class=\"yoast-schema-graph\">{\"@context\":\"https:\/\/schema.org\",\"@graph\":[{\"@type\":\"Organization\",\"@id\":\"https:\/\/spectrebaltics.com\/ru\/#organization\",\"name\":\"Spectrebaltics\",\"url\":\"https:\/\/spectrebaltics.com\/ru\/\",\"sameAs\":[],\"logo\":{\"@type\":\"ImageObject\",\"@id\":\"https:\/\/spectrebaltics.com\/ru\/#logo\",\"inLanguage\":\"en-US\",\"url\":\"https:\/\/spectrebaltics.com\/wp-content\/uploads\/2024\/03\/Spectrebaltics-logo.svg\",\"contentUrl\":\"https:\/\/spectrebaltics.com\/wp-content\/uploads\/2024\/03\/Spectrebaltics-logo.svg\",\"caption\":\"Spectrebaltics\"},\"image\":{\"@id\":\"https:\/\/spectrebaltics.com\/ru\/#logo\"}},{\"@type\":\"WebSite\",\"@id\":\"https:\/\/spectrebaltics.com\/ru\/#website\",\"url\":\"https:\/\/spectrebaltics.com\/ru\/\",\"name\":\"Spectrebaltics\",\"description\":\"\",\"publisher\":{\"@id\":\"https:\/\/spectrebaltics.com\/ru\/#organization\"},\"potentialAction\":[{\"@type\":\"SearchAction\",\"target\":{\"@type\":\"EntryPoint\",\"urlTemplate\":\"https:\/\/spectrebaltics.com\/ru\/?s={search_term_string}\"},\"query-input\":\"required name=search_term_string\"}],\"inLanguage\":\"en-US\"},{\"@type\":\"ImageObject\",\"@id\":\"https:\/\/spectrebaltics.com\/toode\/tyrolit-loikeketas-41-125-x-1-0-x-222-a60n-bfp-aluminium\/#primaryimage\",\"inLanguage\":\"en-US\",\"url\":\"https:\/\/spectrebaltics.com\/wp-content\/uploads\/2024\/06\/2822.jpg\",\"contentUrl\":\"https:\/\/spectrebaltics.com\/wp-content\/uploads\/2024\/06\/2822.jpg\",\"width\":470,\"height\":470},{\"@type\":\"WebPage\",\"@id\":\"https:\/\/spectrebaltics.com\/toode\/tyrolit-loikeketas-41-125-x-1-0-x-222-a60n-bfp-aluminium\/#webpage\",\"url\":\"https:\/\/spectrebaltics.com\/toode\/tyrolit-loikeketas-41-125-x-1-0-x-222-a60n-bfp-aluminium\/\",\"name\":\"Tyrolit L\u00f5ikeketas 41*** 125 x 1.0 x 22,2 A60N BFP ALUMINIUM\",\"isPartOf\":{\"@id\":\"https:\/\/spectrebaltics.com\/ru\/#website\"},\"primaryImageOfPage\":{\"@id\":\"https:\/\/spectrebaltics.com\/toode\/tyrolit-loikeketas-41-125-x-1-0-x-222-a60n-bfp-aluminium\/#primaryimage\"},\"datePublished\":\"2024-06-05T07:09:55+00:00\",\"dateModified\":\"2024-06-05T07:09:56+00:00\",\"breadcrumb\":{\"@id\":\"https:\/\/spectrebaltics.com\/toode\/tyrolit-loikeketas-41-125-x-1-0-x-222-a60n-bfp-aluminium\/#breadcrumb\"},\"inLanguage\":\"en-US\",\"potentialAction\":[{\"@type\":\"ReadAction\",\"target\":[\"https:\/\/spectrebaltics.com\/toode\/tyrolit-loikeketas-41-125-x-1-0-x-222-a60n-bfp-aluminium\/\"]}]},{\"@type\":\"BreadcrumbList\",\"@id\":\"https:\/\/spectrebaltics.com\/toode\/tyrolit-loikeketas-41-125-x-1-0-x-222-a60n-bfp-aluminium\/#breadcrumb\",\"itemListElement\":[{\"@type\":\"ListItem\",\"position\":1,\"name\":\"Home\",\"item\":\"https:\/\/spectrebaltics.com\/en\/\"},{\"@type\":\"ListItem\",\"position\":2,\"name\":\"Catalogue\",\"item\":\"https:\/\/spectrebaltics.com\/en\/catalogue\/\"},{\"@type\":\"ListItem\",\"position\":3,\"name\":\"Tyrolit L\u00f5ikeketas 41*** 125 x 1.0 x 22,2 A60N BFP ALUMINIUM\"}]}]}<\/script>\n<!-- \/ Yoast SEO plugin. -->","yoast_head_json":{"title":"Tyrolit L\u00f5ikeketas 41*** 125 x 1.0 x 22,2 A60N BFP ALUMINIUM","robots":{"index":"index","follow":"follow","max-snippet":"max-snippet:-1","max-image-preview":"max-image-preview:large","max-video-preview":"max-video-preview:-1"},"canonical":"https:\/\/spectrebaltics.com\/toode\/tyrolit-loikeketas-41-125-x-1-0-x-222-a60n-bfp-aluminium\/","og_locale":"en_US","og_type":"article","og_title":"Tyrolit L\u00f5ikeketas 41*** 125 x 1.0 x 22,2 A60N BFP ALUMINIUM","og_description":"V\u00e4rviliste metallide l\u00f5ikamine n\u00f5uab t\u00f6\u00f6riista suurt teravust. TYROLIT on selleks v\u00e4lja t\u00f6\u00f6tanud spetsiaalse retsepti ja tootmismeetodi, et saavutada l\u00fchikesed l\u00f5ikeajad ka v\u00e4rviliste metallide puhul. Selle ketta uued omadused takistavad sellel materjalitolmuga t\u00e4itumist ja n\u00fcriks muutumist.","og_url":"https:\/\/spectrebaltics.com\/toode\/tyrolit-loikeketas-41-125-x-1-0-x-222-a60n-bfp-aluminium\/","og_site_name":"Spectrebaltics","article_modified_time":"2024-06-05T07:09:56+00:00","og_image":[{"width":470,"height":470,"url":"https:\/\/spectrebaltics.com\/wp-content\/uploads\/2024\/06\/2822.jpg","type":"image\/jpeg"}],"twitter_card":"summary_large_image","schema":{"@context":"https:\/\/schema.org","@graph":[{"@type":"Organization","@id":"https:\/\/spectrebaltics.com\/ru\/#organization","name":"Spectrebaltics","url":"https:\/\/spectrebaltics.com\/ru\/","sameAs":[],"logo":{"@type":"ImageObject","@id":"https:\/\/spectrebaltics.com\/ru\/#logo","inLanguage":"en-US","url":"https:\/\/spectrebaltics.com\/wp-content\/uploads\/2024\/03\/Spectrebaltics-logo.svg","contentUrl":"https:\/\/spectrebaltics.com\/wp-content\/uploads\/2024\/03\/Spectrebaltics-logo.svg","caption":"Spectrebaltics"},"image":{"@id":"https:\/\/spectrebaltics.com\/ru\/#logo"}},{"@type":"WebSite","@id":"https:\/\/spectrebaltics.com\/ru\/#website","url":"https:\/\/spectrebaltics.com\/ru\/","name":"Spectrebaltics","description":"","publisher":{"@id":"https:\/\/spectrebaltics.com\/ru\/#organization"},"potentialAction":[{"@type":"SearchAction","target":{"@type":"EntryPoint","urlTemplate":"https:\/\/spectrebaltics.com\/ru\/?s={search_term_string}"},"query-input":"required name=search_term_string"}],"inLanguage":"en-US"},{"@type":"ImageObject","@id":"https:\/\/spectrebaltics.com\/toode\/tyrolit-loikeketas-41-125-x-1-0-x-222-a60n-bfp-aluminium\/#primaryimage","inLanguage":"en-US","url":"https:\/\/spectrebaltics.com\/wp-content\/uploads\/2024\/06\/2822.jpg","contentUrl":"https:\/\/spectrebaltics.com\/wp-content\/uploads\/2024\/06\/2822.jpg","width":470,"height":470},{"@type":"WebPage","@id":"https:\/\/spectrebaltics.com\/toode\/tyrolit-loikeketas-41-125-x-1-0-x-222-a60n-bfp-aluminium\/#webpage","url":"https:\/\/spectrebaltics.com\/toode\/tyrolit-loikeketas-41-125-x-1-0-x-222-a60n-bfp-aluminium\/","name":"Tyrolit L\u00f5ikeketas 41*** 125 x 1.0 x 22,2 A60N BFP ALUMINIUM","isPartOf":{"@id":"https:\/\/spectrebaltics.com\/ru\/#website"},"primaryImageOfPage":{"@id":"https:\/\/spectrebaltics.com\/toode\/tyrolit-loikeketas-41-125-x-1-0-x-222-a60n-bfp-aluminium\/#primaryimage"},"datePublished":"2024-06-05T07:09:55+00:00","dateModified":"2024-06-05T07:09:56+00:00","breadcrumb":{"@id":"https:\/\/spectrebaltics.com\/toode\/tyrolit-loikeketas-41-125-x-1-0-x-222-a60n-bfp-aluminium\/#breadcrumb"},"inLanguage":"en-US","potentialAction":[{"@type":"ReadAction","target":["https:\/\/spectrebaltics.com\/toode\/tyrolit-loikeketas-41-125-x-1-0-x-222-a60n-bfp-aluminium\/"]}]},{"@type":"BreadcrumbList","@id":"https:\/\/spectrebaltics.com\/toode\/tyrolit-loikeketas-41-125-x-1-0-x-222-a60n-bfp-aluminium\/#breadcrumb","itemListElement":[{"@type":"ListItem","position":1,"name":"Home","item":"https:\/\/spectrebaltics.com\/en\/"},{"@type":"ListItem","position":2,"name":"Catalogue","item":"https:\/\/spectrebaltics.com\/en\/catalogue\/"},{"@type":"ListItem","position":3,"name":"Tyrolit L\u00f5ikeketas 41*** 125 x 1.0 x 22,2 A60N BFP ALUMINIUM"}]}]}},"_links":{"self":[{"href":"https:\/\/spectrebaltics.com\/en\/wp-json\/wp\/v2\/product\/9330"}],"collection":[{"href":"https:\/\/spectrebaltics.com\/en\/wp-json\/wp\/v2\/product"}],"about":[{"href":"https:\/\/spectrebaltics.com\/en\/wp-json\/wp\/v2\/types\/product"}],"wp:featuredmedia":[{"embeddable":true,"href":"https:\/\/spectrebaltics.com\/en\/wp-json\/wp\/v2\/media\/9331"}],"wp:attachment":[{"href":"https:\/\/spectrebaltics.com\/en\/wp-json\/wp\/v2\/media?parent=9330"}],"wp:term":[{"taxonomy":"product_cat","embeddable":true,"href":"https:\/\/spectrebaltics.com\/en\/wp-json\/wp\/v2\/product_cat?post=9330"},{"taxonomy":"product_tag","embeddable":true,"href":"https:\/\/spectrebaltics.com\/en\/wp-json\/wp\/v2\/product_tag?post=9330"}],"curies":[{"name":"wp","href":"https:\/\/api.w.org\/{rel}","templated":true}]}}