{"id":9350,"date":"2024-06-05T07:38:43","date_gmt":"2024-06-05T07:38:43","guid":{"rendered":"https:\/\/spectrebaltics.com\/?post_type=product&#038;p=9350"},"modified":"2024-06-05T07:38:43","modified_gmt":"2024-06-05T07:38:43","slug":"tyrolit-loikeketas-125-x-16-x-222-a46r-bfka-inox","status":"publish","type":"product","link":"https:\/\/spectrebaltics.com\/en\/toode\/tyrolit-loikeketas-125-x-16-x-222-a46r-bfka-inox\/","title":{"rendered":"Tyrolit L\u00f5ikeketas ***125 x 1,6 x 22,2 A46R BFKA INOX"},"content":{"rendered":"<p>PREMIUM l\u00f5ikeketas on t\u00f6\u00f6riist, mida olete alati otsinud. Eriti k\u00f5rge keemilise puhtusega l\u00f5ikeketas sobib suurep\u00e4raselt roostevabast terasest valmistatud metalllehtede, profiilide, torude, lattide ja tahke materjali l\u00f5ikamiseks. See on loodud kestma ja pakkuma suurep\u00e4raseid l\u00f5iketulemusi. Olge valmis oma projektid selle l\u00f5ikekettaga viima j\u00e4rgmisele tasemele.<\/p>\n<p>Toote keemiline puhtus hoiab \u00e4ra roostevaba terase parimate tulemuste saavutamiseks korrosiooni, punktkorrosiooni ja v\u00e4simustugevuse v\u00e4henemise<br \/>\n\u00c4\u00e4rmiselt l\u00fchikesed t\u00f6\u00f6ajad t\u00e4nu suurep\u00e4rasele l\u00f5ikev\u00f5imele ja t\u00f6\u00f6deldava detaili madalale termilisele koormusele (soojuse kogunemine)<br \/>\nSpetsiaalselt rooste- ja happekindlate teraste jaoks<\/p>\n","protected":false},"excerpt":{"rendered":"<p>PREMIUM l\u00f5ikeketas on t\u00f6\u00f6riist, mida olete alati otsinud. Eriti k\u00f5rge keemilise puhtusega l\u00f5ikeketas sobib suurep\u00e4raselt roostevabast terasest valmistatud metalllehtede, profiilide, torude, lattide ja tahke materjali l\u00f5ikamiseks. See on loodud kestma ja pakkuma suurep\u00e4raseid l\u00f5iketulemusi. Olge valmis oma projektid selle l\u00f5ikekettaga viima j\u00e4rgmisele tasemele. Toote keemiline puhtus hoiab \u00e4ra roostevaba terase parimate tulemuste saavutamiseks korrosiooni, punktkorrosiooni&#8230;<\/p>\n","protected":false},"featured_media":9351,"template":"","meta":[],"product_cat":[89,90],"product_tag":[],"yoast_head":"<!-- This site is optimized with the Yoast SEO plugin v18.4.1 - https:\/\/yoast.com\/wordpress\/plugins\/seo\/ -->\n<title>Tyrolit L\u00f5ikeketas ***125 x 1,6 x 22,2 A46R BFKA INOX<\/title>\n<meta name=\"robots\" content=\"index, follow, max-snippet:-1, max-image-preview:large, max-video-preview:-1\" \/>\n<link rel=\"canonical\" href=\"https:\/\/spectrebaltics.com\/toode\/tyrolit-loikeketas-125-x-16-x-222-a46r-bfka-inox\/\" \/>\n<meta property=\"og:locale\" content=\"en_US\" \/>\n<meta property=\"og:type\" content=\"article\" \/>\n<meta property=\"og:title\" content=\"Tyrolit L\u00f5ikeketas ***125 x 1,6 x 22,2 A46R BFKA INOX\" \/>\n<meta property=\"og:description\" content=\"PREMIUM l\u00f5ikeketas on t\u00f6\u00f6riist, mida olete alati otsinud. Eriti k\u00f5rge keemilise puhtusega l\u00f5ikeketas sobib suurep\u00e4raselt roostevabast terasest valmistatud metalllehtede, profiilide, torude, lattide ja tahke materjali l\u00f5ikamiseks. See on loodud kestma ja pakkuma suurep\u00e4raseid l\u00f5iketulemusi. Olge valmis oma projektid selle l\u00f5ikekettaga viima j\u00e4rgmisele tasemele. Toote keemiline puhtus hoiab \u00e4ra roostevaba terase parimate tulemuste saavutamiseks korrosiooni, punktkorrosiooni...\" \/>\n<meta property=\"og:url\" content=\"https:\/\/spectrebaltics.com\/toode\/tyrolit-loikeketas-125-x-16-x-222-a46r-bfka-inox\/\" \/>\n<meta property=\"og:site_name\" content=\"Spectrebaltics\" \/>\n<meta property=\"og:image\" content=\"https:\/\/spectrebaltics.com\/wp-content\/uploads\/2024\/06\/2805.jpg\" \/>\n\t<meta property=\"og:image:width\" content=\"522\" \/>\n\t<meta property=\"og:image:height\" content=\"522\" \/>\n\t<meta property=\"og:image:type\" content=\"image\/jpeg\" \/>\n<meta name=\"twitter:card\" content=\"summary_large_image\" \/>\n<script type=\"application\/ld+json\" class=\"yoast-schema-graph\">{\"@context\":\"https:\/\/schema.org\",\"@graph\":[{\"@type\":\"Organization\",\"@id\":\"https:\/\/spectrebaltics.com\/ru\/#organization\",\"name\":\"Spectrebaltics\",\"url\":\"https:\/\/spectrebaltics.com\/ru\/\",\"sameAs\":[],\"logo\":{\"@type\":\"ImageObject\",\"@id\":\"https:\/\/spectrebaltics.com\/ru\/#logo\",\"inLanguage\":\"en-US\",\"url\":\"https:\/\/spectrebaltics.com\/wp-content\/uploads\/2024\/03\/Spectrebaltics-logo.svg\",\"contentUrl\":\"https:\/\/spectrebaltics.com\/wp-content\/uploads\/2024\/03\/Spectrebaltics-logo.svg\",\"caption\":\"Spectrebaltics\"},\"image\":{\"@id\":\"https:\/\/spectrebaltics.com\/ru\/#logo\"}},{\"@type\":\"WebSite\",\"@id\":\"https:\/\/spectrebaltics.com\/ru\/#website\",\"url\":\"https:\/\/spectrebaltics.com\/ru\/\",\"name\":\"Spectrebaltics\",\"description\":\"\",\"publisher\":{\"@id\":\"https:\/\/spectrebaltics.com\/ru\/#organization\"},\"potentialAction\":[{\"@type\":\"SearchAction\",\"target\":{\"@type\":\"EntryPoint\",\"urlTemplate\":\"https:\/\/spectrebaltics.com\/ru\/?s={search_term_string}\"},\"query-input\":\"required name=search_term_string\"}],\"inLanguage\":\"en-US\"},{\"@type\":\"ImageObject\",\"@id\":\"https:\/\/spectrebaltics.com\/toode\/tyrolit-loikeketas-125-x-16-x-222-a46r-bfka-inox\/#primaryimage\",\"inLanguage\":\"en-US\",\"url\":\"https:\/\/spectrebaltics.com\/wp-content\/uploads\/2024\/06\/2805.jpg\",\"contentUrl\":\"https:\/\/spectrebaltics.com\/wp-content\/uploads\/2024\/06\/2805.jpg\",\"width\":522,\"height\":522},{\"@type\":\"WebPage\",\"@id\":\"https:\/\/spectrebaltics.com\/toode\/tyrolit-loikeketas-125-x-16-x-222-a46r-bfka-inox\/#webpage\",\"url\":\"https:\/\/spectrebaltics.com\/toode\/tyrolit-loikeketas-125-x-16-x-222-a46r-bfka-inox\/\",\"name\":\"Tyrolit L\u00f5ikeketas ***125 x 1,6 x 22,2 A46R BFKA INOX\",\"isPartOf\":{\"@id\":\"https:\/\/spectrebaltics.com\/ru\/#website\"},\"primaryImageOfPage\":{\"@id\":\"https:\/\/spectrebaltics.com\/toode\/tyrolit-loikeketas-125-x-16-x-222-a46r-bfka-inox\/#primaryimage\"},\"datePublished\":\"2024-06-05T07:38:43+00:00\",\"dateModified\":\"2024-06-05T07:38:43+00:00\",\"breadcrumb\":{\"@id\":\"https:\/\/spectrebaltics.com\/toode\/tyrolit-loikeketas-125-x-16-x-222-a46r-bfka-inox\/#breadcrumb\"},\"inLanguage\":\"en-US\",\"potentialAction\":[{\"@type\":\"ReadAction\",\"target\":[\"https:\/\/spectrebaltics.com\/toode\/tyrolit-loikeketas-125-x-16-x-222-a46r-bfka-inox\/\"]}]},{\"@type\":\"BreadcrumbList\",\"@id\":\"https:\/\/spectrebaltics.com\/toode\/tyrolit-loikeketas-125-x-16-x-222-a46r-bfka-inox\/#breadcrumb\",\"itemListElement\":[{\"@type\":\"ListItem\",\"position\":1,\"name\":\"Home\",\"item\":\"https:\/\/spectrebaltics.com\/en\/\"},{\"@type\":\"ListItem\",\"position\":2,\"name\":\"Catalogue\",\"item\":\"https:\/\/spectrebaltics.com\/en\/catalogue\/\"},{\"@type\":\"ListItem\",\"position\":3,\"name\":\"Tyrolit L\u00f5ikeketas ***125 x 1,6 x 22,2 A46R BFKA INOX\"}]}]}<\/script>\n<!-- \/ Yoast SEO plugin. -->","yoast_head_json":{"title":"Tyrolit L\u00f5ikeketas ***125 x 1,6 x 22,2 A46R BFKA INOX","robots":{"index":"index","follow":"follow","max-snippet":"max-snippet:-1","max-image-preview":"max-image-preview:large","max-video-preview":"max-video-preview:-1"},"canonical":"https:\/\/spectrebaltics.com\/toode\/tyrolit-loikeketas-125-x-16-x-222-a46r-bfka-inox\/","og_locale":"en_US","og_type":"article","og_title":"Tyrolit L\u00f5ikeketas ***125 x 1,6 x 22,2 A46R BFKA INOX","og_description":"PREMIUM l\u00f5ikeketas on t\u00f6\u00f6riist, mida olete alati otsinud. Eriti k\u00f5rge keemilise puhtusega l\u00f5ikeketas sobib suurep\u00e4raselt roostevabast terasest valmistatud metalllehtede, profiilide, torude, lattide ja tahke materjali l\u00f5ikamiseks. See on loodud kestma ja pakkuma suurep\u00e4raseid l\u00f5iketulemusi. Olge valmis oma projektid selle l\u00f5ikekettaga viima j\u00e4rgmisele tasemele. Toote keemiline puhtus hoiab \u00e4ra roostevaba terase parimate tulemuste saavutamiseks korrosiooni, punktkorrosiooni...","og_url":"https:\/\/spectrebaltics.com\/toode\/tyrolit-loikeketas-125-x-16-x-222-a46r-bfka-inox\/","og_site_name":"Spectrebaltics","og_image":[{"width":522,"height":522,"url":"https:\/\/spectrebaltics.com\/wp-content\/uploads\/2024\/06\/2805.jpg","type":"image\/jpeg"}],"twitter_card":"summary_large_image","schema":{"@context":"https:\/\/schema.org","@graph":[{"@type":"Organization","@id":"https:\/\/spectrebaltics.com\/ru\/#organization","name":"Spectrebaltics","url":"https:\/\/spectrebaltics.com\/ru\/","sameAs":[],"logo":{"@type":"ImageObject","@id":"https:\/\/spectrebaltics.com\/ru\/#logo","inLanguage":"en-US","url":"https:\/\/spectrebaltics.com\/wp-content\/uploads\/2024\/03\/Spectrebaltics-logo.svg","contentUrl":"https:\/\/spectrebaltics.com\/wp-content\/uploads\/2024\/03\/Spectrebaltics-logo.svg","caption":"Spectrebaltics"},"image":{"@id":"https:\/\/spectrebaltics.com\/ru\/#logo"}},{"@type":"WebSite","@id":"https:\/\/spectrebaltics.com\/ru\/#website","url":"https:\/\/spectrebaltics.com\/ru\/","name":"Spectrebaltics","description":"","publisher":{"@id":"https:\/\/spectrebaltics.com\/ru\/#organization"},"potentialAction":[{"@type":"SearchAction","target":{"@type":"EntryPoint","urlTemplate":"https:\/\/spectrebaltics.com\/ru\/?s={search_term_string}"},"query-input":"required name=search_term_string"}],"inLanguage":"en-US"},{"@type":"ImageObject","@id":"https:\/\/spectrebaltics.com\/toode\/tyrolit-loikeketas-125-x-16-x-222-a46r-bfka-inox\/#primaryimage","inLanguage":"en-US","url":"https:\/\/spectrebaltics.com\/wp-content\/uploads\/2024\/06\/2805.jpg","contentUrl":"https:\/\/spectrebaltics.com\/wp-content\/uploads\/2024\/06\/2805.jpg","width":522,"height":522},{"@type":"WebPage","@id":"https:\/\/spectrebaltics.com\/toode\/tyrolit-loikeketas-125-x-16-x-222-a46r-bfka-inox\/#webpage","url":"https:\/\/spectrebaltics.com\/toode\/tyrolit-loikeketas-125-x-16-x-222-a46r-bfka-inox\/","name":"Tyrolit L\u00f5ikeketas ***125 x 1,6 x 22,2 A46R BFKA INOX","isPartOf":{"@id":"https:\/\/spectrebaltics.com\/ru\/#website"},"primaryImageOfPage":{"@id":"https:\/\/spectrebaltics.com\/toode\/tyrolit-loikeketas-125-x-16-x-222-a46r-bfka-inox\/#primaryimage"},"datePublished":"2024-06-05T07:38:43+00:00","dateModified":"2024-06-05T07:38:43+00:00","breadcrumb":{"@id":"https:\/\/spectrebaltics.com\/toode\/tyrolit-loikeketas-125-x-16-x-222-a46r-bfka-inox\/#breadcrumb"},"inLanguage":"en-US","potentialAction":[{"@type":"ReadAction","target":["https:\/\/spectrebaltics.com\/toode\/tyrolit-loikeketas-125-x-16-x-222-a46r-bfka-inox\/"]}]},{"@type":"BreadcrumbList","@id":"https:\/\/spectrebaltics.com\/toode\/tyrolit-loikeketas-125-x-16-x-222-a46r-bfka-inox\/#breadcrumb","itemListElement":[{"@type":"ListItem","position":1,"name":"Home","item":"https:\/\/spectrebaltics.com\/en\/"},{"@type":"ListItem","position":2,"name":"Catalogue","item":"https:\/\/spectrebaltics.com\/en\/catalogue\/"},{"@type":"ListItem","position":3,"name":"Tyrolit L\u00f5ikeketas ***125 x 1,6 x 22,2 A46R BFKA INOX"}]}]}},"_links":{"self":[{"href":"https:\/\/spectrebaltics.com\/en\/wp-json\/wp\/v2\/product\/9350"}],"collection":[{"href":"https:\/\/spectrebaltics.com\/en\/wp-json\/wp\/v2\/product"}],"about":[{"href":"https:\/\/spectrebaltics.com\/en\/wp-json\/wp\/v2\/types\/product"}],"wp:featuredmedia":[{"embeddable":true,"href":"https:\/\/spectrebaltics.com\/en\/wp-json\/wp\/v2\/media\/9351"}],"wp:attachment":[{"href":"https:\/\/spectrebaltics.com\/en\/wp-json\/wp\/v2\/media?parent=9350"}],"wp:term":[{"taxonomy":"product_cat","embeddable":true,"href":"https:\/\/spectrebaltics.com\/en\/wp-json\/wp\/v2\/product_cat?post=9350"},{"taxonomy":"product_tag","embeddable":true,"href":"https:\/\/spectrebaltics.com\/en\/wp-json\/wp\/v2\/product_tag?post=9350"}],"curies":[{"name":"wp","href":"https:\/\/api.w.org\/{rel}","templated":true}]}}