{"id":9354,"date":"2024-06-05T09:46:14","date_gmt":"2024-06-05T09:46:14","guid":{"rendered":"https:\/\/spectrebaltics.com\/?post_type=product&#038;p=9354"},"modified":"2024-06-05T09:46:14","modified_gmt":"2024-06-05T09:46:14","slug":"tyrolit-loikeketas-41-125-x-1-6-x-222-a46s-bfs-steel","status":"publish","type":"product","link":"https:\/\/spectrebaltics.com\/en\/toode\/tyrolit-loikeketas-41-125-x-1-6-x-222-a46s-bfs-steel\/","title":{"rendered":"Tyrolit L\u00f5ikeketas 41** 125 x 1.6 x 22,2 A46S BFS STEEL"},"content":{"rendered":"<p>See t\u00f6\u00f6riist ei paku mitte ainult s\u00e4\u00e4stlikku lahendust teie igap\u00e4evat\u00f6\u00f6ks, vaid ka ohutusstandardit, mida olete Tyrolitilt oodanud. Selle tagab STANDARD l\u00f5ikeketta v\u00e4ga hea kasutusiga ja stabiilsus. See t\u00f6\u00f6riist sobib eriti h\u00e4sti tahke materjali l\u00f5ikamiseks. Terase standardne l\u00f5ikeketas on vahemikus 2,5\u20133,0 mm. Sellel on pikk kasutusiga ja seda saab universaalselt kasutada.<\/p>\n","protected":false},"excerpt":{"rendered":"<p>See t\u00f6\u00f6riist ei paku mitte ainult s\u00e4\u00e4stlikku lahendust teie igap\u00e4evat\u00f6\u00f6ks, vaid ka ohutusstandardit, mida olete Tyrolitilt oodanud. Selle tagab STANDARD l\u00f5ikeketta v\u00e4ga hea kasutusiga ja stabiilsus. See t\u00f6\u00f6riist sobib eriti h\u00e4sti tahke materjali l\u00f5ikamiseks. Terase standardne l\u00f5ikeketas on vahemikus 2,5\u20133,0 mm. Sellel on pikk kasutusiga ja seda saab universaalselt kasutada.<\/p>\n","protected":false},"featured_media":9355,"template":"","meta":[],"product_cat":[89,90],"product_tag":[],"yoast_head":"<!-- This site is optimized with the Yoast SEO plugin v18.4.1 - https:\/\/yoast.com\/wordpress\/plugins\/seo\/ -->\n<title>Tyrolit L\u00f5ikeketas 41** 125 x 1.6 x 22,2 A46S BFS STEEL<\/title>\n<meta name=\"robots\" content=\"index, follow, max-snippet:-1, max-image-preview:large, max-video-preview:-1\" \/>\n<link rel=\"canonical\" href=\"https:\/\/spectrebaltics.com\/toode\/tyrolit-loikeketas-41-125-x-1-6-x-222-a46s-bfs-steel\/\" \/>\n<meta property=\"og:locale\" content=\"en_US\" \/>\n<meta property=\"og:type\" content=\"article\" \/>\n<meta property=\"og:title\" content=\"Tyrolit L\u00f5ikeketas 41** 125 x 1.6 x 22,2 A46S BFS STEEL\" \/>\n<meta property=\"og:description\" content=\"See t\u00f6\u00f6riist ei paku mitte ainult s\u00e4\u00e4stlikku lahendust teie igap\u00e4evat\u00f6\u00f6ks, vaid ka ohutusstandardit, mida olete Tyrolitilt oodanud. Selle tagab STANDARD l\u00f5ikeketta v\u00e4ga hea kasutusiga ja stabiilsus. See t\u00f6\u00f6riist sobib eriti h\u00e4sti tahke materjali l\u00f5ikamiseks. Terase standardne l\u00f5ikeketas on vahemikus 2,5\u20133,0 mm. Sellel on pikk kasutusiga ja seda saab universaalselt kasutada.\" \/>\n<meta property=\"og:url\" content=\"https:\/\/spectrebaltics.com\/toode\/tyrolit-loikeketas-41-125-x-1-6-x-222-a46s-bfs-steel\/\" \/>\n<meta property=\"og:site_name\" content=\"Spectrebaltics\" \/>\n<meta property=\"og:image\" content=\"https:\/\/spectrebaltics.com\/wp-content\/uploads\/2024\/06\/2853-1.jpg\" \/>\n\t<meta property=\"og:image:width\" content=\"600\" \/>\n\t<meta property=\"og:image:height\" content=\"600\" \/>\n\t<meta property=\"og:image:type\" content=\"image\/jpeg\" \/>\n<meta name=\"twitter:card\" content=\"summary_large_image\" \/>\n<script type=\"application\/ld+json\" class=\"yoast-schema-graph\">{\"@context\":\"https:\/\/schema.org\",\"@graph\":[{\"@type\":\"Organization\",\"@id\":\"https:\/\/spectrebaltics.com\/ru\/#organization\",\"name\":\"Spectrebaltics\",\"url\":\"https:\/\/spectrebaltics.com\/ru\/\",\"sameAs\":[],\"logo\":{\"@type\":\"ImageObject\",\"@id\":\"https:\/\/spectrebaltics.com\/ru\/#logo\",\"inLanguage\":\"en-US\",\"url\":\"https:\/\/spectrebaltics.com\/wp-content\/uploads\/2024\/03\/Spectrebaltics-logo.svg\",\"contentUrl\":\"https:\/\/spectrebaltics.com\/wp-content\/uploads\/2024\/03\/Spectrebaltics-logo.svg\",\"caption\":\"Spectrebaltics\"},\"image\":{\"@id\":\"https:\/\/spectrebaltics.com\/ru\/#logo\"}},{\"@type\":\"WebSite\",\"@id\":\"https:\/\/spectrebaltics.com\/ru\/#website\",\"url\":\"https:\/\/spectrebaltics.com\/ru\/\",\"name\":\"Spectrebaltics\",\"description\":\"\",\"publisher\":{\"@id\":\"https:\/\/spectrebaltics.com\/ru\/#organization\"},\"potentialAction\":[{\"@type\":\"SearchAction\",\"target\":{\"@type\":\"EntryPoint\",\"urlTemplate\":\"https:\/\/spectrebaltics.com\/ru\/?s={search_term_string}\"},\"query-input\":\"required name=search_term_string\"}],\"inLanguage\":\"en-US\"},{\"@type\":\"ImageObject\",\"@id\":\"https:\/\/spectrebaltics.com\/toode\/tyrolit-loikeketas-41-125-x-1-6-x-222-a46s-bfs-steel\/#primaryimage\",\"inLanguage\":\"en-US\",\"url\":\"https:\/\/spectrebaltics.com\/wp-content\/uploads\/2024\/06\/2853-1.jpg\",\"contentUrl\":\"https:\/\/spectrebaltics.com\/wp-content\/uploads\/2024\/06\/2853-1.jpg\",\"width\":600,\"height\":600},{\"@type\":\"WebPage\",\"@id\":\"https:\/\/spectrebaltics.com\/toode\/tyrolit-loikeketas-41-125-x-1-6-x-222-a46s-bfs-steel\/#webpage\",\"url\":\"https:\/\/spectrebaltics.com\/toode\/tyrolit-loikeketas-41-125-x-1-6-x-222-a46s-bfs-steel\/\",\"name\":\"Tyrolit L\u00f5ikeketas 41** 125 x 1.6 x 22,2 A46S BFS STEEL\",\"isPartOf\":{\"@id\":\"https:\/\/spectrebaltics.com\/ru\/#website\"},\"primaryImageOfPage\":{\"@id\":\"https:\/\/spectrebaltics.com\/toode\/tyrolit-loikeketas-41-125-x-1-6-x-222-a46s-bfs-steel\/#primaryimage\"},\"datePublished\":\"2024-06-05T09:46:14+00:00\",\"dateModified\":\"2024-06-05T09:46:14+00:00\",\"breadcrumb\":{\"@id\":\"https:\/\/spectrebaltics.com\/toode\/tyrolit-loikeketas-41-125-x-1-6-x-222-a46s-bfs-steel\/#breadcrumb\"},\"inLanguage\":\"en-US\",\"potentialAction\":[{\"@type\":\"ReadAction\",\"target\":[\"https:\/\/spectrebaltics.com\/toode\/tyrolit-loikeketas-41-125-x-1-6-x-222-a46s-bfs-steel\/\"]}]},{\"@type\":\"BreadcrumbList\",\"@id\":\"https:\/\/spectrebaltics.com\/toode\/tyrolit-loikeketas-41-125-x-1-6-x-222-a46s-bfs-steel\/#breadcrumb\",\"itemListElement\":[{\"@type\":\"ListItem\",\"position\":1,\"name\":\"Home\",\"item\":\"https:\/\/spectrebaltics.com\/en\/\"},{\"@type\":\"ListItem\",\"position\":2,\"name\":\"Catalogue\",\"item\":\"https:\/\/spectrebaltics.com\/en\/catalogue\/\"},{\"@type\":\"ListItem\",\"position\":3,\"name\":\"Tyrolit L\u00f5ikeketas 41** 125 x 1.6 x 22,2 A46S BFS STEEL\"}]}]}<\/script>\n<!-- \/ Yoast SEO plugin. -->","yoast_head_json":{"title":"Tyrolit L\u00f5ikeketas 41** 125 x 1.6 x 22,2 A46S BFS STEEL","robots":{"index":"index","follow":"follow","max-snippet":"max-snippet:-1","max-image-preview":"max-image-preview:large","max-video-preview":"max-video-preview:-1"},"canonical":"https:\/\/spectrebaltics.com\/toode\/tyrolit-loikeketas-41-125-x-1-6-x-222-a46s-bfs-steel\/","og_locale":"en_US","og_type":"article","og_title":"Tyrolit L\u00f5ikeketas 41** 125 x 1.6 x 22,2 A46S BFS STEEL","og_description":"See t\u00f6\u00f6riist ei paku mitte ainult s\u00e4\u00e4stlikku lahendust teie igap\u00e4evat\u00f6\u00f6ks, vaid ka ohutusstandardit, mida olete Tyrolitilt oodanud. Selle tagab STANDARD l\u00f5ikeketta v\u00e4ga hea kasutusiga ja stabiilsus. See t\u00f6\u00f6riist sobib eriti h\u00e4sti tahke materjali l\u00f5ikamiseks. Terase standardne l\u00f5ikeketas on vahemikus 2,5\u20133,0 mm. Sellel on pikk kasutusiga ja seda saab universaalselt kasutada.","og_url":"https:\/\/spectrebaltics.com\/toode\/tyrolit-loikeketas-41-125-x-1-6-x-222-a46s-bfs-steel\/","og_site_name":"Spectrebaltics","og_image":[{"width":600,"height":600,"url":"https:\/\/spectrebaltics.com\/wp-content\/uploads\/2024\/06\/2853-1.jpg","type":"image\/jpeg"}],"twitter_card":"summary_large_image","schema":{"@context":"https:\/\/schema.org","@graph":[{"@type":"Organization","@id":"https:\/\/spectrebaltics.com\/ru\/#organization","name":"Spectrebaltics","url":"https:\/\/spectrebaltics.com\/ru\/","sameAs":[],"logo":{"@type":"ImageObject","@id":"https:\/\/spectrebaltics.com\/ru\/#logo","inLanguage":"en-US","url":"https:\/\/spectrebaltics.com\/wp-content\/uploads\/2024\/03\/Spectrebaltics-logo.svg","contentUrl":"https:\/\/spectrebaltics.com\/wp-content\/uploads\/2024\/03\/Spectrebaltics-logo.svg","caption":"Spectrebaltics"},"image":{"@id":"https:\/\/spectrebaltics.com\/ru\/#logo"}},{"@type":"WebSite","@id":"https:\/\/spectrebaltics.com\/ru\/#website","url":"https:\/\/spectrebaltics.com\/ru\/","name":"Spectrebaltics","description":"","publisher":{"@id":"https:\/\/spectrebaltics.com\/ru\/#organization"},"potentialAction":[{"@type":"SearchAction","target":{"@type":"EntryPoint","urlTemplate":"https:\/\/spectrebaltics.com\/ru\/?s={search_term_string}"},"query-input":"required name=search_term_string"}],"inLanguage":"en-US"},{"@type":"ImageObject","@id":"https:\/\/spectrebaltics.com\/toode\/tyrolit-loikeketas-41-125-x-1-6-x-222-a46s-bfs-steel\/#primaryimage","inLanguage":"en-US","url":"https:\/\/spectrebaltics.com\/wp-content\/uploads\/2024\/06\/2853-1.jpg","contentUrl":"https:\/\/spectrebaltics.com\/wp-content\/uploads\/2024\/06\/2853-1.jpg","width":600,"height":600},{"@type":"WebPage","@id":"https:\/\/spectrebaltics.com\/toode\/tyrolit-loikeketas-41-125-x-1-6-x-222-a46s-bfs-steel\/#webpage","url":"https:\/\/spectrebaltics.com\/toode\/tyrolit-loikeketas-41-125-x-1-6-x-222-a46s-bfs-steel\/","name":"Tyrolit L\u00f5ikeketas 41** 125 x 1.6 x 22,2 A46S BFS STEEL","isPartOf":{"@id":"https:\/\/spectrebaltics.com\/ru\/#website"},"primaryImageOfPage":{"@id":"https:\/\/spectrebaltics.com\/toode\/tyrolit-loikeketas-41-125-x-1-6-x-222-a46s-bfs-steel\/#primaryimage"},"datePublished":"2024-06-05T09:46:14+00:00","dateModified":"2024-06-05T09:46:14+00:00","breadcrumb":{"@id":"https:\/\/spectrebaltics.com\/toode\/tyrolit-loikeketas-41-125-x-1-6-x-222-a46s-bfs-steel\/#breadcrumb"},"inLanguage":"en-US","potentialAction":[{"@type":"ReadAction","target":["https:\/\/spectrebaltics.com\/toode\/tyrolit-loikeketas-41-125-x-1-6-x-222-a46s-bfs-steel\/"]}]},{"@type":"BreadcrumbList","@id":"https:\/\/spectrebaltics.com\/toode\/tyrolit-loikeketas-41-125-x-1-6-x-222-a46s-bfs-steel\/#breadcrumb","itemListElement":[{"@type":"ListItem","position":1,"name":"Home","item":"https:\/\/spectrebaltics.com\/en\/"},{"@type":"ListItem","position":2,"name":"Catalogue","item":"https:\/\/spectrebaltics.com\/en\/catalogue\/"},{"@type":"ListItem","position":3,"name":"Tyrolit L\u00f5ikeketas 41** 125 x 1.6 x 22,2 A46S BFS STEEL"}]}]}},"_links":{"self":[{"href":"https:\/\/spectrebaltics.com\/en\/wp-json\/wp\/v2\/product\/9354"}],"collection":[{"href":"https:\/\/spectrebaltics.com\/en\/wp-json\/wp\/v2\/product"}],"about":[{"href":"https:\/\/spectrebaltics.com\/en\/wp-json\/wp\/v2\/types\/product"}],"wp:featuredmedia":[{"embeddable":true,"href":"https:\/\/spectrebaltics.com\/en\/wp-json\/wp\/v2\/media\/9355"}],"wp:attachment":[{"href":"https:\/\/spectrebaltics.com\/en\/wp-json\/wp\/v2\/media?parent=9354"}],"wp:term":[{"taxonomy":"product_cat","embeddable":true,"href":"https:\/\/spectrebaltics.com\/en\/wp-json\/wp\/v2\/product_cat?post=9354"},{"taxonomy":"product_tag","embeddable":true,"href":"https:\/\/spectrebaltics.com\/en\/wp-json\/wp\/v2\/product_tag?post=9354"}],"curies":[{"name":"wp","href":"https:\/\/api.w.org\/{rel}","templated":true}]}}