{"id":9443,"date":"2024-06-05T12:28:01","date_gmt":"2024-06-05T12:28:01","guid":{"rendered":"https:\/\/spectrebaltics.com\/?post_type=product&#038;p=9443"},"modified":"2024-06-05T12:28:01","modified_gmt":"2024-06-05T12:28:01","slug":"3m-cubitron-fiiberketas-125-p60-ii-982c","status":"publish","type":"product","link":"https:\/\/spectrebaltics.com\/en\/toode\/3m-cubitron-fiiberketas-125-p60-ii-982c\/","title":{"rendered":"3M Cubitron Fiiberketas 125 P60 &#8211; II 982C"},"content":{"rendered":"<p><span>Cubitron II fiiberketta on varustatud \u00fcliterava abrasiiviga, mis kulub \u00fchtlaselt, kuumutab metalli v\u00e4he ning kestab kaua.<\/span><\/p>\n","protected":false},"excerpt":{"rendered":"<p>Cubitron II fiiberketta on varustatud \u00fcliterava abrasiiviga, mis kulub \u00fchtlaselt, kuumutab metalli v\u00e4he ning kestab kaua.<\/p>\n","protected":false},"featured_media":9447,"template":"","meta":[],"product_cat":[89,93],"product_tag":[],"yoast_head":"<!-- This site is optimized with the Yoast SEO plugin v18.4.1 - https:\/\/yoast.com\/wordpress\/plugins\/seo\/ -->\n<title>3M Cubitron Fiiberketas 125 P60 - II 982C<\/title>\n<meta name=\"robots\" content=\"index, follow, max-snippet:-1, max-image-preview:large, max-video-preview:-1\" \/>\n<link rel=\"canonical\" href=\"https:\/\/spectrebaltics.com\/en\/toode\/3m-cubitron-fiiberketas-125-p60-ii-982c\/\" \/>\n<meta property=\"og:locale\" content=\"en_US\" \/>\n<meta property=\"og:type\" content=\"article\" \/>\n<meta property=\"og:title\" content=\"3M Cubitron Fiiberketas 125 P60 - II 982C\" \/>\n<meta property=\"og:description\" content=\"Cubitron II fiiberketta on varustatud \u00fcliterava abrasiiviga, mis kulub \u00fchtlaselt, kuumutab metalli v\u00e4he ning kestab kaua.\" \/>\n<meta property=\"og:url\" content=\"https:\/\/spectrebaltics.com\/en\/toode\/3m-cubitron-fiiberketas-125-p60-ii-982c\/\" \/>\n<meta property=\"og:site_name\" content=\"Spectrebaltics\" \/>\n<meta property=\"og:image\" content=\"https:\/\/spectrebaltics.com\/wp-content\/uploads\/2024\/06\/58a32600659wa5.jpg\" \/>\n\t<meta property=\"og:image:width\" content=\"600\" \/>\n\t<meta property=\"og:image:height\" content=\"600\" \/>\n\t<meta property=\"og:image:type\" content=\"image\/jpeg\" \/>\n<meta name=\"twitter:card\" content=\"summary_large_image\" \/>\n<script type=\"application\/ld+json\" class=\"yoast-schema-graph\">{\"@context\":\"https:\/\/schema.org\",\"@graph\":[{\"@type\":\"Organization\",\"@id\":\"https:\/\/spectrebaltics.com\/ru\/#organization\",\"name\":\"Spectrebaltics\",\"url\":\"https:\/\/spectrebaltics.com\/ru\/\",\"sameAs\":[],\"logo\":{\"@type\":\"ImageObject\",\"@id\":\"https:\/\/spectrebaltics.com\/ru\/#logo\",\"inLanguage\":\"en-US\",\"url\":\"https:\/\/spectrebaltics.com\/wp-content\/uploads\/2024\/03\/Spectrebaltics-logo.svg\",\"contentUrl\":\"https:\/\/spectrebaltics.com\/wp-content\/uploads\/2024\/03\/Spectrebaltics-logo.svg\",\"caption\":\"Spectrebaltics\"},\"image\":{\"@id\":\"https:\/\/spectrebaltics.com\/ru\/#logo\"}},{\"@type\":\"WebSite\",\"@id\":\"https:\/\/spectrebaltics.com\/ru\/#website\",\"url\":\"https:\/\/spectrebaltics.com\/ru\/\",\"name\":\"Spectrebaltics\",\"description\":\"\",\"publisher\":{\"@id\":\"https:\/\/spectrebaltics.com\/ru\/#organization\"},\"potentialAction\":[{\"@type\":\"SearchAction\",\"target\":{\"@type\":\"EntryPoint\",\"urlTemplate\":\"https:\/\/spectrebaltics.com\/ru\/?s={search_term_string}\"},\"query-input\":\"required name=search_term_string\"}],\"inLanguage\":\"en-US\"},{\"@type\":\"ImageObject\",\"@id\":\"https:\/\/spectrebaltics.com\/en\/toode\/3m-cubitron-fiiberketas-125-p60-ii-982c\/#primaryimage\",\"inLanguage\":\"en-US\",\"url\":\"https:\/\/spectrebaltics.com\/wp-content\/uploads\/2024\/06\/58a32600659wa5.jpg\",\"contentUrl\":\"https:\/\/spectrebaltics.com\/wp-content\/uploads\/2024\/06\/58a32600659wa5.jpg\",\"width\":600,\"height\":600},{\"@type\":\"WebPage\",\"@id\":\"https:\/\/spectrebaltics.com\/en\/toode\/3m-cubitron-fiiberketas-125-p60-ii-982c\/#webpage\",\"url\":\"https:\/\/spectrebaltics.com\/en\/toode\/3m-cubitron-fiiberketas-125-p60-ii-982c\/\",\"name\":\"3M Cubitron Fiiberketas 125 P60 - II 982C\",\"isPartOf\":{\"@id\":\"https:\/\/spectrebaltics.com\/ru\/#website\"},\"primaryImageOfPage\":{\"@id\":\"https:\/\/spectrebaltics.com\/en\/toode\/3m-cubitron-fiiberketas-125-p60-ii-982c\/#primaryimage\"},\"datePublished\":\"2024-06-05T12:28:01+00:00\",\"dateModified\":\"2024-06-05T12:28:01+00:00\",\"breadcrumb\":{\"@id\":\"https:\/\/spectrebaltics.com\/en\/toode\/3m-cubitron-fiiberketas-125-p60-ii-982c\/#breadcrumb\"},\"inLanguage\":\"en-US\",\"potentialAction\":[{\"@type\":\"ReadAction\",\"target\":[\"https:\/\/spectrebaltics.com\/en\/toode\/3m-cubitron-fiiberketas-125-p60-ii-982c\/\"]}]},{\"@type\":\"BreadcrumbList\",\"@id\":\"https:\/\/spectrebaltics.com\/en\/toode\/3m-cubitron-fiiberketas-125-p60-ii-982c\/#breadcrumb\",\"itemListElement\":[{\"@type\":\"ListItem\",\"position\":1,\"name\":\"Home\",\"item\":\"https:\/\/spectrebaltics.com\/en\/\"},{\"@type\":\"ListItem\",\"position\":2,\"name\":\"Catalogue\",\"item\":\"https:\/\/spectrebaltics.com\/en\/catalogue\/\"},{\"@type\":\"ListItem\",\"position\":3,\"name\":\"3M Cubitron Fiiberketas 125 P60 &#8211; II 982C\"}]}]}<\/script>\n<!-- \/ Yoast SEO plugin. -->","yoast_head_json":{"title":"3M Cubitron Fiiberketas 125 P60 - II 982C","robots":{"index":"index","follow":"follow","max-snippet":"max-snippet:-1","max-image-preview":"max-image-preview:large","max-video-preview":"max-video-preview:-1"},"canonical":"https:\/\/spectrebaltics.com\/en\/toode\/3m-cubitron-fiiberketas-125-p60-ii-982c\/","og_locale":"en_US","og_type":"article","og_title":"3M Cubitron Fiiberketas 125 P60 - II 982C","og_description":"Cubitron II fiiberketta on varustatud \u00fcliterava abrasiiviga, mis kulub \u00fchtlaselt, kuumutab metalli v\u00e4he ning kestab kaua.","og_url":"https:\/\/spectrebaltics.com\/en\/toode\/3m-cubitron-fiiberketas-125-p60-ii-982c\/","og_site_name":"Spectrebaltics","og_image":[{"width":600,"height":600,"url":"https:\/\/spectrebaltics.com\/wp-content\/uploads\/2024\/06\/58a32600659wa5.jpg","type":"image\/jpeg"}],"twitter_card":"summary_large_image","schema":{"@context":"https:\/\/schema.org","@graph":[{"@type":"Organization","@id":"https:\/\/spectrebaltics.com\/ru\/#organization","name":"Spectrebaltics","url":"https:\/\/spectrebaltics.com\/ru\/","sameAs":[],"logo":{"@type":"ImageObject","@id":"https:\/\/spectrebaltics.com\/ru\/#logo","inLanguage":"en-US","url":"https:\/\/spectrebaltics.com\/wp-content\/uploads\/2024\/03\/Spectrebaltics-logo.svg","contentUrl":"https:\/\/spectrebaltics.com\/wp-content\/uploads\/2024\/03\/Spectrebaltics-logo.svg","caption":"Spectrebaltics"},"image":{"@id":"https:\/\/spectrebaltics.com\/ru\/#logo"}},{"@type":"WebSite","@id":"https:\/\/spectrebaltics.com\/ru\/#website","url":"https:\/\/spectrebaltics.com\/ru\/","name":"Spectrebaltics","description":"","publisher":{"@id":"https:\/\/spectrebaltics.com\/ru\/#organization"},"potentialAction":[{"@type":"SearchAction","target":{"@type":"EntryPoint","urlTemplate":"https:\/\/spectrebaltics.com\/ru\/?s={search_term_string}"},"query-input":"required name=search_term_string"}],"inLanguage":"en-US"},{"@type":"ImageObject","@id":"https:\/\/spectrebaltics.com\/en\/toode\/3m-cubitron-fiiberketas-125-p60-ii-982c\/#primaryimage","inLanguage":"en-US","url":"https:\/\/spectrebaltics.com\/wp-content\/uploads\/2024\/06\/58a32600659wa5.jpg","contentUrl":"https:\/\/spectrebaltics.com\/wp-content\/uploads\/2024\/06\/58a32600659wa5.jpg","width":600,"height":600},{"@type":"WebPage","@id":"https:\/\/spectrebaltics.com\/en\/toode\/3m-cubitron-fiiberketas-125-p60-ii-982c\/#webpage","url":"https:\/\/spectrebaltics.com\/en\/toode\/3m-cubitron-fiiberketas-125-p60-ii-982c\/","name":"3M Cubitron Fiiberketas 125 P60 - II 982C","isPartOf":{"@id":"https:\/\/spectrebaltics.com\/ru\/#website"},"primaryImageOfPage":{"@id":"https:\/\/spectrebaltics.com\/en\/toode\/3m-cubitron-fiiberketas-125-p60-ii-982c\/#primaryimage"},"datePublished":"2024-06-05T12:28:01+00:00","dateModified":"2024-06-05T12:28:01+00:00","breadcrumb":{"@id":"https:\/\/spectrebaltics.com\/en\/toode\/3m-cubitron-fiiberketas-125-p60-ii-982c\/#breadcrumb"},"inLanguage":"en-US","potentialAction":[{"@type":"ReadAction","target":["https:\/\/spectrebaltics.com\/en\/toode\/3m-cubitron-fiiberketas-125-p60-ii-982c\/"]}]},{"@type":"BreadcrumbList","@id":"https:\/\/spectrebaltics.com\/en\/toode\/3m-cubitron-fiiberketas-125-p60-ii-982c\/#breadcrumb","itemListElement":[{"@type":"ListItem","position":1,"name":"Home","item":"https:\/\/spectrebaltics.com\/en\/"},{"@type":"ListItem","position":2,"name":"Catalogue","item":"https:\/\/spectrebaltics.com\/en\/catalogue\/"},{"@type":"ListItem","position":3,"name":"3M Cubitron Fiiberketas 125 P60 &#8211; II 982C"}]}]}},"_links":{"self":[{"href":"https:\/\/spectrebaltics.com\/en\/wp-json\/wp\/v2\/product\/9443"}],"collection":[{"href":"https:\/\/spectrebaltics.com\/en\/wp-json\/wp\/v2\/product"}],"about":[{"href":"https:\/\/spectrebaltics.com\/en\/wp-json\/wp\/v2\/types\/product"}],"wp:featuredmedia":[{"embeddable":true,"href":"https:\/\/spectrebaltics.com\/en\/wp-json\/wp\/v2\/media\/9447"}],"wp:attachment":[{"href":"https:\/\/spectrebaltics.com\/en\/wp-json\/wp\/v2\/media?parent=9443"}],"wp:term":[{"taxonomy":"product_cat","embeddable":true,"href":"https:\/\/spectrebaltics.com\/en\/wp-json\/wp\/v2\/product_cat?post=9443"},{"taxonomy":"product_tag","embeddable":true,"href":"https:\/\/spectrebaltics.com\/en\/wp-json\/wp\/v2\/product_tag?post=9443"}],"curies":[{"name":"wp","href":"https:\/\/api.w.org\/{rel}","templated":true}]}}