{"id":9450,"date":"2024-06-05T12:31:50","date_gmt":"2024-06-05T12:31:50","guid":{"rendered":"https:\/\/spectrebaltics.com\/?post_type=product&#038;p=9450"},"modified":"2024-06-05T12:31:50","modified_gmt":"2024-06-05T12:31:50","slug":"3m-fiiberketta-tald-m14-127x22mm-punane","status":"publish","type":"product","link":"https:\/\/spectrebaltics.com\/en\/toode\/3m-fiiberketta-tald-m14-127x22mm-punane\/","title":{"rendered":"3M fiiberketta tald M14 127x22mm (punane)"},"content":{"rendered":"<p>&#8211; Varustuspadi toetab \u00fchepoolseid segamis- v\u00f5i poleerimispatju<br \/>\n&#8211; Tagab kindla kinnituse, kuid v\u00f5imaldab abrasiivse ketta h\u00f5lpsat eemaldamist<br \/>\n&#8211; Keskendub segamis- v\u00f5i poleerimispadjad suure t\u00e4psusega<\/p>\n","protected":false},"excerpt":{"rendered":"<p>&#8211; Varustuspadi toetab \u00fchepoolseid segamis- v\u00f5i poleerimispatju &#8211; Tagab kindla kinnituse, kuid v\u00f5imaldab abrasiivse ketta h\u00f5lpsat eemaldamist &#8211; Keskendub segamis- v\u00f5i poleerimispadjad suure t\u00e4psusega<\/p>\n","protected":false},"featured_media":9454,"template":"","meta":[],"product_cat":[89,93],"product_tag":[],"yoast_head":"<!-- This site is optimized with the Yoast SEO plugin v18.4.1 - https:\/\/yoast.com\/wordpress\/plugins\/seo\/ -->\n<title>3M fiiberketta tald M14 127x22mm (punane)<\/title>\n<meta name=\"robots\" content=\"index, follow, max-snippet:-1, max-image-preview:large, max-video-preview:-1\" \/>\n<link rel=\"canonical\" href=\"https:\/\/spectrebaltics.com\/en\/toode\/3m-fiiberketta-tald-m14-127x22mm-punane\/\" \/>\n<meta property=\"og:locale\" content=\"en_US\" \/>\n<meta property=\"og:type\" content=\"article\" \/>\n<meta property=\"og:title\" content=\"3M fiiberketta tald M14 127x22mm (punane)\" \/>\n<meta property=\"og:description\" content=\"&#8211; Varustuspadi toetab \u00fchepoolseid segamis- v\u00f5i poleerimispatju &#8211; Tagab kindla kinnituse, kuid v\u00f5imaldab abrasiivse ketta h\u00f5lpsat eemaldamist &#8211; Keskendub segamis- v\u00f5i poleerimispadjad suure t\u00e4psusega\" \/>\n<meta property=\"og:url\" content=\"https:\/\/spectrebaltics.com\/en\/toode\/3m-fiiberketta-tald-m14-127x22mm-punane\/\" \/>\n<meta property=\"og:site_name\" content=\"Spectrebaltics\" \/>\n<meta property=\"og:image\" content=\"https:\/\/spectrebaltics.com\/wp-content\/uploads\/2024\/06\/fiiberialusta_600.jpg\" \/>\n\t<meta property=\"og:image:width\" content=\"600\" \/>\n\t<meta property=\"og:image:height\" content=\"590\" \/>\n\t<meta property=\"og:image:type\" content=\"image\/jpeg\" \/>\n<meta name=\"twitter:card\" content=\"summary_large_image\" \/>\n<script type=\"application\/ld+json\" class=\"yoast-schema-graph\">{\"@context\":\"https:\/\/schema.org\",\"@graph\":[{\"@type\":\"Organization\",\"@id\":\"https:\/\/spectrebaltics.com\/ru\/#organization\",\"name\":\"Spectrebaltics\",\"url\":\"https:\/\/spectrebaltics.com\/ru\/\",\"sameAs\":[],\"logo\":{\"@type\":\"ImageObject\",\"@id\":\"https:\/\/spectrebaltics.com\/ru\/#logo\",\"inLanguage\":\"en-US\",\"url\":\"https:\/\/spectrebaltics.com\/wp-content\/uploads\/2024\/03\/Spectrebaltics-logo.svg\",\"contentUrl\":\"https:\/\/spectrebaltics.com\/wp-content\/uploads\/2024\/03\/Spectrebaltics-logo.svg\",\"caption\":\"Spectrebaltics\"},\"image\":{\"@id\":\"https:\/\/spectrebaltics.com\/ru\/#logo\"}},{\"@type\":\"WebSite\",\"@id\":\"https:\/\/spectrebaltics.com\/ru\/#website\",\"url\":\"https:\/\/spectrebaltics.com\/ru\/\",\"name\":\"Spectrebaltics\",\"description\":\"\",\"publisher\":{\"@id\":\"https:\/\/spectrebaltics.com\/ru\/#organization\"},\"potentialAction\":[{\"@type\":\"SearchAction\",\"target\":{\"@type\":\"EntryPoint\",\"urlTemplate\":\"https:\/\/spectrebaltics.com\/ru\/?s={search_term_string}\"},\"query-input\":\"required name=search_term_string\"}],\"inLanguage\":\"en-US\"},{\"@type\":\"ImageObject\",\"@id\":\"https:\/\/spectrebaltics.com\/en\/toode\/3m-fiiberketta-tald-m14-127x22mm-punane\/#primaryimage\",\"inLanguage\":\"en-US\",\"url\":\"https:\/\/spectrebaltics.com\/wp-content\/uploads\/2024\/06\/fiiberialusta_600.jpg\",\"contentUrl\":\"https:\/\/spectrebaltics.com\/wp-content\/uploads\/2024\/06\/fiiberialusta_600.jpg\",\"width\":600,\"height\":590},{\"@type\":\"WebPage\",\"@id\":\"https:\/\/spectrebaltics.com\/en\/toode\/3m-fiiberketta-tald-m14-127x22mm-punane\/#webpage\",\"url\":\"https:\/\/spectrebaltics.com\/en\/toode\/3m-fiiberketta-tald-m14-127x22mm-punane\/\",\"name\":\"3M fiiberketta tald M14 127x22mm (punane)\",\"isPartOf\":{\"@id\":\"https:\/\/spectrebaltics.com\/ru\/#website\"},\"primaryImageOfPage\":{\"@id\":\"https:\/\/spectrebaltics.com\/en\/toode\/3m-fiiberketta-tald-m14-127x22mm-punane\/#primaryimage\"},\"datePublished\":\"2024-06-05T12:31:50+00:00\",\"dateModified\":\"2024-06-05T12:31:50+00:00\",\"breadcrumb\":{\"@id\":\"https:\/\/spectrebaltics.com\/en\/toode\/3m-fiiberketta-tald-m14-127x22mm-punane\/#breadcrumb\"},\"inLanguage\":\"en-US\",\"potentialAction\":[{\"@type\":\"ReadAction\",\"target\":[\"https:\/\/spectrebaltics.com\/en\/toode\/3m-fiiberketta-tald-m14-127x22mm-punane\/\"]}]},{\"@type\":\"BreadcrumbList\",\"@id\":\"https:\/\/spectrebaltics.com\/en\/toode\/3m-fiiberketta-tald-m14-127x22mm-punane\/#breadcrumb\",\"itemListElement\":[{\"@type\":\"ListItem\",\"position\":1,\"name\":\"Home\",\"item\":\"https:\/\/spectrebaltics.com\/en\/\"},{\"@type\":\"ListItem\",\"position\":2,\"name\":\"Catalogue\",\"item\":\"https:\/\/spectrebaltics.com\/en\/catalogue\/\"},{\"@type\":\"ListItem\",\"position\":3,\"name\":\"3M fiiberketta tald M14 127x22mm (punane)\"}]}]}<\/script>\n<!-- \/ Yoast SEO plugin. -->","yoast_head_json":{"title":"3M fiiberketta tald M14 127x22mm (punane)","robots":{"index":"index","follow":"follow","max-snippet":"max-snippet:-1","max-image-preview":"max-image-preview:large","max-video-preview":"max-video-preview:-1"},"canonical":"https:\/\/spectrebaltics.com\/en\/toode\/3m-fiiberketta-tald-m14-127x22mm-punane\/","og_locale":"en_US","og_type":"article","og_title":"3M fiiberketta tald M14 127x22mm (punane)","og_description":"&#8211; Varustuspadi toetab \u00fchepoolseid segamis- v\u00f5i poleerimispatju &#8211; Tagab kindla kinnituse, kuid v\u00f5imaldab abrasiivse ketta h\u00f5lpsat eemaldamist &#8211; Keskendub segamis- v\u00f5i poleerimispadjad suure t\u00e4psusega","og_url":"https:\/\/spectrebaltics.com\/en\/toode\/3m-fiiberketta-tald-m14-127x22mm-punane\/","og_site_name":"Spectrebaltics","og_image":[{"width":600,"height":590,"url":"https:\/\/spectrebaltics.com\/wp-content\/uploads\/2024\/06\/fiiberialusta_600.jpg","type":"image\/jpeg"}],"twitter_card":"summary_large_image","schema":{"@context":"https:\/\/schema.org","@graph":[{"@type":"Organization","@id":"https:\/\/spectrebaltics.com\/ru\/#organization","name":"Spectrebaltics","url":"https:\/\/spectrebaltics.com\/ru\/","sameAs":[],"logo":{"@type":"ImageObject","@id":"https:\/\/spectrebaltics.com\/ru\/#logo","inLanguage":"en-US","url":"https:\/\/spectrebaltics.com\/wp-content\/uploads\/2024\/03\/Spectrebaltics-logo.svg","contentUrl":"https:\/\/spectrebaltics.com\/wp-content\/uploads\/2024\/03\/Spectrebaltics-logo.svg","caption":"Spectrebaltics"},"image":{"@id":"https:\/\/spectrebaltics.com\/ru\/#logo"}},{"@type":"WebSite","@id":"https:\/\/spectrebaltics.com\/ru\/#website","url":"https:\/\/spectrebaltics.com\/ru\/","name":"Spectrebaltics","description":"","publisher":{"@id":"https:\/\/spectrebaltics.com\/ru\/#organization"},"potentialAction":[{"@type":"SearchAction","target":{"@type":"EntryPoint","urlTemplate":"https:\/\/spectrebaltics.com\/ru\/?s={search_term_string}"},"query-input":"required name=search_term_string"}],"inLanguage":"en-US"},{"@type":"ImageObject","@id":"https:\/\/spectrebaltics.com\/en\/toode\/3m-fiiberketta-tald-m14-127x22mm-punane\/#primaryimage","inLanguage":"en-US","url":"https:\/\/spectrebaltics.com\/wp-content\/uploads\/2024\/06\/fiiberialusta_600.jpg","contentUrl":"https:\/\/spectrebaltics.com\/wp-content\/uploads\/2024\/06\/fiiberialusta_600.jpg","width":600,"height":590},{"@type":"WebPage","@id":"https:\/\/spectrebaltics.com\/en\/toode\/3m-fiiberketta-tald-m14-127x22mm-punane\/#webpage","url":"https:\/\/spectrebaltics.com\/en\/toode\/3m-fiiberketta-tald-m14-127x22mm-punane\/","name":"3M fiiberketta tald M14 127x22mm (punane)","isPartOf":{"@id":"https:\/\/spectrebaltics.com\/ru\/#website"},"primaryImageOfPage":{"@id":"https:\/\/spectrebaltics.com\/en\/toode\/3m-fiiberketta-tald-m14-127x22mm-punane\/#primaryimage"},"datePublished":"2024-06-05T12:31:50+00:00","dateModified":"2024-06-05T12:31:50+00:00","breadcrumb":{"@id":"https:\/\/spectrebaltics.com\/en\/toode\/3m-fiiberketta-tald-m14-127x22mm-punane\/#breadcrumb"},"inLanguage":"en-US","potentialAction":[{"@type":"ReadAction","target":["https:\/\/spectrebaltics.com\/en\/toode\/3m-fiiberketta-tald-m14-127x22mm-punane\/"]}]},{"@type":"BreadcrumbList","@id":"https:\/\/spectrebaltics.com\/en\/toode\/3m-fiiberketta-tald-m14-127x22mm-punane\/#breadcrumb","itemListElement":[{"@type":"ListItem","position":1,"name":"Home","item":"https:\/\/spectrebaltics.com\/en\/"},{"@type":"ListItem","position":2,"name":"Catalogue","item":"https:\/\/spectrebaltics.com\/en\/catalogue\/"},{"@type":"ListItem","position":3,"name":"3M fiiberketta tald M14 127x22mm (punane)"}]}]}},"_links":{"self":[{"href":"https:\/\/spectrebaltics.com\/en\/wp-json\/wp\/v2\/product\/9450"}],"collection":[{"href":"https:\/\/spectrebaltics.com\/en\/wp-json\/wp\/v2\/product"}],"about":[{"href":"https:\/\/spectrebaltics.com\/en\/wp-json\/wp\/v2\/types\/product"}],"wp:featuredmedia":[{"embeddable":true,"href":"https:\/\/spectrebaltics.com\/en\/wp-json\/wp\/v2\/media\/9454"}],"wp:attachment":[{"href":"https:\/\/spectrebaltics.com\/en\/wp-json\/wp\/v2\/media?parent=9450"}],"wp:term":[{"taxonomy":"product_cat","embeddable":true,"href":"https:\/\/spectrebaltics.com\/en\/wp-json\/wp\/v2\/product_cat?post=9450"},{"taxonomy":"product_tag","embeddable":true,"href":"https:\/\/spectrebaltics.com\/en\/wp-json\/wp\/v2\/product_tag?post=9450"}],"curies":[{"name":"wp","href":"https:\/\/api.w.org\/{rel}","templated":true}]}}