{"id":9460,"date":"2024-06-05T12:39:11","date_gmt":"2024-06-05T12:39:11","guid":{"rendered":"https:\/\/spectrebaltics.com\/?post_type=product&#038;p=9460"},"modified":"2024-06-05T12:46:10","modified_gmt":"2024-06-05T12:46:10","slug":"tyrolit-fiiberketas-125x22-s4-cerabond-ca36-p94","status":"publish","type":"product","link":"https:\/\/spectrebaltics.com\/en\/toode\/tyrolit-fiiberketas-125x22-s4-cerabond-ca36-p94\/","title":{"rendered":"Tyrolit Fiiberketas *** 125&#215;22 S4 Cerabond CA36-P94"},"content":{"rendered":"<p>PREMIUM CERABOND X fiiberketas sobib suurep\u00e4raselt terase ja roostevaba terase n\u00f5udlikeks lihvimist\u00f6\u00f6deks. T\u00e4nu keraamilisele terale koos ainulaadse liimimiss\u00fcsteemiga saavutavad need t\u00f6\u00f6riistad pika aja jooksul suure lao eemaldamise kiiruse. Eriti k\u00f5vade pindade j\u00e4medaks lihvimiseks on CERABOND X seeria fiiberkettad kindlasti teie esimene valik.<br \/>\nVorm: FIBER Disc<br \/>\nSpetsifikatsioon: CA-P94 V CA36<br \/>\nM\u00f5\u00f5tmed (D x K \/ SEADE): 125 x 22 \/ 4 mm<br \/>\nL\u00e4bim\u00f5\u00f5t: 125 mm<br \/>\nPuuri auk: 22 mm<br \/>\nTera suurus: 36<br \/>\nMaterjali sobivus: teras; roostevaba teras<br \/>\nTootesari: PREMIUM<br \/>\nT\u00f6\u00f6riist: Nurklihvija<\/p>\n","protected":false},"excerpt":{"rendered":"<p>PREMIUM CERABOND X fiiberketas sobib suurep\u00e4raselt terase ja roostevaba terase n\u00f5udlikeks lihvimist\u00f6\u00f6deks. T\u00e4nu keraamilisele terale koos ainulaadse liimimiss\u00fcsteemiga saavutavad need t\u00f6\u00f6riistad pika aja jooksul suure lao eemaldamise kiiruse. Eriti k\u00f5vade pindade j\u00e4medaks lihvimiseks on CERABOND X seeria fiiberkettad kindlasti teie esimene valik. Vorm: FIBER Disc Spetsifikatsioon: CA-P94 V CA36 M\u00f5\u00f5tmed (D x K \/ SEADE):&#8230;<\/p>\n","protected":false},"featured_media":9468,"template":"","meta":[],"product_cat":[89,93],"product_tag":[],"yoast_head":"<!-- This site is optimized with the Yoast SEO plugin v18.4.1 - https:\/\/yoast.com\/wordpress\/plugins\/seo\/ -->\n<title>Tyrolit Fiiberketas *** 125x22 S4 Cerabond CA36-P94<\/title>\n<meta name=\"robots\" content=\"index, follow, max-snippet:-1, max-image-preview:large, max-video-preview:-1\" \/>\n<link rel=\"canonical\" href=\"https:\/\/spectrebaltics.com\/toode\/tyrolit-fiiberketas-125x22-s4-cerabond-ca36-p94\/\" \/>\n<meta property=\"og:locale\" content=\"en_US\" \/>\n<meta property=\"og:type\" content=\"article\" \/>\n<meta property=\"og:title\" content=\"Tyrolit Fiiberketas *** 125x22 S4 Cerabond CA36-P94\" \/>\n<meta property=\"og:description\" content=\"PREMIUM CERABOND X fiiberketas sobib suurep\u00e4raselt terase ja roostevaba terase n\u00f5udlikeks lihvimist\u00f6\u00f6deks. T\u00e4nu keraamilisele terale koos ainulaadse liimimiss\u00fcsteemiga saavutavad need t\u00f6\u00f6riistad pika aja jooksul suure lao eemaldamise kiiruse. Eriti k\u00f5vade pindade j\u00e4medaks lihvimiseks on CERABOND X seeria fiiberkettad kindlasti teie esimene valik. Vorm: FIBER Disc Spetsifikatsioon: CA-P94 V CA36 M\u00f5\u00f5tmed (D x K \/ SEADE):...\" \/>\n<meta property=\"og:url\" content=\"https:\/\/spectrebaltics.com\/toode\/tyrolit-fiiberketas-125x22-s4-cerabond-ca36-p94\/\" \/>\n<meta property=\"og:site_name\" content=\"Spectrebaltics\" \/>\n<meta property=\"article:modified_time\" content=\"2024-06-05T12:46:10+00:00\" \/>\n<meta property=\"og:image\" content=\"https:\/\/spectrebaltics.com\/wp-content\/uploads\/2024\/06\/p60.jpg\" \/>\n\t<meta property=\"og:image:width\" content=\"1280\" \/>\n\t<meta property=\"og:image:height\" content=\"1280\" \/>\n\t<meta property=\"og:image:type\" content=\"image\/jpeg\" \/>\n<meta name=\"twitter:card\" content=\"summary_large_image\" \/>\n<script type=\"application\/ld+json\" class=\"yoast-schema-graph\">{\"@context\":\"https:\/\/schema.org\",\"@graph\":[{\"@type\":\"Organization\",\"@id\":\"https:\/\/spectrebaltics.com\/ru\/#organization\",\"name\":\"Spectrebaltics\",\"url\":\"https:\/\/spectrebaltics.com\/ru\/\",\"sameAs\":[],\"logo\":{\"@type\":\"ImageObject\",\"@id\":\"https:\/\/spectrebaltics.com\/ru\/#logo\",\"inLanguage\":\"en-US\",\"url\":\"https:\/\/spectrebaltics.com\/wp-content\/uploads\/2024\/03\/Spectrebaltics-logo.svg\",\"contentUrl\":\"https:\/\/spectrebaltics.com\/wp-content\/uploads\/2024\/03\/Spectrebaltics-logo.svg\",\"caption\":\"Spectrebaltics\"},\"image\":{\"@id\":\"https:\/\/spectrebaltics.com\/ru\/#logo\"}},{\"@type\":\"WebSite\",\"@id\":\"https:\/\/spectrebaltics.com\/ru\/#website\",\"url\":\"https:\/\/spectrebaltics.com\/ru\/\",\"name\":\"Spectrebaltics\",\"description\":\"\",\"publisher\":{\"@id\":\"https:\/\/spectrebaltics.com\/ru\/#organization\"},\"potentialAction\":[{\"@type\":\"SearchAction\",\"target\":{\"@type\":\"EntryPoint\",\"urlTemplate\":\"https:\/\/spectrebaltics.com\/ru\/?s={search_term_string}\"},\"query-input\":\"required name=search_term_string\"}],\"inLanguage\":\"en-US\"},{\"@type\":\"ImageObject\",\"@id\":\"https:\/\/spectrebaltics.com\/toode\/tyrolit-fiiberketas-125x22-s4-cerabond-ca36-p94\/#primaryimage\",\"inLanguage\":\"en-US\",\"url\":\"https:\/\/spectrebaltics.com\/wp-content\/uploads\/2024\/06\/p60.jpg\",\"contentUrl\":\"https:\/\/spectrebaltics.com\/wp-content\/uploads\/2024\/06\/p60.jpg\",\"width\":1280,\"height\":1280},{\"@type\":\"WebPage\",\"@id\":\"https:\/\/spectrebaltics.com\/toode\/tyrolit-fiiberketas-125x22-s4-cerabond-ca36-p94\/#webpage\",\"url\":\"https:\/\/spectrebaltics.com\/toode\/tyrolit-fiiberketas-125x22-s4-cerabond-ca36-p94\/\",\"name\":\"Tyrolit Fiiberketas *** 125x22 S4 Cerabond CA36-P94\",\"isPartOf\":{\"@id\":\"https:\/\/spectrebaltics.com\/ru\/#website\"},\"primaryImageOfPage\":{\"@id\":\"https:\/\/spectrebaltics.com\/toode\/tyrolit-fiiberketas-125x22-s4-cerabond-ca36-p94\/#primaryimage\"},\"datePublished\":\"2024-06-05T12:39:11+00:00\",\"dateModified\":\"2024-06-05T12:46:10+00:00\",\"breadcrumb\":{\"@id\":\"https:\/\/spectrebaltics.com\/toode\/tyrolit-fiiberketas-125x22-s4-cerabond-ca36-p94\/#breadcrumb\"},\"inLanguage\":\"en-US\",\"potentialAction\":[{\"@type\":\"ReadAction\",\"target\":[\"https:\/\/spectrebaltics.com\/toode\/tyrolit-fiiberketas-125x22-s4-cerabond-ca36-p94\/\"]}]},{\"@type\":\"BreadcrumbList\",\"@id\":\"https:\/\/spectrebaltics.com\/toode\/tyrolit-fiiberketas-125x22-s4-cerabond-ca36-p94\/#breadcrumb\",\"itemListElement\":[{\"@type\":\"ListItem\",\"position\":1,\"name\":\"Home\",\"item\":\"https:\/\/spectrebaltics.com\/en\/\"},{\"@type\":\"ListItem\",\"position\":2,\"name\":\"Catalogue\",\"item\":\"https:\/\/spectrebaltics.com\/en\/catalogue\/\"},{\"@type\":\"ListItem\",\"position\":3,\"name\":\"Tyrolit Fiiberketas *** 125&#215;22 S4 Cerabond CA36-P94\"}]}]}<\/script>\n<!-- \/ Yoast SEO plugin. -->","yoast_head_json":{"title":"Tyrolit Fiiberketas *** 125x22 S4 Cerabond CA36-P94","robots":{"index":"index","follow":"follow","max-snippet":"max-snippet:-1","max-image-preview":"max-image-preview:large","max-video-preview":"max-video-preview:-1"},"canonical":"https:\/\/spectrebaltics.com\/toode\/tyrolit-fiiberketas-125x22-s4-cerabond-ca36-p94\/","og_locale":"en_US","og_type":"article","og_title":"Tyrolit Fiiberketas *** 125x22 S4 Cerabond CA36-P94","og_description":"PREMIUM CERABOND X fiiberketas sobib suurep\u00e4raselt terase ja roostevaba terase n\u00f5udlikeks lihvimist\u00f6\u00f6deks. T\u00e4nu keraamilisele terale koos ainulaadse liimimiss\u00fcsteemiga saavutavad need t\u00f6\u00f6riistad pika aja jooksul suure lao eemaldamise kiiruse. Eriti k\u00f5vade pindade j\u00e4medaks lihvimiseks on CERABOND X seeria fiiberkettad kindlasti teie esimene valik. Vorm: FIBER Disc Spetsifikatsioon: CA-P94 V CA36 M\u00f5\u00f5tmed (D x K \/ SEADE):...","og_url":"https:\/\/spectrebaltics.com\/toode\/tyrolit-fiiberketas-125x22-s4-cerabond-ca36-p94\/","og_site_name":"Spectrebaltics","article_modified_time":"2024-06-05T12:46:10+00:00","og_image":[{"width":1280,"height":1280,"url":"https:\/\/spectrebaltics.com\/wp-content\/uploads\/2024\/06\/p60.jpg","type":"image\/jpeg"}],"twitter_card":"summary_large_image","schema":{"@context":"https:\/\/schema.org","@graph":[{"@type":"Organization","@id":"https:\/\/spectrebaltics.com\/ru\/#organization","name":"Spectrebaltics","url":"https:\/\/spectrebaltics.com\/ru\/","sameAs":[],"logo":{"@type":"ImageObject","@id":"https:\/\/spectrebaltics.com\/ru\/#logo","inLanguage":"en-US","url":"https:\/\/spectrebaltics.com\/wp-content\/uploads\/2024\/03\/Spectrebaltics-logo.svg","contentUrl":"https:\/\/spectrebaltics.com\/wp-content\/uploads\/2024\/03\/Spectrebaltics-logo.svg","caption":"Spectrebaltics"},"image":{"@id":"https:\/\/spectrebaltics.com\/ru\/#logo"}},{"@type":"WebSite","@id":"https:\/\/spectrebaltics.com\/ru\/#website","url":"https:\/\/spectrebaltics.com\/ru\/","name":"Spectrebaltics","description":"","publisher":{"@id":"https:\/\/spectrebaltics.com\/ru\/#organization"},"potentialAction":[{"@type":"SearchAction","target":{"@type":"EntryPoint","urlTemplate":"https:\/\/spectrebaltics.com\/ru\/?s={search_term_string}"},"query-input":"required name=search_term_string"}],"inLanguage":"en-US"},{"@type":"ImageObject","@id":"https:\/\/spectrebaltics.com\/toode\/tyrolit-fiiberketas-125x22-s4-cerabond-ca36-p94\/#primaryimage","inLanguage":"en-US","url":"https:\/\/spectrebaltics.com\/wp-content\/uploads\/2024\/06\/p60.jpg","contentUrl":"https:\/\/spectrebaltics.com\/wp-content\/uploads\/2024\/06\/p60.jpg","width":1280,"height":1280},{"@type":"WebPage","@id":"https:\/\/spectrebaltics.com\/toode\/tyrolit-fiiberketas-125x22-s4-cerabond-ca36-p94\/#webpage","url":"https:\/\/spectrebaltics.com\/toode\/tyrolit-fiiberketas-125x22-s4-cerabond-ca36-p94\/","name":"Tyrolit Fiiberketas *** 125x22 S4 Cerabond CA36-P94","isPartOf":{"@id":"https:\/\/spectrebaltics.com\/ru\/#website"},"primaryImageOfPage":{"@id":"https:\/\/spectrebaltics.com\/toode\/tyrolit-fiiberketas-125x22-s4-cerabond-ca36-p94\/#primaryimage"},"datePublished":"2024-06-05T12:39:11+00:00","dateModified":"2024-06-05T12:46:10+00:00","breadcrumb":{"@id":"https:\/\/spectrebaltics.com\/toode\/tyrolit-fiiberketas-125x22-s4-cerabond-ca36-p94\/#breadcrumb"},"inLanguage":"en-US","potentialAction":[{"@type":"ReadAction","target":["https:\/\/spectrebaltics.com\/toode\/tyrolit-fiiberketas-125x22-s4-cerabond-ca36-p94\/"]}]},{"@type":"BreadcrumbList","@id":"https:\/\/spectrebaltics.com\/toode\/tyrolit-fiiberketas-125x22-s4-cerabond-ca36-p94\/#breadcrumb","itemListElement":[{"@type":"ListItem","position":1,"name":"Home","item":"https:\/\/spectrebaltics.com\/en\/"},{"@type":"ListItem","position":2,"name":"Catalogue","item":"https:\/\/spectrebaltics.com\/en\/catalogue\/"},{"@type":"ListItem","position":3,"name":"Tyrolit Fiiberketas *** 125&#215;22 S4 Cerabond CA36-P94"}]}]}},"_links":{"self":[{"href":"https:\/\/spectrebaltics.com\/en\/wp-json\/wp\/v2\/product\/9460"}],"collection":[{"href":"https:\/\/spectrebaltics.com\/en\/wp-json\/wp\/v2\/product"}],"about":[{"href":"https:\/\/spectrebaltics.com\/en\/wp-json\/wp\/v2\/types\/product"}],"wp:featuredmedia":[{"embeddable":true,"href":"https:\/\/spectrebaltics.com\/en\/wp-json\/wp\/v2\/media\/9468"}],"wp:attachment":[{"href":"https:\/\/spectrebaltics.com\/en\/wp-json\/wp\/v2\/media?parent=9460"}],"wp:term":[{"taxonomy":"product_cat","embeddable":true,"href":"https:\/\/spectrebaltics.com\/en\/wp-json\/wp\/v2\/product_cat?post=9460"},{"taxonomy":"product_tag","embeddable":true,"href":"https:\/\/spectrebaltics.com\/en\/wp-json\/wp\/v2\/product_tag?post=9460"}],"curies":[{"name":"wp","href":"https:\/\/api.w.org\/{rel}","templated":true}]}}