{"id":9506,"date":"2024-06-07T10:17:34","date_gmt":"2024-06-07T10:17:34","guid":{"rendered":"https:\/\/spectrebaltics.com\/?post_type=product&#038;p=9506"},"modified":"2024-06-07T10:17:34","modified_gmt":"2024-06-07T10:17:34","slug":"osborn-ketashari-d125-x-22mm-inox-05","status":"publish","type":"product","link":"https:\/\/spectrebaltics.com\/en\/toode\/osborn-ketashari-d125-x-22mm-inox-05\/","title":{"rendered":"OSBORN Ketashari d125 x 22mm INOX 0,5"},"content":{"rendered":"<p>Keevis\u00f5mbluste, p\u00f5kk\u00f5mblus ja nurk\u00f5mblus, eelt\u00f6\u00f6tlemiseks ja l\u00f5plikuks t\u00f6\u00f6tlemiseks.<\/p>\n<p>Eemaldab katlakivi, rooste, lakk, r\u00e4bu, kratti ja kattekihid metallidelt ja kummitoodetelt \u00fclem\u00e4\u00e4rase materjaali<\/p>\n","protected":false},"excerpt":{"rendered":"<p>Keevis\u00f5mbluste, p\u00f5kk\u00f5mblus ja nurk\u00f5mblus, eelt\u00f6\u00f6tlemiseks ja l\u00f5plikuks t\u00f6\u00f6tlemiseks. Eemaldab katlakivi, rooste, lakk, r\u00e4bu, kratti ja kattekihid metallidelt ja kummitoodetelt \u00fclem\u00e4\u00e4rase materjaali<\/p>\n","protected":false},"featured_media":9502,"template":"","meta":[],"product_cat":[89,94],"product_tag":[],"yoast_head":"<!-- This site is optimized with the Yoast SEO plugin v18.4.1 - https:\/\/yoast.com\/wordpress\/plugins\/seo\/ -->\n<title>OSBORN Ketashari d125 x 22mm INOX 0,5<\/title>\n<meta name=\"robots\" content=\"index, follow, max-snippet:-1, max-image-preview:large, max-video-preview:-1\" \/>\n<link rel=\"canonical\" href=\"https:\/\/spectrebaltics.com\/toode\/osborn-ketashari-d125-x-22mm-inox-05\/\" \/>\n<meta property=\"og:locale\" content=\"en_US\" \/>\n<meta property=\"og:type\" content=\"article\" \/>\n<meta property=\"og:title\" content=\"OSBORN Ketashari d125 x 22mm INOX 0,5\" \/>\n<meta property=\"og:description\" content=\"Keevis\u00f5mbluste, p\u00f5kk\u00f5mblus ja nurk\u00f5mblus, eelt\u00f6\u00f6tlemiseks ja l\u00f5plikuks t\u00f6\u00f6tlemiseks. Eemaldab katlakivi, rooste, lakk, r\u00e4bu, kratti ja kattekihid metallidelt ja kummitoodetelt \u00fclem\u00e4\u00e4rase materjaali\" \/>\n<meta property=\"og:url\" content=\"https:\/\/spectrebaltics.com\/toode\/osborn-ketashari-d125-x-22mm-inox-05\/\" \/>\n<meta property=\"og:site_name\" content=\"Spectrebaltics\" \/>\n<meta name=\"twitter:card\" content=\"summary_large_image\" \/>\n<meta name=\"twitter:image\" content=\"https:\/\/spectrebaltics.com\/wp-content\/uploads\/2024\/06\/ummargune-harjaga-poimitud-roostevabast-terasest-traat-050_reference.webp\" \/>\n<script type=\"application\/ld+json\" class=\"yoast-schema-graph\">{\"@context\":\"https:\/\/schema.org\",\"@graph\":[{\"@type\":\"Organization\",\"@id\":\"https:\/\/spectrebaltics.com\/ru\/#organization\",\"name\":\"Spectrebaltics\",\"url\":\"https:\/\/spectrebaltics.com\/ru\/\",\"sameAs\":[],\"logo\":{\"@type\":\"ImageObject\",\"@id\":\"https:\/\/spectrebaltics.com\/ru\/#logo\",\"inLanguage\":\"en-US\",\"url\":\"https:\/\/spectrebaltics.com\/wp-content\/uploads\/2024\/03\/Spectrebaltics-logo.svg\",\"contentUrl\":\"https:\/\/spectrebaltics.com\/wp-content\/uploads\/2024\/03\/Spectrebaltics-logo.svg\",\"caption\":\"Spectrebaltics\"},\"image\":{\"@id\":\"https:\/\/spectrebaltics.com\/ru\/#logo\"}},{\"@type\":\"WebSite\",\"@id\":\"https:\/\/spectrebaltics.com\/ru\/#website\",\"url\":\"https:\/\/spectrebaltics.com\/ru\/\",\"name\":\"Spectrebaltics\",\"description\":\"\",\"publisher\":{\"@id\":\"https:\/\/spectrebaltics.com\/ru\/#organization\"},\"potentialAction\":[{\"@type\":\"SearchAction\",\"target\":{\"@type\":\"EntryPoint\",\"urlTemplate\":\"https:\/\/spectrebaltics.com\/ru\/?s={search_term_string}\"},\"query-input\":\"required name=search_term_string\"}],\"inLanguage\":\"en-US\"},{\"@type\":\"ImageObject\",\"@id\":\"https:\/\/spectrebaltics.com\/toode\/osborn-ketashari-d125-x-22mm-inox-05\/#primaryimage\",\"inLanguage\":\"en-US\",\"url\":\"https:\/\/spectrebaltics.com\/wp-content\/uploads\/2024\/06\/ummargune-harjaga-poimitud-roostevabast-terasest-traat-050_reference.webp\",\"contentUrl\":\"https:\/\/spectrebaltics.com\/wp-content\/uploads\/2024\/06\/ummargune-harjaga-poimitud-roostevabast-terasest-traat-050_reference.webp\",\"width\":617,\"height\":617},{\"@type\":\"WebPage\",\"@id\":\"https:\/\/spectrebaltics.com\/toode\/osborn-ketashari-d125-x-22mm-inox-05\/#webpage\",\"url\":\"https:\/\/spectrebaltics.com\/toode\/osborn-ketashari-d125-x-22mm-inox-05\/\",\"name\":\"OSBORN Ketashari d125 x 22mm INOX 0,5\",\"isPartOf\":{\"@id\":\"https:\/\/spectrebaltics.com\/ru\/#website\"},\"primaryImageOfPage\":{\"@id\":\"https:\/\/spectrebaltics.com\/toode\/osborn-ketashari-d125-x-22mm-inox-05\/#primaryimage\"},\"datePublished\":\"2024-06-07T10:17:34+00:00\",\"dateModified\":\"2024-06-07T10:17:34+00:00\",\"breadcrumb\":{\"@id\":\"https:\/\/spectrebaltics.com\/toode\/osborn-ketashari-d125-x-22mm-inox-05\/#breadcrumb\"},\"inLanguage\":\"en-US\",\"potentialAction\":[{\"@type\":\"ReadAction\",\"target\":[\"https:\/\/spectrebaltics.com\/toode\/osborn-ketashari-d125-x-22mm-inox-05\/\"]}]},{\"@type\":\"BreadcrumbList\",\"@id\":\"https:\/\/spectrebaltics.com\/toode\/osborn-ketashari-d125-x-22mm-inox-05\/#breadcrumb\",\"itemListElement\":[{\"@type\":\"ListItem\",\"position\":1,\"name\":\"Home\",\"item\":\"https:\/\/spectrebaltics.com\/en\/\"},{\"@type\":\"ListItem\",\"position\":2,\"name\":\"Catalogue\",\"item\":\"https:\/\/spectrebaltics.com\/en\/catalogue\/\"},{\"@type\":\"ListItem\",\"position\":3,\"name\":\"OSBORN Ketashari d125 x 22mm INOX 0,5\"}]}]}<\/script>\n<!-- \/ Yoast SEO plugin. -->","yoast_head_json":{"title":"OSBORN Ketashari d125 x 22mm INOX 0,5","robots":{"index":"index","follow":"follow","max-snippet":"max-snippet:-1","max-image-preview":"max-image-preview:large","max-video-preview":"max-video-preview:-1"},"canonical":"https:\/\/spectrebaltics.com\/toode\/osborn-ketashari-d125-x-22mm-inox-05\/","og_locale":"en_US","og_type":"article","og_title":"OSBORN Ketashari d125 x 22mm INOX 0,5","og_description":"Keevis\u00f5mbluste, p\u00f5kk\u00f5mblus ja nurk\u00f5mblus, eelt\u00f6\u00f6tlemiseks ja l\u00f5plikuks t\u00f6\u00f6tlemiseks. Eemaldab katlakivi, rooste, lakk, r\u00e4bu, kratti ja kattekihid metallidelt ja kummitoodetelt \u00fclem\u00e4\u00e4rase materjaali","og_url":"https:\/\/spectrebaltics.com\/toode\/osborn-ketashari-d125-x-22mm-inox-05\/","og_site_name":"Spectrebaltics","twitter_card":"summary_large_image","twitter_image":"https:\/\/spectrebaltics.com\/wp-content\/uploads\/2024\/06\/ummargune-harjaga-poimitud-roostevabast-terasest-traat-050_reference.webp","schema":{"@context":"https:\/\/schema.org","@graph":[{"@type":"Organization","@id":"https:\/\/spectrebaltics.com\/ru\/#organization","name":"Spectrebaltics","url":"https:\/\/spectrebaltics.com\/ru\/","sameAs":[],"logo":{"@type":"ImageObject","@id":"https:\/\/spectrebaltics.com\/ru\/#logo","inLanguage":"en-US","url":"https:\/\/spectrebaltics.com\/wp-content\/uploads\/2024\/03\/Spectrebaltics-logo.svg","contentUrl":"https:\/\/spectrebaltics.com\/wp-content\/uploads\/2024\/03\/Spectrebaltics-logo.svg","caption":"Spectrebaltics"},"image":{"@id":"https:\/\/spectrebaltics.com\/ru\/#logo"}},{"@type":"WebSite","@id":"https:\/\/spectrebaltics.com\/ru\/#website","url":"https:\/\/spectrebaltics.com\/ru\/","name":"Spectrebaltics","description":"","publisher":{"@id":"https:\/\/spectrebaltics.com\/ru\/#organization"},"potentialAction":[{"@type":"SearchAction","target":{"@type":"EntryPoint","urlTemplate":"https:\/\/spectrebaltics.com\/ru\/?s={search_term_string}"},"query-input":"required name=search_term_string"}],"inLanguage":"en-US"},{"@type":"ImageObject","@id":"https:\/\/spectrebaltics.com\/toode\/osborn-ketashari-d125-x-22mm-inox-05\/#primaryimage","inLanguage":"en-US","url":"https:\/\/spectrebaltics.com\/wp-content\/uploads\/2024\/06\/ummargune-harjaga-poimitud-roostevabast-terasest-traat-050_reference.webp","contentUrl":"https:\/\/spectrebaltics.com\/wp-content\/uploads\/2024\/06\/ummargune-harjaga-poimitud-roostevabast-terasest-traat-050_reference.webp","width":617,"height":617},{"@type":"WebPage","@id":"https:\/\/spectrebaltics.com\/toode\/osborn-ketashari-d125-x-22mm-inox-05\/#webpage","url":"https:\/\/spectrebaltics.com\/toode\/osborn-ketashari-d125-x-22mm-inox-05\/","name":"OSBORN Ketashari d125 x 22mm INOX 0,5","isPartOf":{"@id":"https:\/\/spectrebaltics.com\/ru\/#website"},"primaryImageOfPage":{"@id":"https:\/\/spectrebaltics.com\/toode\/osborn-ketashari-d125-x-22mm-inox-05\/#primaryimage"},"datePublished":"2024-06-07T10:17:34+00:00","dateModified":"2024-06-07T10:17:34+00:00","breadcrumb":{"@id":"https:\/\/spectrebaltics.com\/toode\/osborn-ketashari-d125-x-22mm-inox-05\/#breadcrumb"},"inLanguage":"en-US","potentialAction":[{"@type":"ReadAction","target":["https:\/\/spectrebaltics.com\/toode\/osborn-ketashari-d125-x-22mm-inox-05\/"]}]},{"@type":"BreadcrumbList","@id":"https:\/\/spectrebaltics.com\/toode\/osborn-ketashari-d125-x-22mm-inox-05\/#breadcrumb","itemListElement":[{"@type":"ListItem","position":1,"name":"Home","item":"https:\/\/spectrebaltics.com\/en\/"},{"@type":"ListItem","position":2,"name":"Catalogue","item":"https:\/\/spectrebaltics.com\/en\/catalogue\/"},{"@type":"ListItem","position":3,"name":"OSBORN Ketashari d125 x 22mm INOX 0,5"}]}]}},"_links":{"self":[{"href":"https:\/\/spectrebaltics.com\/en\/wp-json\/wp\/v2\/product\/9506"}],"collection":[{"href":"https:\/\/spectrebaltics.com\/en\/wp-json\/wp\/v2\/product"}],"about":[{"href":"https:\/\/spectrebaltics.com\/en\/wp-json\/wp\/v2\/types\/product"}],"wp:featuredmedia":[{"embeddable":true,"href":"https:\/\/spectrebaltics.com\/en\/wp-json\/wp\/v2\/media\/9502"}],"wp:attachment":[{"href":"https:\/\/spectrebaltics.com\/en\/wp-json\/wp\/v2\/media?parent=9506"}],"wp:term":[{"taxonomy":"product_cat","embeddable":true,"href":"https:\/\/spectrebaltics.com\/en\/wp-json\/wp\/v2\/product_cat?post=9506"},{"taxonomy":"product_tag","embeddable":true,"href":"https:\/\/spectrebaltics.com\/en\/wp-json\/wp\/v2\/product_tag?post=9506"}],"curies":[{"name":"wp","href":"https:\/\/api.w.org\/{rel}","templated":true}]}}