{"id":9534,"date":"2024-06-07T11:24:58","date_gmt":"2024-06-07T11:24:58","guid":{"rendered":"https:\/\/spectrebaltics.com\/?post_type=product&#038;p=9534"},"modified":"2024-06-07T11:24:58","modified_gmt":"2024-06-07T11:24:58","slug":"tyrolit-lihvhari-52dw-12x20-s6-x-60-e0-3-inox-premium","status":"publish","type":"product","link":"https:\/\/spectrebaltics.com\/en\/toode\/tyrolit-lihvhari-52dw-12x20-s6-x-60-e0-3-inox-premium\/","title":{"rendered":"Tyrolit Lihvhari 52DW*** 12&#215;20-S6 x 60 E0.3 INOX Premium***"},"content":{"rendered":"<p>Pintsliharjad sobivad ideaalselt eriti raskesti ligip\u00e4\u00e4setavatele.<\/p>\n<p>Seda t\u00f6\u00f6riista saab kasutada nii sirgel veskil nagu puur.<\/p>\n<p>P\u00f5imitud harjaharjased sobivad karestamise, j\u00e4me eemaldamise, rooste eemaldamise, matistamise ja puhastamise jaoks.<\/p>\n<p>Neid pintsleid iseloomustab nende suur paindlikkus. Pintsel avaneb<br \/>\ntekkiva tsentrifugaalj\u00f5u toimel.<\/p>\n<p>Sobib eriti h\u00e4sti ka torude sisemuse puhastamiseks.<\/p>\n<p>Kortsutatud traadiga pintslid sobivad karestamiseks, j\u00e4me eemaldamiseks, rooste eemaldamiseks, matistamiseks ja puhastamiseks.<\/p>\n<p>Murde ja rooste, aga ka kummi ja muu eemaldamiseks<br \/>\nsaastumine ligip\u00e4\u00e4smatutes kohtades.<\/p>\n","protected":false},"excerpt":{"rendered":"<p>Pintsliharjad sobivad ideaalselt eriti raskesti ligip\u00e4\u00e4setavatele. Seda t\u00f6\u00f6riista saab kasutada nii sirgel veskil nagu puur. P\u00f5imitud harjaharjased sobivad karestamise, j\u00e4me eemaldamise, rooste eemaldamise, matistamise ja puhastamise jaoks. Neid pintsleid iseloomustab nende suur paindlikkus. Pintsel avaneb tekkiva tsentrifugaalj\u00f5u toimel. Sobib eriti h\u00e4sti ka torude sisemuse puhastamiseks. Kortsutatud traadiga pintslid sobivad karestamiseks, j\u00e4me eemaldamiseks, rooste eemaldamiseks, matistamiseks&#8230;<\/p>\n","protected":false},"featured_media":9535,"template":"","meta":[],"product_cat":[89,94],"product_tag":[],"yoast_head":"<!-- This site is optimized with the Yoast SEO plugin v18.4.1 - https:\/\/yoast.com\/wordpress\/plugins\/seo\/ -->\n<title>Tyrolit Lihvhari 52DW*** 12x20-S6 x 60 E0.3 INOX Premium***<\/title>\n<meta name=\"robots\" content=\"index, follow, max-snippet:-1, max-image-preview:large, max-video-preview:-1\" \/>\n<link rel=\"canonical\" href=\"https:\/\/spectrebaltics.com\/toode\/tyrolit-lihvhari-52dw-12x20-s6-x-60-e0-3-inox-premium\/\" \/>\n<meta property=\"og:locale\" content=\"en_US\" \/>\n<meta property=\"og:type\" content=\"article\" \/>\n<meta property=\"og:title\" content=\"Tyrolit Lihvhari 52DW*** 12x20-S6 x 60 E0.3 INOX Premium***\" \/>\n<meta property=\"og:description\" content=\"Pintsliharjad sobivad ideaalselt eriti raskesti ligip\u00e4\u00e4setavatele. Seda t\u00f6\u00f6riista saab kasutada nii sirgel veskil nagu puur. P\u00f5imitud harjaharjased sobivad karestamise, j\u00e4me eemaldamise, rooste eemaldamise, matistamise ja puhastamise jaoks. Neid pintsleid iseloomustab nende suur paindlikkus. Pintsel avaneb tekkiva tsentrifugaalj\u00f5u toimel. Sobib eriti h\u00e4sti ka torude sisemuse puhastamiseks. Kortsutatud traadiga pintslid sobivad karestamiseks, j\u00e4me eemaldamiseks, rooste eemaldamiseks, matistamiseks...\" \/>\n<meta property=\"og:url\" content=\"https:\/\/spectrebaltics.com\/toode\/tyrolit-lihvhari-52dw-12x20-s6-x-60-e0-3-inox-premium\/\" \/>\n<meta property=\"og:site_name\" content=\"Spectrebaltics\" \/>\n<meta property=\"og:image\" content=\"https:\/\/spectrebaltics.com\/wp-content\/uploads\/2024\/06\/tyrolit_pinselbuersten_dxh-gexi_12x20-6x60_fuer_edelstahl_form_52pdw_-_pinselbuersten_aert._897357-1.jpg\" \/>\n\t<meta property=\"og:image:width\" content=\"1280\" \/>\n\t<meta property=\"og:image:height\" content=\"1280\" \/>\n\t<meta property=\"og:image:type\" content=\"image\/jpeg\" \/>\n<meta name=\"twitter:card\" content=\"summary_large_image\" \/>\n<script type=\"application\/ld+json\" class=\"yoast-schema-graph\">{\"@context\":\"https:\/\/schema.org\",\"@graph\":[{\"@type\":\"Organization\",\"@id\":\"https:\/\/spectrebaltics.com\/ru\/#organization\",\"name\":\"Spectrebaltics\",\"url\":\"https:\/\/spectrebaltics.com\/ru\/\",\"sameAs\":[],\"logo\":{\"@type\":\"ImageObject\",\"@id\":\"https:\/\/spectrebaltics.com\/ru\/#logo\",\"inLanguage\":\"en-US\",\"url\":\"https:\/\/spectrebaltics.com\/wp-content\/uploads\/2024\/03\/Spectrebaltics-logo.svg\",\"contentUrl\":\"https:\/\/spectrebaltics.com\/wp-content\/uploads\/2024\/03\/Spectrebaltics-logo.svg\",\"caption\":\"Spectrebaltics\"},\"image\":{\"@id\":\"https:\/\/spectrebaltics.com\/ru\/#logo\"}},{\"@type\":\"WebSite\",\"@id\":\"https:\/\/spectrebaltics.com\/ru\/#website\",\"url\":\"https:\/\/spectrebaltics.com\/ru\/\",\"name\":\"Spectrebaltics\",\"description\":\"\",\"publisher\":{\"@id\":\"https:\/\/spectrebaltics.com\/ru\/#organization\"},\"potentialAction\":[{\"@type\":\"SearchAction\",\"target\":{\"@type\":\"EntryPoint\",\"urlTemplate\":\"https:\/\/spectrebaltics.com\/ru\/?s={search_term_string}\"},\"query-input\":\"required name=search_term_string\"}],\"inLanguage\":\"en-US\"},{\"@type\":\"ImageObject\",\"@id\":\"https:\/\/spectrebaltics.com\/toode\/tyrolit-lihvhari-52dw-12x20-s6-x-60-e0-3-inox-premium\/#primaryimage\",\"inLanguage\":\"en-US\",\"url\":\"https:\/\/spectrebaltics.com\/wp-content\/uploads\/2024\/06\/tyrolit_pinselbuersten_dxh-gexi_12x20-6x60_fuer_edelstahl_form_52pdw_-_pinselbuersten_aert._897357-1.jpg\",\"contentUrl\":\"https:\/\/spectrebaltics.com\/wp-content\/uploads\/2024\/06\/tyrolit_pinselbuersten_dxh-gexi_12x20-6x60_fuer_edelstahl_form_52pdw_-_pinselbuersten_aert._897357-1.jpg\",\"width\":1280,\"height\":1280},{\"@type\":\"WebPage\",\"@id\":\"https:\/\/spectrebaltics.com\/toode\/tyrolit-lihvhari-52dw-12x20-s6-x-60-e0-3-inox-premium\/#webpage\",\"url\":\"https:\/\/spectrebaltics.com\/toode\/tyrolit-lihvhari-52dw-12x20-s6-x-60-e0-3-inox-premium\/\",\"name\":\"Tyrolit Lihvhari 52DW*** 12x20-S6 x 60 E0.3 INOX Premium***\",\"isPartOf\":{\"@id\":\"https:\/\/spectrebaltics.com\/ru\/#website\"},\"primaryImageOfPage\":{\"@id\":\"https:\/\/spectrebaltics.com\/toode\/tyrolit-lihvhari-52dw-12x20-s6-x-60-e0-3-inox-premium\/#primaryimage\"},\"datePublished\":\"2024-06-07T11:24:58+00:00\",\"dateModified\":\"2024-06-07T11:24:58+00:00\",\"breadcrumb\":{\"@id\":\"https:\/\/spectrebaltics.com\/toode\/tyrolit-lihvhari-52dw-12x20-s6-x-60-e0-3-inox-premium\/#breadcrumb\"},\"inLanguage\":\"en-US\",\"potentialAction\":[{\"@type\":\"ReadAction\",\"target\":[\"https:\/\/spectrebaltics.com\/toode\/tyrolit-lihvhari-52dw-12x20-s6-x-60-e0-3-inox-premium\/\"]}]},{\"@type\":\"BreadcrumbList\",\"@id\":\"https:\/\/spectrebaltics.com\/toode\/tyrolit-lihvhari-52dw-12x20-s6-x-60-e0-3-inox-premium\/#breadcrumb\",\"itemListElement\":[{\"@type\":\"ListItem\",\"position\":1,\"name\":\"Home\",\"item\":\"https:\/\/spectrebaltics.com\/en\/\"},{\"@type\":\"ListItem\",\"position\":2,\"name\":\"Catalogue\",\"item\":\"https:\/\/spectrebaltics.com\/en\/catalogue\/\"},{\"@type\":\"ListItem\",\"position\":3,\"name\":\"Tyrolit Lihvhari 52DW*** 12&#215;20-S6 x 60 E0.3 INOX Premium***\"}]}]}<\/script>\n<!-- \/ Yoast SEO plugin. -->","yoast_head_json":{"title":"Tyrolit Lihvhari 52DW*** 12x20-S6 x 60 E0.3 INOX Premium***","robots":{"index":"index","follow":"follow","max-snippet":"max-snippet:-1","max-image-preview":"max-image-preview:large","max-video-preview":"max-video-preview:-1"},"canonical":"https:\/\/spectrebaltics.com\/toode\/tyrolit-lihvhari-52dw-12x20-s6-x-60-e0-3-inox-premium\/","og_locale":"en_US","og_type":"article","og_title":"Tyrolit Lihvhari 52DW*** 12x20-S6 x 60 E0.3 INOX Premium***","og_description":"Pintsliharjad sobivad ideaalselt eriti raskesti ligip\u00e4\u00e4setavatele. Seda t\u00f6\u00f6riista saab kasutada nii sirgel veskil nagu puur. P\u00f5imitud harjaharjased sobivad karestamise, j\u00e4me eemaldamise, rooste eemaldamise, matistamise ja puhastamise jaoks. Neid pintsleid iseloomustab nende suur paindlikkus. Pintsel avaneb tekkiva tsentrifugaalj\u00f5u toimel. Sobib eriti h\u00e4sti ka torude sisemuse puhastamiseks. Kortsutatud traadiga pintslid sobivad karestamiseks, j\u00e4me eemaldamiseks, rooste eemaldamiseks, matistamiseks...","og_url":"https:\/\/spectrebaltics.com\/toode\/tyrolit-lihvhari-52dw-12x20-s6-x-60-e0-3-inox-premium\/","og_site_name":"Spectrebaltics","og_image":[{"width":1280,"height":1280,"url":"https:\/\/spectrebaltics.com\/wp-content\/uploads\/2024\/06\/tyrolit_pinselbuersten_dxh-gexi_12x20-6x60_fuer_edelstahl_form_52pdw_-_pinselbuersten_aert._897357-1.jpg","type":"image\/jpeg"}],"twitter_card":"summary_large_image","schema":{"@context":"https:\/\/schema.org","@graph":[{"@type":"Organization","@id":"https:\/\/spectrebaltics.com\/ru\/#organization","name":"Spectrebaltics","url":"https:\/\/spectrebaltics.com\/ru\/","sameAs":[],"logo":{"@type":"ImageObject","@id":"https:\/\/spectrebaltics.com\/ru\/#logo","inLanguage":"en-US","url":"https:\/\/spectrebaltics.com\/wp-content\/uploads\/2024\/03\/Spectrebaltics-logo.svg","contentUrl":"https:\/\/spectrebaltics.com\/wp-content\/uploads\/2024\/03\/Spectrebaltics-logo.svg","caption":"Spectrebaltics"},"image":{"@id":"https:\/\/spectrebaltics.com\/ru\/#logo"}},{"@type":"WebSite","@id":"https:\/\/spectrebaltics.com\/ru\/#website","url":"https:\/\/spectrebaltics.com\/ru\/","name":"Spectrebaltics","description":"","publisher":{"@id":"https:\/\/spectrebaltics.com\/ru\/#organization"},"potentialAction":[{"@type":"SearchAction","target":{"@type":"EntryPoint","urlTemplate":"https:\/\/spectrebaltics.com\/ru\/?s={search_term_string}"},"query-input":"required name=search_term_string"}],"inLanguage":"en-US"},{"@type":"ImageObject","@id":"https:\/\/spectrebaltics.com\/toode\/tyrolit-lihvhari-52dw-12x20-s6-x-60-e0-3-inox-premium\/#primaryimage","inLanguage":"en-US","url":"https:\/\/spectrebaltics.com\/wp-content\/uploads\/2024\/06\/tyrolit_pinselbuersten_dxh-gexi_12x20-6x60_fuer_edelstahl_form_52pdw_-_pinselbuersten_aert._897357-1.jpg","contentUrl":"https:\/\/spectrebaltics.com\/wp-content\/uploads\/2024\/06\/tyrolit_pinselbuersten_dxh-gexi_12x20-6x60_fuer_edelstahl_form_52pdw_-_pinselbuersten_aert._897357-1.jpg","width":1280,"height":1280},{"@type":"WebPage","@id":"https:\/\/spectrebaltics.com\/toode\/tyrolit-lihvhari-52dw-12x20-s6-x-60-e0-3-inox-premium\/#webpage","url":"https:\/\/spectrebaltics.com\/toode\/tyrolit-lihvhari-52dw-12x20-s6-x-60-e0-3-inox-premium\/","name":"Tyrolit Lihvhari 52DW*** 12x20-S6 x 60 E0.3 INOX Premium***","isPartOf":{"@id":"https:\/\/spectrebaltics.com\/ru\/#website"},"primaryImageOfPage":{"@id":"https:\/\/spectrebaltics.com\/toode\/tyrolit-lihvhari-52dw-12x20-s6-x-60-e0-3-inox-premium\/#primaryimage"},"datePublished":"2024-06-07T11:24:58+00:00","dateModified":"2024-06-07T11:24:58+00:00","breadcrumb":{"@id":"https:\/\/spectrebaltics.com\/toode\/tyrolit-lihvhari-52dw-12x20-s6-x-60-e0-3-inox-premium\/#breadcrumb"},"inLanguage":"en-US","potentialAction":[{"@type":"ReadAction","target":["https:\/\/spectrebaltics.com\/toode\/tyrolit-lihvhari-52dw-12x20-s6-x-60-e0-3-inox-premium\/"]}]},{"@type":"BreadcrumbList","@id":"https:\/\/spectrebaltics.com\/toode\/tyrolit-lihvhari-52dw-12x20-s6-x-60-e0-3-inox-premium\/#breadcrumb","itemListElement":[{"@type":"ListItem","position":1,"name":"Home","item":"https:\/\/spectrebaltics.com\/en\/"},{"@type":"ListItem","position":2,"name":"Catalogue","item":"https:\/\/spectrebaltics.com\/en\/catalogue\/"},{"@type":"ListItem","position":3,"name":"Tyrolit Lihvhari 52DW*** 12&#215;20-S6 x 60 E0.3 INOX Premium***"}]}]}},"_links":{"self":[{"href":"https:\/\/spectrebaltics.com\/en\/wp-json\/wp\/v2\/product\/9534"}],"collection":[{"href":"https:\/\/spectrebaltics.com\/en\/wp-json\/wp\/v2\/product"}],"about":[{"href":"https:\/\/spectrebaltics.com\/en\/wp-json\/wp\/v2\/types\/product"}],"wp:featuredmedia":[{"embeddable":true,"href":"https:\/\/spectrebaltics.com\/en\/wp-json\/wp\/v2\/media\/9535"}],"wp:attachment":[{"href":"https:\/\/spectrebaltics.com\/en\/wp-json\/wp\/v2\/media?parent=9534"}],"wp:term":[{"taxonomy":"product_cat","embeddable":true,"href":"https:\/\/spectrebaltics.com\/en\/wp-json\/wp\/v2\/product_cat?post=9534"},{"taxonomy":"product_tag","embeddable":true,"href":"https:\/\/spectrebaltics.com\/en\/wp-json\/wp\/v2\/product_tag?post=9534"}],"curies":[{"name":"wp","href":"https:\/\/api.w.org\/{rel}","templated":true}]}}