{"id":9549,"date":"2024-06-07T12:31:34","date_gmt":"2024-06-07T12:31:34","guid":{"rendered":"https:\/\/spectrebaltics.com\/?post_type=product&#038;p=9549"},"modified":"2024-06-07T12:54:01","modified_gmt":"2024-06-07T12:54:01","slug":"gaas-berzomatic-mapp-pro-400g","status":"publish","type":"product","link":"https:\/\/spectrebaltics.com\/en\/toode\/gaas-berzomatic-mapp-pro-400g\/","title":{"rendered":"Gaas BERZOMATIC MAPP\/PRO, 400g"},"content":{"rendered":"<p>Bernzomatic\u00ae 14,1 untsi MAP-Pro\u00ae k\u00e4sip\u00f5leti silinder v\u00f5imaldab teil t\u00e4ita \u00fclesandeid kiiremini ja t\u00f5husamalt, kasutades tavalisest propaanist k\u00f5rgemat p\u00f5lemistemperatuuri. MAP-Pro on esmaklassiline k\u00fctus, mis sobib mitmesugusteks t\u00f6\u00f6objektideks, sealhulgas suurte vasktorude jootmiseks, k\u00f5vajoodisega jootmiseks ja kuumt\u00f6\u00f6tlemiseks. Vastupidav terassilinder on \u00f5huke ja kerge, et seda oleks lihtne haarata ja man\u00f6\u00f6verdada. See toode \u00fchildub meie digitaalse k\u00fctusem\u00f5\u00f5dikuga, mis v\u00f5imaldab h\u00f5lpsalt m\u00f5\u00f5ta, kui palju k\u00fctust on silindris alles.<\/p>\n","protected":false},"excerpt":{"rendered":"<p>Bernzomatic\u00ae 14,1 untsi MAP-Pro\u00ae k\u00e4sip\u00f5leti silinder v\u00f5imaldab teil t\u00e4ita \u00fclesandeid kiiremini ja t\u00f5husamalt, kasutades tavalisest propaanist k\u00f5rgemat p\u00f5lemistemperatuuri. MAP-Pro on esmaklassiline k\u00fctus, mis sobib mitmesugusteks t\u00f6\u00f6objektideks, sealhulgas suurte vasktorude jootmiseks, k\u00f5vajoodisega jootmiseks ja kuumt\u00f6\u00f6tlemiseks. Vastupidav terassilinder on \u00f5huke ja kerge, et seda oleks lihtne haarata ja man\u00f6\u00f6verdada. See toode \u00fchildub meie digitaalse k\u00fctusem\u00f5\u00f5dikuga, mis v\u00f5imaldab&#8230;<\/p>\n","protected":false},"featured_media":9550,"template":"","meta":[],"product_cat":[98,102],"product_tag":[],"yoast_head":"<!-- This site is optimized with the Yoast SEO plugin v18.4.1 - https:\/\/yoast.com\/wordpress\/plugins\/seo\/ -->\n<title>Gaas BERZOMATIC MAPP\/PRO, 400g<\/title>\n<meta name=\"robots\" content=\"index, follow, max-snippet:-1, max-image-preview:large, max-video-preview:-1\" \/>\n<link rel=\"canonical\" href=\"https:\/\/spectrebaltics.com\/toode\/gaas-berzomatic-mapp-pro-400g\/\" \/>\n<meta property=\"og:locale\" content=\"en_US\" \/>\n<meta property=\"og:type\" content=\"article\" \/>\n<meta property=\"og:title\" content=\"Gaas BERZOMATIC MAPP\/PRO, 400g\" \/>\n<meta property=\"og:description\" content=\"Bernzomatic\u00ae 14,1 untsi MAP-Pro\u00ae k\u00e4sip\u00f5leti silinder v\u00f5imaldab teil t\u00e4ita \u00fclesandeid kiiremini ja t\u00f5husamalt, kasutades tavalisest propaanist k\u00f5rgemat p\u00f5lemistemperatuuri. MAP-Pro on esmaklassiline k\u00fctus, mis sobib mitmesugusteks t\u00f6\u00f6objektideks, sealhulgas suurte vasktorude jootmiseks, k\u00f5vajoodisega jootmiseks ja kuumt\u00f6\u00f6tlemiseks. Vastupidav terassilinder on \u00f5huke ja kerge, et seda oleks lihtne haarata ja man\u00f6\u00f6verdada. See toode \u00fchildub meie digitaalse k\u00fctusem\u00f5\u00f5dikuga, mis v\u00f5imaldab...\" \/>\n<meta property=\"og:url\" content=\"https:\/\/spectrebaltics.com\/toode\/gaas-berzomatic-mapp-pro-400g\/\" \/>\n<meta property=\"og:site_name\" content=\"Spectrebaltics\" \/>\n<meta property=\"article:modified_time\" content=\"2024-06-07T12:54:01+00:00\" \/>\n<meta property=\"og:image\" content=\"https:\/\/spectrebaltics.com\/wp-content\/uploads\/2024\/06\/1811120.jpg\" \/>\n\t<meta property=\"og:image:width\" content=\"1600\" \/>\n\t<meta property=\"og:image:height\" content=\"1600\" \/>\n\t<meta property=\"og:image:type\" content=\"image\/jpeg\" \/>\n<meta name=\"twitter:card\" content=\"summary_large_image\" \/>\n<script type=\"application\/ld+json\" class=\"yoast-schema-graph\">{\"@context\":\"https:\/\/schema.org\",\"@graph\":[{\"@type\":\"Organization\",\"@id\":\"https:\/\/spectrebaltics.com\/ru\/#organization\",\"name\":\"Spectrebaltics\",\"url\":\"https:\/\/spectrebaltics.com\/ru\/\",\"sameAs\":[],\"logo\":{\"@type\":\"ImageObject\",\"@id\":\"https:\/\/spectrebaltics.com\/ru\/#logo\",\"inLanguage\":\"en-US\",\"url\":\"https:\/\/spectrebaltics.com\/wp-content\/uploads\/2024\/03\/Spectrebaltics-logo.svg\",\"contentUrl\":\"https:\/\/spectrebaltics.com\/wp-content\/uploads\/2024\/03\/Spectrebaltics-logo.svg\",\"caption\":\"Spectrebaltics\"},\"image\":{\"@id\":\"https:\/\/spectrebaltics.com\/ru\/#logo\"}},{\"@type\":\"WebSite\",\"@id\":\"https:\/\/spectrebaltics.com\/ru\/#website\",\"url\":\"https:\/\/spectrebaltics.com\/ru\/\",\"name\":\"Spectrebaltics\",\"description\":\"\",\"publisher\":{\"@id\":\"https:\/\/spectrebaltics.com\/ru\/#organization\"},\"potentialAction\":[{\"@type\":\"SearchAction\",\"target\":{\"@type\":\"EntryPoint\",\"urlTemplate\":\"https:\/\/spectrebaltics.com\/ru\/?s={search_term_string}\"},\"query-input\":\"required name=search_term_string\"}],\"inLanguage\":\"en-US\"},{\"@type\":\"ImageObject\",\"@id\":\"https:\/\/spectrebaltics.com\/toode\/gaas-berzomatic-mapp-pro-400g\/#primaryimage\",\"inLanguage\":\"en-US\",\"url\":\"https:\/\/spectrebaltics.com\/wp-content\/uploads\/2024\/06\/1811120.jpg\",\"contentUrl\":\"https:\/\/spectrebaltics.com\/wp-content\/uploads\/2024\/06\/1811120.jpg\",\"width\":1600,\"height\":1600},{\"@type\":\"WebPage\",\"@id\":\"https:\/\/spectrebaltics.com\/toode\/gaas-berzomatic-mapp-pro-400g\/#webpage\",\"url\":\"https:\/\/spectrebaltics.com\/toode\/gaas-berzomatic-mapp-pro-400g\/\",\"name\":\"Gaas BERZOMATIC MAPP\/PRO, 400g\",\"isPartOf\":{\"@id\":\"https:\/\/spectrebaltics.com\/ru\/#website\"},\"primaryImageOfPage\":{\"@id\":\"https:\/\/spectrebaltics.com\/toode\/gaas-berzomatic-mapp-pro-400g\/#primaryimage\"},\"datePublished\":\"2024-06-07T12:31:34+00:00\",\"dateModified\":\"2024-06-07T12:54:01+00:00\",\"breadcrumb\":{\"@id\":\"https:\/\/spectrebaltics.com\/toode\/gaas-berzomatic-mapp-pro-400g\/#breadcrumb\"},\"inLanguage\":\"en-US\",\"potentialAction\":[{\"@type\":\"ReadAction\",\"target\":[\"https:\/\/spectrebaltics.com\/toode\/gaas-berzomatic-mapp-pro-400g\/\"]}]},{\"@type\":\"BreadcrumbList\",\"@id\":\"https:\/\/spectrebaltics.com\/toode\/gaas-berzomatic-mapp-pro-400g\/#breadcrumb\",\"itemListElement\":[{\"@type\":\"ListItem\",\"position\":1,\"name\":\"Home\",\"item\":\"https:\/\/spectrebaltics.com\/en\/\"},{\"@type\":\"ListItem\",\"position\":2,\"name\":\"Catalogue\",\"item\":\"https:\/\/spectrebaltics.com\/en\/catalogue\/\"},{\"@type\":\"ListItem\",\"position\":3,\"name\":\"Gaas BERZOMATIC MAPP\/PRO, 400g\"}]}]}<\/script>\n<!-- \/ Yoast SEO plugin. -->","yoast_head_json":{"title":"Gaas BERZOMATIC MAPP\/PRO, 400g","robots":{"index":"index","follow":"follow","max-snippet":"max-snippet:-1","max-image-preview":"max-image-preview:large","max-video-preview":"max-video-preview:-1"},"canonical":"https:\/\/spectrebaltics.com\/toode\/gaas-berzomatic-mapp-pro-400g\/","og_locale":"en_US","og_type":"article","og_title":"Gaas BERZOMATIC MAPP\/PRO, 400g","og_description":"Bernzomatic\u00ae 14,1 untsi MAP-Pro\u00ae k\u00e4sip\u00f5leti silinder v\u00f5imaldab teil t\u00e4ita \u00fclesandeid kiiremini ja t\u00f5husamalt, kasutades tavalisest propaanist k\u00f5rgemat p\u00f5lemistemperatuuri. MAP-Pro on esmaklassiline k\u00fctus, mis sobib mitmesugusteks t\u00f6\u00f6objektideks, sealhulgas suurte vasktorude jootmiseks, k\u00f5vajoodisega jootmiseks ja kuumt\u00f6\u00f6tlemiseks. Vastupidav terassilinder on \u00f5huke ja kerge, et seda oleks lihtne haarata ja man\u00f6\u00f6verdada. See toode \u00fchildub meie digitaalse k\u00fctusem\u00f5\u00f5dikuga, mis v\u00f5imaldab...","og_url":"https:\/\/spectrebaltics.com\/toode\/gaas-berzomatic-mapp-pro-400g\/","og_site_name":"Spectrebaltics","article_modified_time":"2024-06-07T12:54:01+00:00","og_image":[{"width":1600,"height":1600,"url":"https:\/\/spectrebaltics.com\/wp-content\/uploads\/2024\/06\/1811120.jpg","type":"image\/jpeg"}],"twitter_card":"summary_large_image","schema":{"@context":"https:\/\/schema.org","@graph":[{"@type":"Organization","@id":"https:\/\/spectrebaltics.com\/ru\/#organization","name":"Spectrebaltics","url":"https:\/\/spectrebaltics.com\/ru\/","sameAs":[],"logo":{"@type":"ImageObject","@id":"https:\/\/spectrebaltics.com\/ru\/#logo","inLanguage":"en-US","url":"https:\/\/spectrebaltics.com\/wp-content\/uploads\/2024\/03\/Spectrebaltics-logo.svg","contentUrl":"https:\/\/spectrebaltics.com\/wp-content\/uploads\/2024\/03\/Spectrebaltics-logo.svg","caption":"Spectrebaltics"},"image":{"@id":"https:\/\/spectrebaltics.com\/ru\/#logo"}},{"@type":"WebSite","@id":"https:\/\/spectrebaltics.com\/ru\/#website","url":"https:\/\/spectrebaltics.com\/ru\/","name":"Spectrebaltics","description":"","publisher":{"@id":"https:\/\/spectrebaltics.com\/ru\/#organization"},"potentialAction":[{"@type":"SearchAction","target":{"@type":"EntryPoint","urlTemplate":"https:\/\/spectrebaltics.com\/ru\/?s={search_term_string}"},"query-input":"required name=search_term_string"}],"inLanguage":"en-US"},{"@type":"ImageObject","@id":"https:\/\/spectrebaltics.com\/toode\/gaas-berzomatic-mapp-pro-400g\/#primaryimage","inLanguage":"en-US","url":"https:\/\/spectrebaltics.com\/wp-content\/uploads\/2024\/06\/1811120.jpg","contentUrl":"https:\/\/spectrebaltics.com\/wp-content\/uploads\/2024\/06\/1811120.jpg","width":1600,"height":1600},{"@type":"WebPage","@id":"https:\/\/spectrebaltics.com\/toode\/gaas-berzomatic-mapp-pro-400g\/#webpage","url":"https:\/\/spectrebaltics.com\/toode\/gaas-berzomatic-mapp-pro-400g\/","name":"Gaas BERZOMATIC MAPP\/PRO, 400g","isPartOf":{"@id":"https:\/\/spectrebaltics.com\/ru\/#website"},"primaryImageOfPage":{"@id":"https:\/\/spectrebaltics.com\/toode\/gaas-berzomatic-mapp-pro-400g\/#primaryimage"},"datePublished":"2024-06-07T12:31:34+00:00","dateModified":"2024-06-07T12:54:01+00:00","breadcrumb":{"@id":"https:\/\/spectrebaltics.com\/toode\/gaas-berzomatic-mapp-pro-400g\/#breadcrumb"},"inLanguage":"en-US","potentialAction":[{"@type":"ReadAction","target":["https:\/\/spectrebaltics.com\/toode\/gaas-berzomatic-mapp-pro-400g\/"]}]},{"@type":"BreadcrumbList","@id":"https:\/\/spectrebaltics.com\/toode\/gaas-berzomatic-mapp-pro-400g\/#breadcrumb","itemListElement":[{"@type":"ListItem","position":1,"name":"Home","item":"https:\/\/spectrebaltics.com\/en\/"},{"@type":"ListItem","position":2,"name":"Catalogue","item":"https:\/\/spectrebaltics.com\/en\/catalogue\/"},{"@type":"ListItem","position":3,"name":"Gaas BERZOMATIC MAPP\/PRO, 400g"}]}]}},"_links":{"self":[{"href":"https:\/\/spectrebaltics.com\/en\/wp-json\/wp\/v2\/product\/9549"}],"collection":[{"href":"https:\/\/spectrebaltics.com\/en\/wp-json\/wp\/v2\/product"}],"about":[{"href":"https:\/\/spectrebaltics.com\/en\/wp-json\/wp\/v2\/types\/product"}],"wp:featuredmedia":[{"embeddable":true,"href":"https:\/\/spectrebaltics.com\/en\/wp-json\/wp\/v2\/media\/9550"}],"wp:attachment":[{"href":"https:\/\/spectrebaltics.com\/en\/wp-json\/wp\/v2\/media?parent=9549"}],"wp:term":[{"taxonomy":"product_cat","embeddable":true,"href":"https:\/\/spectrebaltics.com\/en\/wp-json\/wp\/v2\/product_cat?post=9549"},{"taxonomy":"product_tag","embeddable":true,"href":"https:\/\/spectrebaltics.com\/en\/wp-json\/wp\/v2\/product_tag?post=9549"}],"curies":[{"name":"wp","href":"https:\/\/api.w.org\/{rel}","templated":true}]}}