{"id":9559,"date":"2024-06-10T08:02:37","date_gmt":"2024-06-10T08:02:37","guid":{"rendered":"https:\/\/spectrebaltics.com\/?post_type=product&#038;p=9559"},"modified":"2024-06-10T08:02:37","modified_gmt":"2024-06-10T08:02:37","slug":"gaasi-loikaja-garant-500-mm-acetyl","status":"publish","type":"product","link":"https:\/\/spectrebaltics.com\/en\/toode\/gaasi-loikaja-garant-500-mm-acetyl\/","title":{"rendered":"Gaasi l\u00f5ikaja &#8220;GARANT&#8221; (500 mm) acetyl"},"content":{"rendered":"<p>Suure v\u00f5imsusega gaasil\u00f5ikep\u00f5leti kuni 300mm paksusega s\u00fcsinikterase atset\u00fcleeni v\u00f5i propaaniga l\u00f5ikamiseks. D\u00fc\u00fcs valige vastavalt kasutatavale gaasile.<br \/>\nVastab EN ISO 5172 n\u00f5uetele.<\/p>\n<ul>\n<li>Sisendkeere 3\/8\u201d;<\/li>\n<li>roostevaba terasest l\u00f5ikehapniku kangventiil;<\/li>\n<li>2 roostevaba terasest n\u00f5elklappi on vastupidavad ja tagavad leegi t\u00e4pse reguleerimise;<\/li>\n<li>messingist v\u00f5i alumiiniumist k\u00e4epide;<\/li>\n<li>gaasi segamine l\u00f5iked\u00fc\u00fcsis;<\/li>\n<li>pea vastavalt mudelile kas 90\u00b0, 75\u00b0 v\u00f5i 180\u00b0 nurga all.<\/li>\n<\/ul>\n","protected":false},"excerpt":{"rendered":"<p>Suure v\u00f5imsusega gaasil\u00f5ikep\u00f5leti kuni 300mm paksusega s\u00fcsinikterase atset\u00fcleeni v\u00f5i propaaniga l\u00f5ikamiseks. D\u00fc\u00fcs valige vastavalt kasutatavale gaasile. Vastab EN ISO 5172 n\u00f5uetele. Sisendkeere 3\/8\u201d; roostevaba terasest l\u00f5ikehapniku kangventiil; 2 roostevaba terasest n\u00f5elklappi on vastupidavad ja tagavad leegi t\u00e4pse reguleerimise; messingist v\u00f5i alumiiniumist k\u00e4epide; gaasi segamine l\u00f5iked\u00fc\u00fcsis; pea vastavalt mudelile kas 90\u00b0, 75\u00b0 v\u00f5i 180\u00b0 nurga all.<\/p>\n","protected":false},"featured_media":9560,"template":"","meta":[],"product_cat":[98,100],"product_tag":[],"yoast_head":"<!-- This site is optimized with the Yoast SEO plugin v18.4.1 - https:\/\/yoast.com\/wordpress\/plugins\/seo\/ -->\n<title>Gaasi l\u00f5ikaja &quot;GARANT&quot; (500 mm) acetyl<\/title>\n<meta name=\"robots\" content=\"index, follow, max-snippet:-1, max-image-preview:large, max-video-preview:-1\" \/>\n<link rel=\"canonical\" href=\"https:\/\/spectrebaltics.com\/toode\/gaasi-loikaja-garant-500-mm-acetyl\/\" \/>\n<meta property=\"og:locale\" content=\"en_US\" \/>\n<meta property=\"og:type\" content=\"article\" \/>\n<meta property=\"og:title\" content=\"Gaasi l\u00f5ikaja &quot;GARANT&quot; (500 mm) acetyl\" \/>\n<meta property=\"og:description\" content=\"Suure v\u00f5imsusega gaasil\u00f5ikep\u00f5leti kuni 300mm paksusega s\u00fcsinikterase atset\u00fcleeni v\u00f5i propaaniga l\u00f5ikamiseks. D\u00fc\u00fcs valige vastavalt kasutatavale gaasile. Vastab EN ISO 5172 n\u00f5uetele. Sisendkeere 3\/8\u201d; roostevaba terasest l\u00f5ikehapniku kangventiil; 2 roostevaba terasest n\u00f5elklappi on vastupidavad ja tagavad leegi t\u00e4pse reguleerimise; messingist v\u00f5i alumiiniumist k\u00e4epide; gaasi segamine l\u00f5iked\u00fc\u00fcsis; pea vastavalt mudelile kas 90\u00b0, 75\u00b0 v\u00f5i 180\u00b0 nurga all.\" \/>\n<meta property=\"og:url\" content=\"https:\/\/spectrebaltics.com\/toode\/gaasi-loikaja-garant-500-mm-acetyl\/\" \/>\n<meta property=\"og:site_name\" content=\"Spectrebaltics\" \/>\n<meta property=\"og:image\" content=\"https:\/\/spectrebaltics.com\/wp-content\/uploads\/2024\/06\/4110g4701_1.jpg\" \/>\n\t<meta property=\"og:image:width\" content=\"400\" \/>\n\t<meta property=\"og:image:height\" content=\"400\" \/>\n\t<meta property=\"og:image:type\" content=\"image\/jpeg\" \/>\n<meta name=\"twitter:card\" content=\"summary_large_image\" \/>\n<script type=\"application\/ld+json\" class=\"yoast-schema-graph\">{\"@context\":\"https:\/\/schema.org\",\"@graph\":[{\"@type\":\"Organization\",\"@id\":\"https:\/\/spectrebaltics.com\/ru\/#organization\",\"name\":\"Spectrebaltics\",\"url\":\"https:\/\/spectrebaltics.com\/ru\/\",\"sameAs\":[],\"logo\":{\"@type\":\"ImageObject\",\"@id\":\"https:\/\/spectrebaltics.com\/ru\/#logo\",\"inLanguage\":\"en-US\",\"url\":\"https:\/\/spectrebaltics.com\/wp-content\/uploads\/2024\/03\/Spectrebaltics-logo.svg\",\"contentUrl\":\"https:\/\/spectrebaltics.com\/wp-content\/uploads\/2024\/03\/Spectrebaltics-logo.svg\",\"caption\":\"Spectrebaltics\"},\"image\":{\"@id\":\"https:\/\/spectrebaltics.com\/ru\/#logo\"}},{\"@type\":\"WebSite\",\"@id\":\"https:\/\/spectrebaltics.com\/ru\/#website\",\"url\":\"https:\/\/spectrebaltics.com\/ru\/\",\"name\":\"Spectrebaltics\",\"description\":\"\",\"publisher\":{\"@id\":\"https:\/\/spectrebaltics.com\/ru\/#organization\"},\"potentialAction\":[{\"@type\":\"SearchAction\",\"target\":{\"@type\":\"EntryPoint\",\"urlTemplate\":\"https:\/\/spectrebaltics.com\/ru\/?s={search_term_string}\"},\"query-input\":\"required name=search_term_string\"}],\"inLanguage\":\"en-US\"},{\"@type\":\"ImageObject\",\"@id\":\"https:\/\/spectrebaltics.com\/toode\/gaasi-loikaja-garant-500-mm-acetyl\/#primaryimage\",\"inLanguage\":\"en-US\",\"url\":\"https:\/\/spectrebaltics.com\/wp-content\/uploads\/2024\/06\/4110g4701_1.jpg\",\"contentUrl\":\"https:\/\/spectrebaltics.com\/wp-content\/uploads\/2024\/06\/4110g4701_1.jpg\",\"width\":400,\"height\":400},{\"@type\":\"WebPage\",\"@id\":\"https:\/\/spectrebaltics.com\/toode\/gaasi-loikaja-garant-500-mm-acetyl\/#webpage\",\"url\":\"https:\/\/spectrebaltics.com\/toode\/gaasi-loikaja-garant-500-mm-acetyl\/\",\"name\":\"Gaasi l\u00f5ikaja \\\"GARANT\\\" (500 mm) acetyl\",\"isPartOf\":{\"@id\":\"https:\/\/spectrebaltics.com\/ru\/#website\"},\"primaryImageOfPage\":{\"@id\":\"https:\/\/spectrebaltics.com\/toode\/gaasi-loikaja-garant-500-mm-acetyl\/#primaryimage\"},\"datePublished\":\"2024-06-10T08:02:37+00:00\",\"dateModified\":\"2024-06-10T08:02:37+00:00\",\"breadcrumb\":{\"@id\":\"https:\/\/spectrebaltics.com\/toode\/gaasi-loikaja-garant-500-mm-acetyl\/#breadcrumb\"},\"inLanguage\":\"en-US\",\"potentialAction\":[{\"@type\":\"ReadAction\",\"target\":[\"https:\/\/spectrebaltics.com\/toode\/gaasi-loikaja-garant-500-mm-acetyl\/\"]}]},{\"@type\":\"BreadcrumbList\",\"@id\":\"https:\/\/spectrebaltics.com\/toode\/gaasi-loikaja-garant-500-mm-acetyl\/#breadcrumb\",\"itemListElement\":[{\"@type\":\"ListItem\",\"position\":1,\"name\":\"Home\",\"item\":\"https:\/\/spectrebaltics.com\/en\/\"},{\"@type\":\"ListItem\",\"position\":2,\"name\":\"Catalogue\",\"item\":\"https:\/\/spectrebaltics.com\/en\/catalogue\/\"},{\"@type\":\"ListItem\",\"position\":3,\"name\":\"Gaasi l\u00f5ikaja &#8220;GARANT&#8221; (500 mm) acetyl\"}]}]}<\/script>\n<!-- \/ Yoast SEO plugin. -->","yoast_head_json":{"title":"Gaasi l\u00f5ikaja \"GARANT\" (500 mm) acetyl","robots":{"index":"index","follow":"follow","max-snippet":"max-snippet:-1","max-image-preview":"max-image-preview:large","max-video-preview":"max-video-preview:-1"},"canonical":"https:\/\/spectrebaltics.com\/toode\/gaasi-loikaja-garant-500-mm-acetyl\/","og_locale":"en_US","og_type":"article","og_title":"Gaasi l\u00f5ikaja \"GARANT\" (500 mm) acetyl","og_description":"Suure v\u00f5imsusega gaasil\u00f5ikep\u00f5leti kuni 300mm paksusega s\u00fcsinikterase atset\u00fcleeni v\u00f5i propaaniga l\u00f5ikamiseks. D\u00fc\u00fcs valige vastavalt kasutatavale gaasile. Vastab EN ISO 5172 n\u00f5uetele. Sisendkeere 3\/8\u201d; roostevaba terasest l\u00f5ikehapniku kangventiil; 2 roostevaba terasest n\u00f5elklappi on vastupidavad ja tagavad leegi t\u00e4pse reguleerimise; messingist v\u00f5i alumiiniumist k\u00e4epide; gaasi segamine l\u00f5iked\u00fc\u00fcsis; pea vastavalt mudelile kas 90\u00b0, 75\u00b0 v\u00f5i 180\u00b0 nurga all.","og_url":"https:\/\/spectrebaltics.com\/toode\/gaasi-loikaja-garant-500-mm-acetyl\/","og_site_name":"Spectrebaltics","og_image":[{"width":400,"height":400,"url":"https:\/\/spectrebaltics.com\/wp-content\/uploads\/2024\/06\/4110g4701_1.jpg","type":"image\/jpeg"}],"twitter_card":"summary_large_image","schema":{"@context":"https:\/\/schema.org","@graph":[{"@type":"Organization","@id":"https:\/\/spectrebaltics.com\/ru\/#organization","name":"Spectrebaltics","url":"https:\/\/spectrebaltics.com\/ru\/","sameAs":[],"logo":{"@type":"ImageObject","@id":"https:\/\/spectrebaltics.com\/ru\/#logo","inLanguage":"en-US","url":"https:\/\/spectrebaltics.com\/wp-content\/uploads\/2024\/03\/Spectrebaltics-logo.svg","contentUrl":"https:\/\/spectrebaltics.com\/wp-content\/uploads\/2024\/03\/Spectrebaltics-logo.svg","caption":"Spectrebaltics"},"image":{"@id":"https:\/\/spectrebaltics.com\/ru\/#logo"}},{"@type":"WebSite","@id":"https:\/\/spectrebaltics.com\/ru\/#website","url":"https:\/\/spectrebaltics.com\/ru\/","name":"Spectrebaltics","description":"","publisher":{"@id":"https:\/\/spectrebaltics.com\/ru\/#organization"},"potentialAction":[{"@type":"SearchAction","target":{"@type":"EntryPoint","urlTemplate":"https:\/\/spectrebaltics.com\/ru\/?s={search_term_string}"},"query-input":"required name=search_term_string"}],"inLanguage":"en-US"},{"@type":"ImageObject","@id":"https:\/\/spectrebaltics.com\/toode\/gaasi-loikaja-garant-500-mm-acetyl\/#primaryimage","inLanguage":"en-US","url":"https:\/\/spectrebaltics.com\/wp-content\/uploads\/2024\/06\/4110g4701_1.jpg","contentUrl":"https:\/\/spectrebaltics.com\/wp-content\/uploads\/2024\/06\/4110g4701_1.jpg","width":400,"height":400},{"@type":"WebPage","@id":"https:\/\/spectrebaltics.com\/toode\/gaasi-loikaja-garant-500-mm-acetyl\/#webpage","url":"https:\/\/spectrebaltics.com\/toode\/gaasi-loikaja-garant-500-mm-acetyl\/","name":"Gaasi l\u00f5ikaja \"GARANT\" (500 mm) acetyl","isPartOf":{"@id":"https:\/\/spectrebaltics.com\/ru\/#website"},"primaryImageOfPage":{"@id":"https:\/\/spectrebaltics.com\/toode\/gaasi-loikaja-garant-500-mm-acetyl\/#primaryimage"},"datePublished":"2024-06-10T08:02:37+00:00","dateModified":"2024-06-10T08:02:37+00:00","breadcrumb":{"@id":"https:\/\/spectrebaltics.com\/toode\/gaasi-loikaja-garant-500-mm-acetyl\/#breadcrumb"},"inLanguage":"en-US","potentialAction":[{"@type":"ReadAction","target":["https:\/\/spectrebaltics.com\/toode\/gaasi-loikaja-garant-500-mm-acetyl\/"]}]},{"@type":"BreadcrumbList","@id":"https:\/\/spectrebaltics.com\/toode\/gaasi-loikaja-garant-500-mm-acetyl\/#breadcrumb","itemListElement":[{"@type":"ListItem","position":1,"name":"Home","item":"https:\/\/spectrebaltics.com\/en\/"},{"@type":"ListItem","position":2,"name":"Catalogue","item":"https:\/\/spectrebaltics.com\/en\/catalogue\/"},{"@type":"ListItem","position":3,"name":"Gaasi l\u00f5ikaja &#8220;GARANT&#8221; (500 mm) acetyl"}]}]}},"_links":{"self":[{"href":"https:\/\/spectrebaltics.com\/en\/wp-json\/wp\/v2\/product\/9559"}],"collection":[{"href":"https:\/\/spectrebaltics.com\/en\/wp-json\/wp\/v2\/product"}],"about":[{"href":"https:\/\/spectrebaltics.com\/en\/wp-json\/wp\/v2\/types\/product"}],"wp:featuredmedia":[{"embeddable":true,"href":"https:\/\/spectrebaltics.com\/en\/wp-json\/wp\/v2\/media\/9560"}],"wp:attachment":[{"href":"https:\/\/spectrebaltics.com\/en\/wp-json\/wp\/v2\/media?parent=9559"}],"wp:term":[{"taxonomy":"product_cat","embeddable":true,"href":"https:\/\/spectrebaltics.com\/en\/wp-json\/wp\/v2\/product_cat?post=9559"},{"taxonomy":"product_tag","embeddable":true,"href":"https:\/\/spectrebaltics.com\/en\/wp-json\/wp\/v2\/product_tag?post=9559"}],"curies":[{"name":"wp","href":"https:\/\/api.w.org\/{rel}","templated":true}]}}