{"id":9621,"date":"2024-06-10T09:35:52","date_gmt":"2024-06-10T09:35:52","guid":{"rendered":"https:\/\/spectrebaltics.com\/?post_type=product&#038;p=9621"},"modified":"2024-06-10T09:36:32","modified_gmt":"2024-06-10T09:36:32","slug":"harris-gaasi-loikaja-62-5afl533-21","status":"publish","type":"product","link":"https:\/\/spectrebaltics.com\/en\/toode\/harris-gaasi-loikaja-62-5afl533-21\/","title":{"rendered":"Harris Gaasi l\u00f5ikaja 62-5AFL533\/21"},"content":{"rendered":"<p>See k\u00e4sit\u00f5rvik on t\u00f6\u00f6stusstandard, mille alusel v\u00f5rreldakse k\u00f5iki teisi disainilahendusi. Selle omamine ja kasutamine on odavam ning ohutum kasutada. Injektormikser Harris 62 \u201cF\u201d suudab toota v\u00f5imalikult kuumimat leeki madalaima gaasir\u00f5hu juures, mist\u00f5ttu on see t\u00f6\u00f6stuses k\u00f5ige ohutum ja t\u00f5husam.<\/p>\n","protected":false},"excerpt":{"rendered":"<p>See k\u00e4sit\u00f5rvik on t\u00f6\u00f6stusstandard, mille alusel v\u00f5rreldakse k\u00f5iki teisi disainilahendusi. Selle omamine ja kasutamine on odavam ning ohutum kasutada. Injektormikser Harris 62 \u201cF\u201d suudab toota v\u00f5imalikult kuumimat leeki madalaima gaasir\u00f5hu juures, mist\u00f5ttu on see t\u00f6\u00f6stuses k\u00f5ige ohutum ja t\u00f5husam.<\/p>\n","protected":false},"featured_media":9625,"template":"","meta":[],"product_cat":[98,100],"product_tag":[],"yoast_head":"<!-- This site is optimized with the Yoast SEO plugin v18.4.1 - https:\/\/yoast.com\/wordpress\/plugins\/seo\/ -->\n<title>Harris Gaasi l\u00f5ikaja 62-5AFL533\/21<\/title>\n<meta name=\"robots\" content=\"index, follow, max-snippet:-1, max-image-preview:large, max-video-preview:-1\" \/>\n<link rel=\"canonical\" href=\"https:\/\/spectrebaltics.com\/toode\/harris-gaasi-loikaja-62-5afl533-21\/\" \/>\n<meta property=\"og:locale\" content=\"en_US\" \/>\n<meta property=\"og:type\" content=\"article\" \/>\n<meta property=\"og:title\" content=\"Harris Gaasi l\u00f5ikaja 62-5AFL533\/21\" \/>\n<meta property=\"og:description\" content=\"See k\u00e4sit\u00f5rvik on t\u00f6\u00f6stusstandard, mille alusel v\u00f5rreldakse k\u00f5iki teisi disainilahendusi. Selle omamine ja kasutamine on odavam ning ohutum kasutada. Injektormikser Harris 62 \u201cF\u201d suudab toota v\u00f5imalikult kuumimat leeki madalaima gaasir\u00f5hu juures, mist\u00f5ttu on see t\u00f6\u00f6stuses k\u00f5ige ohutum ja t\u00f5husam.\" \/>\n<meta property=\"og:url\" content=\"https:\/\/spectrebaltics.com\/toode\/harris-gaasi-loikaja-62-5afl533-21\/\" \/>\n<meta property=\"og:site_name\" content=\"Spectrebaltics\" \/>\n<meta property=\"article:modified_time\" content=\"2024-06-10T09:36:32+00:00\" \/>\n<meta property=\"og:image\" content=\"https:\/\/spectrebaltics.com\/wp-content\/uploads\/2024\/06\/friendly-url-autogeneration-failed.jpg\" \/>\n\t<meta property=\"og:image:width\" content=\"800\" \/>\n\t<meta property=\"og:image:height\" content=\"800\" \/>\n\t<meta property=\"og:image:type\" content=\"image\/jpeg\" \/>\n<meta name=\"twitter:card\" content=\"summary_large_image\" \/>\n<script type=\"application\/ld+json\" class=\"yoast-schema-graph\">{\"@context\":\"https:\/\/schema.org\",\"@graph\":[{\"@type\":\"Organization\",\"@id\":\"https:\/\/spectrebaltics.com\/ru\/#organization\",\"name\":\"Spectrebaltics\",\"url\":\"https:\/\/spectrebaltics.com\/ru\/\",\"sameAs\":[],\"logo\":{\"@type\":\"ImageObject\",\"@id\":\"https:\/\/spectrebaltics.com\/ru\/#logo\",\"inLanguage\":\"en-US\",\"url\":\"https:\/\/spectrebaltics.com\/wp-content\/uploads\/2024\/03\/Spectrebaltics-logo.svg\",\"contentUrl\":\"https:\/\/spectrebaltics.com\/wp-content\/uploads\/2024\/03\/Spectrebaltics-logo.svg\",\"caption\":\"Spectrebaltics\"},\"image\":{\"@id\":\"https:\/\/spectrebaltics.com\/ru\/#logo\"}},{\"@type\":\"WebSite\",\"@id\":\"https:\/\/spectrebaltics.com\/ru\/#website\",\"url\":\"https:\/\/spectrebaltics.com\/ru\/\",\"name\":\"Spectrebaltics\",\"description\":\"\",\"publisher\":{\"@id\":\"https:\/\/spectrebaltics.com\/ru\/#organization\"},\"potentialAction\":[{\"@type\":\"SearchAction\",\"target\":{\"@type\":\"EntryPoint\",\"urlTemplate\":\"https:\/\/spectrebaltics.com\/ru\/?s={search_term_string}\"},\"query-input\":\"required name=search_term_string\"}],\"inLanguage\":\"en-US\"},{\"@type\":\"ImageObject\",\"@id\":\"https:\/\/spectrebaltics.com\/toode\/harris-gaasi-loikaja-62-5afl533-21\/#primaryimage\",\"inLanguage\":\"en-US\",\"url\":\"https:\/\/spectrebaltics.com\/wp-content\/uploads\/2024\/06\/friendly-url-autogeneration-failed.jpg\",\"contentUrl\":\"https:\/\/spectrebaltics.com\/wp-content\/uploads\/2024\/06\/friendly-url-autogeneration-failed.jpg\",\"width\":800,\"height\":800},{\"@type\":\"WebPage\",\"@id\":\"https:\/\/spectrebaltics.com\/toode\/harris-gaasi-loikaja-62-5afl533-21\/#webpage\",\"url\":\"https:\/\/spectrebaltics.com\/toode\/harris-gaasi-loikaja-62-5afl533-21\/\",\"name\":\"Harris Gaasi l\u00f5ikaja 62-5AFL533\/21\",\"isPartOf\":{\"@id\":\"https:\/\/spectrebaltics.com\/ru\/#website\"},\"primaryImageOfPage\":{\"@id\":\"https:\/\/spectrebaltics.com\/toode\/harris-gaasi-loikaja-62-5afl533-21\/#primaryimage\"},\"datePublished\":\"2024-06-10T09:35:52+00:00\",\"dateModified\":\"2024-06-10T09:36:32+00:00\",\"breadcrumb\":{\"@id\":\"https:\/\/spectrebaltics.com\/toode\/harris-gaasi-loikaja-62-5afl533-21\/#breadcrumb\"},\"inLanguage\":\"en-US\",\"potentialAction\":[{\"@type\":\"ReadAction\",\"target\":[\"https:\/\/spectrebaltics.com\/toode\/harris-gaasi-loikaja-62-5afl533-21\/\"]}]},{\"@type\":\"BreadcrumbList\",\"@id\":\"https:\/\/spectrebaltics.com\/toode\/harris-gaasi-loikaja-62-5afl533-21\/#breadcrumb\",\"itemListElement\":[{\"@type\":\"ListItem\",\"position\":1,\"name\":\"Home\",\"item\":\"https:\/\/spectrebaltics.com\/en\/\"},{\"@type\":\"ListItem\",\"position\":2,\"name\":\"Catalogue\",\"item\":\"https:\/\/spectrebaltics.com\/en\/catalogue\/\"},{\"@type\":\"ListItem\",\"position\":3,\"name\":\"Harris Gaasi l\u00f5ikaja 62-5AFL533\/21\"}]}]}<\/script>\n<!-- \/ Yoast SEO plugin. -->","yoast_head_json":{"title":"Harris Gaasi l\u00f5ikaja 62-5AFL533\/21","robots":{"index":"index","follow":"follow","max-snippet":"max-snippet:-1","max-image-preview":"max-image-preview:large","max-video-preview":"max-video-preview:-1"},"canonical":"https:\/\/spectrebaltics.com\/toode\/harris-gaasi-loikaja-62-5afl533-21\/","og_locale":"en_US","og_type":"article","og_title":"Harris Gaasi l\u00f5ikaja 62-5AFL533\/21","og_description":"See k\u00e4sit\u00f5rvik on t\u00f6\u00f6stusstandard, mille alusel v\u00f5rreldakse k\u00f5iki teisi disainilahendusi. Selle omamine ja kasutamine on odavam ning ohutum kasutada. Injektormikser Harris 62 \u201cF\u201d suudab toota v\u00f5imalikult kuumimat leeki madalaima gaasir\u00f5hu juures, mist\u00f5ttu on see t\u00f6\u00f6stuses k\u00f5ige ohutum ja t\u00f5husam.","og_url":"https:\/\/spectrebaltics.com\/toode\/harris-gaasi-loikaja-62-5afl533-21\/","og_site_name":"Spectrebaltics","article_modified_time":"2024-06-10T09:36:32+00:00","og_image":[{"width":800,"height":800,"url":"https:\/\/spectrebaltics.com\/wp-content\/uploads\/2024\/06\/friendly-url-autogeneration-failed.jpg","type":"image\/jpeg"}],"twitter_card":"summary_large_image","schema":{"@context":"https:\/\/schema.org","@graph":[{"@type":"Organization","@id":"https:\/\/spectrebaltics.com\/ru\/#organization","name":"Spectrebaltics","url":"https:\/\/spectrebaltics.com\/ru\/","sameAs":[],"logo":{"@type":"ImageObject","@id":"https:\/\/spectrebaltics.com\/ru\/#logo","inLanguage":"en-US","url":"https:\/\/spectrebaltics.com\/wp-content\/uploads\/2024\/03\/Spectrebaltics-logo.svg","contentUrl":"https:\/\/spectrebaltics.com\/wp-content\/uploads\/2024\/03\/Spectrebaltics-logo.svg","caption":"Spectrebaltics"},"image":{"@id":"https:\/\/spectrebaltics.com\/ru\/#logo"}},{"@type":"WebSite","@id":"https:\/\/spectrebaltics.com\/ru\/#website","url":"https:\/\/spectrebaltics.com\/ru\/","name":"Spectrebaltics","description":"","publisher":{"@id":"https:\/\/spectrebaltics.com\/ru\/#organization"},"potentialAction":[{"@type":"SearchAction","target":{"@type":"EntryPoint","urlTemplate":"https:\/\/spectrebaltics.com\/ru\/?s={search_term_string}"},"query-input":"required name=search_term_string"}],"inLanguage":"en-US"},{"@type":"ImageObject","@id":"https:\/\/spectrebaltics.com\/toode\/harris-gaasi-loikaja-62-5afl533-21\/#primaryimage","inLanguage":"en-US","url":"https:\/\/spectrebaltics.com\/wp-content\/uploads\/2024\/06\/friendly-url-autogeneration-failed.jpg","contentUrl":"https:\/\/spectrebaltics.com\/wp-content\/uploads\/2024\/06\/friendly-url-autogeneration-failed.jpg","width":800,"height":800},{"@type":"WebPage","@id":"https:\/\/spectrebaltics.com\/toode\/harris-gaasi-loikaja-62-5afl533-21\/#webpage","url":"https:\/\/spectrebaltics.com\/toode\/harris-gaasi-loikaja-62-5afl533-21\/","name":"Harris Gaasi l\u00f5ikaja 62-5AFL533\/21","isPartOf":{"@id":"https:\/\/spectrebaltics.com\/ru\/#website"},"primaryImageOfPage":{"@id":"https:\/\/spectrebaltics.com\/toode\/harris-gaasi-loikaja-62-5afl533-21\/#primaryimage"},"datePublished":"2024-06-10T09:35:52+00:00","dateModified":"2024-06-10T09:36:32+00:00","breadcrumb":{"@id":"https:\/\/spectrebaltics.com\/toode\/harris-gaasi-loikaja-62-5afl533-21\/#breadcrumb"},"inLanguage":"en-US","potentialAction":[{"@type":"ReadAction","target":["https:\/\/spectrebaltics.com\/toode\/harris-gaasi-loikaja-62-5afl533-21\/"]}]},{"@type":"BreadcrumbList","@id":"https:\/\/spectrebaltics.com\/toode\/harris-gaasi-loikaja-62-5afl533-21\/#breadcrumb","itemListElement":[{"@type":"ListItem","position":1,"name":"Home","item":"https:\/\/spectrebaltics.com\/en\/"},{"@type":"ListItem","position":2,"name":"Catalogue","item":"https:\/\/spectrebaltics.com\/en\/catalogue\/"},{"@type":"ListItem","position":3,"name":"Harris Gaasi l\u00f5ikaja 62-5AFL533\/21"}]}]}},"_links":{"self":[{"href":"https:\/\/spectrebaltics.com\/en\/wp-json\/wp\/v2\/product\/9621"}],"collection":[{"href":"https:\/\/spectrebaltics.com\/en\/wp-json\/wp\/v2\/product"}],"about":[{"href":"https:\/\/spectrebaltics.com\/en\/wp-json\/wp\/v2\/types\/product"}],"wp:featuredmedia":[{"embeddable":true,"href":"https:\/\/spectrebaltics.com\/en\/wp-json\/wp\/v2\/media\/9625"}],"wp:attachment":[{"href":"https:\/\/spectrebaltics.com\/en\/wp-json\/wp\/v2\/media?parent=9621"}],"wp:term":[{"taxonomy":"product_cat","embeddable":true,"href":"https:\/\/spectrebaltics.com\/en\/wp-json\/wp\/v2\/product_cat?post=9621"},{"taxonomy":"product_tag","embeddable":true,"href":"https:\/\/spectrebaltics.com\/en\/wp-json\/wp\/v2\/product_tag?post=9621"}],"curies":[{"name":"wp","href":"https:\/\/api.w.org\/{rel}","templated":true}]}}