{"id":9752,"date":"2024-06-10T13:11:55","date_gmt":"2024-06-10T13:11:55","guid":{"rendered":"https:\/\/spectrebaltics.com\/?post_type=product&#038;p=9752"},"modified":"2024-06-11T07:12:04","modified_gmt":"2024-06-11T07:12:04","slug":"jobi-moodulint-3m-x-19mm","status":"publish","type":"product","link":"https:\/\/spectrebaltics.com\/en\/toode\/jobi-moodulint-3m-x-19mm\/","title":{"rendered":"Jobi M\u00f5\u00f5dulint 3m x 19mm"},"content":{"rendered":"<p><span>M\u00f5\u00f5dulint XTline on kvaliteetne ja vastupidav m\u00f5\u00f5dulint, mille pikkus on 10 meetrit ja laius 25 millimeetrit. See on varustatud kummeeritud kattega, mis tagab parema haarduvuse ja kaitseb linti kulumise eest.<\/span><\/p>\n<ul>\n<li>Kvaliteetne ja vastupidav<\/li>\n<li>Kummeeritud kate tagab parema haarduvuse<\/li>\n<li>Kaitseb linti kulumise eest<\/li>\n<li>Sobib erinevateks m\u00f5\u00f5tmisteks<\/li>\n<\/ul>\n","protected":false},"excerpt":{"rendered":"<p>M\u00f5\u00f5dulint XTline on kvaliteetne ja vastupidav m\u00f5\u00f5dulint, mille pikkus on 10 meetrit ja laius 25 millimeetrit. See on varustatud kummeeritud kattega, mis tagab parema haarduvuse ja kaitseb linti kulumise eest. Kvaliteetne ja vastupidav Kummeeritud kate tagab parema haarduvuse Kaitseb linti kulumise eest Sobib erinevateks m\u00f5\u00f5tmisteks<\/p>\n","protected":false},"featured_media":9793,"template":"","meta":[],"product_cat":[113,114],"product_tag":[],"yoast_head":"<!-- This site is optimized with the Yoast SEO plugin v18.4.1 - https:\/\/yoast.com\/wordpress\/plugins\/seo\/ -->\n<title>Jobi M\u00f5\u00f5dulint 3m x 19mm<\/title>\n<meta name=\"robots\" content=\"index, follow, max-snippet:-1, max-image-preview:large, max-video-preview:-1\" \/>\n<link rel=\"canonical\" href=\"https:\/\/spectrebaltics.com\/toode\/jobi-moodulint-3m-x-19mm\/\" \/>\n<meta property=\"og:locale\" content=\"en_US\" \/>\n<meta property=\"og:type\" content=\"article\" \/>\n<meta property=\"og:title\" content=\"Jobi M\u00f5\u00f5dulint 3m x 19mm\" \/>\n<meta property=\"og:description\" content=\"M\u00f5\u00f5dulint XTline on kvaliteetne ja vastupidav m\u00f5\u00f5dulint, mille pikkus on 10 meetrit ja laius 25 millimeetrit. See on varustatud kummeeritud kattega, mis tagab parema haarduvuse ja kaitseb linti kulumise eest. Kvaliteetne ja vastupidav Kummeeritud kate tagab parema haarduvuse Kaitseb linti kulumise eest Sobib erinevateks m\u00f5\u00f5tmisteks\" \/>\n<meta property=\"og:url\" content=\"https:\/\/spectrebaltics.com\/toode\/jobi-moodulint-3m-x-19mm\/\" \/>\n<meta property=\"og:site_name\" content=\"Spectrebaltics\" \/>\n<meta property=\"article:modified_time\" content=\"2024-06-11T07:12:04+00:00\" \/>\n<meta property=\"og:image\" content=\"https:\/\/spectrebaltics.com\/wp-content\/uploads\/2024\/06\/781d02198c61425fb577de0d6dadef2f.jpg\" \/>\n\t<meta property=\"og:image:width\" content=\"1600\" \/>\n\t<meta property=\"og:image:height\" content=\"1600\" \/>\n\t<meta property=\"og:image:type\" content=\"image\/jpeg\" \/>\n<meta name=\"twitter:card\" content=\"summary_large_image\" \/>\n<script type=\"application\/ld+json\" class=\"yoast-schema-graph\">{\"@context\":\"https:\/\/schema.org\",\"@graph\":[{\"@type\":\"Organization\",\"@id\":\"https:\/\/spectrebaltics.com\/ru\/#organization\",\"name\":\"Spectrebaltics\",\"url\":\"https:\/\/spectrebaltics.com\/ru\/\",\"sameAs\":[],\"logo\":{\"@type\":\"ImageObject\",\"@id\":\"https:\/\/spectrebaltics.com\/ru\/#logo\",\"inLanguage\":\"en-US\",\"url\":\"https:\/\/spectrebaltics.com\/wp-content\/uploads\/2024\/03\/Spectrebaltics-logo.svg\",\"contentUrl\":\"https:\/\/spectrebaltics.com\/wp-content\/uploads\/2024\/03\/Spectrebaltics-logo.svg\",\"caption\":\"Spectrebaltics\"},\"image\":{\"@id\":\"https:\/\/spectrebaltics.com\/ru\/#logo\"}},{\"@type\":\"WebSite\",\"@id\":\"https:\/\/spectrebaltics.com\/ru\/#website\",\"url\":\"https:\/\/spectrebaltics.com\/ru\/\",\"name\":\"Spectrebaltics\",\"description\":\"\",\"publisher\":{\"@id\":\"https:\/\/spectrebaltics.com\/ru\/#organization\"},\"potentialAction\":[{\"@type\":\"SearchAction\",\"target\":{\"@type\":\"EntryPoint\",\"urlTemplate\":\"https:\/\/spectrebaltics.com\/ru\/?s={search_term_string}\"},\"query-input\":\"required name=search_term_string\"}],\"inLanguage\":\"en-US\"},{\"@type\":\"ImageObject\",\"@id\":\"https:\/\/spectrebaltics.com\/toode\/jobi-moodulint-3m-x-19mm\/#primaryimage\",\"inLanguage\":\"en-US\",\"url\":\"https:\/\/spectrebaltics.com\/wp-content\/uploads\/2024\/06\/781d02198c61425fb577de0d6dadef2f.jpg\",\"contentUrl\":\"https:\/\/spectrebaltics.com\/wp-content\/uploads\/2024\/06\/781d02198c61425fb577de0d6dadef2f.jpg\",\"width\":1600,\"height\":1600},{\"@type\":\"WebPage\",\"@id\":\"https:\/\/spectrebaltics.com\/toode\/jobi-moodulint-3m-x-19mm\/#webpage\",\"url\":\"https:\/\/spectrebaltics.com\/toode\/jobi-moodulint-3m-x-19mm\/\",\"name\":\"Jobi M\u00f5\u00f5dulint 3m x 19mm\",\"isPartOf\":{\"@id\":\"https:\/\/spectrebaltics.com\/ru\/#website\"},\"primaryImageOfPage\":{\"@id\":\"https:\/\/spectrebaltics.com\/toode\/jobi-moodulint-3m-x-19mm\/#primaryimage\"},\"datePublished\":\"2024-06-10T13:11:55+00:00\",\"dateModified\":\"2024-06-11T07:12:04+00:00\",\"breadcrumb\":{\"@id\":\"https:\/\/spectrebaltics.com\/toode\/jobi-moodulint-3m-x-19mm\/#breadcrumb\"},\"inLanguage\":\"en-US\",\"potentialAction\":[{\"@type\":\"ReadAction\",\"target\":[\"https:\/\/spectrebaltics.com\/toode\/jobi-moodulint-3m-x-19mm\/\"]}]},{\"@type\":\"BreadcrumbList\",\"@id\":\"https:\/\/spectrebaltics.com\/toode\/jobi-moodulint-3m-x-19mm\/#breadcrumb\",\"itemListElement\":[{\"@type\":\"ListItem\",\"position\":1,\"name\":\"Home\",\"item\":\"https:\/\/spectrebaltics.com\/en\/\"},{\"@type\":\"ListItem\",\"position\":2,\"name\":\"Catalogue\",\"item\":\"https:\/\/spectrebaltics.com\/en\/catalogue\/\"},{\"@type\":\"ListItem\",\"position\":3,\"name\":\"Jobi M\u00f5\u00f5dulint 3m x 19mm\"}]}]}<\/script>\n<!-- \/ Yoast SEO plugin. -->","yoast_head_json":{"title":"Jobi M\u00f5\u00f5dulint 3m x 19mm","robots":{"index":"index","follow":"follow","max-snippet":"max-snippet:-1","max-image-preview":"max-image-preview:large","max-video-preview":"max-video-preview:-1"},"canonical":"https:\/\/spectrebaltics.com\/toode\/jobi-moodulint-3m-x-19mm\/","og_locale":"en_US","og_type":"article","og_title":"Jobi M\u00f5\u00f5dulint 3m x 19mm","og_description":"M\u00f5\u00f5dulint XTline on kvaliteetne ja vastupidav m\u00f5\u00f5dulint, mille pikkus on 10 meetrit ja laius 25 millimeetrit. See on varustatud kummeeritud kattega, mis tagab parema haarduvuse ja kaitseb linti kulumise eest. Kvaliteetne ja vastupidav Kummeeritud kate tagab parema haarduvuse Kaitseb linti kulumise eest Sobib erinevateks m\u00f5\u00f5tmisteks","og_url":"https:\/\/spectrebaltics.com\/toode\/jobi-moodulint-3m-x-19mm\/","og_site_name":"Spectrebaltics","article_modified_time":"2024-06-11T07:12:04+00:00","og_image":[{"width":1600,"height":1600,"url":"https:\/\/spectrebaltics.com\/wp-content\/uploads\/2024\/06\/781d02198c61425fb577de0d6dadef2f.jpg","type":"image\/jpeg"}],"twitter_card":"summary_large_image","schema":{"@context":"https:\/\/schema.org","@graph":[{"@type":"Organization","@id":"https:\/\/spectrebaltics.com\/ru\/#organization","name":"Spectrebaltics","url":"https:\/\/spectrebaltics.com\/ru\/","sameAs":[],"logo":{"@type":"ImageObject","@id":"https:\/\/spectrebaltics.com\/ru\/#logo","inLanguage":"en-US","url":"https:\/\/spectrebaltics.com\/wp-content\/uploads\/2024\/03\/Spectrebaltics-logo.svg","contentUrl":"https:\/\/spectrebaltics.com\/wp-content\/uploads\/2024\/03\/Spectrebaltics-logo.svg","caption":"Spectrebaltics"},"image":{"@id":"https:\/\/spectrebaltics.com\/ru\/#logo"}},{"@type":"WebSite","@id":"https:\/\/spectrebaltics.com\/ru\/#website","url":"https:\/\/spectrebaltics.com\/ru\/","name":"Spectrebaltics","description":"","publisher":{"@id":"https:\/\/spectrebaltics.com\/ru\/#organization"},"potentialAction":[{"@type":"SearchAction","target":{"@type":"EntryPoint","urlTemplate":"https:\/\/spectrebaltics.com\/ru\/?s={search_term_string}"},"query-input":"required name=search_term_string"}],"inLanguage":"en-US"},{"@type":"ImageObject","@id":"https:\/\/spectrebaltics.com\/toode\/jobi-moodulint-3m-x-19mm\/#primaryimage","inLanguage":"en-US","url":"https:\/\/spectrebaltics.com\/wp-content\/uploads\/2024\/06\/781d02198c61425fb577de0d6dadef2f.jpg","contentUrl":"https:\/\/spectrebaltics.com\/wp-content\/uploads\/2024\/06\/781d02198c61425fb577de0d6dadef2f.jpg","width":1600,"height":1600},{"@type":"WebPage","@id":"https:\/\/spectrebaltics.com\/toode\/jobi-moodulint-3m-x-19mm\/#webpage","url":"https:\/\/spectrebaltics.com\/toode\/jobi-moodulint-3m-x-19mm\/","name":"Jobi M\u00f5\u00f5dulint 3m x 19mm","isPartOf":{"@id":"https:\/\/spectrebaltics.com\/ru\/#website"},"primaryImageOfPage":{"@id":"https:\/\/spectrebaltics.com\/toode\/jobi-moodulint-3m-x-19mm\/#primaryimage"},"datePublished":"2024-06-10T13:11:55+00:00","dateModified":"2024-06-11T07:12:04+00:00","breadcrumb":{"@id":"https:\/\/spectrebaltics.com\/toode\/jobi-moodulint-3m-x-19mm\/#breadcrumb"},"inLanguage":"en-US","potentialAction":[{"@type":"ReadAction","target":["https:\/\/spectrebaltics.com\/toode\/jobi-moodulint-3m-x-19mm\/"]}]},{"@type":"BreadcrumbList","@id":"https:\/\/spectrebaltics.com\/toode\/jobi-moodulint-3m-x-19mm\/#breadcrumb","itemListElement":[{"@type":"ListItem","position":1,"name":"Home","item":"https:\/\/spectrebaltics.com\/en\/"},{"@type":"ListItem","position":2,"name":"Catalogue","item":"https:\/\/spectrebaltics.com\/en\/catalogue\/"},{"@type":"ListItem","position":3,"name":"Jobi M\u00f5\u00f5dulint 3m x 19mm"}]}]}},"_links":{"self":[{"href":"https:\/\/spectrebaltics.com\/en\/wp-json\/wp\/v2\/product\/9752"}],"collection":[{"href":"https:\/\/spectrebaltics.com\/en\/wp-json\/wp\/v2\/product"}],"about":[{"href":"https:\/\/spectrebaltics.com\/en\/wp-json\/wp\/v2\/types\/product"}],"wp:featuredmedia":[{"embeddable":true,"href":"https:\/\/spectrebaltics.com\/en\/wp-json\/wp\/v2\/media\/9793"}],"wp:attachment":[{"href":"https:\/\/spectrebaltics.com\/en\/wp-json\/wp\/v2\/media?parent=9752"}],"wp:term":[{"taxonomy":"product_cat","embeddable":true,"href":"https:\/\/spectrebaltics.com\/en\/wp-json\/wp\/v2\/product_cat?post=9752"},{"taxonomy":"product_tag","embeddable":true,"href":"https:\/\/spectrebaltics.com\/en\/wp-json\/wp\/v2\/product_tag?post=9752"}],"curies":[{"name":"wp","href":"https:\/\/api.w.org\/{rel}","templated":true}]}}