{"id":9758,"date":"2024-06-10T13:18:50","date_gmt":"2024-06-10T13:18:50","guid":{"rendered":"https:\/\/spectrebaltics.com\/?post_type=product&#038;p=9758"},"modified":"2024-06-10T13:18:50","modified_gmt":"2024-06-10T13:18:50","slug":"moodulint-20m-klaasfiiber-lindiga-truper","status":"publish","type":"product","link":"https:\/\/spectrebaltics.com\/en\/toode\/moodulint-20m-klaasfiiber-lindiga-truper\/","title":{"rendered":"M\u00f5\u00f5dulint 20m klaasfiiber lindiga Truper"},"content":{"rendered":"<p><span>Kuna kvaliteet on ettev\u00f5tte jaoks esmat\u00e4htis, loodavad nad oma Truper Advanced kvaliteedikontrollikeskusele, mis on vaieldamatult maailma k\u00f5ige arenenum ja tipptasemel t\u00f6\u00f6riistade testimise labor. See labor tagab, et k\u00f5ik nende tooted vastavad k\u00f5rgetele kvaliteedistandarditele ja s\u00e4ilitavad hea kaubam\u00e4rgi maine.<\/span><\/p>\n","protected":false},"excerpt":{"rendered":"<p>Kuna kvaliteet on ettev\u00f5tte jaoks esmat\u00e4htis, loodavad nad oma Truper Advanced kvaliteedikontrollikeskusele, mis on vaieldamatult maailma k\u00f5ige arenenum ja tipptasemel t\u00f6\u00f6riistade testimise labor. See labor tagab, et k\u00f5ik nende tooted vastavad k\u00f5rgetele kvaliteedistandarditele ja s\u00e4ilitavad hea kaubam\u00e4rgi maine.<\/p>\n","protected":false},"featured_media":9759,"template":"","meta":[],"product_cat":[113,114],"product_tag":[],"yoast_head":"<!-- This site is optimized with the Yoast SEO plugin v18.4.1 - https:\/\/yoast.com\/wordpress\/plugins\/seo\/ -->\n<title>M\u00f5\u00f5dulint 20m klaasfiiber lindiga Truper<\/title>\n<meta name=\"robots\" content=\"index, follow, max-snippet:-1, max-image-preview:large, max-video-preview:-1\" \/>\n<link rel=\"canonical\" href=\"https:\/\/spectrebaltics.com\/toode\/moodulint-20m-klaasfiiber-lindiga-truper\/\" \/>\n<meta property=\"og:locale\" content=\"en_US\" \/>\n<meta property=\"og:type\" content=\"article\" \/>\n<meta property=\"og:title\" content=\"M\u00f5\u00f5dulint 20m klaasfiiber lindiga Truper\" \/>\n<meta property=\"og:description\" content=\"Kuna kvaliteet on ettev\u00f5tte jaoks esmat\u00e4htis, loodavad nad oma Truper Advanced kvaliteedikontrollikeskusele, mis on vaieldamatult maailma k\u00f5ige arenenum ja tipptasemel t\u00f6\u00f6riistade testimise labor. See labor tagab, et k\u00f5ik nende tooted vastavad k\u00f5rgetele kvaliteedistandarditele ja s\u00e4ilitavad hea kaubam\u00e4rgi maine.\" \/>\n<meta property=\"og:url\" content=\"https:\/\/spectrebaltics.com\/toode\/moodulint-20m-klaasfiiber-lindiga-truper\/\" \/>\n<meta property=\"og:site_name\" content=\"Spectrebaltics\" \/>\n<meta property=\"og:image\" content=\"https:\/\/spectrebaltics.com\/wp-content\/uploads\/2024\/06\/4121-4121_6037627fe6f964.30670153_tp20me_large.jpg\" \/>\n\t<meta property=\"og:image:width\" content=\"350\" \/>\n\t<meta property=\"og:image:height\" content=\"350\" \/>\n\t<meta property=\"og:image:type\" content=\"image\/jpeg\" \/>\n<meta name=\"twitter:card\" content=\"summary_large_image\" \/>\n<script type=\"application\/ld+json\" class=\"yoast-schema-graph\">{\"@context\":\"https:\/\/schema.org\",\"@graph\":[{\"@type\":\"Organization\",\"@id\":\"https:\/\/spectrebaltics.com\/ru\/#organization\",\"name\":\"Spectrebaltics\",\"url\":\"https:\/\/spectrebaltics.com\/ru\/\",\"sameAs\":[],\"logo\":{\"@type\":\"ImageObject\",\"@id\":\"https:\/\/spectrebaltics.com\/ru\/#logo\",\"inLanguage\":\"en-US\",\"url\":\"https:\/\/spectrebaltics.com\/wp-content\/uploads\/2024\/03\/Spectrebaltics-logo.svg\",\"contentUrl\":\"https:\/\/spectrebaltics.com\/wp-content\/uploads\/2024\/03\/Spectrebaltics-logo.svg\",\"caption\":\"Spectrebaltics\"},\"image\":{\"@id\":\"https:\/\/spectrebaltics.com\/ru\/#logo\"}},{\"@type\":\"WebSite\",\"@id\":\"https:\/\/spectrebaltics.com\/ru\/#website\",\"url\":\"https:\/\/spectrebaltics.com\/ru\/\",\"name\":\"Spectrebaltics\",\"description\":\"\",\"publisher\":{\"@id\":\"https:\/\/spectrebaltics.com\/ru\/#organization\"},\"potentialAction\":[{\"@type\":\"SearchAction\",\"target\":{\"@type\":\"EntryPoint\",\"urlTemplate\":\"https:\/\/spectrebaltics.com\/ru\/?s={search_term_string}\"},\"query-input\":\"required name=search_term_string\"}],\"inLanguage\":\"en-US\"},{\"@type\":\"ImageObject\",\"@id\":\"https:\/\/spectrebaltics.com\/toode\/moodulint-20m-klaasfiiber-lindiga-truper\/#primaryimage\",\"inLanguage\":\"en-US\",\"url\":\"https:\/\/spectrebaltics.com\/wp-content\/uploads\/2024\/06\/4121-4121_6037627fe6f964.30670153_tp20me_large.jpg\",\"contentUrl\":\"https:\/\/spectrebaltics.com\/wp-content\/uploads\/2024\/06\/4121-4121_6037627fe6f964.30670153_tp20me_large.jpg\",\"width\":350,\"height\":350},{\"@type\":\"WebPage\",\"@id\":\"https:\/\/spectrebaltics.com\/toode\/moodulint-20m-klaasfiiber-lindiga-truper\/#webpage\",\"url\":\"https:\/\/spectrebaltics.com\/toode\/moodulint-20m-klaasfiiber-lindiga-truper\/\",\"name\":\"M\u00f5\u00f5dulint 20m klaasfiiber lindiga Truper\",\"isPartOf\":{\"@id\":\"https:\/\/spectrebaltics.com\/ru\/#website\"},\"primaryImageOfPage\":{\"@id\":\"https:\/\/spectrebaltics.com\/toode\/moodulint-20m-klaasfiiber-lindiga-truper\/#primaryimage\"},\"datePublished\":\"2024-06-10T13:18:50+00:00\",\"dateModified\":\"2024-06-10T13:18:50+00:00\",\"breadcrumb\":{\"@id\":\"https:\/\/spectrebaltics.com\/toode\/moodulint-20m-klaasfiiber-lindiga-truper\/#breadcrumb\"},\"inLanguage\":\"en-US\",\"potentialAction\":[{\"@type\":\"ReadAction\",\"target\":[\"https:\/\/spectrebaltics.com\/toode\/moodulint-20m-klaasfiiber-lindiga-truper\/\"]}]},{\"@type\":\"BreadcrumbList\",\"@id\":\"https:\/\/spectrebaltics.com\/toode\/moodulint-20m-klaasfiiber-lindiga-truper\/#breadcrumb\",\"itemListElement\":[{\"@type\":\"ListItem\",\"position\":1,\"name\":\"Home\",\"item\":\"https:\/\/spectrebaltics.com\/en\/\"},{\"@type\":\"ListItem\",\"position\":2,\"name\":\"Catalogue\",\"item\":\"https:\/\/spectrebaltics.com\/en\/catalogue\/\"},{\"@type\":\"ListItem\",\"position\":3,\"name\":\"M\u00f5\u00f5dulint 20m klaasfiiber lindiga Truper\"}]}]}<\/script>\n<!-- \/ Yoast SEO plugin. -->","yoast_head_json":{"title":"M\u00f5\u00f5dulint 20m klaasfiiber lindiga Truper","robots":{"index":"index","follow":"follow","max-snippet":"max-snippet:-1","max-image-preview":"max-image-preview:large","max-video-preview":"max-video-preview:-1"},"canonical":"https:\/\/spectrebaltics.com\/toode\/moodulint-20m-klaasfiiber-lindiga-truper\/","og_locale":"en_US","og_type":"article","og_title":"M\u00f5\u00f5dulint 20m klaasfiiber lindiga Truper","og_description":"Kuna kvaliteet on ettev\u00f5tte jaoks esmat\u00e4htis, loodavad nad oma Truper Advanced kvaliteedikontrollikeskusele, mis on vaieldamatult maailma k\u00f5ige arenenum ja tipptasemel t\u00f6\u00f6riistade testimise labor. See labor tagab, et k\u00f5ik nende tooted vastavad k\u00f5rgetele kvaliteedistandarditele ja s\u00e4ilitavad hea kaubam\u00e4rgi maine.","og_url":"https:\/\/spectrebaltics.com\/toode\/moodulint-20m-klaasfiiber-lindiga-truper\/","og_site_name":"Spectrebaltics","og_image":[{"width":350,"height":350,"url":"https:\/\/spectrebaltics.com\/wp-content\/uploads\/2024\/06\/4121-4121_6037627fe6f964.30670153_tp20me_large.jpg","type":"image\/jpeg"}],"twitter_card":"summary_large_image","schema":{"@context":"https:\/\/schema.org","@graph":[{"@type":"Organization","@id":"https:\/\/spectrebaltics.com\/ru\/#organization","name":"Spectrebaltics","url":"https:\/\/spectrebaltics.com\/ru\/","sameAs":[],"logo":{"@type":"ImageObject","@id":"https:\/\/spectrebaltics.com\/ru\/#logo","inLanguage":"en-US","url":"https:\/\/spectrebaltics.com\/wp-content\/uploads\/2024\/03\/Spectrebaltics-logo.svg","contentUrl":"https:\/\/spectrebaltics.com\/wp-content\/uploads\/2024\/03\/Spectrebaltics-logo.svg","caption":"Spectrebaltics"},"image":{"@id":"https:\/\/spectrebaltics.com\/ru\/#logo"}},{"@type":"WebSite","@id":"https:\/\/spectrebaltics.com\/ru\/#website","url":"https:\/\/spectrebaltics.com\/ru\/","name":"Spectrebaltics","description":"","publisher":{"@id":"https:\/\/spectrebaltics.com\/ru\/#organization"},"potentialAction":[{"@type":"SearchAction","target":{"@type":"EntryPoint","urlTemplate":"https:\/\/spectrebaltics.com\/ru\/?s={search_term_string}"},"query-input":"required name=search_term_string"}],"inLanguage":"en-US"},{"@type":"ImageObject","@id":"https:\/\/spectrebaltics.com\/toode\/moodulint-20m-klaasfiiber-lindiga-truper\/#primaryimage","inLanguage":"en-US","url":"https:\/\/spectrebaltics.com\/wp-content\/uploads\/2024\/06\/4121-4121_6037627fe6f964.30670153_tp20me_large.jpg","contentUrl":"https:\/\/spectrebaltics.com\/wp-content\/uploads\/2024\/06\/4121-4121_6037627fe6f964.30670153_tp20me_large.jpg","width":350,"height":350},{"@type":"WebPage","@id":"https:\/\/spectrebaltics.com\/toode\/moodulint-20m-klaasfiiber-lindiga-truper\/#webpage","url":"https:\/\/spectrebaltics.com\/toode\/moodulint-20m-klaasfiiber-lindiga-truper\/","name":"M\u00f5\u00f5dulint 20m klaasfiiber lindiga Truper","isPartOf":{"@id":"https:\/\/spectrebaltics.com\/ru\/#website"},"primaryImageOfPage":{"@id":"https:\/\/spectrebaltics.com\/toode\/moodulint-20m-klaasfiiber-lindiga-truper\/#primaryimage"},"datePublished":"2024-06-10T13:18:50+00:00","dateModified":"2024-06-10T13:18:50+00:00","breadcrumb":{"@id":"https:\/\/spectrebaltics.com\/toode\/moodulint-20m-klaasfiiber-lindiga-truper\/#breadcrumb"},"inLanguage":"en-US","potentialAction":[{"@type":"ReadAction","target":["https:\/\/spectrebaltics.com\/toode\/moodulint-20m-klaasfiiber-lindiga-truper\/"]}]},{"@type":"BreadcrumbList","@id":"https:\/\/spectrebaltics.com\/toode\/moodulint-20m-klaasfiiber-lindiga-truper\/#breadcrumb","itemListElement":[{"@type":"ListItem","position":1,"name":"Home","item":"https:\/\/spectrebaltics.com\/en\/"},{"@type":"ListItem","position":2,"name":"Catalogue","item":"https:\/\/spectrebaltics.com\/en\/catalogue\/"},{"@type":"ListItem","position":3,"name":"M\u00f5\u00f5dulint 20m klaasfiiber lindiga Truper"}]}]}},"_links":{"self":[{"href":"https:\/\/spectrebaltics.com\/en\/wp-json\/wp\/v2\/product\/9758"}],"collection":[{"href":"https:\/\/spectrebaltics.com\/en\/wp-json\/wp\/v2\/product"}],"about":[{"href":"https:\/\/spectrebaltics.com\/en\/wp-json\/wp\/v2\/types\/product"}],"wp:featuredmedia":[{"embeddable":true,"href":"https:\/\/spectrebaltics.com\/en\/wp-json\/wp\/v2\/media\/9759"}],"wp:attachment":[{"href":"https:\/\/spectrebaltics.com\/en\/wp-json\/wp\/v2\/media?parent=9758"}],"wp:term":[{"taxonomy":"product_cat","embeddable":true,"href":"https:\/\/spectrebaltics.com\/en\/wp-json\/wp\/v2\/product_cat?post=9758"},{"taxonomy":"product_tag","embeddable":true,"href":"https:\/\/spectrebaltics.com\/en\/wp-json\/wp\/v2\/product_tag?post=9758"}],"curies":[{"name":"wp","href":"https:\/\/api.w.org\/{rel}","templated":true}]}}