{"id":9776,"date":"2024-06-10T13:28:09","date_gmt":"2024-06-10T13:28:09","guid":{"rendered":"https:\/\/spectrebaltics.com\/?post_type=product&#038;p=9776"},"modified":"2024-06-10T13:28:09","modified_gmt":"2024-06-10T13:28:09","slug":"novipro-markenoor-30m","status":"publish","type":"product","link":"https:\/\/spectrebaltics.com\/en\/toode\/novipro-markenoor-30m\/","title":{"rendered":"NOVIPRO m\u00e4rken\u00f6\u00f6r 30m"},"content":{"rendered":"<p><span>NoviPro m\u00e4rken\u00f6\u00f6r on praktiline abimees. Etten\u00e4htud m\u00e4rgistust\u00f6\u00f6deks ehitusobjektidel. N\u00f6\u00f6r on paigutatud Easygrip plastrulli mis v\u00f5imaldab korduvkasutust. Komplekti kuulub ka sinist v\u00e4rvi m\u00e4rkepulber mis on selgelt n\u00e4htav. T\u00e4itmine on tolmuvaba just t\u00e4nu Kapro m\u00e4rkepulbrile. N\u00f6\u00f6ri pikkus 30m, pulber 85g.<\/span><\/p>\n","protected":false},"excerpt":{"rendered":"<p>NoviPro m\u00e4rken\u00f6\u00f6r on praktiline abimees. Etten\u00e4htud m\u00e4rgistust\u00f6\u00f6deks ehitusobjektidel. N\u00f6\u00f6r on paigutatud Easygrip plastrulli mis v\u00f5imaldab korduvkasutust. Komplekti kuulub ka sinist v\u00e4rvi m\u00e4rkepulber mis on selgelt n\u00e4htav. T\u00e4itmine on tolmuvaba just t\u00e4nu Kapro m\u00e4rkepulbrile. N\u00f6\u00f6ri pikkus 30m, pulber 85g.<\/p>\n","protected":false},"featured_media":9777,"template":"","meta":[],"product_cat":[113,115],"product_tag":[],"yoast_head":"<!-- This site is optimized with the Yoast SEO plugin v18.4.1 - https:\/\/yoast.com\/wordpress\/plugins\/seo\/ -->\n<title>NOVIPRO m\u00e4rken\u00f6\u00f6r 30m<\/title>\n<meta name=\"robots\" content=\"index, follow, max-snippet:-1, max-image-preview:large, max-video-preview:-1\" \/>\n<link rel=\"canonical\" href=\"https:\/\/spectrebaltics.com\/toode\/novipro-markenoor-30m\/\" \/>\n<meta property=\"og:locale\" content=\"en_US\" \/>\n<meta property=\"og:type\" content=\"article\" \/>\n<meta property=\"og:title\" content=\"NOVIPRO m\u00e4rken\u00f6\u00f6r 30m\" \/>\n<meta property=\"og:description\" content=\"NoviPro m\u00e4rken\u00f6\u00f6r on praktiline abimees. Etten\u00e4htud m\u00e4rgistust\u00f6\u00f6deks ehitusobjektidel. N\u00f6\u00f6r on paigutatud Easygrip plastrulli mis v\u00f5imaldab korduvkasutust. Komplekti kuulub ka sinist v\u00e4rvi m\u00e4rkepulber mis on selgelt n\u00e4htav. T\u00e4itmine on tolmuvaba just t\u00e4nu Kapro m\u00e4rkepulbrile. N\u00f6\u00f6ri pikkus 30m, pulber 85g.\" \/>\n<meta property=\"og:url\" content=\"https:\/\/spectrebaltics.com\/toode\/novipro-markenoor-30m\/\" \/>\n<meta property=\"og:site_name\" content=\"Spectrebaltics\" \/>\n<meta name=\"twitter:card\" content=\"summary_large_image\" \/>\n<meta name=\"twitter:image\" content=\"https:\/\/spectrebaltics.com\/wp-content\/uploads\/2024\/06\/0026260_markenoor-novipro-30-m-scaled.webp\" \/>\n<script type=\"application\/ld+json\" class=\"yoast-schema-graph\">{\"@context\":\"https:\/\/schema.org\",\"@graph\":[{\"@type\":\"Organization\",\"@id\":\"https:\/\/spectrebaltics.com\/ru\/#organization\",\"name\":\"Spectrebaltics\",\"url\":\"https:\/\/spectrebaltics.com\/ru\/\",\"sameAs\":[],\"logo\":{\"@type\":\"ImageObject\",\"@id\":\"https:\/\/spectrebaltics.com\/ru\/#logo\",\"inLanguage\":\"en-US\",\"url\":\"https:\/\/spectrebaltics.com\/wp-content\/uploads\/2024\/03\/Spectrebaltics-logo.svg\",\"contentUrl\":\"https:\/\/spectrebaltics.com\/wp-content\/uploads\/2024\/03\/Spectrebaltics-logo.svg\",\"caption\":\"Spectrebaltics\"},\"image\":{\"@id\":\"https:\/\/spectrebaltics.com\/ru\/#logo\"}},{\"@type\":\"WebSite\",\"@id\":\"https:\/\/spectrebaltics.com\/ru\/#website\",\"url\":\"https:\/\/spectrebaltics.com\/ru\/\",\"name\":\"Spectrebaltics\",\"description\":\"\",\"publisher\":{\"@id\":\"https:\/\/spectrebaltics.com\/ru\/#organization\"},\"potentialAction\":[{\"@type\":\"SearchAction\",\"target\":{\"@type\":\"EntryPoint\",\"urlTemplate\":\"https:\/\/spectrebaltics.com\/ru\/?s={search_term_string}\"},\"query-input\":\"required name=search_term_string\"}],\"inLanguage\":\"en-US\"},{\"@type\":\"ImageObject\",\"@id\":\"https:\/\/spectrebaltics.com\/toode\/novipro-markenoor-30m\/#primaryimage\",\"inLanguage\":\"en-US\",\"url\":\"https:\/\/spectrebaltics.com\/wp-content\/uploads\/2024\/06\/0026260_markenoor-novipro-30-m-scaled.webp\",\"contentUrl\":\"https:\/\/spectrebaltics.com\/wp-content\/uploads\/2024\/06\/0026260_markenoor-novipro-30-m-scaled.webp\",\"width\":2000,\"height\":1333},{\"@type\":\"WebPage\",\"@id\":\"https:\/\/spectrebaltics.com\/toode\/novipro-markenoor-30m\/#webpage\",\"url\":\"https:\/\/spectrebaltics.com\/toode\/novipro-markenoor-30m\/\",\"name\":\"NOVIPRO m\u00e4rken\u00f6\u00f6r 30m\",\"isPartOf\":{\"@id\":\"https:\/\/spectrebaltics.com\/ru\/#website\"},\"primaryImageOfPage\":{\"@id\":\"https:\/\/spectrebaltics.com\/toode\/novipro-markenoor-30m\/#primaryimage\"},\"datePublished\":\"2024-06-10T13:28:09+00:00\",\"dateModified\":\"2024-06-10T13:28:09+00:00\",\"breadcrumb\":{\"@id\":\"https:\/\/spectrebaltics.com\/toode\/novipro-markenoor-30m\/#breadcrumb\"},\"inLanguage\":\"en-US\",\"potentialAction\":[{\"@type\":\"ReadAction\",\"target\":[\"https:\/\/spectrebaltics.com\/toode\/novipro-markenoor-30m\/\"]}]},{\"@type\":\"BreadcrumbList\",\"@id\":\"https:\/\/spectrebaltics.com\/toode\/novipro-markenoor-30m\/#breadcrumb\",\"itemListElement\":[{\"@type\":\"ListItem\",\"position\":1,\"name\":\"Home\",\"item\":\"https:\/\/spectrebaltics.com\/en\/\"},{\"@type\":\"ListItem\",\"position\":2,\"name\":\"Catalogue\",\"item\":\"https:\/\/spectrebaltics.com\/en\/catalogue\/\"},{\"@type\":\"ListItem\",\"position\":3,\"name\":\"NOVIPRO m\u00e4rken\u00f6\u00f6r 30m\"}]}]}<\/script>\n<!-- \/ Yoast SEO plugin. -->","yoast_head_json":{"title":"NOVIPRO m\u00e4rken\u00f6\u00f6r 30m","robots":{"index":"index","follow":"follow","max-snippet":"max-snippet:-1","max-image-preview":"max-image-preview:large","max-video-preview":"max-video-preview:-1"},"canonical":"https:\/\/spectrebaltics.com\/toode\/novipro-markenoor-30m\/","og_locale":"en_US","og_type":"article","og_title":"NOVIPRO m\u00e4rken\u00f6\u00f6r 30m","og_description":"NoviPro m\u00e4rken\u00f6\u00f6r on praktiline abimees. Etten\u00e4htud m\u00e4rgistust\u00f6\u00f6deks ehitusobjektidel. N\u00f6\u00f6r on paigutatud Easygrip plastrulli mis v\u00f5imaldab korduvkasutust. Komplekti kuulub ka sinist v\u00e4rvi m\u00e4rkepulber mis on selgelt n\u00e4htav. T\u00e4itmine on tolmuvaba just t\u00e4nu Kapro m\u00e4rkepulbrile. N\u00f6\u00f6ri pikkus 30m, pulber 85g.","og_url":"https:\/\/spectrebaltics.com\/toode\/novipro-markenoor-30m\/","og_site_name":"Spectrebaltics","twitter_card":"summary_large_image","twitter_image":"https:\/\/spectrebaltics.com\/wp-content\/uploads\/2024\/06\/0026260_markenoor-novipro-30-m-scaled.webp","schema":{"@context":"https:\/\/schema.org","@graph":[{"@type":"Organization","@id":"https:\/\/spectrebaltics.com\/ru\/#organization","name":"Spectrebaltics","url":"https:\/\/spectrebaltics.com\/ru\/","sameAs":[],"logo":{"@type":"ImageObject","@id":"https:\/\/spectrebaltics.com\/ru\/#logo","inLanguage":"en-US","url":"https:\/\/spectrebaltics.com\/wp-content\/uploads\/2024\/03\/Spectrebaltics-logo.svg","contentUrl":"https:\/\/spectrebaltics.com\/wp-content\/uploads\/2024\/03\/Spectrebaltics-logo.svg","caption":"Spectrebaltics"},"image":{"@id":"https:\/\/spectrebaltics.com\/ru\/#logo"}},{"@type":"WebSite","@id":"https:\/\/spectrebaltics.com\/ru\/#website","url":"https:\/\/spectrebaltics.com\/ru\/","name":"Spectrebaltics","description":"","publisher":{"@id":"https:\/\/spectrebaltics.com\/ru\/#organization"},"potentialAction":[{"@type":"SearchAction","target":{"@type":"EntryPoint","urlTemplate":"https:\/\/spectrebaltics.com\/ru\/?s={search_term_string}"},"query-input":"required name=search_term_string"}],"inLanguage":"en-US"},{"@type":"ImageObject","@id":"https:\/\/spectrebaltics.com\/toode\/novipro-markenoor-30m\/#primaryimage","inLanguage":"en-US","url":"https:\/\/spectrebaltics.com\/wp-content\/uploads\/2024\/06\/0026260_markenoor-novipro-30-m-scaled.webp","contentUrl":"https:\/\/spectrebaltics.com\/wp-content\/uploads\/2024\/06\/0026260_markenoor-novipro-30-m-scaled.webp","width":2000,"height":1333},{"@type":"WebPage","@id":"https:\/\/spectrebaltics.com\/toode\/novipro-markenoor-30m\/#webpage","url":"https:\/\/spectrebaltics.com\/toode\/novipro-markenoor-30m\/","name":"NOVIPRO m\u00e4rken\u00f6\u00f6r 30m","isPartOf":{"@id":"https:\/\/spectrebaltics.com\/ru\/#website"},"primaryImageOfPage":{"@id":"https:\/\/spectrebaltics.com\/toode\/novipro-markenoor-30m\/#primaryimage"},"datePublished":"2024-06-10T13:28:09+00:00","dateModified":"2024-06-10T13:28:09+00:00","breadcrumb":{"@id":"https:\/\/spectrebaltics.com\/toode\/novipro-markenoor-30m\/#breadcrumb"},"inLanguage":"en-US","potentialAction":[{"@type":"ReadAction","target":["https:\/\/spectrebaltics.com\/toode\/novipro-markenoor-30m\/"]}]},{"@type":"BreadcrumbList","@id":"https:\/\/spectrebaltics.com\/toode\/novipro-markenoor-30m\/#breadcrumb","itemListElement":[{"@type":"ListItem","position":1,"name":"Home","item":"https:\/\/spectrebaltics.com\/en\/"},{"@type":"ListItem","position":2,"name":"Catalogue","item":"https:\/\/spectrebaltics.com\/en\/catalogue\/"},{"@type":"ListItem","position":3,"name":"NOVIPRO m\u00e4rken\u00f6\u00f6r 30m"}]}]}},"_links":{"self":[{"href":"https:\/\/spectrebaltics.com\/en\/wp-json\/wp\/v2\/product\/9776"}],"collection":[{"href":"https:\/\/spectrebaltics.com\/en\/wp-json\/wp\/v2\/product"}],"about":[{"href":"https:\/\/spectrebaltics.com\/en\/wp-json\/wp\/v2\/types\/product"}],"wp:featuredmedia":[{"embeddable":true,"href":"https:\/\/spectrebaltics.com\/en\/wp-json\/wp\/v2\/media\/9777"}],"wp:attachment":[{"href":"https:\/\/spectrebaltics.com\/en\/wp-json\/wp\/v2\/media?parent=9776"}],"wp:term":[{"taxonomy":"product_cat","embeddable":true,"href":"https:\/\/spectrebaltics.com\/en\/wp-json\/wp\/v2\/product_cat?post=9776"},{"taxonomy":"product_tag","embeddable":true,"href":"https:\/\/spectrebaltics.com\/en\/wp-json\/wp\/v2\/product_tag?post=9776"}],"curies":[{"name":"wp","href":"https:\/\/api.w.org\/{rel}","templated":true}]}}