{"id":9841,"date":"2024-06-11T09:13:34","date_gmt":"2024-06-11T09:13:34","guid":{"rendered":"https:\/\/spectrebaltics.com\/?post_type=product&#038;p=9841"},"modified":"2024-06-11T09:13:35","modified_gmt":"2024-06-11T09:13:35","slug":"bmi-magnetiga-tase-60cm-690060-em","status":"publish","type":"product","link":"https:\/\/spectrebaltics.com\/en\/toode\/bmi-magnetiga-tase-60cm-690060-em\/","title":{"rendered":"BMI magnetiga tase 60cm 690060 EM"},"content":{"rendered":"<p>Suurep\u00e4rane t\u00e4psus: 0,5 mm\/m<br \/>\nMaterjal: Alumiinium<br \/>\nPikkus: 600 mm<br \/>\nLaius: 50 mm<br \/>\nK\u00f5rgus: 22 mm<br \/>\nViaalide uusim tehnoloogia, viaalid paigaldatakse t\u00fchjaks, joondatakse arvutiga ja seej\u00e4rel s\u00f6\u00f6vitatakse laseriga.<br \/>\nT\u00e4iustatud, milline disain pakub rohkem profiili tugevust.<br \/>\nLihtne lugeda t\u00e4nu tuubiviaalile.<br \/>\nSeina paksus 1,5 mm.<br \/>\nSuurem\u00f5\u00f5tmeline vertikaalne ja horisontaalne viaal; horisontaalsele viaalile on s\u00f6\u00f6vitatud 2 kaldenurka.<\/p>\n","protected":false},"excerpt":{"rendered":"<p>Suurep\u00e4rane t\u00e4psus: 0,5 mm\/m Materjal: Alumiinium Pikkus: 600 mm Laius: 50 mm K\u00f5rgus: 22 mm Viaalide uusim tehnoloogia, viaalid paigaldatakse t\u00fchjaks, joondatakse arvutiga ja seej\u00e4rel s\u00f6\u00f6vitatakse laseriga. T\u00e4iustatud, milline disain pakub rohkem profiili tugevust. Lihtne lugeda t\u00e4nu tuubiviaalile. Seina paksus 1,5 mm. Suurem\u00f5\u00f5tmeline vertikaalne ja horisontaalne viaal; horisontaalsele viaalile on s\u00f6\u00f6vitatud 2 kaldenurka.<\/p>\n","protected":false},"featured_media":9842,"template":"","meta":[],"product_cat":[113,116],"product_tag":[],"yoast_head":"<!-- This site is optimized with the Yoast SEO plugin v18.4.1 - https:\/\/yoast.com\/wordpress\/plugins\/seo\/ -->\n<title>BMI magnetiga tase 60cm 690060 EM<\/title>\n<meta name=\"robots\" content=\"index, follow, max-snippet:-1, max-image-preview:large, max-video-preview:-1\" \/>\n<link rel=\"canonical\" href=\"https:\/\/spectrebaltics.com\/toode\/bmi-magnetiga-tase-60cm-690060-em\/\" \/>\n<meta property=\"og:locale\" content=\"en_US\" \/>\n<meta property=\"og:type\" content=\"article\" \/>\n<meta property=\"og:title\" content=\"BMI magnetiga tase 60cm 690060 EM\" \/>\n<meta property=\"og:description\" content=\"Suurep\u00e4rane t\u00e4psus: 0,5 mm\/m Materjal: Alumiinium Pikkus: 600 mm Laius: 50 mm K\u00f5rgus: 22 mm Viaalide uusim tehnoloogia, viaalid paigaldatakse t\u00fchjaks, joondatakse arvutiga ja seej\u00e4rel s\u00f6\u00f6vitatakse laseriga. T\u00e4iustatud, milline disain pakub rohkem profiili tugevust. Lihtne lugeda t\u00e4nu tuubiviaalile. Seina paksus 1,5 mm. Suurem\u00f5\u00f5tmeline vertikaalne ja horisontaalne viaal; horisontaalsele viaalile on s\u00f6\u00f6vitatud 2 kaldenurka.\" \/>\n<meta property=\"og:url\" content=\"https:\/\/spectrebaltics.com\/toode\/bmi-magnetiga-tase-60cm-690060-em\/\" \/>\n<meta property=\"og:site_name\" content=\"Spectrebaltics\" \/>\n<meta property=\"article:modified_time\" content=\"2024-06-11T09:13:35+00:00\" \/>\n<meta name=\"twitter:card\" content=\"summary_large_image\" \/>\n<meta name=\"twitter:image\" content=\"https:\/\/spectrebaltics.com\/wp-content\/uploads\/2024\/06\/bmi-690060-e.webp\" \/>\n<script type=\"application\/ld+json\" class=\"yoast-schema-graph\">{\"@context\":\"https:\/\/schema.org\",\"@graph\":[{\"@type\":\"Organization\",\"@id\":\"https:\/\/spectrebaltics.com\/ru\/#organization\",\"name\":\"Spectrebaltics\",\"url\":\"https:\/\/spectrebaltics.com\/ru\/\",\"sameAs\":[],\"logo\":{\"@type\":\"ImageObject\",\"@id\":\"https:\/\/spectrebaltics.com\/ru\/#logo\",\"inLanguage\":\"en-US\",\"url\":\"https:\/\/spectrebaltics.com\/wp-content\/uploads\/2024\/03\/Spectrebaltics-logo.svg\",\"contentUrl\":\"https:\/\/spectrebaltics.com\/wp-content\/uploads\/2024\/03\/Spectrebaltics-logo.svg\",\"caption\":\"Spectrebaltics\"},\"image\":{\"@id\":\"https:\/\/spectrebaltics.com\/ru\/#logo\"}},{\"@type\":\"WebSite\",\"@id\":\"https:\/\/spectrebaltics.com\/ru\/#website\",\"url\":\"https:\/\/spectrebaltics.com\/ru\/\",\"name\":\"Spectrebaltics\",\"description\":\"\",\"publisher\":{\"@id\":\"https:\/\/spectrebaltics.com\/ru\/#organization\"},\"potentialAction\":[{\"@type\":\"SearchAction\",\"target\":{\"@type\":\"EntryPoint\",\"urlTemplate\":\"https:\/\/spectrebaltics.com\/ru\/?s={search_term_string}\"},\"query-input\":\"required name=search_term_string\"}],\"inLanguage\":\"en-US\"},{\"@type\":\"ImageObject\",\"@id\":\"https:\/\/spectrebaltics.com\/toode\/bmi-magnetiga-tase-60cm-690060-em\/#primaryimage\",\"inLanguage\":\"en-US\",\"url\":\"https:\/\/spectrebaltics.com\/wp-content\/uploads\/2024\/06\/bmi-690060-e.webp\",\"contentUrl\":\"https:\/\/spectrebaltics.com\/wp-content\/uploads\/2024\/06\/bmi-690060-e.webp\",\"width\":800,\"height\":800},{\"@type\":\"WebPage\",\"@id\":\"https:\/\/spectrebaltics.com\/toode\/bmi-magnetiga-tase-60cm-690060-em\/#webpage\",\"url\":\"https:\/\/spectrebaltics.com\/toode\/bmi-magnetiga-tase-60cm-690060-em\/\",\"name\":\"BMI magnetiga tase 60cm 690060 EM\",\"isPartOf\":{\"@id\":\"https:\/\/spectrebaltics.com\/ru\/#website\"},\"primaryImageOfPage\":{\"@id\":\"https:\/\/spectrebaltics.com\/toode\/bmi-magnetiga-tase-60cm-690060-em\/#primaryimage\"},\"datePublished\":\"2024-06-11T09:13:34+00:00\",\"dateModified\":\"2024-06-11T09:13:35+00:00\",\"breadcrumb\":{\"@id\":\"https:\/\/spectrebaltics.com\/toode\/bmi-magnetiga-tase-60cm-690060-em\/#breadcrumb\"},\"inLanguage\":\"en-US\",\"potentialAction\":[{\"@type\":\"ReadAction\",\"target\":[\"https:\/\/spectrebaltics.com\/toode\/bmi-magnetiga-tase-60cm-690060-em\/\"]}]},{\"@type\":\"BreadcrumbList\",\"@id\":\"https:\/\/spectrebaltics.com\/toode\/bmi-magnetiga-tase-60cm-690060-em\/#breadcrumb\",\"itemListElement\":[{\"@type\":\"ListItem\",\"position\":1,\"name\":\"Home\",\"item\":\"https:\/\/spectrebaltics.com\/en\/\"},{\"@type\":\"ListItem\",\"position\":2,\"name\":\"Catalogue\",\"item\":\"https:\/\/spectrebaltics.com\/en\/catalogue\/\"},{\"@type\":\"ListItem\",\"position\":3,\"name\":\"BMI magnetiga tase 60cm 690060 EM\"}]}]}<\/script>\n<!-- \/ Yoast SEO plugin. -->","yoast_head_json":{"title":"BMI magnetiga tase 60cm 690060 EM","robots":{"index":"index","follow":"follow","max-snippet":"max-snippet:-1","max-image-preview":"max-image-preview:large","max-video-preview":"max-video-preview:-1"},"canonical":"https:\/\/spectrebaltics.com\/toode\/bmi-magnetiga-tase-60cm-690060-em\/","og_locale":"en_US","og_type":"article","og_title":"BMI magnetiga tase 60cm 690060 EM","og_description":"Suurep\u00e4rane t\u00e4psus: 0,5 mm\/m Materjal: Alumiinium Pikkus: 600 mm Laius: 50 mm K\u00f5rgus: 22 mm Viaalide uusim tehnoloogia, viaalid paigaldatakse t\u00fchjaks, joondatakse arvutiga ja seej\u00e4rel s\u00f6\u00f6vitatakse laseriga. T\u00e4iustatud, milline disain pakub rohkem profiili tugevust. Lihtne lugeda t\u00e4nu tuubiviaalile. Seina paksus 1,5 mm. Suurem\u00f5\u00f5tmeline vertikaalne ja horisontaalne viaal; horisontaalsele viaalile on s\u00f6\u00f6vitatud 2 kaldenurka.","og_url":"https:\/\/spectrebaltics.com\/toode\/bmi-magnetiga-tase-60cm-690060-em\/","og_site_name":"Spectrebaltics","article_modified_time":"2024-06-11T09:13:35+00:00","twitter_card":"summary_large_image","twitter_image":"https:\/\/spectrebaltics.com\/wp-content\/uploads\/2024\/06\/bmi-690060-e.webp","schema":{"@context":"https:\/\/schema.org","@graph":[{"@type":"Organization","@id":"https:\/\/spectrebaltics.com\/ru\/#organization","name":"Spectrebaltics","url":"https:\/\/spectrebaltics.com\/ru\/","sameAs":[],"logo":{"@type":"ImageObject","@id":"https:\/\/spectrebaltics.com\/ru\/#logo","inLanguage":"en-US","url":"https:\/\/spectrebaltics.com\/wp-content\/uploads\/2024\/03\/Spectrebaltics-logo.svg","contentUrl":"https:\/\/spectrebaltics.com\/wp-content\/uploads\/2024\/03\/Spectrebaltics-logo.svg","caption":"Spectrebaltics"},"image":{"@id":"https:\/\/spectrebaltics.com\/ru\/#logo"}},{"@type":"WebSite","@id":"https:\/\/spectrebaltics.com\/ru\/#website","url":"https:\/\/spectrebaltics.com\/ru\/","name":"Spectrebaltics","description":"","publisher":{"@id":"https:\/\/spectrebaltics.com\/ru\/#organization"},"potentialAction":[{"@type":"SearchAction","target":{"@type":"EntryPoint","urlTemplate":"https:\/\/spectrebaltics.com\/ru\/?s={search_term_string}"},"query-input":"required name=search_term_string"}],"inLanguage":"en-US"},{"@type":"ImageObject","@id":"https:\/\/spectrebaltics.com\/toode\/bmi-magnetiga-tase-60cm-690060-em\/#primaryimage","inLanguage":"en-US","url":"https:\/\/spectrebaltics.com\/wp-content\/uploads\/2024\/06\/bmi-690060-e.webp","contentUrl":"https:\/\/spectrebaltics.com\/wp-content\/uploads\/2024\/06\/bmi-690060-e.webp","width":800,"height":800},{"@type":"WebPage","@id":"https:\/\/spectrebaltics.com\/toode\/bmi-magnetiga-tase-60cm-690060-em\/#webpage","url":"https:\/\/spectrebaltics.com\/toode\/bmi-magnetiga-tase-60cm-690060-em\/","name":"BMI magnetiga tase 60cm 690060 EM","isPartOf":{"@id":"https:\/\/spectrebaltics.com\/ru\/#website"},"primaryImageOfPage":{"@id":"https:\/\/spectrebaltics.com\/toode\/bmi-magnetiga-tase-60cm-690060-em\/#primaryimage"},"datePublished":"2024-06-11T09:13:34+00:00","dateModified":"2024-06-11T09:13:35+00:00","breadcrumb":{"@id":"https:\/\/spectrebaltics.com\/toode\/bmi-magnetiga-tase-60cm-690060-em\/#breadcrumb"},"inLanguage":"en-US","potentialAction":[{"@type":"ReadAction","target":["https:\/\/spectrebaltics.com\/toode\/bmi-magnetiga-tase-60cm-690060-em\/"]}]},{"@type":"BreadcrumbList","@id":"https:\/\/spectrebaltics.com\/toode\/bmi-magnetiga-tase-60cm-690060-em\/#breadcrumb","itemListElement":[{"@type":"ListItem","position":1,"name":"Home","item":"https:\/\/spectrebaltics.com\/en\/"},{"@type":"ListItem","position":2,"name":"Catalogue","item":"https:\/\/spectrebaltics.com\/en\/catalogue\/"},{"@type":"ListItem","position":3,"name":"BMI magnetiga tase 60cm 690060 EM"}]}]}},"_links":{"self":[{"href":"https:\/\/spectrebaltics.com\/en\/wp-json\/wp\/v2\/product\/9841"}],"collection":[{"href":"https:\/\/spectrebaltics.com\/en\/wp-json\/wp\/v2\/product"}],"about":[{"href":"https:\/\/spectrebaltics.com\/en\/wp-json\/wp\/v2\/types\/product"}],"wp:featuredmedia":[{"embeddable":true,"href":"https:\/\/spectrebaltics.com\/en\/wp-json\/wp\/v2\/media\/9842"}],"wp:attachment":[{"href":"https:\/\/spectrebaltics.com\/en\/wp-json\/wp\/v2\/media?parent=9841"}],"wp:term":[{"taxonomy":"product_cat","embeddable":true,"href":"https:\/\/spectrebaltics.com\/en\/wp-json\/wp\/v2\/product_cat?post=9841"},{"taxonomy":"product_tag","embeddable":true,"href":"https:\/\/spectrebaltics.com\/en\/wp-json\/wp\/v2\/product_tag?post=9841"}],"curies":[{"name":"wp","href":"https:\/\/api.w.org\/{rel}","templated":true}]}}