{"id":9851,"date":"2024-06-11T09:52:13","date_gmt":"2024-06-11T09:52:13","guid":{"rendered":"https:\/\/spectrebaltics.com\/?post_type=product&#038;p=9851"},"modified":"2024-06-11T09:52:13","modified_gmt":"2024-06-11T09:52:13","slug":"protractor-digitaalne-300mm","status":"publish","type":"product","link":"https:\/\/spectrebaltics.com\/en\/toode\/protractor-digitaalne-300mm\/","title":{"rendered":"Protractor digitaalne 300mm"},"content":{"rendered":"<p>Suur LCD ekraan<br \/>\nLihtsalt kasutatav ja tugev lukustusseade<br \/>\nSise- ja v\u00e4lisnurga m\u00f5\u00f5tmine<br \/>\nHoia funktsioon<br \/>\nP\u00f6\u00f6ratav lugemine<br \/>\nRoostevabast terasest reegliterad mm, 1\/16&#8243;, 1\/32&#8243; ja 1\/64&#8243; skaalaga<\/p>\n","protected":false},"excerpt":{"rendered":"<p>Suur LCD ekraan Lihtsalt kasutatav ja tugev lukustusseade Sise- ja v\u00e4lisnurga m\u00f5\u00f5tmine Hoia funktsioon P\u00f6\u00f6ratav lugemine Roostevabast terasest reegliterad mm, 1\/16&#8243;, 1\/32&#8243; ja 1\/64&#8243; skaalaga<\/p>\n","protected":false},"featured_media":9852,"template":"","meta":[],"product_cat":[113,116],"product_tag":[],"yoast_head":"<!-- This site is optimized with the Yoast SEO plugin v18.4.1 - https:\/\/yoast.com\/wordpress\/plugins\/seo\/ -->\n<title>Protractor digitaalne 300mm<\/title>\n<meta name=\"robots\" content=\"index, follow, max-snippet:-1, max-image-preview:large, max-video-preview:-1\" \/>\n<link rel=\"canonical\" href=\"https:\/\/spectrebaltics.com\/en\/toode\/protractor-digitaalne-300mm\/\" \/>\n<meta property=\"og:locale\" content=\"en_US\" \/>\n<meta property=\"og:type\" content=\"article\" \/>\n<meta property=\"og:title\" content=\"Protractor digitaalne 300mm\" \/>\n<meta property=\"og:description\" content=\"Suur LCD ekraan Lihtsalt kasutatav ja tugev lukustusseade Sise- ja v\u00e4lisnurga m\u00f5\u00f5tmine Hoia funktsioon P\u00f6\u00f6ratav lugemine Roostevabast terasest reegliterad mm, 1\/16&#8243;, 1\/32&#8243; ja 1\/64&#8243; skaalaga\" \/>\n<meta property=\"og:url\" content=\"https:\/\/spectrebaltics.com\/en\/toode\/protractor-digitaalne-300mm\/\" \/>\n<meta property=\"og:site_name\" content=\"Spectrebaltics\" \/>\n<meta name=\"twitter:card\" content=\"summary_large_image\" \/>\n<meta name=\"twitter:image\" content=\"https:\/\/spectrebaltics.com\/wp-content\/uploads\/2024\/06\/autoimg-moore-and-wright-protractor-mw506-02-506-02_jpg.webp\" \/>\n<script type=\"application\/ld+json\" class=\"yoast-schema-graph\">{\"@context\":\"https:\/\/schema.org\",\"@graph\":[{\"@type\":\"Organization\",\"@id\":\"https:\/\/spectrebaltics.com\/ru\/#organization\",\"name\":\"Spectrebaltics\",\"url\":\"https:\/\/spectrebaltics.com\/ru\/\",\"sameAs\":[],\"logo\":{\"@type\":\"ImageObject\",\"@id\":\"https:\/\/spectrebaltics.com\/ru\/#logo\",\"inLanguage\":\"en-US\",\"url\":\"https:\/\/spectrebaltics.com\/wp-content\/uploads\/2024\/03\/Spectrebaltics-logo.svg\",\"contentUrl\":\"https:\/\/spectrebaltics.com\/wp-content\/uploads\/2024\/03\/Spectrebaltics-logo.svg\",\"caption\":\"Spectrebaltics\"},\"image\":{\"@id\":\"https:\/\/spectrebaltics.com\/ru\/#logo\"}},{\"@type\":\"WebSite\",\"@id\":\"https:\/\/spectrebaltics.com\/ru\/#website\",\"url\":\"https:\/\/spectrebaltics.com\/ru\/\",\"name\":\"Spectrebaltics\",\"description\":\"\",\"publisher\":{\"@id\":\"https:\/\/spectrebaltics.com\/ru\/#organization\"},\"potentialAction\":[{\"@type\":\"SearchAction\",\"target\":{\"@type\":\"EntryPoint\",\"urlTemplate\":\"https:\/\/spectrebaltics.com\/ru\/?s={search_term_string}\"},\"query-input\":\"required name=search_term_string\"}],\"inLanguage\":\"en-US\"},{\"@type\":\"ImageObject\",\"@id\":\"https:\/\/spectrebaltics.com\/en\/toode\/protractor-digitaalne-300mm\/#primaryimage\",\"inLanguage\":\"en-US\",\"url\":\"https:\/\/spectrebaltics.com\/wp-content\/uploads\/2024\/06\/autoimg-moore-and-wright-protractor-mw506-02-506-02_jpg.webp\",\"contentUrl\":\"https:\/\/spectrebaltics.com\/wp-content\/uploads\/2024\/06\/autoimg-moore-and-wright-protractor-mw506-02-506-02_jpg.webp\",\"width\":550,\"height\":550},{\"@type\":\"WebPage\",\"@id\":\"https:\/\/spectrebaltics.com\/en\/toode\/protractor-digitaalne-300mm\/#webpage\",\"url\":\"https:\/\/spectrebaltics.com\/en\/toode\/protractor-digitaalne-300mm\/\",\"name\":\"Protractor digitaalne 300mm\",\"isPartOf\":{\"@id\":\"https:\/\/spectrebaltics.com\/ru\/#website\"},\"primaryImageOfPage\":{\"@id\":\"https:\/\/spectrebaltics.com\/en\/toode\/protractor-digitaalne-300mm\/#primaryimage\"},\"datePublished\":\"2024-06-11T09:52:13+00:00\",\"dateModified\":\"2024-06-11T09:52:13+00:00\",\"breadcrumb\":{\"@id\":\"https:\/\/spectrebaltics.com\/en\/toode\/protractor-digitaalne-300mm\/#breadcrumb\"},\"inLanguage\":\"en-US\",\"potentialAction\":[{\"@type\":\"ReadAction\",\"target\":[\"https:\/\/spectrebaltics.com\/en\/toode\/protractor-digitaalne-300mm\/\"]}]},{\"@type\":\"BreadcrumbList\",\"@id\":\"https:\/\/spectrebaltics.com\/en\/toode\/protractor-digitaalne-300mm\/#breadcrumb\",\"itemListElement\":[{\"@type\":\"ListItem\",\"position\":1,\"name\":\"Home\",\"item\":\"https:\/\/spectrebaltics.com\/en\/\"},{\"@type\":\"ListItem\",\"position\":2,\"name\":\"Catalogue\",\"item\":\"https:\/\/spectrebaltics.com\/en\/catalogue\/\"},{\"@type\":\"ListItem\",\"position\":3,\"name\":\"Protractor digitaalne 300mm\"}]}]}<\/script>\n<!-- \/ Yoast SEO plugin. -->","yoast_head_json":{"title":"Protractor digitaalne 300mm","robots":{"index":"index","follow":"follow","max-snippet":"max-snippet:-1","max-image-preview":"max-image-preview:large","max-video-preview":"max-video-preview:-1"},"canonical":"https:\/\/spectrebaltics.com\/en\/toode\/protractor-digitaalne-300mm\/","og_locale":"en_US","og_type":"article","og_title":"Protractor digitaalne 300mm","og_description":"Suur LCD ekraan Lihtsalt kasutatav ja tugev lukustusseade Sise- ja v\u00e4lisnurga m\u00f5\u00f5tmine Hoia funktsioon P\u00f6\u00f6ratav lugemine Roostevabast terasest reegliterad mm, 1\/16&#8243;, 1\/32&#8243; ja 1\/64&#8243; skaalaga","og_url":"https:\/\/spectrebaltics.com\/en\/toode\/protractor-digitaalne-300mm\/","og_site_name":"Spectrebaltics","twitter_card":"summary_large_image","twitter_image":"https:\/\/spectrebaltics.com\/wp-content\/uploads\/2024\/06\/autoimg-moore-and-wright-protractor-mw506-02-506-02_jpg.webp","schema":{"@context":"https:\/\/schema.org","@graph":[{"@type":"Organization","@id":"https:\/\/spectrebaltics.com\/ru\/#organization","name":"Spectrebaltics","url":"https:\/\/spectrebaltics.com\/ru\/","sameAs":[],"logo":{"@type":"ImageObject","@id":"https:\/\/spectrebaltics.com\/ru\/#logo","inLanguage":"en-US","url":"https:\/\/spectrebaltics.com\/wp-content\/uploads\/2024\/03\/Spectrebaltics-logo.svg","contentUrl":"https:\/\/spectrebaltics.com\/wp-content\/uploads\/2024\/03\/Spectrebaltics-logo.svg","caption":"Spectrebaltics"},"image":{"@id":"https:\/\/spectrebaltics.com\/ru\/#logo"}},{"@type":"WebSite","@id":"https:\/\/spectrebaltics.com\/ru\/#website","url":"https:\/\/spectrebaltics.com\/ru\/","name":"Spectrebaltics","description":"","publisher":{"@id":"https:\/\/spectrebaltics.com\/ru\/#organization"},"potentialAction":[{"@type":"SearchAction","target":{"@type":"EntryPoint","urlTemplate":"https:\/\/spectrebaltics.com\/ru\/?s={search_term_string}"},"query-input":"required name=search_term_string"}],"inLanguage":"en-US"},{"@type":"ImageObject","@id":"https:\/\/spectrebaltics.com\/en\/toode\/protractor-digitaalne-300mm\/#primaryimage","inLanguage":"en-US","url":"https:\/\/spectrebaltics.com\/wp-content\/uploads\/2024\/06\/autoimg-moore-and-wright-protractor-mw506-02-506-02_jpg.webp","contentUrl":"https:\/\/spectrebaltics.com\/wp-content\/uploads\/2024\/06\/autoimg-moore-and-wright-protractor-mw506-02-506-02_jpg.webp","width":550,"height":550},{"@type":"WebPage","@id":"https:\/\/spectrebaltics.com\/en\/toode\/protractor-digitaalne-300mm\/#webpage","url":"https:\/\/spectrebaltics.com\/en\/toode\/protractor-digitaalne-300mm\/","name":"Protractor digitaalne 300mm","isPartOf":{"@id":"https:\/\/spectrebaltics.com\/ru\/#website"},"primaryImageOfPage":{"@id":"https:\/\/spectrebaltics.com\/en\/toode\/protractor-digitaalne-300mm\/#primaryimage"},"datePublished":"2024-06-11T09:52:13+00:00","dateModified":"2024-06-11T09:52:13+00:00","breadcrumb":{"@id":"https:\/\/spectrebaltics.com\/en\/toode\/protractor-digitaalne-300mm\/#breadcrumb"},"inLanguage":"en-US","potentialAction":[{"@type":"ReadAction","target":["https:\/\/spectrebaltics.com\/en\/toode\/protractor-digitaalne-300mm\/"]}]},{"@type":"BreadcrumbList","@id":"https:\/\/spectrebaltics.com\/en\/toode\/protractor-digitaalne-300mm\/#breadcrumb","itemListElement":[{"@type":"ListItem","position":1,"name":"Home","item":"https:\/\/spectrebaltics.com\/en\/"},{"@type":"ListItem","position":2,"name":"Catalogue","item":"https:\/\/spectrebaltics.com\/en\/catalogue\/"},{"@type":"ListItem","position":3,"name":"Protractor digitaalne 300mm"}]}]}},"_links":{"self":[{"href":"https:\/\/spectrebaltics.com\/en\/wp-json\/wp\/v2\/product\/9851"}],"collection":[{"href":"https:\/\/spectrebaltics.com\/en\/wp-json\/wp\/v2\/product"}],"about":[{"href":"https:\/\/spectrebaltics.com\/en\/wp-json\/wp\/v2\/types\/product"}],"wp:featuredmedia":[{"embeddable":true,"href":"https:\/\/spectrebaltics.com\/en\/wp-json\/wp\/v2\/media\/9852"}],"wp:attachment":[{"href":"https:\/\/spectrebaltics.com\/en\/wp-json\/wp\/v2\/media?parent=9851"}],"wp:term":[{"taxonomy":"product_cat","embeddable":true,"href":"https:\/\/spectrebaltics.com\/en\/wp-json\/wp\/v2\/product_cat?post=9851"},{"taxonomy":"product_tag","embeddable":true,"href":"https:\/\/spectrebaltics.com\/en\/wp-json\/wp\/v2\/product_tag?post=9851"}],"curies":[{"name":"wp","href":"https:\/\/api.w.org\/{rel}","templated":true}]}}