{"id":9877,"date":"2024-06-12T08:16:20","date_gmt":"2024-06-12T08:16:20","guid":{"rendered":"https:\/\/spectrebaltics.com\/?post_type=product&#038;p=9877"},"modified":"2024-06-12T08:18:17","modified_gmt":"2024-06-12T08:18:17","slug":"keevitusaparaat-cloos-qineo-start-402-c-eco","status":"publish","type":"product","link":"https:\/\/spectrebaltics.com\/en\/toode\/keevitusaparaat-cloos-qineo-start-402-c-eco\/","title":{"rendered":"Keevitusaparaat CLOOS QINEO StarT 402 C Eco"},"content":{"rendered":"<p>Keevitusseade <strong>QINEO StarT 402 C Eco<\/strong>\u00a0on kolmefaasiline mudel, mis on m\u00f5eldud kasutamiseks re\u017eiimides <strong>MIG-MAG\/MMA<\/strong> ja <strong>TIG<\/strong>. See seade on terviklik lahendus igasuguste \u00fclesannete jaoks.<\/p>\n<p><strong>QINEO StarT 402 C Eco<\/strong> on varustatud s\u00fcnergilise juhtimisega, mis v\u00f5imaldab keevitajal keskenduda keevitusprotsessile ja h\u00f5lpsasti vahetada re\u017eiime vastavalt t\u00f6\u00f6tingimustele, s\u00e4ilitades need parameetrid stabiilse kaare tagamiseks kogu keevitusperioodi v\u00e4ltel. See mudel on suurep\u00e4rane hinna ja kvaliteedi suhe. Lihtne ja arusaadav juhtpaneeli liides tagab kasutusmugavuse.<\/p>\n<p>CLOOS ettev\u00f5te paneb oma toodetesse aastatepikkuse kogemuse ja k\u00f5ige uuenduslikumad tehnoloogiad, et pakkuda kvaliteetset ja usaldusv\u00e4\u00e4rset tehnikat. K\u00f5ik elemendid ja konstruktsioonid on valmistatud vastupidavatest materjalidest ja ei vea teid alt isegi k\u00f5ige karmimates ja ekstreemsemates tingimustes. Seadmed on projekteeritud ja toodetud Saksamaal.<\/p>\n<p><strong>QINEO StarT 402 C Eco poolautomaatkeevituse protsessid<\/strong><\/p>\n<p><strong>Control Weld<\/strong> &#8211; MIG\/MAG keevitusprotsess ilma impulssideta s\u00fcnergeetilise funktsiooniga.<\/p>\n<p><strong>Rapid Weld<\/strong> &#8211; protsess loob v\u00e4ga kontsentreeritud kaare ja tagab v\u00e4ga s\u00fcgava l\u00e4bivoolu.<\/p>\n<p><strong>Root Weld<\/strong> &#8211; energias\u00e4\u00e4stlik kontrollitud l\u00fchikaar kaitsegaasikeskkonnas, mis on spetsiaalselt ette n\u00e4htud juurekeevituseks v\u00f5i \u00f5hukeste lehtede keevitamiseks.<\/p>\n<ul>\n<li>Keevitusvool &#8211; 15 A &#8211; 400 A<\/li>\n<li>Keevitusvool 100% t\u00f6\u00f6ts\u00fckliga &#8211; 400 A<\/li>\n<li>T\u00fchik\u00e4igupinge &#8211; 78,7 V<\/li>\n<li>\u00dchenduskaabel &#8211; 4 x 6 mm\u00b2<\/li>\n<li>Toite kaitse\/400V &#8211; 32 A<\/li>\n<li>Kaitseklass &#8211; IP 23<\/li>\n<li>Isolatsiooniklass &#8211; F<\/li>\n<li>Jahutuse t\u00fc\u00fcp &#8211; F<\/li>\n<li>M\u00f5\u00f5dud L\/W\/K (ilma traadita) &#8211; 805 x 348 x 643 mm<\/li>\n<li>Kaal (ilma traadiajamita) &#8211; 75 kg<\/li>\n<\/ul>\n","protected":false},"excerpt":{"rendered":"<p>Keevitusseade QINEO StarT 402 C Eco\u00a0on kolmefaasiline mudel, mis on m\u00f5eldud kasutamiseks re\u017eiimides MIG-MAG\/MMA ja TIG. See seade on terviklik lahendus igasuguste \u00fclesannete jaoks. QINEO StarT 402 C Eco on varustatud s\u00fcnergilise juhtimisega, mis v\u00f5imaldab keevitajal keskenduda keevitusprotsessile ja h\u00f5lpsasti vahetada re\u017eiime vastavalt t\u00f6\u00f6tingimustele, s\u00e4ilitades need parameetrid stabiilse kaare tagamiseks kogu keevitusperioodi v\u00e4ltel. See mudel&#8230;<\/p>\n","protected":false},"featured_media":9878,"template":"","meta":[],"product_cat":[59,60],"product_tag":[],"yoast_head":"<!-- This site is optimized with the Yoast SEO plugin v18.4.1 - https:\/\/yoast.com\/wordpress\/plugins\/seo\/ -->\n<title>Keevitusaparaat CLOOS QINEO StarT 402 C Eco<\/title>\n<meta name=\"robots\" content=\"index, follow, max-snippet:-1, max-image-preview:large, max-video-preview:-1\" \/>\n<link rel=\"canonical\" href=\"https:\/\/spectrebaltics.com\/toode\/keevitusaparaat-cloos-qineo-start-402-c-eco\/\" \/>\n<meta property=\"og:locale\" content=\"en_US\" \/>\n<meta property=\"og:type\" content=\"article\" \/>\n<meta property=\"og:title\" content=\"Keevitusaparaat CLOOS QINEO StarT 402 C Eco\" \/>\n<meta property=\"og:description\" content=\"Keevitusseade QINEO StarT 402 C Eco\u00a0on kolmefaasiline mudel, mis on m\u00f5eldud kasutamiseks re\u017eiimides MIG-MAG\/MMA ja TIG. See seade on terviklik lahendus igasuguste \u00fclesannete jaoks. QINEO StarT 402 C Eco on varustatud s\u00fcnergilise juhtimisega, mis v\u00f5imaldab keevitajal keskenduda keevitusprotsessile ja h\u00f5lpsasti vahetada re\u017eiime vastavalt t\u00f6\u00f6tingimustele, s\u00e4ilitades need parameetrid stabiilse kaare tagamiseks kogu keevitusperioodi v\u00e4ltel. See mudel...\" \/>\n<meta property=\"og:url\" content=\"https:\/\/spectrebaltics.com\/toode\/keevitusaparaat-cloos-qineo-start-402-c-eco\/\" \/>\n<meta property=\"og:site_name\" content=\"Spectrebaltics\" \/>\n<meta property=\"article:modified_time\" content=\"2024-06-12T08:18:17+00:00\" \/>\n<meta property=\"og:image\" content=\"https:\/\/spectrebaltics.com\/wp-content\/uploads\/2024\/06\/csm_qineo_start-502-c_aea0531268-1.png\" \/>\n\t<meta property=\"og:image:width\" content=\"400\" \/>\n\t<meta property=\"og:image:height\" content=\"450\" \/>\n\t<meta property=\"og:image:type\" content=\"image\/png\" \/>\n<meta name=\"twitter:card\" content=\"summary_large_image\" \/>\n<meta name=\"twitter:label1\" content=\"Est. reading time\" \/>\n\t<meta name=\"twitter:data1\" content=\"1 minute\" \/>\n<script type=\"application\/ld+json\" class=\"yoast-schema-graph\">{\"@context\":\"https:\/\/schema.org\",\"@graph\":[{\"@type\":\"Organization\",\"@id\":\"https:\/\/spectrebaltics.com\/ru\/#organization\",\"name\":\"Spectrebaltics\",\"url\":\"https:\/\/spectrebaltics.com\/ru\/\",\"sameAs\":[],\"logo\":{\"@type\":\"ImageObject\",\"@id\":\"https:\/\/spectrebaltics.com\/ru\/#logo\",\"inLanguage\":\"en-US\",\"url\":\"https:\/\/spectrebaltics.com\/wp-content\/uploads\/2024\/03\/Spectrebaltics-logo.svg\",\"contentUrl\":\"https:\/\/spectrebaltics.com\/wp-content\/uploads\/2024\/03\/Spectrebaltics-logo.svg\",\"caption\":\"Spectrebaltics\"},\"image\":{\"@id\":\"https:\/\/spectrebaltics.com\/ru\/#logo\"}},{\"@type\":\"WebSite\",\"@id\":\"https:\/\/spectrebaltics.com\/ru\/#website\",\"url\":\"https:\/\/spectrebaltics.com\/ru\/\",\"name\":\"Spectrebaltics\",\"description\":\"\",\"publisher\":{\"@id\":\"https:\/\/spectrebaltics.com\/ru\/#organization\"},\"potentialAction\":[{\"@type\":\"SearchAction\",\"target\":{\"@type\":\"EntryPoint\",\"urlTemplate\":\"https:\/\/spectrebaltics.com\/ru\/?s={search_term_string}\"},\"query-input\":\"required name=search_term_string\"}],\"inLanguage\":\"en-US\"},{\"@type\":\"ImageObject\",\"@id\":\"https:\/\/spectrebaltics.com\/toode\/keevitusaparaat-cloos-qineo-start-402-c-eco\/#primaryimage\",\"inLanguage\":\"en-US\",\"url\":\"https:\/\/spectrebaltics.com\/wp-content\/uploads\/2024\/06\/csm_qineo_start-502-c_aea0531268-1.png\",\"contentUrl\":\"https:\/\/spectrebaltics.com\/wp-content\/uploads\/2024\/06\/csm_qineo_start-502-c_aea0531268-1.png\",\"width\":400,\"height\":450},{\"@type\":\"WebPage\",\"@id\":\"https:\/\/spectrebaltics.com\/toode\/keevitusaparaat-cloos-qineo-start-402-c-eco\/#webpage\",\"url\":\"https:\/\/spectrebaltics.com\/toode\/keevitusaparaat-cloos-qineo-start-402-c-eco\/\",\"name\":\"Keevitusaparaat CLOOS QINEO StarT 402 C Eco\",\"isPartOf\":{\"@id\":\"https:\/\/spectrebaltics.com\/ru\/#website\"},\"primaryImageOfPage\":{\"@id\":\"https:\/\/spectrebaltics.com\/toode\/keevitusaparaat-cloos-qineo-start-402-c-eco\/#primaryimage\"},\"datePublished\":\"2024-06-12T08:16:20+00:00\",\"dateModified\":\"2024-06-12T08:18:17+00:00\",\"breadcrumb\":{\"@id\":\"https:\/\/spectrebaltics.com\/toode\/keevitusaparaat-cloos-qineo-start-402-c-eco\/#breadcrumb\"},\"inLanguage\":\"en-US\",\"potentialAction\":[{\"@type\":\"ReadAction\",\"target\":[\"https:\/\/spectrebaltics.com\/toode\/keevitusaparaat-cloos-qineo-start-402-c-eco\/\"]}]},{\"@type\":\"BreadcrumbList\",\"@id\":\"https:\/\/spectrebaltics.com\/toode\/keevitusaparaat-cloos-qineo-start-402-c-eco\/#breadcrumb\",\"itemListElement\":[{\"@type\":\"ListItem\",\"position\":1,\"name\":\"Home\",\"item\":\"https:\/\/spectrebaltics.com\/en\/\"},{\"@type\":\"ListItem\",\"position\":2,\"name\":\"Catalogue\",\"item\":\"https:\/\/spectrebaltics.com\/en\/catalogue\/\"},{\"@type\":\"ListItem\",\"position\":3,\"name\":\"Keevitusaparaat CLOOS QINEO StarT 402 C Eco\"}]}]}<\/script>\n<!-- \/ Yoast SEO plugin. -->","yoast_head_json":{"title":"Keevitusaparaat CLOOS QINEO StarT 402 C Eco","robots":{"index":"index","follow":"follow","max-snippet":"max-snippet:-1","max-image-preview":"max-image-preview:large","max-video-preview":"max-video-preview:-1"},"canonical":"https:\/\/spectrebaltics.com\/toode\/keevitusaparaat-cloos-qineo-start-402-c-eco\/","og_locale":"en_US","og_type":"article","og_title":"Keevitusaparaat CLOOS QINEO StarT 402 C Eco","og_description":"Keevitusseade QINEO StarT 402 C Eco\u00a0on kolmefaasiline mudel, mis on m\u00f5eldud kasutamiseks re\u017eiimides MIG-MAG\/MMA ja TIG. See seade on terviklik lahendus igasuguste \u00fclesannete jaoks. QINEO StarT 402 C Eco on varustatud s\u00fcnergilise juhtimisega, mis v\u00f5imaldab keevitajal keskenduda keevitusprotsessile ja h\u00f5lpsasti vahetada re\u017eiime vastavalt t\u00f6\u00f6tingimustele, s\u00e4ilitades need parameetrid stabiilse kaare tagamiseks kogu keevitusperioodi v\u00e4ltel. See mudel...","og_url":"https:\/\/spectrebaltics.com\/toode\/keevitusaparaat-cloos-qineo-start-402-c-eco\/","og_site_name":"Spectrebaltics","article_modified_time":"2024-06-12T08:18:17+00:00","og_image":[{"width":400,"height":450,"url":"https:\/\/spectrebaltics.com\/wp-content\/uploads\/2024\/06\/csm_qineo_start-502-c_aea0531268-1.png","type":"image\/png"}],"twitter_card":"summary_large_image","twitter_misc":{"Est. reading time":"1 minute"},"schema":{"@context":"https:\/\/schema.org","@graph":[{"@type":"Organization","@id":"https:\/\/spectrebaltics.com\/ru\/#organization","name":"Spectrebaltics","url":"https:\/\/spectrebaltics.com\/ru\/","sameAs":[],"logo":{"@type":"ImageObject","@id":"https:\/\/spectrebaltics.com\/ru\/#logo","inLanguage":"en-US","url":"https:\/\/spectrebaltics.com\/wp-content\/uploads\/2024\/03\/Spectrebaltics-logo.svg","contentUrl":"https:\/\/spectrebaltics.com\/wp-content\/uploads\/2024\/03\/Spectrebaltics-logo.svg","caption":"Spectrebaltics"},"image":{"@id":"https:\/\/spectrebaltics.com\/ru\/#logo"}},{"@type":"WebSite","@id":"https:\/\/spectrebaltics.com\/ru\/#website","url":"https:\/\/spectrebaltics.com\/ru\/","name":"Spectrebaltics","description":"","publisher":{"@id":"https:\/\/spectrebaltics.com\/ru\/#organization"},"potentialAction":[{"@type":"SearchAction","target":{"@type":"EntryPoint","urlTemplate":"https:\/\/spectrebaltics.com\/ru\/?s={search_term_string}"},"query-input":"required name=search_term_string"}],"inLanguage":"en-US"},{"@type":"ImageObject","@id":"https:\/\/spectrebaltics.com\/toode\/keevitusaparaat-cloos-qineo-start-402-c-eco\/#primaryimage","inLanguage":"en-US","url":"https:\/\/spectrebaltics.com\/wp-content\/uploads\/2024\/06\/csm_qineo_start-502-c_aea0531268-1.png","contentUrl":"https:\/\/spectrebaltics.com\/wp-content\/uploads\/2024\/06\/csm_qineo_start-502-c_aea0531268-1.png","width":400,"height":450},{"@type":"WebPage","@id":"https:\/\/spectrebaltics.com\/toode\/keevitusaparaat-cloos-qineo-start-402-c-eco\/#webpage","url":"https:\/\/spectrebaltics.com\/toode\/keevitusaparaat-cloos-qineo-start-402-c-eco\/","name":"Keevitusaparaat CLOOS QINEO StarT 402 C Eco","isPartOf":{"@id":"https:\/\/spectrebaltics.com\/ru\/#website"},"primaryImageOfPage":{"@id":"https:\/\/spectrebaltics.com\/toode\/keevitusaparaat-cloos-qineo-start-402-c-eco\/#primaryimage"},"datePublished":"2024-06-12T08:16:20+00:00","dateModified":"2024-06-12T08:18:17+00:00","breadcrumb":{"@id":"https:\/\/spectrebaltics.com\/toode\/keevitusaparaat-cloos-qineo-start-402-c-eco\/#breadcrumb"},"inLanguage":"en-US","potentialAction":[{"@type":"ReadAction","target":["https:\/\/spectrebaltics.com\/toode\/keevitusaparaat-cloos-qineo-start-402-c-eco\/"]}]},{"@type":"BreadcrumbList","@id":"https:\/\/spectrebaltics.com\/toode\/keevitusaparaat-cloos-qineo-start-402-c-eco\/#breadcrumb","itemListElement":[{"@type":"ListItem","position":1,"name":"Home","item":"https:\/\/spectrebaltics.com\/en\/"},{"@type":"ListItem","position":2,"name":"Catalogue","item":"https:\/\/spectrebaltics.com\/en\/catalogue\/"},{"@type":"ListItem","position":3,"name":"Keevitusaparaat CLOOS QINEO StarT 402 C Eco"}]}]}},"_links":{"self":[{"href":"https:\/\/spectrebaltics.com\/en\/wp-json\/wp\/v2\/product\/9877"}],"collection":[{"href":"https:\/\/spectrebaltics.com\/en\/wp-json\/wp\/v2\/product"}],"about":[{"href":"https:\/\/spectrebaltics.com\/en\/wp-json\/wp\/v2\/types\/product"}],"wp:featuredmedia":[{"embeddable":true,"href":"https:\/\/spectrebaltics.com\/en\/wp-json\/wp\/v2\/media\/9878"}],"wp:attachment":[{"href":"https:\/\/spectrebaltics.com\/en\/wp-json\/wp\/v2\/media?parent=9877"}],"wp:term":[{"taxonomy":"product_cat","embeddable":true,"href":"https:\/\/spectrebaltics.com\/en\/wp-json\/wp\/v2\/product_cat?post=9877"},{"taxonomy":"product_tag","embeddable":true,"href":"https:\/\/spectrebaltics.com\/en\/wp-json\/wp\/v2\/product_tag?post=9877"}],"curies":[{"name":"wp","href":"https:\/\/api.w.org\/{rel}","templated":true}]}}