{"id":9885,"date":"2024-06-12T09:19:28","date_gmt":"2024-06-12T09:19:28","guid":{"rendered":"https:\/\/spectrebaltics.com\/?post_type=product&#038;p=9885"},"modified":"2024-06-12T12:25:51","modified_gmt":"2024-06-12T12:25:51","slug":"keevitusaparaat-cloos-qineo-nextt-452-ac-premium","status":"publish","type":"product","link":"https:\/\/spectrebaltics.com\/en\/toode\/keevitusaparaat-cloos-qineo-nextt-452-ac-premium\/","title":{"rendered":"Keevitusaparaat CLOOS QINEO NextT 452 AC\/DC Premium"},"content":{"rendered":"<p>Keevitusseade<span> <\/span><strong>QINEO <\/strong><strong>Next<\/strong><strong>T 4<\/strong><strong>5<\/strong><strong>2 <\/strong><strong>AC\/DC Premium <\/strong>on kolmefaasiline mudel, mis on m\u00f5eldud kasutamiseks re\u017eiimides <strong>MIG-MAG\/MMA<\/strong>\u00a0ja\u00a0<strong>TIG<\/strong>. See seade on terviklik lahendus igasuguste \u00fclesannete jaoks.<\/p>\n<p><span> <strong>QINEO <\/strong><strong>Next<\/strong><strong>T 4<\/strong><strong>5<\/strong><strong>2 <\/strong><strong>AC\/DC Premium <\/strong><\/span>on varustatud s\u00fcnergilise juhtimisega, mis v\u00f5imaldab keevitajal keskenduda keevitusprotsessile ja h\u00f5lpsasti vahetada re\u017eiime vastavalt t\u00f6\u00f6tingimustele, s\u00e4ilitades need parameetrid stabiilse kaare tagamiseks kogu keevitusperioodi v\u00e4ltel. See mudel on suurep\u00e4rane hinna ja kvaliteedi suhe. Lihtne ja arusaadav juhtpaneeli liides tagab kasutusmugavuse.<\/p>\n<p>CLOOS ettev\u00f5te paneb oma toodetesse aastatepikkuse kogemuse ja k\u00f5ige uuenduslikumad tehnoloogiad, et pakkuda kvaliteetset ja usaldusv\u00e4\u00e4rset tehnikat. K\u00f5ik elemendid ja konstruktsioonid on valmistatud vastupidavatest materjalidest ja ei vea teid alt isegi k\u00f5ige karmimates ja ekstreemsemates tingimustes. Seadmed on projekteeritud ja toodetud Saksamaal.<\/p>\n<p><strong>QINEO <\/strong><strong>Next<\/strong><strong>T 4<\/strong><strong>5<\/strong><strong>2 <\/strong><strong>AC\/DC\u00a0 Premium<\/strong> <strong>poolautomaatkeevituse protsessid<\/strong><\/p>\n<p><strong>Control Weld<\/strong> &#8211; MIG\/MAG keevitusprotsess ilma impulssideta s\u00fcnergeetilise funktsiooniga.<\/p>\n<p><strong>Vari Weld<\/strong> &#8211; see on protsess I\/I-reguleeritava impulss-elektrikaariga.<\/p>\n<p><strong>Rapid Weld<\/strong> &#8211; protsess loob v\u00e4ga kontsentreeritud kaare ja tagab v\u00e4ga s\u00fcgava l\u00e4bivoolu.<\/p>\n<p><strong>Duo Pulse<\/strong> &#8211; v\u00f5imaldab genereerida teise keevitusre\u017eiimi parameetrite komplekti m\u00e4\u00e4ratud p\u00f5hiv\u00e4\u00e4rtuse alusel. See v\u00f5ib olla suurem v\u00f5i v\u00e4iksem m\u00e4\u00e4ratud v\u00e4\u00e4rtusest. Re\u017eiim v\u00e4hendab pritsmete teket, parandab \u00f5mbluse kvaliteeti ja v\u00e4hendab materjalikulu.<\/p>\n<p><strong>Root Weld<\/strong> &#8211; energias\u00e4\u00e4stlik kontrollitud l\u00fchikaar kaitsegaasikeskkonnas, mis on spetsiaalselt ette n\u00e4htud juurekeevituseks v\u00f5i \u00f5hukeste lehtede keevitamiseks.<\/p>\n<p><strong>Speed Weld<\/strong> &#8211; see on impulss-elektrikaar reguleeritud sulamisv\u00f5imsusega. Ideaalne plekkmetallist detailide paksusega 0,1 kuni 5 mm \u00fchendamiseks.<\/p>\n<p><strong>Cold Weld<\/strong> &#8211; need on keevitusprotsessid, mis on seotud vahelduvvoolu (AC) tehnoloogiaga.See v\u00f5imaldab keevitada \u00f5hukest lehtmetalli umbes 0,5\u20133,0 mm vahemikus v\u00e4ga v\u00e4hese pritsmete tekkega ja minimaalse kuumuse sissetulekuga.<\/p>\n<p><strong>Fine Weld<\/strong> &#8211; tehnoloogia, mis tagab minimaalse pritsmete tekkimise \u00f5hukeste lehtede puhul, mis asuvad n\u00e4htaval alal.<\/p>\n<p>Keevitusvool &#8211; 20 A &#8211; 450 A<\/p>\n<p>Keevitusvool 60% t\u00f6\u00f6ts\u00fckliga &#8211; 450 A \/ 36,5 V<\/p>\n<p>Keevitusvool 100% t\u00f6\u00f6ts\u00fckliga &#8211; 350 A \/ 31,5 V<\/p>\n<p>T\u00fchik\u00e4igupinge &#8211; 75 V<\/p>\n<p>Toitepinge &#8211; 380 V &#8211; 480 V \/ 50 Hz \/ 3-faasiline<\/p>\n<p>\u00dchenduskaabel &#8211; 4 x 6 mm\u00b2<\/p>\n<p>Toite kaitse\/400V &#8211; 32 A<\/p>\n<p>Kaitseklass &#8211; IP 23<\/p>\n<p>Isolatsiooniklass &#8211; F<\/p>\n<p>Jahutuse t\u00fc\u00fcp &#8211; F<\/p>\n<p>M\u00f5\u00f5dud P\/L\/K (ilma traadita) &#8211; 805 x 348 x 643 mm<\/p>\n<div class=\"g-cols wpb_row via_grid cols_2-1 laptops-cols_inherit tablets-cols_inherit mobiles-cols_1 valign_top type_default reversed stacking_default\">\n<div class=\"wpb_column vc_column_container\">\n<div class=\"vc_column-inner\">\n<div class=\"w-post-elm post_content without_sections\">\n<p>Kaal (ilma traadiajamita) \u2013 99 kg<\/p>\n<\/div>\n<\/div>\n<\/div>\n<\/div>\n","protected":false},"excerpt":{"rendered":"<p>Keevitusseade QINEO NextT 452 AC\/DC Premium on kolmefaasiline mudel, mis on m\u00f5eldud kasutamiseks re\u017eiimides MIG-MAG\/MMA\u00a0ja\u00a0TIG. See seade on terviklik lahendus igasuguste \u00fclesannete jaoks. QINEO NextT 452 AC\/DC Premium on varustatud s\u00fcnergilise juhtimisega, mis v\u00f5imaldab keevitajal keskenduda keevitusprotsessile ja h\u00f5lpsasti vahetada re\u017eiime vastavalt t\u00f6\u00f6tingimustele, s\u00e4ilitades need parameetrid stabiilse kaare tagamiseks kogu keevitusperioodi v\u00e4ltel. See mudel on&#8230;<\/p>\n","protected":false},"featured_media":9904,"template":"","meta":[],"product_cat":[59,60],"product_tag":[],"yoast_head":"<!-- This site is optimized with the Yoast SEO plugin v18.4.1 - https:\/\/yoast.com\/wordpress\/plugins\/seo\/ -->\n<title>Keevitusaparaat CLOOS QINEO NextT 452 AC\/DC Premium<\/title>\n<meta name=\"robots\" content=\"index, follow, max-snippet:-1, max-image-preview:large, max-video-preview:-1\" \/>\n<link rel=\"canonical\" href=\"https:\/\/spectrebaltics.com\/toode\/keevitusaparaat-cloos-qineo-nextt-452-ac-premium\/\" \/>\n<meta property=\"og:locale\" content=\"en_US\" \/>\n<meta property=\"og:type\" content=\"article\" \/>\n<meta property=\"og:title\" content=\"Keevitusaparaat CLOOS QINEO NextT 452 AC\/DC Premium\" \/>\n<meta property=\"og:description\" content=\"Keevitusseade QINEO NextT 452 AC\/DC Premium on kolmefaasiline mudel, mis on m\u00f5eldud kasutamiseks re\u017eiimides MIG-MAG\/MMA\u00a0ja\u00a0TIG. See seade on terviklik lahendus igasuguste \u00fclesannete jaoks. QINEO NextT 452 AC\/DC Premium on varustatud s\u00fcnergilise juhtimisega, mis v\u00f5imaldab keevitajal keskenduda keevitusprotsessile ja h\u00f5lpsasti vahetada re\u017eiime vastavalt t\u00f6\u00f6tingimustele, s\u00e4ilitades need parameetrid stabiilse kaare tagamiseks kogu keevitusperioodi v\u00e4ltel. See mudel on...\" \/>\n<meta property=\"og:url\" content=\"https:\/\/spectrebaltics.com\/toode\/keevitusaparaat-cloos-qineo-nextt-452-ac-premium\/\" \/>\n<meta property=\"og:site_name\" content=\"Spectrebaltics\" \/>\n<meta property=\"article:modified_time\" content=\"2024-06-12T12:25:51+00:00\" \/>\n<meta property=\"og:image\" content=\"https:\/\/spectrebaltics.com\/wp-content\/uploads\/2024\/06\/csm_qineo_next_452_ac_premium_83ef8e627e.png\" \/>\n\t<meta property=\"og:image:width\" content=\"400\" \/>\n\t<meta property=\"og:image:height\" content=\"450\" \/>\n\t<meta property=\"og:image:type\" content=\"image\/png\" \/>\n<meta name=\"twitter:card\" content=\"summary_large_image\" \/>\n<meta name=\"twitter:label1\" content=\"Est. reading time\" \/>\n\t<meta name=\"twitter:data1\" content=\"2 minutes\" \/>\n<script type=\"application\/ld+json\" class=\"yoast-schema-graph\">{\"@context\":\"https:\/\/schema.org\",\"@graph\":[{\"@type\":\"Organization\",\"@id\":\"https:\/\/spectrebaltics.com\/ru\/#organization\",\"name\":\"Spectrebaltics\",\"url\":\"https:\/\/spectrebaltics.com\/ru\/\",\"sameAs\":[],\"logo\":{\"@type\":\"ImageObject\",\"@id\":\"https:\/\/spectrebaltics.com\/ru\/#logo\",\"inLanguage\":\"en-US\",\"url\":\"https:\/\/spectrebaltics.com\/wp-content\/uploads\/2024\/03\/Spectrebaltics-logo.svg\",\"contentUrl\":\"https:\/\/spectrebaltics.com\/wp-content\/uploads\/2024\/03\/Spectrebaltics-logo.svg\",\"caption\":\"Spectrebaltics\"},\"image\":{\"@id\":\"https:\/\/spectrebaltics.com\/ru\/#logo\"}},{\"@type\":\"WebSite\",\"@id\":\"https:\/\/spectrebaltics.com\/ru\/#website\",\"url\":\"https:\/\/spectrebaltics.com\/ru\/\",\"name\":\"Spectrebaltics\",\"description\":\"\",\"publisher\":{\"@id\":\"https:\/\/spectrebaltics.com\/ru\/#organization\"},\"potentialAction\":[{\"@type\":\"SearchAction\",\"target\":{\"@type\":\"EntryPoint\",\"urlTemplate\":\"https:\/\/spectrebaltics.com\/ru\/?s={search_term_string}\"},\"query-input\":\"required name=search_term_string\"}],\"inLanguage\":\"en-US\"},{\"@type\":\"ImageObject\",\"@id\":\"https:\/\/spectrebaltics.com\/toode\/keevitusaparaat-cloos-qineo-nextt-452-ac-premium\/#primaryimage\",\"inLanguage\":\"en-US\",\"url\":\"https:\/\/spectrebaltics.com\/wp-content\/uploads\/2024\/06\/csm_qineo_next_452_ac_premium_83ef8e627e.png\",\"contentUrl\":\"https:\/\/spectrebaltics.com\/wp-content\/uploads\/2024\/06\/csm_qineo_next_452_ac_premium_83ef8e627e.png\",\"width\":400,\"height\":450},{\"@type\":\"WebPage\",\"@id\":\"https:\/\/spectrebaltics.com\/toode\/keevitusaparaat-cloos-qineo-nextt-452-ac-premium\/#webpage\",\"url\":\"https:\/\/spectrebaltics.com\/toode\/keevitusaparaat-cloos-qineo-nextt-452-ac-premium\/\",\"name\":\"Keevitusaparaat CLOOS QINEO NextT 452 AC\/DC Premium\",\"isPartOf\":{\"@id\":\"https:\/\/spectrebaltics.com\/ru\/#website\"},\"primaryImageOfPage\":{\"@id\":\"https:\/\/spectrebaltics.com\/toode\/keevitusaparaat-cloos-qineo-nextt-452-ac-premium\/#primaryimage\"},\"datePublished\":\"2024-06-12T09:19:28+00:00\",\"dateModified\":\"2024-06-12T12:25:51+00:00\",\"breadcrumb\":{\"@id\":\"https:\/\/spectrebaltics.com\/toode\/keevitusaparaat-cloos-qineo-nextt-452-ac-premium\/#breadcrumb\"},\"inLanguage\":\"en-US\",\"potentialAction\":[{\"@type\":\"ReadAction\",\"target\":[\"https:\/\/spectrebaltics.com\/toode\/keevitusaparaat-cloos-qineo-nextt-452-ac-premium\/\"]}]},{\"@type\":\"BreadcrumbList\",\"@id\":\"https:\/\/spectrebaltics.com\/toode\/keevitusaparaat-cloos-qineo-nextt-452-ac-premium\/#breadcrumb\",\"itemListElement\":[{\"@type\":\"ListItem\",\"position\":1,\"name\":\"Home\",\"item\":\"https:\/\/spectrebaltics.com\/en\/\"},{\"@type\":\"ListItem\",\"position\":2,\"name\":\"Catalogue\",\"item\":\"https:\/\/spectrebaltics.com\/en\/catalogue\/\"},{\"@type\":\"ListItem\",\"position\":3,\"name\":\"Keevitusaparaat CLOOS QINEO NextT 452 AC\/DC Premium\"}]}]}<\/script>\n<!-- \/ Yoast SEO plugin. -->","yoast_head_json":{"title":"Keevitusaparaat CLOOS QINEO NextT 452 AC\/DC Premium","robots":{"index":"index","follow":"follow","max-snippet":"max-snippet:-1","max-image-preview":"max-image-preview:large","max-video-preview":"max-video-preview:-1"},"canonical":"https:\/\/spectrebaltics.com\/toode\/keevitusaparaat-cloos-qineo-nextt-452-ac-premium\/","og_locale":"en_US","og_type":"article","og_title":"Keevitusaparaat CLOOS QINEO NextT 452 AC\/DC Premium","og_description":"Keevitusseade QINEO NextT 452 AC\/DC Premium on kolmefaasiline mudel, mis on m\u00f5eldud kasutamiseks re\u017eiimides MIG-MAG\/MMA\u00a0ja\u00a0TIG. See seade on terviklik lahendus igasuguste \u00fclesannete jaoks. QINEO NextT 452 AC\/DC Premium on varustatud s\u00fcnergilise juhtimisega, mis v\u00f5imaldab keevitajal keskenduda keevitusprotsessile ja h\u00f5lpsasti vahetada re\u017eiime vastavalt t\u00f6\u00f6tingimustele, s\u00e4ilitades need parameetrid stabiilse kaare tagamiseks kogu keevitusperioodi v\u00e4ltel. See mudel on...","og_url":"https:\/\/spectrebaltics.com\/toode\/keevitusaparaat-cloos-qineo-nextt-452-ac-premium\/","og_site_name":"Spectrebaltics","article_modified_time":"2024-06-12T12:25:51+00:00","og_image":[{"width":400,"height":450,"url":"https:\/\/spectrebaltics.com\/wp-content\/uploads\/2024\/06\/csm_qineo_next_452_ac_premium_83ef8e627e.png","type":"image\/png"}],"twitter_card":"summary_large_image","twitter_misc":{"Est. reading time":"2 minutes"},"schema":{"@context":"https:\/\/schema.org","@graph":[{"@type":"Organization","@id":"https:\/\/spectrebaltics.com\/ru\/#organization","name":"Spectrebaltics","url":"https:\/\/spectrebaltics.com\/ru\/","sameAs":[],"logo":{"@type":"ImageObject","@id":"https:\/\/spectrebaltics.com\/ru\/#logo","inLanguage":"en-US","url":"https:\/\/spectrebaltics.com\/wp-content\/uploads\/2024\/03\/Spectrebaltics-logo.svg","contentUrl":"https:\/\/spectrebaltics.com\/wp-content\/uploads\/2024\/03\/Spectrebaltics-logo.svg","caption":"Spectrebaltics"},"image":{"@id":"https:\/\/spectrebaltics.com\/ru\/#logo"}},{"@type":"WebSite","@id":"https:\/\/spectrebaltics.com\/ru\/#website","url":"https:\/\/spectrebaltics.com\/ru\/","name":"Spectrebaltics","description":"","publisher":{"@id":"https:\/\/spectrebaltics.com\/ru\/#organization"},"potentialAction":[{"@type":"SearchAction","target":{"@type":"EntryPoint","urlTemplate":"https:\/\/spectrebaltics.com\/ru\/?s={search_term_string}"},"query-input":"required name=search_term_string"}],"inLanguage":"en-US"},{"@type":"ImageObject","@id":"https:\/\/spectrebaltics.com\/toode\/keevitusaparaat-cloos-qineo-nextt-452-ac-premium\/#primaryimage","inLanguage":"en-US","url":"https:\/\/spectrebaltics.com\/wp-content\/uploads\/2024\/06\/csm_qineo_next_452_ac_premium_83ef8e627e.png","contentUrl":"https:\/\/spectrebaltics.com\/wp-content\/uploads\/2024\/06\/csm_qineo_next_452_ac_premium_83ef8e627e.png","width":400,"height":450},{"@type":"WebPage","@id":"https:\/\/spectrebaltics.com\/toode\/keevitusaparaat-cloos-qineo-nextt-452-ac-premium\/#webpage","url":"https:\/\/spectrebaltics.com\/toode\/keevitusaparaat-cloos-qineo-nextt-452-ac-premium\/","name":"Keevitusaparaat CLOOS QINEO NextT 452 AC\/DC Premium","isPartOf":{"@id":"https:\/\/spectrebaltics.com\/ru\/#website"},"primaryImageOfPage":{"@id":"https:\/\/spectrebaltics.com\/toode\/keevitusaparaat-cloos-qineo-nextt-452-ac-premium\/#primaryimage"},"datePublished":"2024-06-12T09:19:28+00:00","dateModified":"2024-06-12T12:25:51+00:00","breadcrumb":{"@id":"https:\/\/spectrebaltics.com\/toode\/keevitusaparaat-cloos-qineo-nextt-452-ac-premium\/#breadcrumb"},"inLanguage":"en-US","potentialAction":[{"@type":"ReadAction","target":["https:\/\/spectrebaltics.com\/toode\/keevitusaparaat-cloos-qineo-nextt-452-ac-premium\/"]}]},{"@type":"BreadcrumbList","@id":"https:\/\/spectrebaltics.com\/toode\/keevitusaparaat-cloos-qineo-nextt-452-ac-premium\/#breadcrumb","itemListElement":[{"@type":"ListItem","position":1,"name":"Home","item":"https:\/\/spectrebaltics.com\/en\/"},{"@type":"ListItem","position":2,"name":"Catalogue","item":"https:\/\/spectrebaltics.com\/en\/catalogue\/"},{"@type":"ListItem","position":3,"name":"Keevitusaparaat CLOOS QINEO NextT 452 AC\/DC Premium"}]}]}},"_links":{"self":[{"href":"https:\/\/spectrebaltics.com\/en\/wp-json\/wp\/v2\/product\/9885"}],"collection":[{"href":"https:\/\/spectrebaltics.com\/en\/wp-json\/wp\/v2\/product"}],"about":[{"href":"https:\/\/spectrebaltics.com\/en\/wp-json\/wp\/v2\/types\/product"}],"wp:featuredmedia":[{"embeddable":true,"href":"https:\/\/spectrebaltics.com\/en\/wp-json\/wp\/v2\/media\/9904"}],"wp:attachment":[{"href":"https:\/\/spectrebaltics.com\/en\/wp-json\/wp\/v2\/media?parent=9885"}],"wp:term":[{"taxonomy":"product_cat","embeddable":true,"href":"https:\/\/spectrebaltics.com\/en\/wp-json\/wp\/v2\/product_cat?post=9885"},{"taxonomy":"product_tag","embeddable":true,"href":"https:\/\/spectrebaltics.com\/en\/wp-json\/wp\/v2\/product_tag?post=9885"}],"curies":[{"name":"wp","href":"https:\/\/api.w.org\/{rel}","templated":true}]}}